{"id":3821,"date":"2025-04-02T16:43:54","date_gmt":"2025-04-02T08:43:54","guid":{"rendered":"https:\/\/www.woseal.com\/?post_type=product&#038;p=3821"},"modified":"2025-04-11T11:26:57","modified_gmt":"2025-04-11T03:26:57","slug":"cbs-011-high-security-logistics-wire-seal-quality-anti-theft-wire-cable-for-truck-container-sealing-strip-cable-tag","status":"publish","type":"product","link":"https:\/\/www.woseal.com\/pt\/produto\/cbs-011-high-security-logistics-wire-seal-quality-anti-theft-wire-cable-for-truck-container-sealing-strip-cable-tag","title":{"rendered":"CBS-011 Cabo de a\u00e7o antirroubo de alta seguran\u00e7a para selagem de contentores de cami\u00f5es, fita de selagem, etiqueta de cabo"},"content":{"rendered":"<table class=\"has-title all magic-7\">\n<tbody>\n<tr>\n<td colspan=\"1\" rowspan=\"1\">\n<div class=\"magic-8\" data-spm-anchor-id=\"a2700.details.0.i75.6c4610dfKxytoo\">Nome<\/div>\n<\/td>\n<td colspan=\"1\" rowspan=\"1\">\n<div class=\"magic-9\">CBS-011<\/div>\n<\/td>\n<\/tr>\n<tr>\n<td colspan=\"1\" rowspan=\"1\">\n<div class=\"magic-8\">material<\/div>\n<\/td>\n<td colspan=\"1\" rowspan=\"1\">\n<div class=\"magic-9\">ABS, metalurgia do p\u00f3, cabo de a\u00e7o A3, 7*7<\/div>\n<\/td>\n<\/tr>\n<tr>\n<td colspan=\"1\" rowspan=\"1\">\n<div class=\"magic-8\">Tamanho do corpo do cadeado<\/div>\n<\/td>\n<td colspan=\"1\" rowspan=\"1\">\n<div class=\"magic-9\">23*18*11mm<\/div>\n<\/td>\n<\/tr>\n<tr>\n<td colspan=\"1\" rowspan=\"1\">\n<div class=\"magic-8\">Di\u00e2metro<\/div>\n<\/td>\n<td colspan=\"1\" rowspan=\"1\">\n<div class=\"magic-9\">1,8 mm<\/div>\n<\/td>\n<\/tr>\n<tr>\n<td colspan=\"1\" rowspan=\"1\">\n<div class=\"magic-8\">Processo de fabrico<\/div>\n<\/td>\n<td colspan=\"1\" rowspan=\"1\">\n<div class=\"magic-9\">inje\u00e7\u00e3o\uff0cEstampagem<\/div>\n<\/td>\n<\/tr>\n<tr>\n<td colspan=\"1\" rowspan=\"1\">\n<div class=\"magic-8\">Cor<\/div>\n<\/td>\n<td colspan=\"1\" rowspan=\"1\">\n<div class=\"magic-9\">Vermelho, amarelo, outros, azul, verde e assim por diante<\/div>\n<\/td>\n<\/tr>\n<tr>\n<td colspan=\"1\" rowspan=\"1\">\n<div class=\"magic-8\">Material do cabo<\/div>\n<\/td>\n<td colspan=\"1\" rowspan=\"1\">\n<div class=\"magic-9\">A\u00e7o A3<\/div>\n<\/td>\n<\/tr>\n<tr>\n<td colspan=\"1\" rowspan=\"1\">\n<div class=\"magic-8\">Comprimento do cabo<\/div>\n<\/td>\n<td colspan=\"1\" rowspan=\"1\">\n<div class=\"magic-9\">25cm, 30cm de comprimento, qualquer comprimento pode ser personalizado<\/div>\n<\/td>\n<\/tr>\n<tr>\n<td colspan=\"1\" rowspan=\"1\">\n<div class=\"magic-8\">Tipo de impress\u00e3o<\/div>\n<\/td>\n<td colspan=\"1\" rowspan=\"1\">\n<div class=\"magic-9\">Marca\u00e7\u00e3o a laser,tto<\/div>\n<\/td>\n<\/tr>\n<tr>\n<td colspan=\"1\" rowspan=\"1\">\n<div class=\"magic-8\">Marca\u00e7\u00e3o de conte\u00fados<\/div>\n<\/td>\n<td colspan=\"1\" rowspan=\"1\">\n<div class=\"magic-9\">N\u00fameros, letras, marcas, c\u00f3digos de barras<\/div>\n<\/td>\n<\/tr>\n<tr>\n<td colspan=\"1\" rowspan=\"1\">\n<div class=\"magic-8\">Aplica\u00e7\u00e3o<\/div>\n<\/td>\n<td colspan=\"1\" rowspan=\"1\">\n<div class=\"magic-9\">Supermercados, petr\u00f3leo, contentores, contentores ferrovi\u00e1rios, caixas de contadores, bolsas de banco, etc.<\/div>\n<\/td>\n<\/tr>\n<tr>\n<td colspan=\"1\" rowspan=\"1\">\n<div class=\"magic-8\">Embalagem<\/div>\n<\/td>\n<td colspan=\"1\" rowspan=\"1\">\n<div class=\"magic-9\">100 unidades\/saco de pl\u00e1stico, 1000 unidades\/caixa de cart\u00e3o, 2000 unidades\/caixa de cart\u00e3o<\/div>\n<\/td>\n<\/tr>\n<tr>\n<td colspan=\"1\" rowspan=\"1\">\n<div class=\"magic-8\">Certificado da empresa<\/div>\n<\/td>\n<td colspan=\"1\" rowspan=\"1\">\n<div class=\"magic-9\">ISO17712,ISO9001,ISO14001,ISO45001<\/div>\n<\/td>\n<\/tr>\n<\/tbody>\n<\/table>\n<p>Aumente a seguran\u00e7a da cadeia de abastecimento com o Selo de Arame de Alta Seguran\u00e7a para Log\u00edstica CBS-011, concebido para proporcionar uma prote\u00e7\u00e3o antirroubo inigual\u00e1vel para contentores de cami\u00f5es, reboques de carga e log\u00edstica de carga. Com um cabo de a\u00e7o refor\u00e7ado e um mecanismo de bloqueio moldado com precis\u00e3o, este selo inviol\u00e1vel resiste a cortes, corros\u00e3o e condi\u00e7\u00f5es ambientais adversas, garantindo a integridade durante o transporte. O design de camada dupla do CBS-011 combina uma tira de veda\u00e7\u00e3o dur\u00e1vel com uma etiqueta de cabo personaliz\u00e1vel, fornecendo alertas visuais claros de viola\u00e7\u00e3o e identifica\u00e7\u00e3o exclusiva atrav\u00e9s de n\u00fameros de s\u00e9rie gravados a laser. Ideal para ind\u00fastrias de alto risco, como a farmac\u00eautica, a eletr\u00f3nica e o transporte transfronteiri\u00e7o, est\u00e1 em conformidade com as normas ISO 17712 e suporta a personaliza\u00e7\u00e3o da marca. Confie no CBS-011 para proteger os seus bens, impedir roubos e simplificar as auditorias de conformidade.<\/p>","protected":false},"excerpt":{"rendered":"<p>O Selo de Arame de Alta Seguran\u00e7a CBS-011 protege os contentores de cami\u00f5es com cabos de a\u00e7o antirroubo, etiquetas \u00e0 prova de adultera\u00e7\u00e3o e durabilidade em conformidade com a norma ISO - perfeito para log\u00edstica, transporte e prote\u00e7\u00e3o de carga.<\/p>","protected":false},"featured_media":3822,"template":"","meta":[],"product_brand":[],"product_cat":[168],"product_tag":[278,279,280,281,282,283,284,285,286,287],"class_list":{"0":"post-3821","1":"product","2":"type-product","3":"status-publish","4":"has-post-thumbnail","6":"product_cat-cable-seal","7":"product_tag-cbs-011-high-security-wire-seal","8":"product_tag-anti-theft-logistics-cable-seal","9":"product_tag-truck-container-security-locks","10":"product_tag-tamper-evident-cargo-seals","11":"product_tag-iso-17712-compliant-seals","12":"product_tag-reinforced-steel-wire-cable","13":"product_tag-logistics-sealing-strip-tags","14":"product_tag-freight-trailer-security-seals","15":"product_tag-customizable-cable-tags","16":"product_tag-supply-chain-anti-tampering-solutions","18":"first","19":"instock","20":"shipping-taxable","21":"product-type-simple"},"_links":{"self":[{"href":"https:\/\/www.woseal.com\/pt\/wp-json\/wp\/v2\/product\/3821","targetHints":{"allow":["GET"]}}],"collection":[{"href":"https:\/\/www.woseal.com\/pt\/wp-json\/wp\/v2\/product"}],"about":[{"href":"https:\/\/www.woseal.com\/pt\/wp-json\/wp\/v2\/types\/product"}],"version-history":[{"count":1,"href":"https:\/\/www.woseal.com\/pt\/wp-json\/wp\/v2\/product\/3821\/revisions"}],"predecessor-version":[{"id":3830,"href":"https:\/\/www.woseal.com\/pt\/wp-json\/wp\/v2\/product\/3821\/revisions\/3830"}],"wp:featuredmedia":[{"embeddable":true,"href":"https:\/\/www.woseal.com\/pt\/wp-json\/wp\/v2\/media\/3822"}],"wp:attachment":[{"href":"https:\/\/www.woseal.com\/pt\/wp-json\/wp\/v2\/media?parent=3821"}],"wp:term":[{"taxonomy":"product_brand","embeddable":true,"href":"https:\/\/www.woseal.com\/pt\/wp-json\/wp\/v2\/product_brand?post=3821"},{"taxonomy":"product_cat","embeddable":true,"href":"https:\/\/www.woseal.com\/pt\/wp-json\/wp\/v2\/product_cat?post=3821"},{"taxonomy":"product_tag","embeddable":true,"href":"https:\/\/www.woseal.com\/pt\/wp-json\/wp\/v2\/product_tag?post=3821"}],"curies":[{"name":"wp","href":"https:\/\/api.w.org\/{rel}","templated":true}]}}