{"id":3831,"date":"2025-04-02T17:11:26","date_gmt":"2025-04-02T09:11:26","guid":{"rendered":"https:\/\/www.woseal.com\/?post_type=product&#038;p=3831"},"modified":"2025-04-02T17:11:30","modified_gmt":"2025-04-02T09:11:30","slug":"cbs-012-newly-designed-double-lock-tension-steel-wire-seal-with-dual-anti-theft-truck-cable-seal","status":"publish","type":"product","link":"https:\/\/www.woseal.com\/pt\/produto\/cbs-012-newly-designed-double-lock-tension-steel-wire-seal-with-dual-anti-theft-truck-cable-seal","title":{"rendered":"CBS-012 Selo de fio de a\u00e7o de tens\u00e3o de bloqueio duplo com novo design e selo de cabo duplo antirroubo para cami\u00f5es"},"content":{"rendered":"<table class=\"has-title all magic-7\">\n<tbody>\n<tr>\n<td colspan=\"1\" rowspan=\"1\">\n<div class=\"magic-8\" data-spm-anchor-id=\"a2700.details.0.i73.1eb26e23uJQgG6\">Nome<\/div>\n<\/td>\n<td colspan=\"1\" rowspan=\"1\">\n<div class=\"magic-9\">CBS-012<\/div>\n<\/td>\n<\/tr>\n<tr>\n<td colspan=\"1\" rowspan=\"1\">\n<div class=\"magic-8\">material<\/div>\n<\/td>\n<td colspan=\"1\" rowspan=\"1\">\n<div class=\"magic-9\">ABS, cabo de a\u00e7o A3<\/div>\n<\/td>\n<\/tr>\n<tr>\n<td colspan=\"1\" rowspan=\"1\">\n<div class=\"magic-8\">Tamanho do corpo do cadeado<\/div>\n<\/td>\n<td colspan=\"1\" rowspan=\"1\">\n<div class=\"magic-9\">300*28*10mm<\/div>\n<\/td>\n<\/tr>\n<tr>\n<td colspan=\"1\" rowspan=\"1\">\n<div class=\"magic-8\">Di\u00e2metro<\/div>\n<\/td>\n<td colspan=\"1\" rowspan=\"1\">\n<div class=\"magic-9\">2,2 mm<\/div>\n<\/td>\n<\/tr>\n<tr>\n<td colspan=\"1\" rowspan=\"1\">\n<div class=\"magic-8\">Processo de fabrico<\/div>\n<\/td>\n<td colspan=\"1\" rowspan=\"1\">\n<div class=\"magic-9\">inje\u00e7\u00e3o\uff0cEstampagem<\/div>\n<\/td>\n<\/tr>\n<tr>\n<td colspan=\"1\" rowspan=\"1\">\n<div class=\"magic-8\">Cor<\/div>\n<\/td>\n<td colspan=\"1\" rowspan=\"1\">\n<div class=\"magic-9\">Vermelho, amarelo, branco, azul, verde, etc.<\/div>\n<\/td>\n<\/tr>\n<tr>\n<td colspan=\"1\" rowspan=\"1\">\n<div class=\"magic-8\">Material do cabo<\/div>\n<\/td>\n<td colspan=\"1\" rowspan=\"1\">\n<div class=\"magic-9\">A\u00e7o A3<\/div>\n<\/td>\n<\/tr>\n<tr>\n<td colspan=\"1\" rowspan=\"1\">\n<div class=\"magic-8\">Comprimento do cabo<\/div>\n<\/td>\n<td colspan=\"1\" rowspan=\"1\">\n<div class=\"magic-9\">25cm, 30cm de comprimento, qualquer comprimento pode ser personalizado<\/div>\n<\/td>\n<\/tr>\n<tr>\n<td colspan=\"1\" rowspan=\"1\">\n<div class=\"magic-8\">Tipo de impress\u00e3o<\/div>\n<\/td>\n<td colspan=\"1\" rowspan=\"1\">\n<div class=\"magic-9\">Marca\u00e7\u00e3o a laser,tto<\/div>\n<\/td>\n<\/tr>\n<tr>\n<td colspan=\"1\" rowspan=\"1\">\n<div class=\"magic-8\">Marca\u00e7\u00e3o de conte\u00fados<\/div>\n<\/td>\n<td colspan=\"1\" rowspan=\"1\">\n<div class=\"magic-9\">N\u00fameros, letras, marcas, c\u00f3digos de barras<\/div>\n<\/td>\n<\/tr>\n<tr>\n<td colspan=\"1\" rowspan=\"1\">\n<div class=\"magic-8\">Aplica\u00e7\u00e3o<\/div>\n<\/td>\n<td colspan=\"1\" rowspan=\"1\">\n<div class=\"magic-9\">Supermercados, petr\u00f3leo, contentores, contentores ferrovi\u00e1rios, caixas de contadores, bolsas de banco, etc.<\/div>\n<\/td>\n<\/tr>\n<tr>\n<td colspan=\"1\" rowspan=\"1\">\n<div class=\"magic-8\">Embalagem<\/div>\n<\/td>\n<td colspan=\"1\" rowspan=\"1\">\n<div class=\"magic-9\">100 unidades\/saco de pl\u00e1stico, 1000 unidades\/caixa de cart\u00e3o, 2000 unidades\/caixa de cart\u00e3o<\/div>\n<\/td>\n<\/tr>\n<tr>\n<td colspan=\"1\" rowspan=\"1\">\n<div class=\"magic-8\">Certificado da empresa<\/div>\n<\/td>\n<td colspan=\"1\" rowspan=\"1\">\n<div class=\"magic-9\">ISO17712,ISO9001,ISO14001,ISO45001<\/div>\n<\/td>\n<\/tr>\n<\/tbody>\n<\/table>\n<p>Melhore a seguran\u00e7a da carga com o selo de arame de a\u00e7o de tens\u00e3o de bloqueio duplo CBS-012, uma solu\u00e7\u00e3o antirroubo de vanguarda concebida para m\u00e1xima fiabilidade em cami\u00f5es, contentores e aplica\u00e7\u00f5es log\u00edsticas de elevado valor. Apresentando um\u00a0<strong>mecanismo de fecho duplo<\/strong>\u00a0e uma constru\u00e7\u00e3o refor\u00e7ada com fio de a\u00e7o, este selo oferece uma resist\u00eancia \u00e0 viola\u00e7\u00e3o de camada dupla, impedindo o acesso n\u00e3o autorizado mesmo sob tens\u00e3o extrema ou tentativas de corte. O cabo de a\u00e7o resistente \u00e0 corros\u00e3o e a cabe\u00e7a de fecho moldada com precis\u00e3o garantem a durabilidade em condi\u00e7\u00f5es climat\u00e9ricas adversas, enquanto o\u00a0<strong>conce\u00e7\u00e3o com controlo de tens\u00e3o<\/strong>\u00a0mant\u00e9m a integridade da selagem durante o transporte de longo curso. Cada CBS-012 inclui um c\u00f3digo de barras serializado exclusivo e numera\u00e7\u00e3o gravada a laser para verifica\u00e7\u00e3o instant\u00e2nea e conformidade com os padr\u00f5es ISO 17712, C-TPAT e TAPA. Personaliz\u00e1vel em cores, comprimentos de cabo e marcas, \u00e9 ideal para proteger remessas transfronteiri\u00e7as, materiais perigosos e cargas sens\u00edveis.<\/p>","protected":false},"excerpt":{"rendered":"<p>O Selo de Cabo de Dupla Fechadura CBS-012 combina duas fechaduras antirroubo e fio de a\u00e7o resistente \u00e0 tens\u00e3o para seguran\u00e7a inviol\u00e1vel de cami\u00f5es, contentores e log\u00edstica - certificado pela ISO e personaliz\u00e1vel.<\/p>","protected":false},"featured_media":3832,"template":"","meta":[],"product_brand":[],"product_cat":[168],"product_tag":[292,293,294,295,296,297,288,289,290,291],"class_list":{"0":"post-3831","1":"product","2":"type-product","3":"status-publish","4":"has-post-thumbnail","6":"product_cat-cable-seal","7":"product_tag-tamper-proof-container-security-seals","8":"product_tag-heavy-duty-logistics-wire-seals","9":"product_tag-cargo-barcode-security-tags","10":"product_tag-high-tension-truck-cable-locks","11":"product_tag-customizable-steel-wire-seals","12":"product_tag-cross-border-freight-security-solutions","13":"product_tag-cbs-012-double-lock-cable-seal","14":"product_tag-dual-anti-theft-truck-seals","15":"product_tag-tension-resistant-steel-wire-seals","16":"product_tag-iso-17712-compliant-cable-locks","18":"first","19":"instock","20":"shipping-taxable","21":"product-type-simple"},"_links":{"self":[{"href":"https:\/\/www.woseal.com\/pt\/wp-json\/wp\/v2\/product\/3831","targetHints":{"allow":["GET"]}}],"collection":[{"href":"https:\/\/www.woseal.com\/pt\/wp-json\/wp\/v2\/product"}],"about":[{"href":"https:\/\/www.woseal.com\/pt\/wp-json\/wp\/v2\/types\/product"}],"version-history":[{"count":1,"href":"https:\/\/www.woseal.com\/pt\/wp-json\/wp\/v2\/product\/3831\/revisions"}],"predecessor-version":[{"id":3839,"href":"https:\/\/www.woseal.com\/pt\/wp-json\/wp\/v2\/product\/3831\/revisions\/3839"}],"wp:featuredmedia":[{"embeddable":true,"href":"https:\/\/www.woseal.com\/pt\/wp-json\/wp\/v2\/media\/3832"}],"wp:attachment":[{"href":"https:\/\/www.woseal.com\/pt\/wp-json\/wp\/v2\/media?parent=3831"}],"wp:term":[{"taxonomy":"product_brand","embeddable":true,"href":"https:\/\/www.woseal.com\/pt\/wp-json\/wp\/v2\/product_brand?post=3831"},{"taxonomy":"product_cat","embeddable":true,"href":"https:\/\/www.woseal.com\/pt\/wp-json\/wp\/v2\/product_cat?post=3831"},{"taxonomy":"product_tag","embeddable":true,"href":"https:\/\/www.woseal.com\/pt\/wp-json\/wp\/v2\/product_tag?post=3831"}],"curies":[{"name":"wp","href":"https:\/\/api.w.org\/{rel}","templated":true}]}}