{"id":3897,"date":"2025-04-07T17:00:35","date_gmt":"2025-04-07T09:00:35","guid":{"rendered":"https:\/\/www.woseal.com\/?post_type=product&#038;p=3897"},"modified":"2025-04-11T11:01:34","modified_gmt":"2025-04-11T03:01:34","slug":"pts-008-410mm-custom-label-tag-disposable-plastic-garment-security-seals-off-hang-tags-white-zip-ties-for-clothes-shoes-bag","status":"publish","type":"product","link":"https:\/\/www.woseal.com\/pt\/produto\/pts-008-410mm-custom-label-tag-disposable-plastic-garment-security-seals-off-hang-tags-white-zip-ties-for-clothes-shoes-bag","title":{"rendered":"PTS-008 410mm Etiqueta Personalizada Selos de Seguran\u00e7a de Pl\u00e1stico Descart\u00e1veis para Vestu\u00e1rio Etiquetas de Pendurar Zip Ties Brancos para Roupa Sapatos Saco"},"content":{"rendered":"<table class=\"has-title all magic-7\">\n<tbody>\n<tr>\n<td colspan=\"1\" rowspan=\"1\">\n<div class=\"magic-8\" data-spm-anchor-id=\"a2700.details-description.0.i0.1e22Y3vZY3vZR6\">Local de origem<\/div>\n<\/td>\n<td colspan=\"1\" rowspan=\"1\">\n<div class=\"magic-9\">China<\/div>\n<\/td>\n<\/tr>\n<tr>\n<td colspan=\"1\" rowspan=\"1\">\n<div class=\"magic-8\">Item<\/div>\n<\/td>\n<td colspan=\"1\" rowspan=\"1\">\n<div class=\"magic-9\">Selo de pl\u00e1stico<\/div>\n<\/td>\n<\/tr>\n<tr>\n<td colspan=\"1\" rowspan=\"1\">\n<div class=\"magic-8\">Modelo<\/div>\n<\/td>\n<td colspan=\"1\" rowspan=\"1\">\n<div class=\"magic-9\">TPS-008<\/div>\n<\/td>\n<\/tr>\n<tr>\n<td colspan=\"1\" rowspan=\"1\">\n<div class=\"magic-8\">Material<\/div>\n<\/td>\n<td colspan=\"1\" rowspan=\"1\">\n<div class=\"magic-9\">PP+PE<\/div>\n<\/td>\n<\/tr>\n<tr>\n<td colspan=\"1\" rowspan=\"1\">\n<div class=\"magic-8\">Tamanho do corpo do cadeado<\/div>\n<\/td>\n<td colspan=\"1\" rowspan=\"1\">\n<div class=\"magic-9\">66*31*15mm<\/div>\n<\/td>\n<\/tr>\n<tr>\n<td colspan=\"1\" rowspan=\"1\">\n<div class=\"magic-8\">Comprimento<\/div>\n<\/td>\n<td colspan=\"1\" rowspan=\"1\">\n<div class=\"magic-9\">410 mm<\/div>\n<\/td>\n<\/tr>\n<tr>\n<td colspan=\"1\" rowspan=\"1\">\n<div class=\"magic-8\">Cor<\/div>\n<\/td>\n<td colspan=\"1\" rowspan=\"1\">\n<div class=\"magic-9\">Amarelo, branco, azul, verde, vermelho, etc.<\/div>\n<\/td>\n<\/tr>\n<tr>\n<td colspan=\"1\" rowspan=\"1\">\n<div class=\"magic-8\">Tipo de impress\u00e3o<\/div>\n<\/td>\n<td colspan=\"1\" rowspan=\"1\">\n<div class=\"magic-9\">Marca\u00e7\u00e3o a laser ou estampagem a quente, serigrafia, tto<\/div>\n<\/td>\n<\/tr>\n<tr>\n<td colspan=\"1\" rowspan=\"1\">\n<div class=\"magic-8\">Marca\u00e7\u00e3o de conte\u00fados<\/div>\n<\/td>\n<td colspan=\"1\" rowspan=\"1\">\n<div class=\"magic-9\">N\u00fameros, letras, marcas, c\u00f3digos de barras, etc.<\/div>\n<\/td>\n<\/tr>\n<tr>\n<td colspan=\"1\" rowspan=\"1\">\n<div class=\"magic-8\">Embalagem<\/div>\n<\/td>\n<td colspan=\"1\" rowspan=\"1\">\n<div class=\"magic-9\">100 unidades\/saco de pl\u00e1stico, 1000 unidades\/caixa de cart\u00e3o, 2000 unidades\/caixa de cart\u00e3o<\/div>\n<\/td>\n<\/tr>\n<tr>\n<td colspan=\"1\" rowspan=\"1\">\n<div class=\"magic-8\">Aplica\u00e7\u00e3o<\/div>\n<\/td>\n<td colspan=\"1\" rowspan=\"1\">\n<div class=\"magic-9\">Supermercados, petr\u00f3leo, contentores, contentores ferrovi\u00e1rios, caixas de contadores, bolsas de banco, etc.<\/div>\n<\/td>\n<\/tr>\n<tr>\n<td colspan=\"1\" rowspan=\"1\">\n<div class=\"magic-8\">Certificado da empresa<\/div>\n<\/td>\n<td colspan=\"1\" rowspan=\"1\">\n<div class=\"magic-9\">REACH,ISO9001,ISO14001,ISO45001<\/div>\n<\/td>\n<\/tr>\n<\/tbody>\n<\/table>\n<p>Proteja a sua mercadoria de retalho com os selos de seguran\u00e7a de pl\u00e1stico com etiqueta personalizada PTS-008 de 410 mm, concebidos para seguran\u00e7a inviol\u00e1vel e visibilidade da marca nas ind\u00fastrias do vestu\u00e1rio, cal\u00e7ado e sacos. Estes selos brancos tipo fecho de correr combinam uma\u00a0<strong>design descart\u00e1vel, de utiliza\u00e7\u00e3o \u00fanica<\/strong>\u00a0com um\u00a0<strong>etiqueta de r\u00f3tulo personaliz\u00e1vel<\/strong>\u00a0para marca\u00e7\u00e3o, c\u00f3digos de barras ou informa\u00e7\u00f5es de rastreio. O comprimento de 410 mm garante flexibilidade para proteger artigos mais volumosos, como prateleiras de roupa, cal\u00e7ado ou bagagem, enquanto a constru\u00e7\u00e3o em pl\u00e1stico dur\u00e1vel resiste a rasg\u00f5es e adultera\u00e7\u00f5es. Ideal para lojas de retalho, armaz\u00e9ns e log\u00edstica, o PTS-008 fornece provas claras de acesso n\u00e3o autorizado e simplifica a gest\u00e3o de invent\u00e1rio. Leves, f\u00e1ceis de aplicar e econ\u00f3micos, estes selos protegem os seus produtos ao mesmo tempo que melhoram a apar\u00eancia profissional da sua marca.<\/p>","protected":false},"excerpt":{"rendered":"<p>Os selos de pl\u00e1stico descart\u00e1veis PTS-008 de 410 mm oferecem etiquetagem personaliz\u00e1vel e seguran\u00e7a \u00e0 prova de adultera\u00e7\u00e3o para vestu\u00e1rio, cal\u00e7ado e sacos com fechos de correr brancos e funcionalidade de etiqueta pendurada.<\/p>","protected":false},"featured_media":3898,"template":"","meta":[],"product_brand":[],"product_cat":[169],"product_tag":[376,377,378,379,380,381,190,191,375],"class_list":{"0":"post-3897","1":"product","2":"type-product","3":"status-publish","4":"has-post-thumbnail","6":"product_cat-plastic-seal","7":"product_tag-shipping-plastic-seal","8":"product_tag-custom-garment-security-seals","9":"product_tag-disposable-plastic-zip-ties","10":"product_tag-pts-008-hang-tags","11":"product_tag-410mm-white-zip-ties","12":"product_tag-clothing-bag-security-tags","13":"product_tag-plastic-seal","14":"product_tag-security-plastic-seal","15":"product_tag-safety-plastic-seal","17":"first","18":"instock","19":"featured","20":"shipping-taxable","21":"product-type-simple"},"_links":{"self":[{"href":"https:\/\/www.woseal.com\/pt\/wp-json\/wp\/v2\/product\/3897","targetHints":{"allow":["GET"]}}],"collection":[{"href":"https:\/\/www.woseal.com\/pt\/wp-json\/wp\/v2\/product"}],"about":[{"href":"https:\/\/www.woseal.com\/pt\/wp-json\/wp\/v2\/types\/product"}],"version-history":[{"count":1,"href":"https:\/\/www.woseal.com\/pt\/wp-json\/wp\/v2\/product\/3897\/revisions"}],"predecessor-version":[{"id":3905,"href":"https:\/\/www.woseal.com\/pt\/wp-json\/wp\/v2\/product\/3897\/revisions\/3905"}],"wp:featuredmedia":[{"embeddable":true,"href":"https:\/\/www.woseal.com\/pt\/wp-json\/wp\/v2\/media\/3898"}],"wp:attachment":[{"href":"https:\/\/www.woseal.com\/pt\/wp-json\/wp\/v2\/media?parent=3897"}],"wp:term":[{"taxonomy":"product_brand","embeddable":true,"href":"https:\/\/www.woseal.com\/pt\/wp-json\/wp\/v2\/product_brand?post=3897"},{"taxonomy":"product_cat","embeddable":true,"href":"https:\/\/www.woseal.com\/pt\/wp-json\/wp\/v2\/product_cat?post=3897"},{"taxonomy":"product_tag","embeddable":true,"href":"https:\/\/www.woseal.com\/pt\/wp-json\/wp\/v2\/product_tag?post=3897"}],"curies":[{"name":"wp","href":"https:\/\/api.w.org\/{rel}","templated":true}]}}