{"id":3916,"date":"2025-04-07T17:36:03","date_gmt":"2025-04-07T09:36:03","guid":{"rendered":"https:\/\/www.woseal.com\/?post_type=product&#038;p=3916"},"modified":"2025-04-11T10:53:08","modified_gmt":"2025-04-11T02:53:08","slug":"pts-018-high-quality-safety-number-tensioning-plastic-seal-with-metal-insertion-oil-style-freight-plastic-zip-tie-tag-seal","status":"publish","type":"product","link":"https:\/\/www.woseal.com\/pt\/produto\/pts-018-high-quality-safety-number-tensioning-plastic-seal-with-metal-insertion-oil-style-freight-plastic-zip-tie-tag-seal","title":{"rendered":"PTS-018 Selo de pl\u00e1stico com n\u00famero de seguran\u00e7a de alta qualidade para tensionamento com inser\u00e7\u00e3o de metal Selo de etiqueta pl\u00e1stica com fecho de correr para transporte de mercadorias"},"content":{"rendered":"<table class=\"has-title all magic-7\">\n<tbody>\n<tr>\n<td colspan=\"1\" rowspan=\"1\">\n<div class=\"magic-8\" data-spm-anchor-id=\"a2700.details-description.0.i0.4407mrb8mrb8Q5\">Local de origem<\/div>\n<\/td>\n<td colspan=\"1\" rowspan=\"1\">\n<div class=\"magic-9\">China<\/div>\n<\/td>\n<\/tr>\n<tr>\n<td colspan=\"1\" rowspan=\"1\">\n<div class=\"magic-8\">Item<\/div>\n<\/td>\n<td colspan=\"1\" rowspan=\"1\">\n<div class=\"magic-9\">Selo de pl\u00e1stico<\/div>\n<\/td>\n<\/tr>\n<tr>\n<td colspan=\"1\" rowspan=\"1\">\n<div class=\"magic-8\">Modelo<\/div>\n<\/td>\n<td colspan=\"1\" rowspan=\"1\">\n<div class=\"magic-9\">TPS-018<\/div>\n<\/td>\n<\/tr>\n<tr>\n<td colspan=\"1\" rowspan=\"1\">\n<div class=\"magic-8\">Material<\/div>\n<\/td>\n<td colspan=\"1\" rowspan=\"1\">\n<div class=\"magic-9\">PP+PE<\/div>\n<\/td>\n<\/tr>\n<tr>\n<td colspan=\"1\" rowspan=\"1\">\n<div class=\"magic-8\">Tamanho do corpo do cadeado<\/div>\n<\/td>\n<td colspan=\"1\" rowspan=\"1\">\n<div class=\"magic-9\">75*25*6mm<\/div>\n<\/td>\n<\/tr>\n<tr>\n<td colspan=\"1\" rowspan=\"1\">\n<div class=\"magic-8\">Comprimento<\/div>\n<\/td>\n<td colspan=\"1\" rowspan=\"1\">\n<div class=\"magic-9\">300\/400mm<\/div>\n<\/td>\n<\/tr>\n<tr>\n<td colspan=\"1\" rowspan=\"1\">\n<div class=\"magic-8\">Cor<\/div>\n<\/td>\n<td colspan=\"1\" rowspan=\"1\">\n<div class=\"magic-9\">Amarelo, branco, azul, verde, vermelho, etc.<\/div>\n<\/td>\n<\/tr>\n<tr>\n<td colspan=\"1\" rowspan=\"1\">\n<div class=\"magic-8\">Tipo de impress\u00e3o<\/div>\n<\/td>\n<td colspan=\"1\" rowspan=\"1\">\n<div class=\"magic-9\">Marca\u00e7\u00e3o a laser ou estampagem a quente, serigrafia, tto<\/div>\n<\/td>\n<\/tr>\n<tr>\n<td colspan=\"1\" rowspan=\"1\">\n<div class=\"magic-8\">Marca\u00e7\u00e3o de conte\u00fados<\/div>\n<\/td>\n<td colspan=\"1\" rowspan=\"1\">\n<div class=\"magic-9\">N\u00fameros, letras, marcas, c\u00f3digos de barras, etc.<\/div>\n<\/td>\n<\/tr>\n<tr>\n<td colspan=\"1\" rowspan=\"1\">\n<div class=\"magic-8\">Embalagem<\/div>\n<\/td>\n<td colspan=\"1\" rowspan=\"1\">\n<div class=\"magic-9\">100 unidades\/saco de pl\u00e1stico, 1000 unidades\/caixa de cart\u00e3o, 2000 unidades\/caixa de cart\u00e3o<\/div>\n<\/td>\n<\/tr>\n<tr>\n<td colspan=\"1\" rowspan=\"1\">\n<div class=\"magic-8\">Aplica\u00e7\u00e3o<\/div>\n<\/td>\n<td colspan=\"1\" rowspan=\"1\">\n<div class=\"magic-9\">Entrega expresso, log\u00edstica, restaura\u00e7\u00e3o, hospitais, servi\u00e7os postais, vestu\u00e1rio, cal\u00e7ado, malas, caixas, etc.<\/div>\n<\/td>\n<\/tr>\n<tr>\n<td colspan=\"1\" rowspan=\"1\">\n<div class=\"magic-8\">Certificado da empresa<\/div>\n<\/td>\n<td colspan=\"1\" rowspan=\"1\">\n<div class=\"magic-9\">REACH,ISO9001,ISO14001,ISO45001<\/div>\n<\/td>\n<\/tr>\n<\/tbody>\n<\/table>\n<p>Garanta uma seguran\u00e7a inviol\u00e1vel para cargas de alto risco com o Selo de Pl\u00e1stico Tensionador de N\u00famero de Seguran\u00e7a de Alta Qualidade PTS-018. Concebido para aplica\u00e7\u00f5es industriais e log\u00edsticas, este selo de fecho de correr para trabalhos pesados integra um\u00a0<strong>inser\u00e7\u00e3o de metal<\/strong>\u00a0no interior do seu corpo de pl\u00e1stico, aumentando a resist\u00eancia \u00e0 tra\u00e7\u00e3o e a resist\u00eancia ao corte, ao corte ou \u00e0 remo\u00e7\u00e3o for\u00e7ada. A prote\u00e7\u00e3o integrada\u00a0<strong>numera\u00e7\u00e3o de seguran\u00e7a \u00fanica<\/strong>\u00a0permite um f\u00e1cil rastreio, gest\u00e3o de invent\u00e1rio e auditorias de conformidade, enquanto o mecanismo de tens\u00e3o ajust\u00e1vel garante um ajuste firme e seguro \u00e0 volta de v\u00e1lvulas, tambores de petr\u00f3leo ou carga. O seu design robusto \"estilo petr\u00f3leo\" resiste a ambientes agressivos, incluindo humidade, produtos qu\u00edmicos e temperaturas extremas, tornando-o ideal para as ind\u00fastrias de petr\u00f3leo e g\u00e1s, transporte mar\u00edtimo e maquinaria pesada. Personaliz\u00e1vel com log\u00f3tipos ou c\u00f3digos de barras, o PTS-018 combina durabilidade, rastreabilidade e fiabilidade inviol\u00e1vel para salvaguardar bens cr\u00edticos.<\/p>","protected":false},"excerpt":{"rendered":"<p>O fecho de correr de pl\u00e1stico PTS-018 possui seguran\u00e7a refor\u00e7ada com metal, numera\u00e7\u00e3o de seguran\u00e7a e durabilidade ao estilo do \u00f3leo para prote\u00e7\u00e3o inviol\u00e1vel de cargas, v\u00e1lvulas e cargas industriais.<\/p>","protected":false},"featured_media":3920,"template":"","meta":[],"product_brand":[],"product_cat":[169],"product_tag":[390,391,190,191,375,376,387,388,389],"class_list":{"0":"post-3916","1":"product","2":"type-product","3":"status-publish","4":"has-post-thumbnail","6":"product_cat-plastic-seal","7":"product_tag-oil-style-freight-security-tags","8":"product_tag-industrial-tamper-proof-seals","9":"product_tag-plastic-seal","10":"product_tag-security-plastic-seal","11":"product_tag-safety-plastic-seal","12":"product_tag-shipping-plastic-seal","13":"product_tag-metal-insertion-plastic-seals","14":"product_tag-safety-number-zip-ties","15":"product_tag-pts-018-tensioning-seals","17":"first","18":"instock","19":"shipping-taxable","20":"product-type-simple"},"_links":{"self":[{"href":"https:\/\/www.woseal.com\/pt\/wp-json\/wp\/v2\/product\/3916","targetHints":{"allow":["GET"]}}],"collection":[{"href":"https:\/\/www.woseal.com\/pt\/wp-json\/wp\/v2\/product"}],"about":[{"href":"https:\/\/www.woseal.com\/pt\/wp-json\/wp\/v2\/types\/product"}],"version-history":[{"count":1,"href":"https:\/\/www.woseal.com\/pt\/wp-json\/wp\/v2\/product\/3916\/revisions"}],"predecessor-version":[{"id":3927,"href":"https:\/\/www.woseal.com\/pt\/wp-json\/wp\/v2\/product\/3916\/revisions\/3927"}],"wp:featuredmedia":[{"embeddable":true,"href":"https:\/\/www.woseal.com\/pt\/wp-json\/wp\/v2\/media\/3920"}],"wp:attachment":[{"href":"https:\/\/www.woseal.com\/pt\/wp-json\/wp\/v2\/media?parent=3916"}],"wp:term":[{"taxonomy":"product_brand","embeddable":true,"href":"https:\/\/www.woseal.com\/pt\/wp-json\/wp\/v2\/product_brand?post=3916"},{"taxonomy":"product_cat","embeddable":true,"href":"https:\/\/www.woseal.com\/pt\/wp-json\/wp\/v2\/product_cat?post=3916"},{"taxonomy":"product_tag","embeddable":true,"href":"https:\/\/www.woseal.com\/pt\/wp-json\/wp\/v2\/product_tag?post=3916"}],"curies":[{"name":"wp","href":"https:\/\/api.w.org\/{rel}","templated":true}]}}