{"id":3939,"date":"2025-04-08T11:11:11","date_gmt":"2025-04-08T03:11:11","guid":{"rendered":"https:\/\/www.woseal.com\/?post_type=product&#038;p=3939"},"modified":"2025-04-11T10:47:52","modified_gmt":"2025-04-11T02:47:52","slug":"pts-021-high-security-disposable-plastic-seal-with-metal-sheet-inserted-into-logistics-security-plastic-seal","status":"publish","type":"product","link":"https:\/\/www.woseal.com\/pt\/produto\/pts-021-high-security-disposable-plastic-seal-with-metal-sheet-inserted-into-logistics-security-plastic-seal","title":{"rendered":"PTS-021 Selo de pl\u00e1stico descart\u00e1vel de alta seguran\u00e7a com folha de metal inserida no selo de pl\u00e1stico de seguran\u00e7a log\u00edstica"},"content":{"rendered":"<table class=\"has-title all magic-7\">\n<tbody>\n<tr>\n<td colspan=\"1\" rowspan=\"1\">\n<div class=\"magic-8\" data-spm-anchor-id=\"a2700.details-description.0.i0.7b53HPytHPytJQ\">Local de origem<\/div>\n<\/td>\n<td colspan=\"1\" rowspan=\"1\">\n<div class=\"magic-9\">China<\/div>\n<\/td>\n<\/tr>\n<tr>\n<td colspan=\"1\" rowspan=\"1\">\n<div class=\"magic-8\">Item<\/div>\n<\/td>\n<td colspan=\"1\" rowspan=\"1\">\n<div class=\"magic-9\">Selo de pl\u00e1stico<\/div>\n<\/td>\n<\/tr>\n<tr>\n<td colspan=\"1\" rowspan=\"1\">\n<div class=\"magic-8\">Modelo<\/div>\n<\/td>\n<td colspan=\"1\" rowspan=\"1\">\n<div class=\"magic-9\">TPS-021<\/div>\n<\/td>\n<\/tr>\n<tr>\n<td colspan=\"1\" rowspan=\"1\">\n<div class=\"magic-8\">Material<\/div>\n<\/td>\n<td colspan=\"1\" rowspan=\"1\">\n<div class=\"magic-9\">PP+PE<\/div>\n<\/td>\n<\/tr>\n<tr>\n<td colspan=\"1\" rowspan=\"1\">\n<div class=\"magic-8\">Tamanho do corpo do cadeado<\/div>\n<\/td>\n<td colspan=\"1\" rowspan=\"1\">\n<div class=\"magic-9\">78*28*6mm<\/div>\n<\/td>\n<\/tr>\n<tr>\n<td colspan=\"1\" rowspan=\"1\">\n<div class=\"magic-8\">Comprimento<\/div>\n<\/td>\n<td colspan=\"1\" rowspan=\"1\">\n<div class=\"magic-9\">390mm<\/div>\n<\/td>\n<\/tr>\n<tr>\n<td colspan=\"1\" rowspan=\"1\">\n<div class=\"magic-8\">Cor<\/div>\n<\/td>\n<td colspan=\"1\" rowspan=\"1\">\n<div class=\"magic-9\">Amarelo, branco, azul, verde, vermelho, etc.<\/div>\n<\/td>\n<\/tr>\n<tr>\n<td colspan=\"1\" rowspan=\"1\">\n<div class=\"magic-8\">Tipo de impress\u00e3o<\/div>\n<\/td>\n<td colspan=\"1\" rowspan=\"1\">\n<div class=\"magic-9\">Marca\u00e7\u00e3o a laser ou estampagem a quente, serigrafia, tto<\/div>\n<\/td>\n<\/tr>\n<tr>\n<td colspan=\"1\" rowspan=\"1\">\n<div class=\"magic-8\">Marca\u00e7\u00e3o de conte\u00fados<\/div>\n<\/td>\n<td colspan=\"1\" rowspan=\"1\">\n<div class=\"magic-9\">N\u00fameros, letras, marcas, c\u00f3digos de barras, etc.<\/div>\n<\/td>\n<\/tr>\n<tr>\n<td colspan=\"1\" rowspan=\"1\">\n<div class=\"magic-8\">Embalagem<\/div>\n<\/td>\n<td colspan=\"1\" rowspan=\"1\">\n<div class=\"magic-9\">100 unidades\/saco de pl\u00e1stico, 1000 unidades\/caixa de cart\u00e3o, 2000 unidades\/caixa de cart\u00e3o<\/div>\n<\/td>\n<\/tr>\n<tr>\n<td colspan=\"1\" rowspan=\"1\">\n<div class=\"magic-8\">Aplica\u00e7\u00e3o<\/div>\n<\/td>\n<td colspan=\"1\" rowspan=\"1\">\n<div class=\"magic-9\">Entrega expresso, log\u00edstica, restaura\u00e7\u00e3o, hospitais, servi\u00e7os postais, vestu\u00e1rio, cal\u00e7ado, malas, caixas, etc.<\/div>\n<\/td>\n<\/tr>\n<tr>\n<td colspan=\"1\" rowspan=\"1\">\n<div class=\"magic-8\">Certificado da empresa<\/div>\n<\/td>\n<td colspan=\"1\" rowspan=\"1\">\n<div class=\"magic-9\">REACH,ISO9001,ISO14001,ISO45001<\/div>\n<\/td>\n<\/tr>\n<\/tbody>\n<\/table>\n<p>Ensure maximum tamper-proof protection for high-value logistics with the PTS-021 High Security Disposable Plastic Seal. Engineered for critical cargo and container security, this seal integrates a\u00a0<strong>reinforced metal sheet<\/strong>\u00a0within its plastic body, delivering unmatched resistance to cutting, slashing, or forced entry. The metal-inserted design enhances tensile strength while maintaining flexibility, making it ideal for securing truck doors, shipping containers, and sensitive freight. Once applied, the disposable one-time locking mechanism leaves visible tamper evidence, deterring theft and ensuring compliance with logistics security protocols. Customizable with sequential numbering or barcodes, it streamlines tracking and audits. Built to withstand harsh environments, the PTS-021 combines industrial-grade durability with lightweight convenience, offering peace of mind for global supply chains.<\/p>","protected":false},"excerpt":{"rendered":"<p>The PTS-021 Plastic Seal features metal-sheet reinforcement for tamper-proof logistics security, disposable design, and high-resistance cargo protection.<\/p>","protected":false},"featured_media":3940,"template":"","meta":[],"product_brand":[],"product_cat":[169],"product_tag":[397,398,399,400,190,191,396],"class_list":{"0":"post-3939","1":"product","2":"type-product","3":"status-publish","4":"has-post-thumbnail","6":"product_cat-plastic-seal","7":"product_tag-pts-021-high-security-seals","8":"product_tag-disposable-logistics-seals","9":"product_tag-tamper-proof-cargo-locks","10":"product_tag-industrial-grade-security-tags","11":"product_tag-plastic-seal","12":"product_tag-security-plastic-seal","13":"product_tag-metal-inserted-plastic-seals","15":"first","16":"instock","17":"shipping-taxable","18":"product-type-simple"},"_links":{"self":[{"href":"https:\/\/www.woseal.com\/pt\/wp-json\/wp\/v2\/product\/3939","targetHints":{"allow":["GET"]}}],"collection":[{"href":"https:\/\/www.woseal.com\/pt\/wp-json\/wp\/v2\/product"}],"about":[{"href":"https:\/\/www.woseal.com\/pt\/wp-json\/wp\/v2\/types\/product"}],"version-history":[{"count":1,"href":"https:\/\/www.woseal.com\/pt\/wp-json\/wp\/v2\/product\/3939\/revisions"}],"predecessor-version":[{"id":3947,"href":"https:\/\/www.woseal.com\/pt\/wp-json\/wp\/v2\/product\/3939\/revisions\/3947"}],"wp:featuredmedia":[{"embeddable":true,"href":"https:\/\/www.woseal.com\/pt\/wp-json\/wp\/v2\/media\/3940"}],"wp:attachment":[{"href":"https:\/\/www.woseal.com\/pt\/wp-json\/wp\/v2\/media?parent=3939"}],"wp:term":[{"taxonomy":"product_brand","embeddable":true,"href":"https:\/\/www.woseal.com\/pt\/wp-json\/wp\/v2\/product_brand?post=3939"},{"taxonomy":"product_cat","embeddable":true,"href":"https:\/\/www.woseal.com\/pt\/wp-json\/wp\/v2\/product_cat?post=3939"},{"taxonomy":"product_tag","embeddable":true,"href":"https:\/\/www.woseal.com\/pt\/wp-json\/wp\/v2\/product_tag?post=3939"}],"curies":[{"name":"wp","href":"https:\/\/api.w.org\/{rel}","templated":true}]}}