{"id":3948,"date":"2025-04-08T14:45:58","date_gmt":"2025-04-08T06:45:58","guid":{"rendered":"https:\/\/www.woseal.com\/?post_type=product&#038;p=3948"},"modified":"2025-04-11T10:46:20","modified_gmt":"2025-04-11T02:46:20","slug":"pts-027-large-logistics-signboard-hanging-tag-plastic-seal-one-time-hanging-for-garden-logistics-zip-tie-tag","status":"publish","type":"product","link":"https:\/\/www.woseal.com\/pt\/produto\/pts-027-large-logistics-signboard-hanging-tag-plastic-seal-one-time-hanging-for-garden-logistics-zip-tie-tag","title":{"rendered":"PTS-027 Placa de sinaliza\u00e7\u00e3o de log\u00edstica de grandes dimens\u00f5es Etiqueta suspensa Selo de pl\u00e1stico uma vez suspensa para log\u00edstica de jardim Etiqueta com fecho de correr"},"content":{"rendered":"<table class=\"has-title all magic-7\">\n<tbody>\n<tr>\n<td colspan=\"1\" rowspan=\"1\">\n<div class=\"magic-8\" data-spm-anchor-id=\"a2700.details.0.i77.370242693KRA4y\">Local de origem<\/div>\n<\/td>\n<td colspan=\"1\" rowspan=\"1\">\n<div class=\"magic-9\">China<\/div>\n<\/td>\n<\/tr>\n<tr>\n<td colspan=\"1\" rowspan=\"1\">\n<div class=\"magic-8\">Item<\/div>\n<\/td>\n<td colspan=\"1\" rowspan=\"1\">\n<div class=\"magic-9\">Selo de pl\u00e1stico<\/div>\n<\/td>\n<\/tr>\n<tr>\n<td colspan=\"1\" rowspan=\"1\">\n<div class=\"magic-8\">Modelo<\/div>\n<\/td>\n<td colspan=\"1\" rowspan=\"1\">\n<div class=\"magic-9\">TPS-027<\/div>\n<\/td>\n<\/tr>\n<tr>\n<td colspan=\"1\" rowspan=\"1\">\n<div class=\"magic-8\">Material<\/div>\n<\/td>\n<td colspan=\"1\" rowspan=\"1\">\n<div class=\"magic-9\">PP+PE<\/div>\n<\/td>\n<\/tr>\n<tr>\n<td colspan=\"1\" rowspan=\"1\">\n<div class=\"magic-8\">Tamanho do corpo do cadeado<\/div>\n<\/td>\n<td colspan=\"1\" rowspan=\"1\">\n<div class=\"magic-9\">100*83*6.5mm<\/div>\n<\/td>\n<\/tr>\n<tr>\n<td colspan=\"1\" rowspan=\"1\">\n<div class=\"magic-8\">Comprimento<\/div>\n<\/td>\n<td colspan=\"1\" rowspan=\"1\">\n<div class=\"magic-9\">250mm<\/div>\n<\/td>\n<\/tr>\n<tr>\n<td colspan=\"1\" rowspan=\"1\">\n<div class=\"magic-8\">Cor<\/div>\n<\/td>\n<td colspan=\"1\" rowspan=\"1\">\n<div class=\"magic-9\">Amarelo, branco, azul, verde, vermelho, etc.<\/div>\n<\/td>\n<\/tr>\n<tr>\n<td colspan=\"1\" rowspan=\"1\">\n<div class=\"magic-8\">Tipo de impress\u00e3o<\/div>\n<\/td>\n<td colspan=\"1\" rowspan=\"1\">\n<div class=\"magic-9\">Marca\u00e7\u00e3o a laser ou estampagem a quente, serigrafia, tto<\/div>\n<\/td>\n<\/tr>\n<tr>\n<td colspan=\"1\" rowspan=\"1\">\n<div class=\"magic-8\">Marca\u00e7\u00e3o de conte\u00fados<\/div>\n<\/td>\n<td colspan=\"1\" rowspan=\"1\">\n<div class=\"magic-9\">N\u00fameros, letras, marcas, c\u00f3digos de barras, etc.<\/div>\n<\/td>\n<\/tr>\n<tr>\n<td colspan=\"1\" rowspan=\"1\">\n<div class=\"magic-8\">Embalagem<\/div>\n<\/td>\n<td colspan=\"1\" rowspan=\"1\">\n<div class=\"magic-9\">100 unidades\/saco de pl\u00e1stico, 1000 unidades\/caixa de cart\u00e3o, 2000 unidades\/caixa de cart\u00e3o<\/div>\n<\/td>\n<\/tr>\n<tr>\n<td colspan=\"1\" rowspan=\"1\">\n<div class=\"magic-8\">Aplica\u00e7\u00e3o<\/div>\n<\/td>\n<td colspan=\"1\" rowspan=\"1\">\n<div class=\"magic-9\">Supermercados, petr\u00f3leo, contentores, contentores ferrovi\u00e1rios, caixas de contadores, bolsas de banco, etc.<\/div>\n<\/td>\n<\/tr>\n<tr>\n<td colspan=\"1\" rowspan=\"1\">\n<div class=\"magic-8\">Certificado da empresa<\/div>\n<\/td>\n<td colspan=\"1\" rowspan=\"1\">\n<div class=\"magic-9\">REACH,ISO9001,ISO14001,ISO45001<\/div>\n<\/td>\n<\/tr>\n<\/tbody>\n<\/table>\n<p>Secure your outdoor logistics and signage with the PTS-027 Large Logistics Signboard Hanging Tag Plastic Seal, designed for tamper-proof, one-time use in garden logistics and industrial applications. Featuring an oversized, durable plastic zip tie and a hanging tag design, this seal is ideal for attaching signage, instructions, or warnings to crates, pallets, or outdoor equipment. The\u00a0<strong>integrated metal locking mechanism<\/strong>\u00a0ensures irreversible security, leaving visible evidence of tampering, while its UV-resistant and weatherproof construction withstands rain, sunlight, and temperature fluctuations. Customizable with logos, barcodes, or text on the hanging tag, it streamlines inventory tracking and compliance in garden centers, construction sites, or large-scale warehousing. Lightweight yet robust, the PTS-027 simplifies secure tagging for high-visibility logistics needs.<\/p>","protected":false},"excerpt":{"rendered":"<p>The PTS-027 Plastic Zip Tie Seal offers one-time hanging security with a large signboard tag, perfect for garden logistics, outdoor signage, and tamper-proof cargo tagging.<\/p>","protected":false},"featured_media":3949,"template":"","meta":[],"product_brand":[],"product_cat":[169],"product_tag":[190,191,401,402,403,404,405,406],"class_list":{"0":"post-3948","1":"product","2":"type-product","3":"status-publish","4":"has-post-thumbnail","6":"product_cat-plastic-seal","7":"product_tag-plastic-seal","8":"product_tag-security-plastic-seal","9":"product_tag-large-lable-plastic-seal","10":"product_tag-large-signboard-plastic-seals","11":"product_tag-pts-027-hanging-tags","12":"product_tag-garden-logistics-seals","13":"product_tag-one-time-zip-tie-seals","14":"product_tag-weatherproof-cargo-tags","16":"first","17":"instock","18":"shipping-taxable","19":"product-type-simple"},"_links":{"self":[{"href":"https:\/\/www.woseal.com\/pt\/wp-json\/wp\/v2\/product\/3948","targetHints":{"allow":["GET"]}}],"collection":[{"href":"https:\/\/www.woseal.com\/pt\/wp-json\/wp\/v2\/product"}],"about":[{"href":"https:\/\/www.woseal.com\/pt\/wp-json\/wp\/v2\/types\/product"}],"version-history":[{"count":1,"href":"https:\/\/www.woseal.com\/pt\/wp-json\/wp\/v2\/product\/3948\/revisions"}],"predecessor-version":[{"id":3956,"href":"https:\/\/www.woseal.com\/pt\/wp-json\/wp\/v2\/product\/3948\/revisions\/3956"}],"wp:featuredmedia":[{"embeddable":true,"href":"https:\/\/www.woseal.com\/pt\/wp-json\/wp\/v2\/media\/3949"}],"wp:attachment":[{"href":"https:\/\/www.woseal.com\/pt\/wp-json\/wp\/v2\/media?parent=3948"}],"wp:term":[{"taxonomy":"product_brand","embeddable":true,"href":"https:\/\/www.woseal.com\/pt\/wp-json\/wp\/v2\/product_brand?post=3948"},{"taxonomy":"product_cat","embeddable":true,"href":"https:\/\/www.woseal.com\/pt\/wp-json\/wp\/v2\/product_cat?post=3948"},{"taxonomy":"product_tag","embeddable":true,"href":"https:\/\/www.woseal.com\/pt\/wp-json\/wp\/v2\/product_tag?post=3948"}],"curies":[{"name":"wp","href":"https:\/\/api.w.org\/{rel}","templated":true}]}}