{"id":3957,"date":"2025-04-08T14:56:08","date_gmt":"2025-04-08T06:56:08","guid":{"rendered":"https:\/\/www.woseal.com\/?post_type=product&#038;p=3957"},"modified":"2025-04-11T10:42:54","modified_gmt":"2025-04-11T02:42:54","slug":"pts-032-plastic-security-seals-for-apparel-footwear-round-large-tag-with-hole-durable-tamper-proof-seals-for-clothing-shoes","status":"publish","type":"product","link":"https:\/\/www.woseal.com\/pt\/produto\/pts-032-plastic-security-seals-for-apparel-footwear-round-large-tag-with-hole-durable-tamper-proof-seals-for-clothing-shoes","title":{"rendered":"PTS-032 Selos de seguran\u00e7a em pl\u00e1stico para vestu\u00e1rio e cal\u00e7ado Etiqueta redonda grande com orif\u00edcio Selos inviol\u00e1veis duradouros para vestu\u00e1rio e cal\u00e7ado"},"content":{"rendered":"<table class=\"has-title all magic-7\">\n<tbody>\n<tr>\n<td colspan=\"1\" rowspan=\"1\">\n<div class=\"magic-8\" data-spm-anchor-id=\"a2700.details.0.i80.1305246aiv6mUu\">Local de origem<\/div>\n<\/td>\n<td colspan=\"1\" rowspan=\"1\">\n<div class=\"magic-9\">China<\/div>\n<\/td>\n<\/tr>\n<tr>\n<td colspan=\"1\" rowspan=\"1\">\n<div class=\"magic-8\">Item<\/div>\n<\/td>\n<td colspan=\"1\" rowspan=\"1\">\n<div class=\"magic-9\">Selo de pl\u00e1stico<\/div>\n<\/td>\n<\/tr>\n<tr>\n<td colspan=\"1\" rowspan=\"1\">\n<div class=\"magic-8\">Modelo<\/div>\n<\/td>\n<td colspan=\"1\" rowspan=\"1\">\n<div class=\"magic-9\">TPS-032<\/div>\n<\/td>\n<\/tr>\n<tr>\n<td colspan=\"1\" rowspan=\"1\">\n<div class=\"magic-8\">Material<\/div>\n<\/td>\n<td colspan=\"1\" rowspan=\"1\">\n<div class=\"magic-9\">PTFE<\/div>\n<\/td>\n<\/tr>\n<tr>\n<td colspan=\"1\" rowspan=\"1\">\n<div class=\"magic-8\">Tamanho do corpo do cadeado<\/div>\n<\/td>\n<td colspan=\"1\" rowspan=\"1\">\n<div class=\"magic-9\">58*20*6mm<\/div>\n<\/td>\n<\/tr>\n<tr>\n<td colspan=\"1\" rowspan=\"1\">\n<div class=\"magic-8\">Comprimento<\/div>\n<\/td>\n<td colspan=\"1\" rowspan=\"1\">\n<div class=\"magic-9\">210mm<\/div>\n<\/td>\n<\/tr>\n<tr>\n<td colspan=\"1\" rowspan=\"1\">\n<div class=\"magic-8\">Cor<\/div>\n<\/td>\n<td colspan=\"1\" rowspan=\"1\">\n<div class=\"magic-9\">Amarelo, branco, azul, verde, vermelho, etc.<\/div>\n<\/td>\n<\/tr>\n<tr>\n<td colspan=\"1\" rowspan=\"1\">\n<div class=\"magic-8\">Tipo de impress\u00e3o<\/div>\n<\/td>\n<td colspan=\"1\" rowspan=\"1\">\n<div class=\"magic-9\">Marca\u00e7\u00e3o a laser ou estampagem a quente, serigrafia, tto<\/div>\n<\/td>\n<\/tr>\n<tr>\n<td colspan=\"1\" rowspan=\"1\">\n<div class=\"magic-8\">Marca\u00e7\u00e3o de conte\u00fados<\/div>\n<\/td>\n<td colspan=\"1\" rowspan=\"1\">\n<div class=\"magic-9\">N\u00fameros, letras, marcas, c\u00f3digos de barras, etc.<\/div>\n<\/td>\n<\/tr>\n<tr>\n<td colspan=\"1\" rowspan=\"1\">\n<div class=\"magic-8\">Embalagem<\/div>\n<\/td>\n<td colspan=\"1\" rowspan=\"1\">\n<div class=\"magic-9\">100 unidades\/saco de pl\u00e1stico, 1000 unidades\/caixa de cart\u00e3o, 2000 unidades\/caixa de cart\u00e3o<\/div>\n<\/td>\n<\/tr>\n<tr>\n<td colspan=\"1\" rowspan=\"1\">\n<div class=\"magic-8\">Aplica\u00e7\u00e3o<\/div>\n<\/td>\n<td colspan=\"1\" rowspan=\"1\">\n<div class=\"magic-9\">Supermercados, petr\u00f3leo, contentores, contentores ferrovi\u00e1rios, caixas de contadores, bolsas de banco, etc.<\/div>\n<\/td>\n<\/tr>\n<tr>\n<td colspan=\"1\" rowspan=\"1\">\n<div class=\"magic-8\">Certificado da empresa<\/div>\n<\/td>\n<td colspan=\"1\" rowspan=\"1\">\n<div class=\"magic-9\">REACH,ISO9001,ISO14001,ISO45001<\/div>\n<\/td>\n<\/tr>\n<\/tbody>\n<\/table>\n<p>Protect your apparel and footwear inventory with the PTS-032 Plastic Security Seals, designed for tamper-proof security and brand visibility. Featuring a\u00a0<strong>round large tag with a reinforced hole<\/strong>, these durable seals are perfect for attaching to clothing, shoes, or accessories, ensuring items remain intact during transit and display. Made from high-strength, flexible plastic, they resist tearing, moisture, and tampering, while the\u00a0<strong>one-time locking mechanism<\/strong>\u00a0provides irreversible security with visible evidence of unauthorized access. Customize the tag with logos, barcodes, or tracking numbers to enhance brand recognition and streamline inventory management. Ideal for retail stores, warehouses, and logistics, the PTS-032 combines lightweight convenience with industrial-grade durability, safeguarding your products from theft or damage.<\/p>","protected":false},"excerpt":{"rendered":"<p>The PTS-032 Tamper-Proof Plastic Seals offer durable, round large tags with holes for secure apparel, footwear, and retail logistics protection.<\/p>","protected":false},"featured_media":3958,"template":"","meta":[],"product_brand":[],"product_cat":[169],"product_tag":[190,407,408,409,410,411,412,413,414,415,416,417],"class_list":{"0":"post-3957","1":"product","2":"type-product","3":"status-publish","4":"has-post-thumbnail","6":"product_cat-plastic-seal","7":"product_tag-plastic-seal","8":"product_tag-plastic-security-seal","9":"product_tag-round-large-tag","10":"product_tag-durable-tamper-proof-seals","11":"product_tag-apparel-footwear-seals","12":"product_tag-plastic-security-seals-for-clothing","13":"product_tag-plastic-security-seals-for-shoes","14":"product_tag-pts-032-plastic-seals","15":"product_tag-apparel-security-tags","16":"product_tag-tamper-proof-footwear-seals","17":"product_tag-round-clothing-tags","18":"product_tag-durable-retail-security-seals","20":"first","21":"instock","22":"shipping-taxable","23":"product-type-simple"},"_links":{"self":[{"href":"https:\/\/www.woseal.com\/pt\/wp-json\/wp\/v2\/product\/3957","targetHints":{"allow":["GET"]}}],"collection":[{"href":"https:\/\/www.woseal.com\/pt\/wp-json\/wp\/v2\/product"}],"about":[{"href":"https:\/\/www.woseal.com\/pt\/wp-json\/wp\/v2\/types\/product"}],"version-history":[{"count":1,"href":"https:\/\/www.woseal.com\/pt\/wp-json\/wp\/v2\/product\/3957\/revisions"}],"predecessor-version":[{"id":3965,"href":"https:\/\/www.woseal.com\/pt\/wp-json\/wp\/v2\/product\/3957\/revisions\/3965"}],"wp:featuredmedia":[{"embeddable":true,"href":"https:\/\/www.woseal.com\/pt\/wp-json\/wp\/v2\/media\/3958"}],"wp:attachment":[{"href":"https:\/\/www.woseal.com\/pt\/wp-json\/wp\/v2\/media?parent=3957"}],"wp:term":[{"taxonomy":"product_brand","embeddable":true,"href":"https:\/\/www.woseal.com\/pt\/wp-json\/wp\/v2\/product_brand?post=3957"},{"taxonomy":"product_cat","embeddable":true,"href":"https:\/\/www.woseal.com\/pt\/wp-json\/wp\/v2\/product_cat?post=3957"},{"taxonomy":"product_tag","embeddable":true,"href":"https:\/\/www.woseal.com\/pt\/wp-json\/wp\/v2\/product_tag?post=3957"}],"curies":[{"name":"wp","href":"https:\/\/api.w.org\/{rel}","templated":true}]}}