{"id":3975,"date":"2025-04-08T16:17:31","date_gmt":"2025-04-08T08:17:31","guid":{"rendered":"https:\/\/www.woseal.com\/?post_type=product&#038;p=3975"},"modified":"2025-04-11T09:52:20","modified_gmt":"2025-04-11T01:52:20","slug":"pts-030-logistics-press-type-plastic-seal-with-padlock-high-quality-padlock-seal","status":"publish","type":"product","link":"https:\/\/www.woseal.com\/pt\/produto\/pts-030-logistics-press-type-plastic-seal-with-padlock-high-quality-padlock-seal","title":{"rendered":"PTS-030 Selo de pl\u00e1stico tipo prensa para log\u00edstica com cadeado Selo de cadeado de alta qualidade"},"content":{"rendered":"<table class=\"has-title all magic-7\">\n<tbody>\n<tr>\n<td colspan=\"1\" rowspan=\"1\">\n<div class=\"magic-8\" data-spm-anchor-id=\"a2700.details.0.i77.578a6c45wG9HoZ\">Local de origem<\/div>\n<\/td>\n<td colspan=\"1\" rowspan=\"1\">\n<div class=\"magic-9\">China<\/div>\n<\/td>\n<\/tr>\n<tr>\n<td colspan=\"1\" rowspan=\"1\">\n<div class=\"magic-8\">Item<\/div>\n<\/td>\n<td colspan=\"1\" rowspan=\"1\">\n<div class=\"magic-9\">Selo de cadeado<\/div>\n<\/td>\n<\/tr>\n<tr>\n<td colspan=\"1\" rowspan=\"1\">\n<div class=\"magic-8\">Modelo<\/div>\n<\/td>\n<td colspan=\"1\" rowspan=\"1\">\n<div class=\"magic-9\">TPS-030<\/div>\n<\/td>\n<\/tr>\n<tr>\n<td colspan=\"1\" rowspan=\"1\">\n<div class=\"magic-8\">Material<\/div>\n<\/td>\n<td colspan=\"1\" rowspan=\"1\">\n<div class=\"magic-9\">PP+PE<\/div>\n<\/td>\n<\/tr>\n<tr>\n<td colspan=\"1\" rowspan=\"1\">\n<div class=\"magic-8\">Tamanho do corpo do cadeado<\/div>\n<\/td>\n<td colspan=\"1\" rowspan=\"1\">\n<div class=\"magic-9\">38.5*12*17.5mm<\/div>\n<\/td>\n<\/tr>\n<tr>\n<td colspan=\"1\" rowspan=\"1\">\n<div class=\"magic-8\">Cor<\/div>\n<\/td>\n<td colspan=\"1\" rowspan=\"1\">\n<div class=\"magic-9\">Amarelo, Branco, Azul, Verde, Vermelho, Outros e assim por diante<\/div>\n<\/td>\n<\/tr>\n<tr>\n<td colspan=\"1\" rowspan=\"1\">\n<div class=\"magic-8\">Tipo de impress\u00e3o<\/div>\n<\/td>\n<td colspan=\"1\" rowspan=\"1\">\n<div class=\"magic-9\">Marca\u00e7\u00e3o a laser ou estampagem a quente, serigrafia, tto<\/div>\n<\/td>\n<\/tr>\n<tr>\n<td colspan=\"1\" rowspan=\"1\">\n<div class=\"magic-8\">Marca\u00e7\u00e3o de conte\u00fados<\/div>\n<\/td>\n<td colspan=\"1\" rowspan=\"1\">\n<div class=\"magic-9\">N\u00fameros, letras, marcas, c\u00f3digos de barras, etc.<\/div>\n<\/td>\n<\/tr>\n<tr>\n<td colspan=\"1\" rowspan=\"1\">\n<div class=\"magic-8\">Embalagem<\/div>\n<\/td>\n<td colspan=\"1\" rowspan=\"1\">\n<div class=\"magic-9\">100 unidades\/saco de pl\u00e1stico, 1000 unidades\/caixa de cart\u00e3o, 2000 unidades\/caixa de cart\u00e3o<\/div>\n<\/td>\n<\/tr>\n<tr>\n<td colspan=\"1\" rowspan=\"1\">\n<div class=\"magic-8\">Aplica\u00e7\u00e3o<\/div>\n<\/td>\n<td colspan=\"1\" rowspan=\"1\">\n<div class=\"magic-9\">Supermercados, petr\u00f3leo, contentores, contentores ferrovi\u00e1rios, caixas de contadores, bolsas de banco, etc.<\/div>\n<\/td>\n<\/tr>\n<tr>\n<td colspan=\"1\" rowspan=\"1\">\n<div class=\"magic-8\">Certificado da empresa<\/div>\n<\/td>\n<td colspan=\"1\" rowspan=\"1\">\n<div class=\"magic-9\">REACH,ISO9001,ISO14001,ISO45001<\/div>\n<\/td>\n<\/tr>\n<\/tbody>\n<\/table>\n<p>Ensure tamper-proof security for logistics and cargo with the PTS-030 Logistics Press-Type Plastic Padlock Seal. Designed for high-traffic supply chains, this heavy-duty seal combines a\u00a0<strong>press-lock mechanism<\/strong>\u00a0with a reinforced padlock-style body, delivering unmatched resistance to forced entry, cutting, or environmental wear. Made from industrial-grade polycarbonate, it withstands extreme temperatures, moisture, and physical stress while maintaining a lightweight, user-friendly design. The tamper-evident locking system leaves irreversible evidence of unauthorized access, ideal for securing shipping containers, truck doors, or warehouse pallets. Customizable with sequential numbering or logos, the PTS-030 streamlines compliance audits and inventory tracking. Trust its ISO-compliant durability to safeguard high-value shipments and enhance supply chain integrity.<\/p>","protected":false},"excerpt":{"rendered":"<p>The PTS-030 Plastic Padlock Seal offers press-type security, tamper-evident durability, and logistics-grade protection for containers, trucks, and high-risk cargo.<\/p>","protected":false},"featured_media":3976,"template":"","meta":[],"product_brand":[],"product_cat":[173],"product_tag":[427,428,429,430,431,423,424,425,426],"class_list":{"0":"post-3975","1":"product","2":"type-product","3":"status-publish","4":"has-post-thumbnail","6":"product_cat-padlock-seal","7":"product_tag-industrial-grade-container-seals","8":"product_tag-padlock-seal","9":"product_tag-logistics-transportation-seal","10":"product_tag-anti-theft-patch","11":"product_tag-plastic-band-security-seals","12":"product_tag-press-type-plastic-padlock-seals","13":"product_tag-pts-030-logistics-seals","14":"product_tag-tamper-evident-cargo-locks","15":"product_tag-high-security-padlock-tags","17":"first","18":"instock","19":"shipping-taxable","20":"product-type-simple"},"_links":{"self":[{"href":"https:\/\/www.woseal.com\/pt\/wp-json\/wp\/v2\/product\/3975","targetHints":{"allow":["GET"]}}],"collection":[{"href":"https:\/\/www.woseal.com\/pt\/wp-json\/wp\/v2\/product"}],"about":[{"href":"https:\/\/www.woseal.com\/pt\/wp-json\/wp\/v2\/types\/product"}],"version-history":[{"count":1,"href":"https:\/\/www.woseal.com\/pt\/wp-json\/wp\/v2\/product\/3975\/revisions"}],"predecessor-version":[{"id":3983,"href":"https:\/\/www.woseal.com\/pt\/wp-json\/wp\/v2\/product\/3975\/revisions\/3983"}],"wp:featuredmedia":[{"embeddable":true,"href":"https:\/\/www.woseal.com\/pt\/wp-json\/wp\/v2\/media\/3976"}],"wp:attachment":[{"href":"https:\/\/www.woseal.com\/pt\/wp-json\/wp\/v2\/media?parent=3975"}],"wp:term":[{"taxonomy":"product_brand","embeddable":true,"href":"https:\/\/www.woseal.com\/pt\/wp-json\/wp\/v2\/product_brand?post=3975"},{"taxonomy":"product_cat","embeddable":true,"href":"https:\/\/www.woseal.com\/pt\/wp-json\/wp\/v2\/product_cat?post=3975"},{"taxonomy":"product_tag","embeddable":true,"href":"https:\/\/www.woseal.com\/pt\/wp-json\/wp\/v2\/product_tag?post=3975"}],"curies":[{"name":"wp","href":"https:\/\/api.w.org\/{rel}","templated":true}]}}