{"id":4099,"date":"2025-04-10T18:26:39","date_gmt":"2025-04-10T10:26:39","guid":{"rendered":"https:\/\/www.woseal.com\/?post_type=product&#038;p=4099"},"modified":"2025-04-10T18:26:45","modified_gmt":"2025-04-10T10:26:45","slug":"rfs-007-disposable-transport-belt-with-rfid-plastic-tension-seal-safe-and-secure-plastic-seals","status":"publish","type":"product","link":"https:\/\/www.woseal.com\/pt\/produto\/rfs-007-disposable-transport-belt-with-rfid-plastic-tension-seal-safe-and-secure-plastic-seals","title":{"rendered":"RFS-007 Disposable Transport Belt with RFID Plastic Tension Seal Safe and Secure Plastic Seals"},"content":{"rendered":"<table class=\"has-title all magic-10\">\n<tbody>\n<tr>\n<td colspan=\"1\" rowspan=\"1\">\n<div class=\"magic-11\" data-spm-anchor-id=\"a2700.details-description.0.i0.6128BLdSBLdSJm\">Nome<\/div>\n<\/td>\n<td colspan=\"1\" rowspan=\"1\">\n<div class=\"magic-12\">RFS-007<\/div>\n<\/td>\n<\/tr>\n<tr>\n<td colspan=\"1\" rowspan=\"1\">\n<div class=\"magic-11\">Type<\/div>\n<\/td>\n<td colspan=\"1\" rowspan=\"1\">\n<div class=\"magic-12\">RFID Plastic Seal<\/div>\n<\/td>\n<\/tr>\n<tr>\n<td colspan=\"1\" rowspan=\"1\">\n<div class=\"magic-11\">Material<\/div>\n<\/td>\n<td colspan=\"1\" rowspan=\"1\">\n<div class=\"magic-12\">ABS+Chip<\/div>\n<\/td>\n<\/tr>\n<tr>\n<td colspan=\"1\" rowspan=\"1\">\n<div class=\"magic-11\">Tamanho do corpo do cadeado<\/div>\n<\/td>\n<td colspan=\"1\" rowspan=\"1\">\n<div class=\"magic-12\">352*33*14.5mm<\/div>\n<\/td>\n<\/tr>\n<tr>\n<td colspan=\"1\" rowspan=\"1\">\n<div class=\"magic-11\">Support<\/div>\n<\/td>\n<td colspan=\"1\" rowspan=\"1\">\n<div class=\"magic-12\">NFC , UHF\uff08860MHz~960MHz\uff09\uff0cRFID\uff0813.56MHz\uff09<\/div>\n<\/td>\n<\/tr>\n<tr>\n<td colspan=\"1\" rowspan=\"1\">\n<div class=\"magic-11\">Cor<\/div>\n<\/td>\n<td colspan=\"1\" rowspan=\"1\">\n<div class=\"magic-12\">Vermelho, amarelo, branco, azul, verde, etc.<\/div>\n<\/td>\n<\/tr>\n<tr>\n<td colspan=\"1\" rowspan=\"1\">\n<div class=\"magic-11\">Comprimento<\/div>\n<\/td>\n<td colspan=\"1\" rowspan=\"1\">\n<div class=\"magic-12\">352mm<\/div>\n<\/td>\n<\/tr>\n<tr>\n<td colspan=\"1\" rowspan=\"1\">\n<div class=\"magic-11\">Tipo de impress\u00e3o<\/div>\n<\/td>\n<td colspan=\"1\" rowspan=\"1\">\n<div class=\"magic-12\">Laser marking<\/div>\n<\/td>\n<\/tr>\n<tr>\n<td colspan=\"1\" rowspan=\"1\">\n<div class=\"magic-11\">Marca\u00e7\u00e3o de conte\u00fados<\/div>\n<\/td>\n<td colspan=\"1\" rowspan=\"1\">\n<div class=\"magic-12\">N\u00fameros, letras, marcas, c\u00f3digos de barras<\/div>\n<\/td>\n<\/tr>\n<tr>\n<td colspan=\"1\" rowspan=\"1\">\n<div class=\"magic-11\">Aplica\u00e7\u00e3o<\/div>\n<\/td>\n<td colspan=\"1\" rowspan=\"1\">\n<div class=\"magic-12\">Supermercados, petr\u00f3leo, contentores, contentores ferrovi\u00e1rios, caixas de contadores, bolsas de banco, etc.<\/div>\n<\/td>\n<\/tr>\n<tr>\n<td colspan=\"1\" rowspan=\"1\">\n<div class=\"magic-11\">Embalagem<\/div>\n<\/td>\n<td colspan=\"1\" rowspan=\"1\">\n<div class=\"magic-12\">100 unidades\/saco de pl\u00e1stico, 1000 unidades\/caixa de cart\u00e3o, 2000 unidades\/caixa de cart\u00e3o<\/div>\n<\/td>\n<\/tr>\n<tr>\n<td colspan=\"1\" rowspan=\"1\">\n<div class=\"magic-11\">Certificado da empresa<\/div>\n<\/td>\n<td colspan=\"1\" rowspan=\"1\">\n<div class=\"magic-12\">REACH,ISO9001,ISO14001,ISO45001<\/div>\n<\/td>\n<\/tr>\n<\/tbody>\n<\/table>\n<p>Ensure tamper-proof security for high-speed logistics with the \u200c<strong>RFS-007 Disposable RFID Transport Belt Seal<\/strong>\u200c, a lightweight yet durable solution designed for fast-paced shipping environments. Combining a plastic tension seal with embedded RFID technology, this single-use seal guarantees irreversible locking to prevent unauthorized access while enabling real-time tracking and authentication. The flexible transport belt design ensures easy application on pallets, containers, or packages, while the rugged plastic construction resists cutting, weather, and tampering. Ideal for pharmaceuticals, electronics, or cross-border shipments, the RFS-007 integrates seamlessly with IoT systems for automated inventory checks and counterfeit detection via smartphones or scanners. Sold factory-direct in bulk, it offers scalable, cost-effective security for industries prioritizing speed, transparency, and compliance. Customizable RFID encoding and optional branding enhance supply chain trust and efficiency.<\/p>","protected":false},"excerpt":{"rendered":"<p>The RFS-007 Disposable RFID Transport Belt Seal delivers tamper-evident security, RFID tracking, and rapid deployment for high-volume logistics. Perfect for secure, disposable sealing of sensitive cargo.<\/p>","protected":false},"featured_media":4100,"template":"","meta":[],"product_brand":[],"product_cat":[172],"product_tag":[469,530,531,532,533,534,535,536,537,538],"class_list":{"0":"post-4099","1":"product","2":"type-product","3":"status-publish","4":"has-post-thumbnail","6":"product_cat-rfid-seal","7":"product_tag-tamper-proof-logistics-seals","8":"product_tag-rfid-plastic-seal","9":"product_tag-plastic-seals","10":"product_tag-rfid-plastic-seals","11":"product_tag-secure-plastic-seals","12":"product_tag-logistic-management-seal","13":"product_tag-disposable-rfid-transport-seals","14":"product_tag-plastic-tension-security-seals","15":"product_tag-rfs-007-rfid-seals","16":"product_tag-rfid-disposable-belt-seals","18":"first","19":"instock","20":"shipping-taxable","21":"product-type-simple"},"_links":{"self":[{"href":"https:\/\/www.woseal.com\/pt\/wp-json\/wp\/v2\/product\/4099","targetHints":{"allow":["GET"]}}],"collection":[{"href":"https:\/\/www.woseal.com\/pt\/wp-json\/wp\/v2\/product"}],"about":[{"href":"https:\/\/www.woseal.com\/pt\/wp-json\/wp\/v2\/types\/product"}],"version-history":[{"count":1,"href":"https:\/\/www.woseal.com\/pt\/wp-json\/wp\/v2\/product\/4099\/revisions"}],"predecessor-version":[{"id":4107,"href":"https:\/\/www.woseal.com\/pt\/wp-json\/wp\/v2\/product\/4099\/revisions\/4107"}],"wp:featuredmedia":[{"embeddable":true,"href":"https:\/\/www.woseal.com\/pt\/wp-json\/wp\/v2\/media\/4100"}],"wp:attachment":[{"href":"https:\/\/www.woseal.com\/pt\/wp-json\/wp\/v2\/media?parent=4099"}],"wp:term":[{"taxonomy":"product_brand","embeddable":true,"href":"https:\/\/www.woseal.com\/pt\/wp-json\/wp\/v2\/product_brand?post=4099"},{"taxonomy":"product_cat","embeddable":true,"href":"https:\/\/www.woseal.com\/pt\/wp-json\/wp\/v2\/product_cat?post=4099"},{"taxonomy":"product_tag","embeddable":true,"href":"https:\/\/www.woseal.com\/pt\/wp-json\/wp\/v2\/product_tag?post=4099"}],"curies":[{"name":"wp","href":"https:\/\/api.w.org\/{rel}","templated":true}]}}