{"id":4108,"date":"2025-04-10T18:33:36","date_gmt":"2025-04-10T10:33:36","guid":{"rendered":"https:\/\/www.woseal.com\/?post_type=product&#038;p=4108"},"modified":"2025-04-11T08:58:20","modified_gmt":"2025-04-11T00:58:20","slug":"rfs-008-disposable-safety-abs-strap-tags-rfid-hf-uhf-sealed-tags-for-logistics-rfid-seals","status":"publish","type":"product","link":"https:\/\/www.woseal.com\/pt\/produto\/rfs-008-disposable-safety-abs-strap-tags-rfid-hf-uhf-sealed-tags-for-logistics-rfid-seals","title":{"rendered":"RFS-009 Pull Tight Truck Container Tamper Proof RFID Plastic NFC Security Seal Tag"},"content":{"rendered":"<table class=\"has-title all magic-13\">\n<tbody>\n<tr>\n<td colspan=\"1\" rowspan=\"1\">\n<div class=\"magic-14\" data-spm-anchor-id=\"a2700.details-description.0.i0.696chRxwhRxwVs\">Nome<\/div>\n<\/td>\n<td colspan=\"1\" rowspan=\"1\">\n<div class=\"magic-15\">RFS-009<\/div>\n<\/td>\n<\/tr>\n<tr>\n<td colspan=\"1\" rowspan=\"1\">\n<div class=\"magic-14\">Type<\/div>\n<\/td>\n<td colspan=\"1\" rowspan=\"1\">\n<div class=\"magic-15\">RFID Plastic Seal<\/div>\n<\/td>\n<\/tr>\n<tr>\n<td colspan=\"1\" rowspan=\"1\">\n<div class=\"magic-14\">Material<\/div>\n<\/td>\n<td colspan=\"1\" rowspan=\"1\">\n<div class=\"magic-15\">ABS Plastic+Chip<\/div>\n<\/td>\n<\/tr>\n<tr>\n<td colspan=\"1\" rowspan=\"1\">\n<div class=\"magic-14\">Tamanho do corpo do cadeado<\/div>\n<\/td>\n<td colspan=\"1\" rowspan=\"1\">\n<div class=\"magic-15\">330*30*10mm<\/div>\n<\/td>\n<\/tr>\n<tr>\n<td colspan=\"1\" rowspan=\"1\">\n<div class=\"magic-14\">Support<\/div>\n<\/td>\n<td colspan=\"1\" rowspan=\"1\">\n<div class=\"magic-15\">NFC , UHF\uff08860MHz~960MHz\uff09\uff0cRFID\uff0813.56MHz\uff09<\/div>\n<\/td>\n<\/tr>\n<tr>\n<td colspan=\"1\" rowspan=\"1\">\n<div class=\"magic-14\">Cor<\/div>\n<\/td>\n<td colspan=\"1\" rowspan=\"1\">\n<div class=\"magic-15\">Vermelho, amarelo, branco, azul, verde, etc.<\/div>\n<\/td>\n<\/tr>\n<tr>\n<td colspan=\"1\" rowspan=\"1\">\n<div class=\"magic-14\">Comprimento<\/div>\n<\/td>\n<td colspan=\"1\" rowspan=\"1\">\n<div class=\"magic-15\">330mm<\/div>\n<\/td>\n<\/tr>\n<tr>\n<td colspan=\"1\" rowspan=\"1\">\n<div class=\"magic-14\">Tipo de impress\u00e3o<\/div>\n<\/td>\n<td colspan=\"1\" rowspan=\"1\">\n<div class=\"magic-15\">Laser marking<\/div>\n<\/td>\n<\/tr>\n<tr>\n<td colspan=\"1\" rowspan=\"1\">\n<div class=\"magic-14\">Marca\u00e7\u00e3o de conte\u00fados<\/div>\n<\/td>\n<td colspan=\"1\" rowspan=\"1\">\n<div class=\"magic-15\">N\u00fameros, letras, marcas, c\u00f3digos de barras<\/div>\n<\/td>\n<\/tr>\n<tr>\n<td colspan=\"1\" rowspan=\"1\">\n<div class=\"magic-14\">Aplica\u00e7\u00e3o<\/div>\n<\/td>\n<td colspan=\"1\" rowspan=\"1\">\n<div class=\"magic-15\">Supermercados, petr\u00f3leo, contentores, contentores ferrovi\u00e1rios, caixas de contadores, bolsas de banco, etc.<\/div>\n<\/td>\n<\/tr>\n<tr>\n<td colspan=\"1\" rowspan=\"1\">\n<div class=\"magic-14\">Embalagem<\/div>\n<\/td>\n<td colspan=\"1\" rowspan=\"1\">\n<div class=\"magic-15\">100 unidades\/saco de pl\u00e1stico, 1000 unidades\/caixa de cart\u00e3o, 2000 unidades\/caixa de cart\u00e3o<\/div>\n<\/td>\n<\/tr>\n<tr>\n<td colspan=\"1\" rowspan=\"1\">\n<div class=\"magic-14\">Certificado da empresa<\/div>\n<\/td>\n<td colspan=\"1\" rowspan=\"1\">\n<div class=\"magic-15\">ISO9001,ISO14001,ISO45001<\/div>\n<\/td>\n<\/tr>\n<\/tbody>\n<\/table>\n<p>Ensure tamper-proof security and seamless tracking with the \u200c<strong>RFS-009 Disposable Safety ABS RFID Strap Tags<\/strong>\u200c, designed for high-efficiency logistics operations. Combining \u200c<strong>HF\/UHF RFID technology<\/strong>\u200c with a durable ABS plastic strap, these single-use seals provide instant authentication, real-time inventory visibility, and robust anti-tampering protection. The lightweight yet rugged ABS construction resists cutting, weather, and chemical exposure, while the embedded RFID chip supports both short-range (HF) and long-range (UHF) scanning\u2014ideal for pallets, containers, or high-value cargo. Pre-programmed with unique identifiers, the RFS-009 ensures traceability from warehouse to destination, minimizing theft and counterfeit risks. Sold in bulk at factory-direct pricing, it offers a cost-effective solution for express couriers, pharmaceuticals, and global supply chains. Customizable encoding and branding options enhance accountability and brand trust while streamlining compliance audits.<\/p>","protected":false},"excerpt":{"rendered":"<p>The RFS-009 Disposable ABS RFID Strap Tag delivers tamper-evident security, HF\/UHF tracking, and rugged logistics sealing in a lightweight, disposable design. Perfect for secure, high-speed supply chains.<\/p>","protected":false},"featured_media":4109,"template":"","meta":[],"product_brand":[],"product_cat":[172],"product_tag":[540,541,542,543,544,545,546,547,548],"class_list":{"0":"post-4108","1":"product","2":"type-product","3":"status-publish","4":"has-post-thumbnail","6":"product_cat-rfid-seal","7":"product_tag-disposable-safety-abs-strap-tags","8":"product_tag-logistics-rfid-seals","9":"product_tag-abs-tie-tag-for-logistic-management","10":"product_tag-disposable-abs-tie-tag","11":"product_tag-disposable-abs-rfid-seals","12":"product_tag-hf-uhf-logistics-strap-tags","13":"product_tag-rfs-009-rfid-seals","14":"product_tag-tamper-proof-rfid-straps","15":"product_tag-rfid-sealed-tags-for-logistics","17":"first","18":"instock","19":"shipping-taxable","20":"product-type-simple"},"_links":{"self":[{"href":"https:\/\/www.woseal.com\/pt\/wp-json\/wp\/v2\/product\/4108","targetHints":{"allow":["GET"]}}],"collection":[{"href":"https:\/\/www.woseal.com\/pt\/wp-json\/wp\/v2\/product"}],"about":[{"href":"https:\/\/www.woseal.com\/pt\/wp-json\/wp\/v2\/types\/product"}],"version-history":[{"count":2,"href":"https:\/\/www.woseal.com\/pt\/wp-json\/wp\/v2\/product\/4108\/revisions"}],"predecessor-version":[{"id":4117,"href":"https:\/\/www.woseal.com\/pt\/wp-json\/wp\/v2\/product\/4108\/revisions\/4117"}],"wp:featuredmedia":[{"embeddable":true,"href":"https:\/\/www.woseal.com\/pt\/wp-json\/wp\/v2\/media\/4109"}],"wp:attachment":[{"href":"https:\/\/www.woseal.com\/pt\/wp-json\/wp\/v2\/media?parent=4108"}],"wp:term":[{"taxonomy":"product_brand","embeddable":true,"href":"https:\/\/www.woseal.com\/pt\/wp-json\/wp\/v2\/product_brand?post=4108"},{"taxonomy":"product_cat","embeddable":true,"href":"https:\/\/www.woseal.com\/pt\/wp-json\/wp\/v2\/product_cat?post=4108"},{"taxonomy":"product_tag","embeddable":true,"href":"https:\/\/www.woseal.com\/pt\/wp-json\/wp\/v2\/product_tag?post=4108"}],"curies":[{"name":"wp","href":"https:\/\/api.w.org\/{rel}","templated":true}]}}