{"id":3484,"date":"2025-03-27T15:07:33","date_gmt":"2025-03-27T07:07:33","guid":{"rendered":"https:\/\/www.woseal.com\/?post_type=product&#038;p=3484"},"modified":"2025-04-11T14:06:32","modified_gmt":"2025-04-11T06:06:32","slug":"cbs-001-hot-selling-high-quality-products-customized-1-8300mm-hexagonal-security-wire-seal-shipping-safety-cable-tag-seal","status":"publish","type":"product","link":"https:\/\/www.woseal.com\/tr\/urun\/cbs-001-hot-selling-high-quality-products-customized-1-8300mm-hexagonal-security-wire-seal-shipping-safety-cable-tag-seal","title":{"rendered":"CBS-001 S\u0131cak Sat\u0131\u015f Y\u00fcksek Kaliteli \u00dcr\u00fcnler \u00d6zelle\u015ftirilmi\u015f 1.8 * 300mm Alt\u0131gen G\u00fcvenlik Tel M\u00fch\u00fcr Nakliye G\u00fcvenlik Kablosu Etiketi M\u00fch\u00fcr"},"content":{"rendered":"<div class=\"J_module\">\n<div class=\"ife-detail-decorate-table\">\n<table class=\"has-title all magic-7\">\n<tbody>\n<tr>\n<td colspan=\"1\" rowspan=\"1\">\n<div class=\"magic-8\" data-spm-anchor-id=\"a2700.details.0.i72.2dbb36dfRAj1i1\">\u0130sim<\/div>\n<\/td>\n<td colspan=\"1\" rowspan=\"1\">\n<div class=\"magic-9\">CBS-001<\/div>\n<\/td>\n<\/tr>\n<tr>\n<td colspan=\"1\" rowspan=\"1\">\n<div class=\"magic-8\">malzeme<\/div>\n<\/td>\n<td colspan=\"1\" rowspan=\"1\">\n<div class=\"magic-9\">ABS, toz metalurjisi, A3 tel halat, 7*7<\/div>\n<\/td>\n<\/tr>\n<tr>\n<td colspan=\"1\" rowspan=\"1\">\n<div class=\"magic-8\">Kilit g\u00f6vdesi boyutu<\/div>\n<\/td>\n<td colspan=\"1\" rowspan=\"1\">\n<div class=\"magic-9\">26*14*12mm<\/div>\n<\/td>\n<\/tr>\n<tr>\n<td colspan=\"1\" rowspan=\"1\">\n<div class=\"magic-8\">\u00c7ap<\/div>\n<\/td>\n<td colspan=\"1\" rowspan=\"1\">\n<div class=\"magic-9\">1.8 mm<\/div>\n<\/td>\n<\/tr>\n<tr>\n<td colspan=\"1\" rowspan=\"1\">\n<div class=\"magic-8\">\u0130malat s\u00fcreci<\/div>\n<\/td>\n<td colspan=\"1\" rowspan=\"1\">\n<div class=\"magic-9\">enjeksiyon \uff0c Damgalama<\/div>\n<\/td>\n<\/tr>\n<tr>\n<td colspan=\"1\" rowspan=\"1\">\n<div class=\"magic-8\">Renk<\/div>\n<\/td>\n<td colspan=\"1\" rowspan=\"1\">\n<div class=\"magic-9\">K\u0131rm\u0131z\u0131, Sar\u0131, Siyah, Mavi, Ye\u015fil ve benzeri<\/div>\n<\/td>\n<\/tr>\n<tr>\n<td colspan=\"1\" rowspan=\"1\">\n<div class=\"magic-8\">Kablo malzemesi<\/div>\n<\/td>\n<td colspan=\"1\" rowspan=\"1\">\n<div class=\"magic-9\">A3 \u00e7elik, 7*7, cuntomized uzunluk<\/div>\n<\/td>\n<\/tr>\n<tr>\n<td colspan=\"1\" rowspan=\"1\">\n<div class=\"magic-8\">Kablo uzunlu\u011fu<\/div>\n<\/td>\n<td colspan=\"1\" rowspan=\"1\">\n<div class=\"magic-9\">25cm, 30cm uzunluk, herhangi bir uzunluk \u00f6zelle\u015ftirilebilir<\/div>\n<\/td>\n<\/tr>\n<tr>\n<td colspan=\"1\" rowspan=\"1\">\n<div class=\"magic-8\">Bask\u0131 t\u00fcr\u00fc<\/div>\n<\/td>\n<td colspan=\"1\" rowspan=\"1\">\n<div class=\"magic-9\">Lazer markalama, tto<\/div>\n<\/td>\n<\/tr>\n<tr>\n<td colspan=\"1\" rowspan=\"1\">\n<div class=\"magic-8\">\u0130\u00e7eriklerin i\u015faretlenmesi<\/div>\n<\/td>\n<td colspan=\"1\" rowspan=\"1\">\n<div class=\"magic-9\">Say\u0131lar, Harfler, i\u015faretler, barkodlar<\/div>\n<\/td>\n<\/tr>\n<tr>\n<td colspan=\"1\" rowspan=\"1\">\n<div class=\"magic-8\">Uygulama<\/div>\n<\/td>\n<td colspan=\"1\" rowspan=\"1\">\n<div class=\"magic-9\">S\u00fcpermarketler, petrol, konteynerler, Demiryolu konteynerleri, saya\u00e7 kutular\u0131, banka c\u00fczdanlar\u0131 vb.<\/div>\n<\/td>\n<\/tr>\n<tr>\n<td colspan=\"1\" rowspan=\"1\">\n<div class=\"magic-8\">Paketleme<\/div>\n<\/td>\n<td colspan=\"1\" rowspan=\"1\">\n<div class=\"magic-9\">100 adet\/plastik torba, 1000 adet\/karton, 2000 adet\/karton<\/div>\n<\/td>\n<\/tr>\n<tr>\n<td colspan=\"1\" rowspan=\"1\">\n<div class=\"magic-8\">\u015eirket sertifikas\u0131<\/div>\n<\/td>\n<td colspan=\"1\" rowspan=\"1\">\n<div class=\"magic-9\">ISO17712,ISO9001,ISO14001,ISO45001<\/div>\n<\/td>\n<\/tr>\n<\/tbody>\n<\/table>\n<p>&nbsp;<\/p>\n<\/div>\n<\/div>\n<div class=\"J_module\">\n<div class=\"icbu-pc-images magic-10\">\n<div>\n<div class=\"flex-layout-v\">\n<div class=\"flex-layout-h magic-10\">CBS-001 S\u0131cak Sat\u0131\u015f Y\u00fcksek Kaliteli \u00d6zelle\u015ftirilmi\u015f Alt\u0131gen G\u00fcvenlik Tel M\u00fchr\u00fc ile nakliye g\u00fcvenli\u011finizi art\u0131r\u0131n, dayan\u0131kl\u0131l\u0131k ve kurcalamaya kar\u015f\u0131 g\u00fcvence i\u00e7in tasarlanm\u0131\u015ft\u0131r. Sa\u011flam 1,8 mm kal\u0131nl\u0131\u011f\u0131nda, 300 mm uzunlu\u011funda alt\u0131gen \u00e7elik tele sahip olan bu m\u00fch\u00fcr, kesme, merakl\u0131 ve \u00e7evresel a\u015f\u0131nmaya kar\u015f\u0131 \u00fcst\u00fcn diren\u00e7 sunar. \u00d6zelle\u015ftirilebilir tasar\u0131m\u0131 markalama, renk se\u00e7enekleri veya benzersiz tan\u0131mlay\u0131c\u0131lara olanak tan\u0131yarak \u00f6zel lojistik \u00e7\u00f6z\u00fcmleri arayan i\u015fletmeler i\u00e7in idealdir. A\u011f\u0131r hizmet tipi metal kilitleme mekanizmas\u0131, h\u0131rs\u0131zl\u0131\u011f\u0131 ve yetkisiz eri\u015fimi cayd\u0131rmak i\u00e7in g\u00f6r\u00fcn\u00fcr zorla giri\u015f i\u015faretleri ile kurcalanmaya a\u00e7\u0131k g\u00fcvenlik sa\u011flar. Nakliye konteynerleri, y\u00fck ve y\u00fcksek de\u011ferli kargolar i\u00e7in m\u00fckemmel olan CBS-001 su ge\u00e7irmez, korozyona dayan\u0131kl\u0131 ve zorlu ko\u015fullara dayanacak \u015fekilde \u00fcretilmi\u015ftir. Uyumlulu\u011fu kolayla\u015ft\u0131rmak, izlenebilirli\u011fi art\u0131rmak ve k\u00fcresel g\u00f6nderilerinizi korumak i\u00e7in bu ISO uyumlu, sekt\u00f6r lideri m\u00fchre g\u00fcvenin.<\/div>\n<\/div>\n<\/div>\n<\/div>\n<\/div>","protected":false},"excerpt":{"rendered":"<p>CBS-001 Alt\u0131gen G\u00fcvenlik Tel Contas\u0131, g\u00fcvenilir nakliye, lojistik ve kargo korumas\u0131 i\u00e7in \u00f6zelle\u015ftirilebilir tasar\u0131m, 1,8 * 300 mm \u00e7elik tel dayan\u0131kl\u0131l\u0131\u011f\u0131 ve kurcalamaya kar\u015f\u0131 korumal\u0131 g\u00fcvenli\u011fi bir araya getirir.<\/p>","protected":false},"featured_media":3486,"template":"","meta":[],"product_brand":[],"product_cat":[168],"product_tag":[176,177,178,179,180,181],"class_list":{"0":"post-3484","1":"product","2":"type-product","3":"status-publish","4":"has-post-thumbnail","6":"product_cat-cable-seal","7":"product_tag-cable-seal","8":"product_tag-wire-seal","9":"product_tag-security-seal","10":"product_tag-shipping-seal","11":"product_tag-safety-seal","12":"product_tag-high-quality-cable-seal","14":"first","15":"instock","16":"featured","17":"shipping-taxable","18":"product-type-simple"},"_links":{"self":[{"href":"https:\/\/www.woseal.com\/tr\/wp-json\/wp\/v2\/product\/3484","targetHints":{"allow":["GET"]}}],"collection":[{"href":"https:\/\/www.woseal.com\/tr\/wp-json\/wp\/v2\/product"}],"about":[{"href":"https:\/\/www.woseal.com\/tr\/wp-json\/wp\/v2\/types\/product"}],"version-history":[{"count":4,"href":"https:\/\/www.woseal.com\/tr\/wp-json\/wp\/v2\/product\/3484\/revisions"}],"predecessor-version":[{"id":3850,"href":"https:\/\/www.woseal.com\/tr\/wp-json\/wp\/v2\/product\/3484\/revisions\/3850"}],"wp:featuredmedia":[{"embeddable":true,"href":"https:\/\/www.woseal.com\/tr\/wp-json\/wp\/v2\/media\/3486"}],"wp:attachment":[{"href":"https:\/\/www.woseal.com\/tr\/wp-json\/wp\/v2\/media?parent=3484"}],"wp:term":[{"taxonomy":"product_brand","embeddable":true,"href":"https:\/\/www.woseal.com\/tr\/wp-json\/wp\/v2\/product_brand?post=3484"},{"taxonomy":"product_cat","embeddable":true,"href":"https:\/\/www.woseal.com\/tr\/wp-json\/wp\/v2\/product_cat?post=3484"},{"taxonomy":"product_tag","embeddable":true,"href":"https:\/\/www.woseal.com\/tr\/wp-json\/wp\/v2\/product_tag?post=3484"}],"curies":[{"name":"wp","href":"https:\/\/api.w.org\/{rel}","templated":true}]}}