{"id":3493,"date":"2025-03-27T15:43:37","date_gmt":"2025-03-27T07:43:37","guid":{"rendered":"https:\/\/www.woseal.com\/?post_type=product&#038;p=3493"},"modified":"2025-04-11T14:03:35","modified_gmt":"2025-04-11T06:03:35","slug":"cbs-002-high-metallic-safety-wire-seal-system-security-waterproof-metal-lock-cable-seals","status":"publish","type":"product","link":"https:\/\/www.woseal.com\/tr\/urun\/cbs-002-high-metallic-safety-wire-seal-system-security-waterproof-metal-lock-cable-seals","title":{"rendered":"CBS-002 Y\u00fcksek Metalik G\u00fcvenlik Tel Conta Sistemi G\u00fcvenlik Su Ge\u00e7irmez Metal Kilit Kablo Contalar\u0131"},"content":{"rendered":"<table class=\"has-title all magic-7\">\n<tbody>\n<tr>\n<td colspan=\"1\" rowspan=\"1\">\n<div class=\"magic-8\" data-spm-anchor-id=\"a2700.details.0.i72.48963db5bL2wRK\">\u0130sim<\/div>\n<\/td>\n<td colspan=\"1\" rowspan=\"1\">\n<div class=\"magic-9\">CBS-002<\/div>\n<\/td>\n<\/tr>\n<tr>\n<td colspan=\"1\" rowspan=\"1\">\n<div class=\"magic-8\">malzeme<\/div>\n<\/td>\n<td colspan=\"1\" rowspan=\"1\">\n<div class=\"magic-9\">ABS, toz metalurjisi, A3 tel halat, 7*7<\/div>\n<\/td>\n<\/tr>\n<tr>\n<td colspan=\"1\" rowspan=\"1\">\n<div class=\"magic-8\">Kilit g\u00f6vdesi boyutu<\/div>\n<\/td>\n<td colspan=\"1\" rowspan=\"1\">\n<div class=\"magic-9\">38*14*12mm<\/div>\n<\/td>\n<\/tr>\n<tr>\n<td colspan=\"1\" rowspan=\"1\">\n<div class=\"magic-8\">\u00c7ap<\/div>\n<\/td>\n<td colspan=\"1\" rowspan=\"1\">\n<div class=\"magic-9\">1.8 mm<\/div>\n<\/td>\n<\/tr>\n<tr>\n<td colspan=\"1\" rowspan=\"1\">\n<div class=\"magic-8\">\u0130malat s\u00fcreci<\/div>\n<\/td>\n<td colspan=\"1\" rowspan=\"1\">\n<div class=\"magic-9\">enjeksiyon \uff0c Damgalama<\/div>\n<\/td>\n<\/tr>\n<tr>\n<td colspan=\"1\" rowspan=\"1\">\n<div class=\"magic-8\">Renk<\/div>\n<\/td>\n<td colspan=\"1\" rowspan=\"1\">\n<div class=\"magic-9\">K\u0131rm\u0131z\u0131, Sar\u0131, Siyah, Mavi, Ye\u015fil ve benzeri<\/div>\n<\/td>\n<\/tr>\n<tr>\n<td colspan=\"1\" rowspan=\"1\">\n<div class=\"magic-8\">Kablo malzemesi<\/div>\n<\/td>\n<td colspan=\"1\" rowspan=\"1\">\n<div class=\"magic-9\">A3 \u00e7elik, 7*7, cuntomized uzunluk<\/div>\n<\/td>\n<\/tr>\n<tr>\n<td colspan=\"1\" rowspan=\"1\">\n<div class=\"magic-8\">Kablo uzunlu\u011fu<\/div>\n<\/td>\n<td colspan=\"1\" rowspan=\"1\">\n<div class=\"magic-9\">25cm, 30cm uzunluk, herhangi bir uzunluk \u00f6zelle\u015ftirilebilir<\/div>\n<\/td>\n<\/tr>\n<tr>\n<td colspan=\"1\" rowspan=\"1\">\n<div class=\"magic-8\">Bask\u0131 t\u00fcr\u00fc<\/div>\n<\/td>\n<td colspan=\"1\" rowspan=\"1\">\n<div class=\"magic-9\">Lazer markalama, tto<\/div>\n<\/td>\n<\/tr>\n<tr>\n<td colspan=\"1\" rowspan=\"1\">\n<div class=\"magic-8\">\u0130\u00e7eriklerin i\u015faretlenmesi<\/div>\n<\/td>\n<td colspan=\"1\" rowspan=\"1\">\n<div class=\"magic-9\">Say\u0131lar, Harfler, i\u015faretler, barkodlar<\/div>\n<\/td>\n<\/tr>\n<tr>\n<td colspan=\"1\" rowspan=\"1\">\n<div class=\"magic-8\">Uygulama<\/div>\n<\/td>\n<td colspan=\"1\" rowspan=\"1\">\n<div class=\"magic-9\">S\u00fcpermarketler, petrol, konteynerler, Demiryolu konteynerleri, saya\u00e7 kutular\u0131, banka c\u00fczdanlar\u0131 vb.<\/div>\n<\/td>\n<\/tr>\n<tr>\n<td colspan=\"1\" rowspan=\"1\">\n<div class=\"magic-8\">Paketleme<\/div>\n<\/td>\n<td colspan=\"1\" rowspan=\"1\">\n<div class=\"magic-9\">100 adet\/plastik torba, 1000 adet\/karton, 2000 adet\/karton<\/div>\n<\/td>\n<\/tr>\n<tr>\n<td colspan=\"1\" rowspan=\"1\">\n<div class=\"magic-8\">\u015eirket sertifikas\u0131<\/div>\n<\/td>\n<td colspan=\"1\" rowspan=\"1\">\n<div class=\"magic-9\">ISO17712,ISO9001,ISO14001,ISO45001<\/div>\n<\/td>\n<\/tr>\n<\/tbody>\n<\/table>\n<p>Zorlu ortamlarda en \u00fcst d\u00fczeyde koruma i\u00e7in tasarlanm\u0131\u015f CBS-002 Y\u00fcksek Metalik G\u00fcvenlik Kablo Contas\u0131 Sistemi ile g\u00f6nderilerinizi g\u00fcvence alt\u0131na al\u0131n. Tamamen metalik bir yap\u0131ya sahip olan bu su ge\u00e7irmez kablo m\u00fchr\u00fc, y\u00fcksek mukavemetli \u00e7elik teli korozyona dayan\u0131kl\u0131 metal bir kilitle birle\u015ftirerek kesme, merakl\u0131 olma ve zorlu hava ko\u015fullar\u0131na kar\u015f\u0131 kurcalamaya kar\u015f\u0131 g\u00fcvenlik sa\u011flar. Geli\u015fmi\u015f kilitleme mekanizmas\u0131 g\u00f6r\u00fcn\u00fcr kurcalama kan\u0131t\u0131 sa\u011flarken, su ge\u00e7irmez tasar\u0131m\u0131 nemli, deniz veya ya\u011fmurlu ortamlarda g\u00fcvenilirli\u011fi garanti eder. Lojistik, nakliye konteynerleri, a\u011f\u0131r makineler ve y\u00fcksek de\u011ferli kargolar i\u00e7in ideal olan CBS-002, zorlu end\u00fcstriyel standartlar\u0131 kar\u015f\u0131lar ve a\u015f\u0131r\u0131 s\u0131cakl\u0131klara ve fiziksel strese dayanacak \u015fekilde \u00fcretilmi\u015ftir. Hafif ancak sa\u011flam tasar\u0131m\u0131, kolay uygulama ve denetime olanak tan\u0131yarak k\u00fcresel g\u00fcvenlik protokollerine uyumu kolayla\u015ft\u0131r\u0131r. E\u015fsiz dayan\u0131kl\u0131l\u0131k ve h\u0131rs\u0131zl\u0131k cayd\u0131r\u0131c\u0131l\u0131\u011f\u0131 ile varl\u0131klar\u0131n\u0131z\u0131 korumak i\u00e7in CBS-002'ye g\u00fcvenin.<\/p>","protected":false},"excerpt":{"rendered":"<p>CBS-002 Su Ge\u00e7irmez Metal Kilit Kablo Contas\u0131, lojistik, deniz ta\u015f\u0131mac\u0131l\u0131\u011f\u0131 ve a\u011f\u0131r y\u00fck korumas\u0131 i\u00e7in m\u00fckemmel olan y\u00fcksek metalik yap\u0131 ile kurcalamaya dayan\u0131kl\u0131, hava ko\u015fullar\u0131na dayan\u0131kl\u0131 g\u00fcvenlik sa\u011flar.<\/p>","protected":false},"featured_media":3508,"template":"","meta":[],"product_brand":[],"product_cat":[168],"product_tag":[182,183,315,350,351,352,353,354,355,176,177,178],"class_list":{"0":"post-3493","1":"product","2":"type-product","3":"status-publish","4":"has-post-thumbnail","6":"product_cat-cable-seal","7":"product_tag-hexcab-cable-seal","8":"product_tag-safety-cable-seal","9":"product_tag-corrosion-resistant-wire-seals","10":"product_tag-high-metallic-safety-wire","11":"product_tag-waterproof-metal-lock-seals","12":"product_tag-tamper-proof-security-cable","13":"product_tag-logistics-waterproof-seals","14":"product_tag-industrial-grade-cable-locks","15":"product_tag-heavy-duty-shipping-security","16":"product_tag-cable-seal","17":"product_tag-wire-seal","18":"product_tag-security-seal","20":"first","21":"instock","22":"featured","23":"shipping-taxable","24":"product-type-simple"},"_links":{"self":[{"href":"https:\/\/www.woseal.com\/tr\/wp-json\/wp\/v2\/product\/3493","targetHints":{"allow":["GET"]}}],"collection":[{"href":"https:\/\/www.woseal.com\/tr\/wp-json\/wp\/v2\/product"}],"about":[{"href":"https:\/\/www.woseal.com\/tr\/wp-json\/wp\/v2\/types\/product"}],"version-history":[{"count":4,"href":"https:\/\/www.woseal.com\/tr\/wp-json\/wp\/v2\/product\/3493\/revisions"}],"predecessor-version":[{"id":3849,"href":"https:\/\/www.woseal.com\/tr\/wp-json\/wp\/v2\/product\/3493\/revisions\/3849"}],"wp:featuredmedia":[{"embeddable":true,"href":"https:\/\/www.woseal.com\/tr\/wp-json\/wp\/v2\/media\/3508"}],"wp:attachment":[{"href":"https:\/\/www.woseal.com\/tr\/wp-json\/wp\/v2\/media?parent=3493"}],"wp:term":[{"taxonomy":"product_brand","embeddable":true,"href":"https:\/\/www.woseal.com\/tr\/wp-json\/wp\/v2\/product_brand?post=3493"},{"taxonomy":"product_cat","embeddable":true,"href":"https:\/\/www.woseal.com\/tr\/wp-json\/wp\/v2\/product_cat?post=3493"},{"taxonomy":"product_tag","embeddable":true,"href":"https:\/\/www.woseal.com\/tr\/wp-json\/wp\/v2\/product_tag?post=3493"}],"curies":[{"name":"wp","href":"https:\/\/api.w.org\/{rel}","templated":true}]}}