{"id":3518,"date":"2025-03-27T16:25:04","date_gmt":"2025-03-27T08:25:04","guid":{"rendered":"https:\/\/www.woseal.com\/?post_type=product&#038;p=3518"},"modified":"2025-04-11T14:01:02","modified_gmt":"2025-04-11T06:01:02","slug":"cbs-004-customization-mechanical-wire-seal-company-of-aluminum-alloy-safety-seals-logistics-anti-theft-cable-tag-seals","status":"publish","type":"product","link":"https:\/\/www.woseal.com\/tr\/urun\/cbs-004-customization-mechanical-wire-seal-company-of-aluminum-alloy-safety-seals-logistics-anti-theft-cable-tag-seals","title":{"rendered":"CBS-004 \u00d6zelle\u015ftirme Mekanik Tel M\u00fch\u00fcr \u015eirketi Al\u00fcminyum Ala\u015f\u0131ml\u0131 G\u00fcvenlik M\u00fch\u00fcrleri Lojistik H\u0131rs\u0131zl\u0131k \u00d6nleyici Kablo Etiketi M\u00fch\u00fcrleri"},"content":{"rendered":"<table class=\"has-title all magic-7\">\n<tbody>\n<tr>\n<td colspan=\"1\" rowspan=\"1\">\n<div class=\"magic-8\" data-spm-anchor-id=\"a2700.details-description.0.i0.7223Tr8vTr8vaX\">\u0130sim<\/div>\n<\/td>\n<td colspan=\"1\" rowspan=\"1\">\n<div class=\"magic-9\">CBS-004<\/div>\n<\/td>\n<\/tr>\n<tr>\n<td colspan=\"1\" rowspan=\"1\">\n<div class=\"magic-8\">malzeme<\/div>\n<\/td>\n<td colspan=\"1\" rowspan=\"1\">\n<div class=\"magic-9\">Al\u00fcminyum Ala\u015f\u0131ml\u0131, A3 tel halat, 7*7<\/div>\n<\/td>\n<\/tr>\n<tr>\n<td colspan=\"1\" rowspan=\"1\">\n<div class=\"magic-8\">Kilit g\u00f6vdesi boyutu<\/div>\n<\/td>\n<td colspan=\"1\" rowspan=\"1\">\n<div class=\"magic-9\">26*22*6mm<\/div>\n<\/td>\n<\/tr>\n<tr>\n<td colspan=\"1\" rowspan=\"1\">\n<div class=\"magic-8\">\u00c7ap<\/div>\n<\/td>\n<td colspan=\"1\" rowspan=\"1\">\n<div class=\"magic-9\">1.8 mm<\/div>\n<\/td>\n<\/tr>\n<tr>\n<td colspan=\"1\" rowspan=\"1\">\n<div class=\"magic-8\">\u0130malat s\u00fcreci<\/div>\n<\/td>\n<td colspan=\"1\" rowspan=\"1\">\n<div class=\"magic-9\">enjeksiyon \uff0c Damgalama<\/div>\n<\/td>\n<\/tr>\n<tr>\n<td colspan=\"1\" rowspan=\"1\">\n<div class=\"magic-8\">Renk<\/div>\n<\/td>\n<td colspan=\"1\" rowspan=\"1\">\n<div class=\"magic-9\">K\u0131rm\u0131z\u0131, Sar\u0131, Siyah, Mavi, Ye\u015fil ve benzeri<\/div>\n<\/td>\n<\/tr>\n<tr>\n<td colspan=\"1\" rowspan=\"1\">\n<div class=\"magic-8\">Kablo malzemesi<\/div>\n<\/td>\n<td colspan=\"1\" rowspan=\"1\">\n<div class=\"magic-9\">A3 \u00e7elik, 7*7, cuntomized uzunluk<\/div>\n<\/td>\n<\/tr>\n<tr>\n<td colspan=\"1\" rowspan=\"1\">\n<div class=\"magic-8\">Kablo uzunlu\u011fu<\/div>\n<\/td>\n<td colspan=\"1\" rowspan=\"1\">\n<div class=\"magic-9\">25cm, 30cm uzunluk, herhangi bir uzunluk \u00f6zelle\u015ftirilebilir<\/div>\n<\/td>\n<\/tr>\n<tr>\n<td colspan=\"1\" rowspan=\"1\">\n<div class=\"magic-8\">Bask\u0131 t\u00fcr\u00fc<\/div>\n<\/td>\n<td colspan=\"1\" rowspan=\"1\">\n<div class=\"magic-9\">Lazer markalama, tto<\/div>\n<\/td>\n<\/tr>\n<tr>\n<td colspan=\"1\" rowspan=\"1\">\n<div class=\"magic-8\">\u0130\u00e7eriklerin i\u015faretlenmesi<\/div>\n<\/td>\n<td colspan=\"1\" rowspan=\"1\">\n<div class=\"magic-9\">Say\u0131lar, Harfler, i\u015faretler, barkodlar<\/div>\n<\/td>\n<\/tr>\n<tr>\n<td colspan=\"1\" rowspan=\"1\">\n<div class=\"magic-8\">Uygulama<\/div>\n<\/td>\n<td colspan=\"1\" rowspan=\"1\">\n<div class=\"magic-9\">S\u00fcpermarketler, petrol, konteynerler, Demiryolu konteynerleri, saya\u00e7 kutular\u0131, banka c\u00fczdanlar\u0131 vb.<\/div>\n<\/td>\n<\/tr>\n<tr>\n<td colspan=\"1\" rowspan=\"1\">\n<div class=\"magic-8\">Paketleme<\/div>\n<\/td>\n<td colspan=\"1\" rowspan=\"1\">\n<div class=\"magic-9\">100 adet\/plastik torba, 1000 adet\/karton, 2000 adet\/karton<\/div>\n<\/td>\n<\/tr>\n<tr>\n<td colspan=\"1\" rowspan=\"1\">\n<div class=\"magic-8\">\u015eirket sertifikas\u0131<\/div>\n<\/td>\n<td colspan=\"1\" rowspan=\"1\">\n<div class=\"magic-9\">ISO17712,ISO9001,ISO14001,ISO45001<\/div>\n<\/td>\n<\/tr>\n<\/tbody>\n<\/table>\n<p>E\u015fsiz dayan\u0131kl\u0131l\u0131k ve h\u0131rs\u0131zl\u0131k \u00f6nleme performans\u0131 i\u00e7in birinci s\u0131n\u0131f al\u00fcminyum ala\u015f\u0131mdan \u00fcretilen CBS-004 \u00d6zelle\u015ftirme Mekanik Kablo Contas\u0131 ile lojistik g\u00fcvenli\u011finizi y\u00fckseltin. \u00d6zel \u00e7\u00f6z\u00fcmler arayan i\u015fletmeler i\u00e7in tasarlanan bu kablo m\u00fchr\u00fc, belirli operasyonel ihtiya\u00e7lar\u0131 kar\u015f\u0131lamak i\u00e7in benzersiz markalama, renk kodlamas\u0131 veya boyut ayarlamalar\u0131 gibi \u00f6zelle\u015ftirilebilir se\u00e7enekler sunar. Sa\u011flam mekanik tel kilitleme mekanizmas\u0131, h\u0131rs\u0131zl\u0131\u011f\u0131 ve yetkisiz eri\u015fimi cayd\u0131rmak i\u00e7in g\u00f6r\u00fcn\u00fcr zorla giri\u015f i\u015faretleri ile kurcalanmaya kar\u015f\u0131 koruma sa\u011flar. Nakliye konteynerleri, kargo ve y\u00fcksek de\u011ferli lojistik g\u00f6nderilerinin g\u00fcvenli\u011fini sa\u011flamak i\u00e7in ideal olan CBS-004, zorlu ortamlara, korozyona ve fiziksel kurcalamaya kar\u015f\u0131 dayan\u0131kl\u0131d\u0131r. ISO uyumludur ve g\u00fcvenilirlik i\u00e7in tasarlanm\u0131\u015ft\u0131r, hafif al\u00fcminyum ala\u015f\u0131m g\u00fcc\u00fcn\u00fc uygun maliyetli g\u00fcvenlikle birle\u015ftirerek uyumlulu\u011fu kolayla\u015ft\u0131r\u0131r ve tedarik zinciri g\u00fcvenini art\u0131r\u0131r.<\/p>","protected":false},"excerpt":{"rendered":"<p>Model:CBS-004<\/p>\n<p>Bu al\u00fcminyum g\u00f6vdeli bir kablo contas\u0131d\u0131r. Daha fazla g\u00fcvenlik i\u00e7in 1,8 mm bi\u00e7imlendirilmemi\u015f kablo kesildi\u011finde \u00e7\u00f6z\u00fcl\u00fcr. Online olarak sat\u0131n al\u0131nan kablo m\u00fch\u00fcrleri lazer bask\u0131l\u0131 \"M\u00dcH\u00dcRL\u00dc\", barkodlu ve ard\u0131\u015f\u0131k olarak numaraland\u0131r\u0131lm\u0131\u015ft\u0131r.<\/p>\n<p>Bu \u00fcr\u00fcn \u015fu anda \u015furalarda mevcuttur\u00a0<strong>K\u0131rm\u0131z\u0131<\/strong>,\u00a0<strong>Ye\u015fil, Sar\u0131, Siyah<\/strong>\u00a0ve\u00a0<strong>Mavi<\/strong>. Di\u011fer renkler i\u00e7in bize ula\u015f\u0131n.<\/p>","protected":false},"featured_media":3521,"template":"","meta":[],"product_brand":[],"product_cat":[168],"product_tag":[345,346,347,348,349,177,180,184,185,186,187,188,189,342,343,344],"class_list":{"0":"post-3518","1":"product","2":"type-product","3":"status-publish","4":"has-post-thumbnail","6":"product_cat-cable-seal","7":"product_tag-logistics-anti-theft-tags","8":"product_tag-tamper-evident-cable-locks","9":"product_tag-branded-cable-seals","10":"product_tag-heavy-duty-logistics-seals","11":"product_tag-customizable-shipping-tags","12":"product_tag-wire-seal","13":"product_tag-safety-seal","14":"product_tag-aluminum-alloy-cable-seal","15":"product_tag-anti-theft-cable-seal","16":"product_tag-logistics-cable-seal","17":"product_tag-high-security-cable-seal","18":"product_tag-metal-cable-seal","19":"product_tag-rfid-cable-seal","20":"product_tag-customizable-cable-seal","21":"product_tag-cbs-004-mechanical-wire-seal","22":"product_tag-aluminum-alloy-security-seals","24":"first","25":"instock","26":"featured","27":"shipping-taxable","28":"product-type-simple"},"_links":{"self":[{"href":"https:\/\/www.woseal.com\/tr\/wp-json\/wp\/v2\/product\/3518","targetHints":{"allow":["GET"]}}],"collection":[{"href":"https:\/\/www.woseal.com\/tr\/wp-json\/wp\/v2\/product"}],"about":[{"href":"https:\/\/www.woseal.com\/tr\/wp-json\/wp\/v2\/types\/product"}],"version-history":[{"count":5,"href":"https:\/\/www.woseal.com\/tr\/wp-json\/wp\/v2\/product\/3518\/revisions"}],"predecessor-version":[{"id":3848,"href":"https:\/\/www.woseal.com\/tr\/wp-json\/wp\/v2\/product\/3518\/revisions\/3848"}],"wp:featuredmedia":[{"embeddable":true,"href":"https:\/\/www.woseal.com\/tr\/wp-json\/wp\/v2\/media\/3521"}],"wp:attachment":[{"href":"https:\/\/www.woseal.com\/tr\/wp-json\/wp\/v2\/media?parent=3518"}],"wp:term":[{"taxonomy":"product_brand","embeddable":true,"href":"https:\/\/www.woseal.com\/tr\/wp-json\/wp\/v2\/product_brand?post=3518"},{"taxonomy":"product_cat","embeddable":true,"href":"https:\/\/www.woseal.com\/tr\/wp-json\/wp\/v2\/product_cat?post=3518"},{"taxonomy":"product_tag","embeddable":true,"href":"https:\/\/www.woseal.com\/tr\/wp-json\/wp\/v2\/product_tag?post=3518"}],"curies":[{"name":"wp","href":"https:\/\/api.w.org\/{rel}","templated":true}]}}