{"id":3549,"date":"2025-03-27T17:31:42","date_gmt":"2025-03-27T09:31:42","guid":{"rendered":"https:\/\/www.woseal.com\/?post_type=product&#038;p=3549"},"modified":"2025-04-11T13:57:37","modified_gmt":"2025-04-11T05:57:37","slug":"pts-009-seals-extinguisher-customizable-printed-text-logo-stretchable-plastic-zip-tie-tag-seal","status":"publish","type":"product","link":"https:\/\/www.woseal.com\/tr\/urun\/pts-009-seals-extinguisher-customizable-printed-text-logo-stretchable-plastic-zip-tie-tag-seal","title":{"rendered":"PTS-009 M\u00fch\u00fcrler S\u00f6nd\u00fcr\u00fcc\u00fc \u00d6zelle\u015ftirilebilir Bask\u0131l\u0131 Metin Logo Gerilebilir Plastik Zip Kravat Etiketi M\u00fch\u00fcr"},"content":{"rendered":"<table class=\"has-title all magic-7\">\n<tbody>\n<tr>\n<td colspan=\"1\" rowspan=\"1\">\n<div class=\"magic-8\" data-spm-anchor-id=\"a2700.details.0.i73.4193684fm4sSVz\">Men\u015fe Yeri<\/div>\n<\/td>\n<td colspan=\"1\" rowspan=\"1\">\n<div class=\"magic-9\">\u00c7in<\/div>\n<\/td>\n<\/tr>\n<tr>\n<td colspan=\"1\" rowspan=\"1\">\n<div class=\"magic-8\">\u00d6\u011fe<\/div>\n<\/td>\n<td colspan=\"1\" rowspan=\"1\">\n<div class=\"magic-9\">Plastik Conta<\/div>\n<\/td>\n<\/tr>\n<tr>\n<td colspan=\"1\" rowspan=\"1\">\n<div class=\"magic-8\">Model<\/div>\n<\/td>\n<td colspan=\"1\" rowspan=\"1\">\n<div class=\"magic-9\">TPS-009<\/div>\n<\/td>\n<\/tr>\n<tr>\n<td colspan=\"1\" rowspan=\"1\">\n<div class=\"magic-8\">Malzeme<\/div>\n<\/td>\n<td colspan=\"1\" rowspan=\"1\">\n<div class=\"magic-9\">PP+PE<\/div>\n<\/td>\n<\/tr>\n<tr>\n<td colspan=\"1\" rowspan=\"1\">\n<div class=\"magic-8\">Kilit g\u00f6vdesi boyutu<\/div>\n<\/td>\n<td colspan=\"1\" rowspan=\"1\">\n<div class=\"magic-9\">57*19*15.5mm<\/div>\n<\/td>\n<\/tr>\n<tr>\n<td colspan=\"1\" rowspan=\"1\">\n<div class=\"magic-8\">Uzunluk<\/div>\n<\/td>\n<td colspan=\"1\" rowspan=\"1\">\n<div class=\"magic-9\">250\/300\/400mm<\/div>\n<\/td>\n<\/tr>\n<tr>\n<td colspan=\"1\" rowspan=\"1\">\n<div class=\"magic-8\">Renk<\/div>\n<\/td>\n<td colspan=\"1\" rowspan=\"1\">\n<div class=\"magic-9\">Sar\u0131, Beyaz, Mavi, Ye\u015fil, K\u0131rm\u0131z\u0131 ve benzeri<\/div>\n<\/td>\n<\/tr>\n<tr>\n<td colspan=\"1\" rowspan=\"1\">\n<div class=\"magic-8\">Bask\u0131 t\u00fcr\u00fc<\/div>\n<\/td>\n<td colspan=\"1\" rowspan=\"1\">\n<div class=\"magic-9\">Lazer markalama veya s\u0131cak damgalama, serigrafi, tto<\/div>\n<\/td>\n<\/tr>\n<tr>\n<td colspan=\"1\" rowspan=\"1\">\n<div class=\"magic-8\">\u0130\u00e7erik \u0130\u015faretleme<\/div>\n<\/td>\n<td colspan=\"1\" rowspan=\"1\">\n<div class=\"magic-9\">Say\u0131lar, harfler, i\u015faretler, barkodlar vb.<\/div>\n<\/td>\n<\/tr>\n<tr>\n<td colspan=\"1\" rowspan=\"1\">\n<div class=\"magic-8\">Paket<\/div>\n<\/td>\n<td colspan=\"1\" rowspan=\"1\">\n<div class=\"magic-9\">100 adet\/plastik torba, 1000 adet\/karton, 2000 adet\/karton<\/div>\n<\/td>\n<\/tr>\n<tr>\n<td colspan=\"1\" rowspan=\"1\">\n<div class=\"magic-8\">Uygulama<\/div>\n<\/td>\n<td colspan=\"1\" rowspan=\"1\">\n<div class=\"magic-9\">S\u00fcpermarketler, petrol, konteynerler, Demiryolu konteynerleri, saya\u00e7 kutular\u0131, banka c\u00fczdanlar\u0131 vb.<\/div>\n<\/td>\n<\/tr>\n<tr>\n<td colspan=\"1\" rowspan=\"1\">\n<div class=\"magic-8\">\u015eirket sertifikas\u0131<\/div>\n<\/td>\n<td colspan=\"1\" rowspan=\"1\">\n<div class=\"magic-9\">REACH,ISO9001,ISO14001,ISO45001<\/div>\n<\/td>\n<\/tr>\n<\/tbody>\n<\/table>\n<p>Kurcalanmaya kar\u015f\u0131 g\u00fcvenlik i\u00e7in tasarlanm\u0131\u015f, \u00f6zelle\u015ftirilebilir, gerilebilir bir plastik fermuarl\u0131 etiket olan PTS-009 Seals Extinguisher ile g\u00fcvenli\u011fi ve uyumlulu\u011fu art\u0131r\u0131n. Yang\u0131n s\u00f6nd\u00fcr\u00fcc\u00fcler, vanalar ve g\u00fcvenlik ekipmanlar\u0131 i\u00e7in ideal olan bu m\u00fch\u00fcr, markan\u0131n tan\u0131nmas\u0131n\u0131 ve uyumlulu\u011fun izlenmesini sa\u011flamak i\u00e7in y\u00fcksek g\u00f6r\u00fcn\u00fcrl\u00fckl\u00fc bask\u0131l\u0131 metin veya logolara sahiptir. Dayan\u0131kl\u0131, UV diren\u00e7li plastikten \u00fcretilen bu m\u00fch\u00fcr \u00e7evresel strese dayan\u0131rken, esneyebilen tasar\u0131m\u0131 \u00e7ok y\u00f6nl\u00fc uygulamalar i\u00e7in \u00e7e\u015fitli \u015fekil ve boyutlara uyum sa\u011flar. Tek kullan\u0131ml\u0131k mekanizma, yetkisiz eri\u015fimi cayd\u0131ran ve ekipman b\u00fct\u00fcnl\u00fc\u011f\u00fcn\u00fc sa\u011flayan net kurcalama kan\u0131t\u0131 sa\u011flar. Tefti\u015f ve denetimleri kolayla\u015ft\u0131rmak i\u00e7in seri numaralar\u0131, barkodlar veya \u015firket markas\u0131yla \u00f6zelle\u015ftirin. Hafif ancak sa\u011flam olan PTS-009 end\u00fcstriyel tesisler, kamu g\u00fcvenli\u011fi ve ekipman bak\u0131m\u0131 i\u00e7in m\u00fckemmeldir.<\/p>\n<p>&nbsp;<\/p>","protected":false},"excerpt":{"rendered":"<p>Yeni tasarlanan Model PTS-009, 10\u2033 veya 16\u2033 kay\u0131\u015fla kullan\u0131labilen, ayarlanabilir, kurcalanmaya a\u00e7\u0131k bir g\u00fcvenlik m\u00fchr\u00fcd\u00fcr. B\u00fcy\u00fck bask\u0131 t\u0131rna\u011f\u0131, okunmas\u0131 kolay metin, barkod ve say\u0131lar\u0131 g\u00f6r\u00fcnt\u00fcler. Treyler kap\u0131lar\u0131, d\u00f6kme y\u00fck tankerleri, vagonlar, tote kutular\u0131 ve daha fazlas\u0131 i\u00e7in idealdir. Stok m\u00fch\u00fcrler hemen g\u00f6nderilir, \u00f6zel bask\u0131l\u0131 m\u00fch\u00fcrler 4 haftaya kadar s\u00fcrebilir.<\/p>","protected":false},"featured_media":3550,"template":"","meta":[],"product_brand":[],"product_cat":[169],"product_tag":[190,191,192,193,194,195,196,197,198,199],"class_list":{"0":"post-3549","1":"product","2":"type-product","3":"status-publish","4":"has-post-thumbnail","6":"product_cat-plastic-seal","7":"product_tag-plastic-seal","8":"product_tag-security-plastic-seal","9":"product_tag-container-plastic-seal","10":"product_tag-high-security-plastic-seal","11":"product_tag-pp-plastic-seal","12":"product_tag-custom-plastic-seal","13":"product_tag-container-security-seals","14":"product_tag-logistics-plastic-seals","15":"product_tag-industrial-sealing-solutions","16":"product_tag-seals-extinguisher","18":"first","19":"instock","20":"featured","21":"shipping-taxable","22":"product-type-simple"},"_links":{"self":[{"href":"https:\/\/www.woseal.com\/tr\/wp-json\/wp\/v2\/product\/3549","targetHints":{"allow":["GET"]}}],"collection":[{"href":"https:\/\/www.woseal.com\/tr\/wp-json\/wp\/v2\/product"}],"about":[{"href":"https:\/\/www.woseal.com\/tr\/wp-json\/wp\/v2\/types\/product"}],"version-history":[{"count":3,"href":"https:\/\/www.woseal.com\/tr\/wp-json\/wp\/v2\/product\/3549\/revisions"}],"predecessor-version":[{"id":3864,"href":"https:\/\/www.woseal.com\/tr\/wp-json\/wp\/v2\/product\/3549\/revisions\/3864"}],"wp:featuredmedia":[{"embeddable":true,"href":"https:\/\/www.woseal.com\/tr\/wp-json\/wp\/v2\/media\/3550"}],"wp:attachment":[{"href":"https:\/\/www.woseal.com\/tr\/wp-json\/wp\/v2\/media?parent=3549"}],"wp:term":[{"taxonomy":"product_brand","embeddable":true,"href":"https:\/\/www.woseal.com\/tr\/wp-json\/wp\/v2\/product_brand?post=3549"},{"taxonomy":"product_cat","embeddable":true,"href":"https:\/\/www.woseal.com\/tr\/wp-json\/wp\/v2\/product_cat?post=3549"},{"taxonomy":"product_tag","embeddable":true,"href":"https:\/\/www.woseal.com\/tr\/wp-json\/wp\/v2\/product_tag?post=3549"}],"curies":[{"name":"wp","href":"https:\/\/api.w.org\/{rel}","templated":true}]}}