{"id":3564,"date":"2025-03-27T18:35:34","date_gmt":"2025-03-27T10:35:34","guid":{"rendered":"https:\/\/www.woseal.com\/?post_type=product&#038;p=3564"},"modified":"2025-04-11T13:51:54","modified_gmt":"2025-04-11T05:51:54","slug":"pts-001-wholesale-cheap-label-seals-customized-strip-shaped-sealing-plastic-seal-strips","status":"publish","type":"product","link":"https:\/\/www.woseal.com\/tr\/urun\/pts-001-wholesale-cheap-label-seals-customized-strip-shaped-sealing-plastic-seal-strips","title":{"rendered":"PTS-001 Toptan Ucuz Etiket M\u00fch\u00fcrleri \u00d6zelle\u015ftirilmi\u015f \u015eerit \u015eeklinde S\u0131zd\u0131rmazl\u0131k Plastik M\u00fch\u00fcr \u015eeritleri"},"content":{"rendered":"<table class=\"has-title all magic-7\">\n<tbody>\n<tr>\n<td colspan=\"1\" rowspan=\"1\">\n<div class=\"magic-8\" data-spm-anchor-id=\"a2700.details.0.i80.6c85278cVONPQ6\">Men\u015fe Yeri<\/div>\n<\/td>\n<td colspan=\"1\" rowspan=\"1\">\n<div class=\"magic-9\">\u00c7in<\/div>\n<\/td>\n<\/tr>\n<tr>\n<td colspan=\"1\" rowspan=\"1\">\n<div class=\"magic-8\">\u00d6\u011fe<\/div>\n<\/td>\n<td colspan=\"1\" rowspan=\"1\">\n<div class=\"magic-9\">Plastik Conta<\/div>\n<\/td>\n<\/tr>\n<tr>\n<td colspan=\"1\" rowspan=\"1\">\n<div class=\"magic-8\">Model<\/div>\n<\/td>\n<td colspan=\"1\" rowspan=\"1\">\n<div class=\"magic-9\">TPS-001<\/div>\n<\/td>\n<\/tr>\n<tr>\n<td colspan=\"1\" rowspan=\"1\">\n<div class=\"magic-8\">Malzeme<\/div>\n<\/td>\n<td colspan=\"1\" rowspan=\"1\">\n<div class=\"magic-9\">PP+PE<\/div>\n<\/td>\n<\/tr>\n<tr>\n<td colspan=\"1\" rowspan=\"1\">\n<div class=\"magic-8\">Kilit g\u00f6vdesi boyutu<\/div>\n<\/td>\n<td colspan=\"1\" rowspan=\"1\">\n<div class=\"magic-9\">70*14*5.5mm<\/div>\n<\/td>\n<\/tr>\n<tr>\n<td colspan=\"1\" rowspan=\"1\">\n<div class=\"magic-8\">Renk<\/div>\n<\/td>\n<td colspan=\"1\" rowspan=\"1\">\n<div class=\"magic-9\">Sar\u0131, Beyaz, Mavi, Ye\u015fil, K\u0131rm\u0131z\u0131 ve benzeri<\/div>\n<\/td>\n<\/tr>\n<tr>\n<td colspan=\"1\" rowspan=\"1\">\n<div class=\"magic-8\">Bask\u0131 t\u00fcr\u00fc<\/div>\n<\/td>\n<td colspan=\"1\" rowspan=\"1\">\n<div class=\"magic-9\">Lazer markalama veya s\u0131cak damgalama, serigrafi, tto<\/div>\n<\/td>\n<\/tr>\n<tr>\n<td colspan=\"1\" rowspan=\"1\">\n<div class=\"magic-8\">\u0130\u00e7erik \u0130\u015faretleme<\/div>\n<\/td>\n<td colspan=\"1\" rowspan=\"1\">\n<div class=\"magic-9\">Say\u0131lar, harfler, i\u015faretler, barkodlar vb.<\/div>\n<\/td>\n<\/tr>\n<tr>\n<td colspan=\"1\" rowspan=\"1\">\n<div class=\"magic-8\">Paket<\/div>\n<\/td>\n<td colspan=\"1\" rowspan=\"1\">\n<div class=\"magic-9\">100 adet\/plastik torba, 1000 adet\/karton, 2000 adet\/karton<\/div>\n<\/td>\n<\/tr>\n<tr>\n<td colspan=\"1\" rowspan=\"1\">\n<div class=\"magic-8\">Uygulama<\/div>\n<\/td>\n<td colspan=\"1\" rowspan=\"1\">\n<div class=\"magic-9\">S\u00fcpermarketler, petrol, konteynerler, Demiryolu konteynerleri, saya\u00e7 kutular\u0131, banka c\u00fczdanlar\u0131 vb.<\/div>\n<\/td>\n<\/tr>\n<tr>\n<td colspan=\"1\" rowspan=\"1\">\n<div class=\"magic-8\">\u015eirket sertifikas\u0131<\/div>\n<\/td>\n<td colspan=\"1\" rowspan=\"1\">\n<div class=\"magic-9\">REACH,ISO9001,ISO14001,ISO45001<\/div>\n<\/td>\n<\/tr>\n<\/tbody>\n<\/table>\n<p>Uygun maliyetli ve kurcalanmaya kar\u015f\u0131 korumal\u0131 m\u00fch\u00fcrleme i\u00e7in tasarlanm\u0131\u015f PTS-001 Toptan \u00d6zelle\u015ftirilmi\u015f Plastik M\u00fch\u00fcr \u015eeritleri ile g\u00f6nderilerinizi uygun maliyetle g\u00fcvence alt\u0131na al\u0131n. Bu \u015ferit \u015feklindeki plastik m\u00fch\u00fcrler, toptan fiyatlarla g\u00fcvenilir g\u00fcvenlik arayan toplu al\u0131c\u0131lar i\u00e7in m\u00fckemmeldir. Dayan\u0131kl\u0131, esnek polietilenden \u00fcretilen bu \u00fcr\u00fcnler y\u0131rt\u0131lmaya ve \u00e7evresel a\u015f\u0131nmaya kar\u015f\u0131 diren\u00e7 g\u00f6sterirken kurcalanmaya kar\u015f\u0131 da net kan\u0131tlar sunar. Marka g\u00f6r\u00fcn\u00fcrl\u00fc\u011f\u00fcn\u00fc art\u0131rmak ve envanter takibini kolayla\u015ft\u0131rmak i\u00e7in bunlar\u0131 logolar, barkodlar veya benzersiz tan\u0131mlay\u0131c\u0131larla \u00f6zelle\u015ftirin. Paketleme, lojistik, perakende ve belge m\u00fch\u00fcrleme i\u00e7in ideal olan PTS-001, kolay uygulama ve hafif bir tasar\u0131m sunar. B\u00fct\u00e7enizi zorlamadan temel g\u00fcvenlik standartlar\u0131na uyun; operasyonel verimlili\u011fi korurken kolileri, kutular\u0131 ve konteynerleri korumak i\u00e7in bu m\u00fch\u00fcrlere g\u00fcvenin.<\/p>","protected":false},"excerpt":{"rendered":"<p>Model PTS-001 yeni bir tasar\u0131ma, daha g\u00fc\u00e7l\u00fc malzemeye, 11\u2033 uzunlu\u011fa ve okunmas\u0131 kolay metin, barkod ve say\u0131lar g\u00f6steren b\u00fcy\u00fck bask\u0131l\u0131 etiketlere sahiptir. Treyler kap\u0131lar\u0131, d\u00f6kme tank kamyonlar\u0131, vagonlar, kutular ve daha fazlas\u0131 i\u00e7in m\u00fckemmeldir. Beyaz, sar\u0131, mavi, ye\u015fil, k\u0131rm\u0131z\u0131 ve daha fazlas\u0131 dahil olmak \u00fczere \u00e7e\u015fitli \u00f6zel renklerde mevcuttur. Stok m\u00fch\u00fcrler hemen sevk edilebilir, \u00f6zel bask\u0131l\u0131 m\u00fch\u00fcrler 4 haftaya kadar s\u00fcrebilir.<\/p>","protected":false},"featured_media":3566,"template":"","meta":[],"product_brand":[],"product_cat":[169],"product_tag":[180,190,191,192,193,194,195,200,201,178,179],"class_list":{"0":"post-3564","1":"product","2":"type-product","3":"status-publish","4":"has-post-thumbnail","6":"product_cat-plastic-seal","7":"product_tag-safety-seal","8":"product_tag-plastic-seal","9":"product_tag-security-plastic-seal","10":"product_tag-container-plastic-seal","11":"product_tag-high-security-plastic-seal","12":"product_tag-pp-plastic-seal","13":"product_tag-custom-plastic-seal","14":"product_tag-strip-shaped-seal","15":"product_tag-logistics-plastic-seal","16":"product_tag-security-seal","17":"product_tag-shipping-seal","19":"first","20":"instock","21":"featured","22":"shipping-taxable","23":"product-type-simple"},"_links":{"self":[{"href":"https:\/\/www.woseal.com\/tr\/wp-json\/wp\/v2\/product\/3564","targetHints":{"allow":["GET"]}}],"collection":[{"href":"https:\/\/www.woseal.com\/tr\/wp-json\/wp\/v2\/product"}],"about":[{"href":"https:\/\/www.woseal.com\/tr\/wp-json\/wp\/v2\/types\/product"}],"version-history":[{"count":3,"href":"https:\/\/www.woseal.com\/tr\/wp-json\/wp\/v2\/product\/3564\/revisions"}],"predecessor-version":[{"id":3862,"href":"https:\/\/www.woseal.com\/tr\/wp-json\/wp\/v2\/product\/3564\/revisions\/3862"}],"wp:featuredmedia":[{"embeddable":true,"href":"https:\/\/www.woseal.com\/tr\/wp-json\/wp\/v2\/media\/3566"}],"wp:attachment":[{"href":"https:\/\/www.woseal.com\/tr\/wp-json\/wp\/v2\/media?parent=3564"}],"wp:term":[{"taxonomy":"product_brand","embeddable":true,"href":"https:\/\/www.woseal.com\/tr\/wp-json\/wp\/v2\/product_brand?post=3564"},{"taxonomy":"product_cat","embeddable":true,"href":"https:\/\/www.woseal.com\/tr\/wp-json\/wp\/v2\/product_cat?post=3564"},{"taxonomy":"product_tag","embeddable":true,"href":"https:\/\/www.woseal.com\/tr\/wp-json\/wp\/v2\/product_tag?post=3564"}],"curies":[{"name":"wp","href":"https:\/\/api.w.org\/{rel}","templated":true}]}}