{"id":3574,"date":"2025-03-28T10:53:00","date_gmt":"2025-03-28T02:53:00","guid":{"rendered":"https:\/\/www.woseal.com\/?post_type=product&#038;p=3574"},"modified":"2025-04-11T13:49:18","modified_gmt":"2025-04-11T05:49:18","slug":"bts-001-truck-van-door-with-logo-barcod-high-security-iso17712-container-lock-bolt-seals","status":"publish","type":"product","link":"https:\/\/www.woseal.com\/tr\/urun\/bts-001-truck-van-door-with-logo-barcod-high-security-iso17712-container-lock-bolt-seals","title":{"rendered":"BTS-001 Logo Barkodlu Kamyon Van Kap\u0131s\u0131 Y\u00fcksek G\u00fcvenlik ISO17712 Konteyner Kilidi C\u0131vata Contalar\u0131"},"content":{"rendered":"<table class=\"has-title all magic-7\">\n<tbody>\n<tr>\n<td colspan=\"1\" rowspan=\"1\">\n<div class=\"magic-8\" data-spm-anchor-id=\"a2700.details.0.i73.6c264075iQX7Ha\">Men\u015fe Yeri<\/div>\n<\/td>\n<td colspan=\"1\" rowspan=\"1\">\n<div class=\"magic-9\">\u00c7in<\/div>\n<\/td>\n<\/tr>\n<tr>\n<td colspan=\"1\" rowspan=\"1\">\n<div class=\"magic-8\">\u00d6\u011fe<\/div>\n<\/td>\n<td colspan=\"1\" rowspan=\"1\">\n<div class=\"magic-9\">C\u0131vata Contas\u0131<\/div>\n<\/td>\n<\/tr>\n<tr>\n<td colspan=\"1\" rowspan=\"1\">\n<div class=\"magic-8\">Model<\/div>\n<\/td>\n<td colspan=\"1\" rowspan=\"1\">\n<div class=\"magic-9\">BTS-001<\/div>\n<\/td>\n<\/tr>\n<tr>\n<td colspan=\"1\" rowspan=\"1\">\n<div class=\"magic-8\">Malzeme<\/div>\n<\/td>\n<td colspan=\"1\" rowspan=\"1\">\n<div class=\"magic-9\">ABS+Galvanize karbon \u00e7eli\u011fi<\/div>\n<\/td>\n<\/tr>\n<tr>\n<td colspan=\"1\" rowspan=\"1\">\n<div class=\"magic-8\">Kilit g\u00f6vdesi boyutu<\/div>\n<\/td>\n<td colspan=\"1\" rowspan=\"1\">\n<div class=\"magic-9\">81.3*10mm<\/div>\n<\/td>\n<\/tr>\n<tr>\n<td colspan=\"1\" rowspan=\"1\">\n<div class=\"magic-8\">Renk<\/div>\n<\/td>\n<td colspan=\"1\" rowspan=\"1\">\n<div class=\"magic-9\">Sar\u0131, Beyaz, Mavi, Ye\u015fil, K\u0131rm\u0131z\u0131, Di\u011ferleri vb.<\/div>\n<\/td>\n<\/tr>\n<tr>\n<td colspan=\"1\" rowspan=\"1\">\n<div class=\"magic-8\">Bask\u0131 t\u00fcr\u00fc<\/div>\n<\/td>\n<td colspan=\"1\" rowspan=\"1\">\n<div class=\"magic-9\">Lazer markalama veya s\u0131cak damgalama, serigrafi<\/div>\n<\/td>\n<\/tr>\n<tr>\n<td colspan=\"1\" rowspan=\"1\">\n<div class=\"magic-8\">\u0130\u00e7erik \u0130\u015faretleme<\/div>\n<\/td>\n<td colspan=\"1\" rowspan=\"1\">\n<div class=\"magic-9\">Say\u0131lar, harfler, i\u015faretler, barkodlar vb.<\/div>\n<\/td>\n<\/tr>\n<tr>\n<td colspan=\"1\" rowspan=\"1\">\n<div class=\"magic-8\">Paket<\/div>\n<\/td>\n<td colspan=\"1\" rowspan=\"1\">\n<div class=\"magic-9\">10 adet \/ plastik kutu 25 kutu \/ karton<\/div>\n<\/td>\n<\/tr>\n<tr>\n<td colspan=\"1\" rowspan=\"1\">\n<div class=\"magic-8\">Uygulama<\/div>\n<\/td>\n<td colspan=\"1\" rowspan=\"1\">\n<div class=\"magic-9\">Her t\u00fcrl\u00fc Treyler, tanker, nakliye, Demiryolu ta\u015f\u0131mac\u0131l\u0131\u011f\u0131, Lojistik navlun, Kasa, dolap vb.<\/div>\n<\/td>\n<\/tr>\n<tr>\n<td colspan=\"1\" rowspan=\"1\">\n<div class=\"magic-8\">\u015eirket sertifikas\u0131<\/div>\n<\/td>\n<td colspan=\"1\" rowspan=\"1\">\n<div class=\"magic-9\">ISO17712,ISO9001,ISO14001,ISO45001<\/div>\n<\/td>\n<\/tr>\n<\/tbody>\n<\/table>\n<p>Kurcalamaya dayan\u0131kl\u0131 konteyner ve lojistik g\u00fcvenli\u011fi i\u00e7in ISO17712 standartlar\u0131n\u0131 kar\u015f\u0131layacak \u015fekilde tasarlanan BTS-001 Kamyon Van Kap\u0131s\u0131 Y\u00fcksek G\u00fcvenlikli C\u0131vata M\u00fchr\u00fc ile kargonuzu g\u00fcvence alt\u0131na al\u0131n. A\u011f\u0131r hizmet tipi \u00e7elik c\u0131vata ve geli\u015fmi\u015f h\u0131rs\u0131zl\u0131k \u00f6nleyici tasar\u0131mla \u00fcretilen bu m\u00fch\u00fcr, kesme, merakl\u0131 ve zorlu \u00e7evre ko\u015fullar\u0131na kar\u015f\u0131 maksimum diren\u00e7 sa\u011flar. Entegre logo ve barkod \u00f6zelle\u015ftirme se\u00e7enekleri, kolay marka tan\u0131mlama ve dijital takibe olanak tan\u0131yarak envanter y\u00f6netimini ve uyumluluk denetimlerini kolayla\u015ft\u0131r\u0131r. Kamyonet kap\u0131lar\u0131, nakliye konteynerleri ve y\u00fcksek riskli kargolar i\u00e7in m\u00fckemmel olan BTS-001, g\u00f6r\u00fcn\u00fcr kurcalama kan\u0131t\u0131 b\u0131rakarak h\u0131rs\u0131zl\u0131\u011f\u0131 ve yetkisiz eri\u015fimi cayd\u0131ran benzersiz bir kilitleme mekanizmas\u0131na sahiptir. Korozyona dayan\u0131kl\u0131 yap\u0131s\u0131 ve hava ko\u015fullar\u0131na dayan\u0131kl\u0131l\u0131\u011f\u0131 onu k\u00fcresel nakliye i\u00e7in ideal hale getirir. Tedarik zinciriniz i\u00e7in e\u015fsiz g\u00fcvenlik, izlenebilirlik ve uyumluluk sa\u011flamas\u0131 i\u00e7in BTS-001'e g\u00fcvenin.<\/p>","protected":false},"excerpt":{"rendered":"<p>Model BTS-001 c\u0131vatalar C-TPAT uyumludur ve Y\u00fcksek G\u00fcvenlik i\u00e7in ISO 17712 sertifikal\u0131d\u0131r. Bu lazer bask\u0131l\u0131 c\u0131vata m\u00fch\u00fcrleri \u00e7e\u015fitli renklerde mevcuttur. C\u0131vata contalar\u0131 treyler kap\u0131 mandallar\u0131n\u0131 ve konteyner kap\u0131 mandallar\u0131n\u0131 sabitlemek i\u00e7in kullan\u0131l\u0131r. Stoklar\u0131m\u0131zda mevcuttur ve g\u00f6nderilebilir.<\/p>","protected":false},"featured_media":3581,"template":"","meta":[],"product_brand":[],"product_cat":[171],"product_tag":[358,359,360,202,203,204,205,206,356,357],"class_list":{"0":"post-3574","1":"product","2":"type-product","3":"status-publish","4":"has-post-thumbnail","6":"product_cat-bolt-seal","7":"product_tag-high-security-container-seals","8":"product_tag-customizable-barcode-bolt-seals","9":"product_tag-tamper-proof-van-door-locks","10":"product_tag-bolt-seal","11":"product_tag-container-seal","12":"product_tag-security-bolt-seal","13":"product_tag-truck-seal","14":"product_tag-iso17712-bolt-seal","15":"product_tag-iso17712-bolt-seals","16":"product_tag-bts-001-truck-door-lock","18":"first","19":"instock","20":"featured","21":"shipping-taxable","22":"product-type-simple"},"_links":{"self":[{"href":"https:\/\/www.woseal.com\/tr\/wp-json\/wp\/v2\/product\/3574","targetHints":{"allow":["GET"]}}],"collection":[{"href":"https:\/\/www.woseal.com\/tr\/wp-json\/wp\/v2\/product"}],"about":[{"href":"https:\/\/www.woseal.com\/tr\/wp-json\/wp\/v2\/types\/product"}],"version-history":[{"count":4,"href":"https:\/\/www.woseal.com\/tr\/wp-json\/wp\/v2\/product\/3574\/revisions"}],"predecessor-version":[{"id":3852,"href":"https:\/\/www.woseal.com\/tr\/wp-json\/wp\/v2\/product\/3574\/revisions\/3852"}],"wp:featuredmedia":[{"embeddable":true,"href":"https:\/\/www.woseal.com\/tr\/wp-json\/wp\/v2\/media\/3581"}],"wp:attachment":[{"href":"https:\/\/www.woseal.com\/tr\/wp-json\/wp\/v2\/media?parent=3574"}],"wp:term":[{"taxonomy":"product_brand","embeddable":true,"href":"https:\/\/www.woseal.com\/tr\/wp-json\/wp\/v2\/product_brand?post=3574"},{"taxonomy":"product_cat","embeddable":true,"href":"https:\/\/www.woseal.com\/tr\/wp-json\/wp\/v2\/product_cat?post=3574"},{"taxonomy":"product_tag","embeddable":true,"href":"https:\/\/www.woseal.com\/tr\/wp-json\/wp\/v2\/product_tag?post=3574"}],"curies":[{"name":"wp","href":"https:\/\/api.w.org\/{rel}","templated":true}]}}