{"id":3589,"date":"2025-03-28T11:03:25","date_gmt":"2025-03-28T03:03:25","guid":{"rendered":"https:\/\/www.woseal.com\/?post_type=product&#038;p=3589"},"modified":"2025-04-11T13:38:29","modified_gmt":"2025-04-11T05:38:29","slug":"bts-002-iso17712-certified-security-bolt-seal-tamper-evident-truck-lock-with-spring-parts","status":"publish","type":"product","link":"https:\/\/www.woseal.com\/tr\/urun\/bts-002-iso17712-certified-security-bolt-seal-tamper-evident-truck-lock-with-spring-parts","title":{"rendered":"BTS-002 ISO17712 Sertifikal\u0131 G\u00fcvenlik S\u00fcrg\u00fcl\u00fc M\u00fch\u00fcr Kurcalamaya Kar\u015f\u0131 Korumal\u0131 Yayl\u0131 Par\u00e7al\u0131 Kamyon Kilidi"},"content":{"rendered":"<table class=\"has-title all magic-7\">\n<tbody>\n<tr>\n<td colspan=\"1\" rowspan=\"1\">\n<div class=\"magic-8\" data-spm-anchor-id=\"a2700.details.0.i75.72a356f98eeeLE\">Men\u015fe Yeri<\/div>\n<\/td>\n<td colspan=\"1\" rowspan=\"1\">\n<div class=\"magic-9\">\u00c7in<\/div>\n<\/td>\n<\/tr>\n<tr>\n<td colspan=\"1\" rowspan=\"1\">\n<div class=\"magic-8\">\u00d6\u011fe<\/div>\n<\/td>\n<td colspan=\"1\" rowspan=\"1\">\n<div class=\"magic-9\">C\u0131vata Contas\u0131<\/div>\n<\/td>\n<\/tr>\n<tr>\n<td colspan=\"1\" rowspan=\"1\">\n<div class=\"magic-8\">Model<\/div>\n<\/td>\n<td colspan=\"1\" rowspan=\"1\">\n<div class=\"magic-9\">BTS-002<\/div>\n<\/td>\n<\/tr>\n<tr>\n<td colspan=\"1\" rowspan=\"1\">\n<div class=\"magic-8\">Malzeme<\/div>\n<\/td>\n<td colspan=\"1\" rowspan=\"1\">\n<div class=\"magic-9\">ABS+Galvanize karbon \u00e7eli\u011fi<\/div>\n<\/td>\n<\/tr>\n<tr>\n<td colspan=\"1\" rowspan=\"1\">\n<div class=\"magic-8\">Kilit g\u00f6vdesi boyutu<\/div>\n<\/td>\n<td colspan=\"1\" rowspan=\"1\">\n<div class=\"magic-9\">81.8*55.6*21.5mm<\/div>\n<\/td>\n<\/tr>\n<tr>\n<td colspan=\"1\" rowspan=\"1\">\n<div class=\"magic-8\">A\u011f\u0131rl\u0131k<\/div>\n<\/td>\n<td colspan=\"1\" rowspan=\"1\">\n<div class=\"magic-9\">52g<\/div>\n<\/td>\n<\/tr>\n<tr>\n<td colspan=\"1\" rowspan=\"1\">\n<div class=\"magic-8\">Renk<\/div>\n<\/td>\n<td colspan=\"1\" rowspan=\"1\">\n<div class=\"magic-9\">Sar\u0131, Beyaz, Mavi, Ye\u015fil, K\u0131rm\u0131z\u0131 ve benzeri<\/div>\n<\/td>\n<\/tr>\n<tr>\n<td colspan=\"1\" rowspan=\"1\">\n<div class=\"magic-8\">Bask\u0131 t\u00fcr\u00fc<\/div>\n<\/td>\n<td colspan=\"1\" rowspan=\"1\">\n<div class=\"magic-9\">Lazer markalama veya s\u0131cak damgalama, serigrafi<\/div>\n<\/td>\n<\/tr>\n<tr>\n<td colspan=\"1\" rowspan=\"1\">\n<div class=\"magic-8\">\u0130\u00e7erik \u0130\u015faretleme<\/div>\n<\/td>\n<td colspan=\"1\" rowspan=\"1\">\n<div class=\"magic-9\">Say\u0131lar, harfler, i\u015faretler, barkodlar vb.<\/div>\n<\/td>\n<\/tr>\n<tr>\n<td colspan=\"1\" rowspan=\"1\">\n<div class=\"magic-8\">Paket<\/div>\n<\/td>\n<td colspan=\"1\" rowspan=\"1\">\n<div class=\"magic-9\">10 adet \/ plastik kutu 25 kutu \/ karton<\/div>\n<\/td>\n<\/tr>\n<tr>\n<td colspan=\"1\" rowspan=\"1\">\n<div class=\"magic-8\">Uygulama<\/div>\n<\/td>\n<td colspan=\"1\" rowspan=\"1\">\n<div class=\"magic-9\">Her t\u00fcrl\u00fc Treyler, tanker, nakliye, Demiryolu ta\u015f\u0131mac\u0131l\u0131\u011f\u0131, Lojistik navlun, Kasa, dolap vb.<\/div>\n<\/td>\n<\/tr>\n<tr>\n<td colspan=\"1\" rowspan=\"1\">\n<div class=\"magic-8\">\u015eirket sertifikas\u0131<\/div>\n<\/td>\n<td colspan=\"1\" rowspan=\"1\">\n<div class=\"magic-9\">ISO17712,ISO9001,ISO14001,ISO45001<\/div>\n<\/td>\n<\/tr>\n<\/tbody>\n<\/table>\n<p>Kurcalanmaya kar\u015f\u0131 koruma ve end\u00fcstriyel dayan\u0131kl\u0131l\u0131k i\u00e7in tasarlanan BTS-002 ISO17712 Sertifikal\u0131 G\u00fcvenlik S\u00fcrg\u00fcl\u00fc M\u00fchr\u00fc ile kargo g\u00fcvenli\u011fini tavizsiz bir \u015fekilde sa\u011flay\u0131n. Zorlu ISO17712 standartlar\u0131n\u0131 kar\u015f\u0131lamak \u00fczere \u00fcretilen bu a\u011f\u0131r hizmet tipi s\u00fcrg\u00fcl\u00fc m\u00fch\u00fcr, sa\u011flam bir \u00e7elik yap\u0131ya ve zorla giri\u015f, titre\u015fim ve fiziksel kurcalamaya kar\u015f\u0131 direnci art\u0131ran hassas m\u00fchendislik \u00fcr\u00fcn\u00fc bir yay mekanizmas\u0131na sahiptir. Kurcalanmaya kar\u015f\u0131 korumal\u0131 tasar\u0131m, yetkisiz eri\u015fimin g\u00f6rsel kan\u0131t\u0131n\u0131 net bir \u015fekilde ortaya koyarak kamyon kap\u0131lar\u0131n\u0131n, nakliye konteynerlerinin ve y\u00fcksek riskli y\u00fcklerin g\u00fcvenli\u011fini sa\u011flamak i\u00e7in idealdir. Korozyona dayan\u0131kl\u0131 ve hava ko\u015fullar\u0131na dayan\u0131kl\u0131d\u0131r, a\u015f\u0131r\u0131 s\u0131cakl\u0131klara, neme ve nakliye s\u0131ras\u0131nda sert kullan\u0131ma dayan\u0131r. Entegre yay par\u00e7alar\u0131 s\u0131k\u0131 ve g\u00fcvenilir bir kilit sa\u011flarken kurulum ve denetimi de basitle\u015ftirir. Lojistik zincirinizi korumak, uyumluluk denetimlerini kolayla\u015ft\u0131rmak ve ISO sertifikal\u0131 g\u00fcvenilirlikle h\u0131rs\u0131zl\u0131\u011f\u0131 cayd\u0131rmak i\u00e7in BTS-002'ye g\u00fcvenin.<\/p>\n<p>&nbsp;<\/p>","protected":false},"excerpt":{"rendered":"<p>BTS-002 ISO17712 C\u0131vata M\u00fch\u00fcr, kamyonlar, konteynerler ve y\u00fcksek de\u011ferli kargolar i\u00e7in kurcalanmaya kar\u015f\u0131 g\u00fcvenlik, yayla g\u00fc\u00e7lendirilmi\u015f kilit ve a\u011f\u0131r hizmet tipi \u00e7elik konstr\u00fcksiyonu bir araya getirir.<\/p>","protected":false},"featured_media":3590,"template":"","meta":[],"product_brand":[],"product_cat":[171],"product_tag":[213,214,216,202,204,206,207,208,209,210,211,212],"class_list":{"0":"post-3589","1":"product","2":"type-product","3":"status-publish","4":"has-post-thumbnail","6":"product_cat-bolt-seal","7":"product_tag-high-security-bolt-seal","8":"product_tag-container-bolt-seal","9":"product_tag-tapa-compliant-bolt-seals","10":"product_tag-bolt-seal","11":"product_tag-security-bolt-seal","12":"product_tag-iso17712-bolt-seal","13":"product_tag-shipping-container-bolt-seals","14":"product_tag-truck-security-seals","15":"product_tag-logistics-bolt-seals","16":"product_tag-steel-bolt-seal","17":"product_tag-tamper-proof-bolt-seal","18":"product_tag-custom-bolt-seal","20":"first","21":"instock","22":"shipping-taxable","23":"product-type-simple"},"_links":{"self":[{"href":"https:\/\/www.woseal.com\/tr\/wp-json\/wp\/v2\/product\/3589","targetHints":{"allow":["GET"]}}],"collection":[{"href":"https:\/\/www.woseal.com\/tr\/wp-json\/wp\/v2\/product"}],"about":[{"href":"https:\/\/www.woseal.com\/tr\/wp-json\/wp\/v2\/types\/product"}],"version-history":[{"count":3,"href":"https:\/\/www.woseal.com\/tr\/wp-json\/wp\/v2\/product\/3589\/revisions"}],"predecessor-version":[{"id":3854,"href":"https:\/\/www.woseal.com\/tr\/wp-json\/wp\/v2\/product\/3589\/revisions\/3854"}],"wp:featuredmedia":[{"embeddable":true,"href":"https:\/\/www.woseal.com\/tr\/wp-json\/wp\/v2\/media\/3590"}],"wp:attachment":[{"href":"https:\/\/www.woseal.com\/tr\/wp-json\/wp\/v2\/media?parent=3589"}],"wp:term":[{"taxonomy":"product_brand","embeddable":true,"href":"https:\/\/www.woseal.com\/tr\/wp-json\/wp\/v2\/product_brand?post=3589"},{"taxonomy":"product_cat","embeddable":true,"href":"https:\/\/www.woseal.com\/tr\/wp-json\/wp\/v2\/product_cat?post=3589"},{"taxonomy":"product_tag","embeddable":true,"href":"https:\/\/www.woseal.com\/tr\/wp-json\/wp\/v2\/product_tag?post=3589"}],"curies":[{"name":"wp","href":"https:\/\/api.w.org\/{rel}","templated":true}]}}