{"id":3598,"date":"2025-03-28T11:08:03","date_gmt":"2025-03-28T03:08:03","guid":{"rendered":"https:\/\/www.woseal.com\/?post_type=product&#038;p=3598"},"modified":"2025-04-11T13:36:05","modified_gmt":"2025-04-11T05:36:05","slug":"bts-003-joint-de-boulon-one-time-high-security-anti-tamper-proof-container-bolt-seal-precinto-de-seguridad-botella","status":"publish","type":"product","link":"https:\/\/www.woseal.com\/tr\/urun\/bts-003-joint-de-boulon-one-time-high-security-anti-tamper-proof-container-bolt-seal-precinto-de-seguridad-botella","title":{"rendered":"BTS-003 Joint De Boulon Tek Seferlik Y\u00fcksek G\u00fcvenlikli Kurcalamaya Kar\u015f\u0131 Korumal\u0131 Konteyner C\u0131vata Contas\u0131 Precinto De Seguridad Botella"},"content":{"rendered":"<table class=\"has-title all magic-7\">\n<tbody>\n<tr>\n<td colspan=\"1\" rowspan=\"1\">\n<div class=\"magic-8\" data-spm-anchor-id=\"a2700.details-description.0.i0.55d5Pp8JPp8JyI\">Men\u015fe Yeri<\/div>\n<\/td>\n<td colspan=\"1\" rowspan=\"1\">\n<div class=\"magic-9\">\u00c7in<\/div>\n<\/td>\n<\/tr>\n<tr>\n<td colspan=\"1\" rowspan=\"1\">\n<div class=\"magic-8\">\u00d6\u011fe<\/div>\n<\/td>\n<td colspan=\"1\" rowspan=\"1\">\n<div class=\"magic-9\">C\u0131vata Contas\u0131<\/div>\n<\/td>\n<\/tr>\n<tr>\n<td colspan=\"1\" rowspan=\"1\">\n<div class=\"magic-8\">Model<\/div>\n<\/td>\n<td colspan=\"1\" rowspan=\"1\">\n<div class=\"magic-9\">BTS-003<\/div>\n<\/td>\n<\/tr>\n<tr>\n<td colspan=\"1\" rowspan=\"1\">\n<div class=\"magic-8\">Malzeme<\/div>\n<\/td>\n<td colspan=\"1\" rowspan=\"1\">\n<div class=\"magic-9\">ABS+Galvanize karbon \u00e7eli\u011fi<\/div>\n<\/td>\n<\/tr>\n<tr>\n<td colspan=\"1\" rowspan=\"1\">\n<div class=\"magic-8\">Kilit g\u00f6vdesi boyutu<\/div>\n<\/td>\n<td colspan=\"1\" rowspan=\"1\">\n<div class=\"magic-9\">86.9*54.5*22.3mm<\/div>\n<\/td>\n<\/tr>\n<tr>\n<td colspan=\"1\" rowspan=\"1\">\n<div class=\"magic-8\">A\u011f\u0131rl\u0131k<\/div>\n<\/td>\n<td colspan=\"1\" rowspan=\"1\">\n<div class=\"magic-9\">69.3g<\/div>\n<\/td>\n<\/tr>\n<tr>\n<td colspan=\"1\" rowspan=\"1\">\n<div class=\"magic-8\">Renk<\/div>\n<\/td>\n<td colspan=\"1\" rowspan=\"1\">\n<div class=\"magic-9\">Sar\u0131, Beyaz, Mavi, Ye\u015fil, K\u0131rm\u0131z\u0131 ve benzeri<\/div>\n<\/td>\n<\/tr>\n<tr>\n<td colspan=\"1\" rowspan=\"1\">\n<div class=\"magic-8\">Bask\u0131 t\u00fcr\u00fc<\/div>\n<\/td>\n<td colspan=\"1\" rowspan=\"1\">\n<div class=\"magic-9\">Lazer markalama veya s\u0131cak damgalama, serigrafi<\/div>\n<\/td>\n<\/tr>\n<tr>\n<td colspan=\"1\" rowspan=\"1\">\n<div class=\"magic-8\">\u0130\u00e7erik \u0130\u015faretleme<\/div>\n<\/td>\n<td colspan=\"1\" rowspan=\"1\">\n<div class=\"magic-9\">Say\u0131lar, harfler, i\u015faretler, barkodlar vb.<\/div>\n<\/td>\n<\/tr>\n<tr>\n<td colspan=\"1\" rowspan=\"1\">\n<div class=\"magic-8\">Paket<\/div>\n<\/td>\n<td colspan=\"1\" rowspan=\"1\">\n<div class=\"magic-9\">10 adet \/ plastik kutu 25 kutu \/ karton<\/div>\n<\/td>\n<\/tr>\n<tr>\n<td colspan=\"1\" rowspan=\"1\">\n<div class=\"magic-8\">Uygulama<\/div>\n<\/td>\n<td colspan=\"1\" rowspan=\"1\">\n<div class=\"magic-9\">Her t\u00fcrl\u00fc Treyler, tanker, nakliye, Demiryolu ta\u015f\u0131mac\u0131l\u0131\u011f\u0131, Lojistik navlun, Kasa, dolap vb.<\/div>\n<\/td>\n<\/tr>\n<tr>\n<td colspan=\"1\" rowspan=\"1\">\n<div class=\"magic-8\">\u015eirket sertifikas\u0131<\/div>\n<\/td>\n<td colspan=\"1\" rowspan=\"1\">\n<div class=\"magic-9\">ISO17712,ISO9001,ISO14001,ISO45001<\/div>\n<\/td>\n<\/tr>\n<\/tbody>\n<\/table>\n<p>BTS-003 Joint De Boulon Tek Seferlik Y\u00fcksek G\u00fcvenlikli C\u0131vata M\u00fchr\u00fc ile k\u00fcresel sevkiyatlar i\u00e7in maksimum kurcalamaya dayan\u0131kl\u0131 g\u00fcvenlik elde edin. Geri d\u00f6nd\u00fcr\u00fclemez koruma i\u00e7in tasarlanan bu a\u011f\u0131r hizmet tipi c\u0131vata m\u00fch\u00fcr, sertle\u015ftirilmi\u015f \u00e7elik konstr\u00fcksiyona ve yeniden kullan\u0131m\u0131 \u00f6nleyen tek seferlik kilitleme mekanizmas\u0131na sahiptir ve konteynerler, kamyonlar ve y\u00fcksek de\u011ferli kargolar i\u00e7in kurcalanamaz g\u00fcvenlik sa\u011flar. Delinmeyi \u00f6nleyen tasar\u0131m\u0131 ve hassas m\u00fchendislik \u00fcr\u00fcn\u00fc c\u0131vatas\u0131 kesme, delme ve fiziksel manip\u00fclasyona kar\u015f\u0131 diren\u00e7 g\u00f6sterirken, korozyona dayan\u0131kl\u0131 kaplamas\u0131 zorlu deniz ve end\u00fcstriyel ortamlara dayan\u0131r. ISO17712 standartlar\u0131yla uyumlu olan BTS-003, kurcalanmaya kar\u015f\u0131 g\u00f6zle g\u00f6r\u00fcl\u00fcr kan\u0131tlar sunarak uluslararas\u0131 lojistik, s\u0131n\u0131r \u00f6tesi ta\u015f\u0131mac\u0131l\u0131k ve hassas g\u00f6nderiler i\u00e7in idealdir. Evrensel \"Precinto De Seguridad Botella\" (\u015fi\u015fe tarz\u0131 g\u00fcvenlik m\u00fchr\u00fc) tasar\u0131m\u0131 kolay uygulama ve denetim sa\u011flayarak uyumlulu\u011fu kolayla\u015ft\u0131r\u0131r ve tedarik zinciri b\u00fct\u00fcnl\u00fc\u011f\u00fcn\u00fc geli\u015ftirir.<\/p>","protected":false},"excerpt":{"rendered":"<p>BTS-003 Tek Seferlik C\u0131vata M\u00fch\u00fcr, konteynerler, kamyonlar ve uluslararas\u0131 kargo korumas\u0131 i\u00e7in m\u00fckemmel olan, \u00e7elik anti-pry tasar\u0131m\u0131 ile ISO uyumlu, kurcalamaya dayan\u0131kl\u0131 g\u00fcvenlik sunar.<\/p>","protected":false},"featured_media":3599,"template":"","meta":[],"product_brand":[],"product_cat":[171],"product_tag":[213,214,217,218,219,220,202,207,208,209],"class_list":{"0":"post-3598","1":"product","2":"type-product","3":"status-publish","4":"has-post-thumbnail","6":"product_cat-bolt-seal","7":"product_tag-high-security-bolt-seal","8":"product_tag-container-bolt-seal","9":"product_tag-anti-tamper-proof-container-bolt-seal","10":"product_tag-bulk-bolt-seals","11":"product_tag-cheap-bolt-seals","12":"product_tag-high-quality-bolt-seals","13":"product_tag-bolt-seal","14":"product_tag-shipping-container-bolt-seals","15":"product_tag-truck-security-seals","16":"product_tag-logistics-bolt-seals","18":"first","19":"instock","20":"shipping-taxable","21":"product-type-simple"},"_links":{"self":[{"href":"https:\/\/www.woseal.com\/tr\/wp-json\/wp\/v2\/product\/3598","targetHints":{"allow":["GET"]}}],"collection":[{"href":"https:\/\/www.woseal.com\/tr\/wp-json\/wp\/v2\/product"}],"about":[{"href":"https:\/\/www.woseal.com\/tr\/wp-json\/wp\/v2\/types\/product"}],"version-history":[{"count":2,"href":"https:\/\/www.woseal.com\/tr\/wp-json\/wp\/v2\/product\/3598\/revisions"}],"predecessor-version":[{"id":3855,"href":"https:\/\/www.woseal.com\/tr\/wp-json\/wp\/v2\/product\/3598\/revisions\/3855"}],"wp:featuredmedia":[{"embeddable":true,"href":"https:\/\/www.woseal.com\/tr\/wp-json\/wp\/v2\/media\/3599"}],"wp:attachment":[{"href":"https:\/\/www.woseal.com\/tr\/wp-json\/wp\/v2\/media?parent=3598"}],"wp:term":[{"taxonomy":"product_brand","embeddable":true,"href":"https:\/\/www.woseal.com\/tr\/wp-json\/wp\/v2\/product_brand?post=3598"},{"taxonomy":"product_cat","embeddable":true,"href":"https:\/\/www.woseal.com\/tr\/wp-json\/wp\/v2\/product_cat?post=3598"},{"taxonomy":"product_tag","embeddable":true,"href":"https:\/\/www.woseal.com\/tr\/wp-json\/wp\/v2\/product_tag?post=3598"}],"curies":[{"name":"wp","href":"https:\/\/api.w.org\/{rel}","templated":true}]}}