{"id":3607,"date":"2025-03-28T11:19:58","date_gmt":"2025-03-28T03:19:58","guid":{"rendered":"https:\/\/www.woseal.com\/?post_type=product&#038;p=3607"},"modified":"2025-04-11T11:59:54","modified_gmt":"2025-04-11T03:59:54","slug":"bts-004-high-quality-disposable-tamper-evident-small-vehicle-container-steel-bolt-seal-logo-series-number-container-bolt-seal","status":"publish","type":"product","link":"https:\/\/www.woseal.com\/tr\/urun\/bts-004-high-quality-disposable-tamper-evident-small-vehicle-container-steel-bolt-seal-logo-series-number-container-bolt-seal","title":{"rendered":"BTS-004 Y\u00fcksek Kaliteli Tek Kullan\u0131ml\u0131k Sabotaj Belirgin K\u00fc\u00e7\u00fck Ara\u00e7 Konteyneri \u00c7elik C\u0131vata M\u00fch\u00fcr Logo Serisi Numara Konteyner C\u0131vata M\u00fch\u00fcr"},"content":{"rendered":"<table class=\"has-title all magic-10\">\n<tbody>\n<tr>\n<td colspan=\"1\" rowspan=\"1\">\n<div class=\"magic-11\" data-spm-anchor-id=\"a2700.details.0.i73.3b9d703bkTBvcC\">Men\u015fe Yeri<\/div>\n<\/td>\n<td colspan=\"1\" rowspan=\"1\">\n<div class=\"magic-12\">\u00c7in<\/div>\n<\/td>\n<\/tr>\n<tr>\n<td colspan=\"1\" rowspan=\"1\">\n<div class=\"magic-11\">\u00d6\u011fe<\/div>\n<\/td>\n<td colspan=\"1\" rowspan=\"1\">\n<div class=\"magic-12\">C\u0131vata Contas\u0131<\/div>\n<\/td>\n<\/tr>\n<tr>\n<td colspan=\"1\" rowspan=\"1\">\n<div class=\"magic-11\">Model<\/div>\n<\/td>\n<td colspan=\"1\" rowspan=\"1\">\n<div class=\"magic-12\">BTS-004<\/div>\n<\/td>\n<\/tr>\n<tr>\n<td colspan=\"1\" rowspan=\"1\">\n<div class=\"magic-11\">Malzeme<\/div>\n<\/td>\n<td colspan=\"1\" rowspan=\"1\">\n<div class=\"magic-12\">ABS+Galvanize karbon \u00e7eli\u011fi<\/div>\n<\/td>\n<\/tr>\n<tr>\n<td colspan=\"1\" rowspan=\"1\">\n<div class=\"magic-11\">Kilit g\u00f6vdesi boyutu<\/div>\n<\/td>\n<td colspan=\"1\" rowspan=\"1\">\n<div class=\"magic-12\">82,5*51*21mm<\/div>\n<\/td>\n<\/tr>\n<tr>\n<td colspan=\"1\" rowspan=\"1\">\n<div class=\"magic-11\">A\u011f\u0131rl\u0131k<\/div>\n<\/td>\n<td colspan=\"1\" rowspan=\"1\">\n<div class=\"magic-12\">69g<\/div>\n<\/td>\n<\/tr>\n<tr>\n<td colspan=\"1\" rowspan=\"1\">\n<div class=\"magic-11\">Renk<\/div>\n<\/td>\n<td colspan=\"1\" rowspan=\"1\">\n<div class=\"magic-12\">Sar\u0131, Beyaz, Mavi, Ye\u015fil, K\u0131rm\u0131z\u0131 ve benzeri<\/div>\n<\/td>\n<\/tr>\n<tr>\n<td colspan=\"1\" rowspan=\"1\">\n<div class=\"magic-11\">Bask\u0131 t\u00fcr\u00fc<\/div>\n<\/td>\n<td colspan=\"1\" rowspan=\"1\">\n<div class=\"magic-12\">Lazer markalama veya s\u0131cak damgalama, serigrafi<\/div>\n<\/td>\n<\/tr>\n<tr>\n<td colspan=\"1\" rowspan=\"1\">\n<div class=\"magic-11\">\u0130\u00e7erik \u0130\u015faretleme<\/div>\n<\/td>\n<td colspan=\"1\" rowspan=\"1\">\n<div class=\"magic-12\">Say\u0131lar, harfler, i\u015faretler, barkodlar vb.<\/div>\n<\/td>\n<\/tr>\n<tr>\n<td colspan=\"1\" rowspan=\"1\">\n<div class=\"magic-11\">Paket<\/div>\n<\/td>\n<td colspan=\"1\" rowspan=\"1\">\n<div class=\"magic-12\">10 adet \/ plastik kutu 25 kutu \/ karton<\/div>\n<\/td>\n<\/tr>\n<tr>\n<td colspan=\"1\" rowspan=\"1\">\n<div class=\"magic-11\">Uygulama<\/div>\n<\/td>\n<td colspan=\"1\" rowspan=\"1\">\n<div class=\"magic-12\">Her t\u00fcrl\u00fc Treyler, tanker, nakliye, Demiryolu ta\u015f\u0131mac\u0131l\u0131\u011f\u0131, Lojistik navlun, Kasa, dolap vb.<\/div>\n<\/td>\n<\/tr>\n<tr>\n<td colspan=\"1\" rowspan=\"1\">\n<div class=\"magic-11\">\u015eirket sertifikas\u0131<\/div>\n<\/td>\n<td colspan=\"1\" rowspan=\"1\">\n<div class=\"magic-12\">ISO17712,ISO9001,ISO14001,ISO45001<\/div>\n<\/td>\n<\/tr>\n<\/tbody>\n<\/table>\n<p>BTS-004 Y\u00fcksek Kaliteli Tek Kullan\u0131ml\u0131k \u00c7elik C\u0131vata M\u00fch\u00fcr ile k\u00fc\u00e7\u00fck ara\u00e7lar ve konteynerler i\u00e7in kurcalamaya dayan\u0131kl\u0131 g\u00fcvenlik sa\u011flay\u0131n. Tek kullan\u0131ml\u0131k g\u00fcvenilirlik i\u00e7in tasarlanan bu c\u0131vata m\u00fch\u00fcr, sertle\u015ftirilmi\u015f \u00e7elik bir yap\u0131ya ve yetkisiz eri\u015fimde g\u00f6zle g\u00f6r\u00fcl\u00fcr \u015fekilde k\u0131r\u0131larak geri d\u00f6n\u00fc\u015f\u00fc olmayan koruma sa\u011flayan kurcalanmaya kar\u015f\u0131 korumal\u0131 bir mekanizmaya sahiptir. Lojistik, navlun ve kompakt kargo i\u00e7in ideal olan bu \u00fcr\u00fcn, kolay takip, envanter y\u00f6netimi ve marka tan\u0131mlama i\u00e7in \u00f6zelle\u015ftirilebilir logolar ve benzersiz seri numaralar\u0131 i\u00e7erir. Kompakt, korozyona dayan\u0131kl\u0131 tasar\u0131m, end\u00fcstri g\u00fcvenlik standartlar\u0131na uyarken zorlu kullan\u0131m ve \u00e7evre ko\u015fullar\u0131na dayan\u0131r. Kamyonlar\u0131, r\u00f6morklar\u0131 veya k\u00fc\u00e7\u00fck konteynerleri m\u00fch\u00fcrlemek i\u00e7in m\u00fckemmel olan BTS-004, g\u00f6nderilerinizi korumak ve uygunluk denetimlerini kolayla\u015ft\u0131rmak i\u00e7in uygun fiyat\u0131 y\u00fcksek performansl\u0131 g\u00fcvenlikle birle\u015ftirir.<\/p>","protected":false},"excerpt":{"rendered":"<p>BTS-004 Tek Kullan\u0131ml\u0131k \u00c7elik C\u0131vata M\u00fch\u00fcr, k\u00fc\u00e7\u00fck ara\u00e7lar, konteynerler ve kurcalamaya dayan\u0131kl\u0131 lojistik i\u00e7in tasarlanm\u0131\u015f logo\/seri numaras\u0131 \u00f6zelle\u015ftirmesiyle kurcalanmaya kar\u015f\u0131 g\u00fcvenlik sunar.<\/p>","protected":false},"featured_media":3608,"template":"","meta":[],"product_brand":[],"product_cat":[171],"product_tag":[202,214,221,222,223,224,225,226],"class_list":{"0":"post-3607","1":"product","2":"type-product","3":"status-publish","4":"has-post-thumbnail","6":"product_cat-bolt-seal","7":"product_tag-bolt-seal","8":"product_tag-container-bolt-seal","9":"product_tag-disposable-bolt-seal","10":"product_tag-high-quality-bolt-seal","11":"product_tag-bulk-bolt-seals-for-logistics-companies","12":"product_tag-stainless-steel-bolt-seals","13":"product_tag-anti-tamper-bolt-seals","14":"product_tag-high-tensile-bolt-seals","16":"first","17":"instock","18":"featured","19":"shipping-taxable","20":"product-type-simple"},"_links":{"self":[{"href":"https:\/\/www.woseal.com\/tr\/wp-json\/wp\/v2\/product\/3607","targetHints":{"allow":["GET"]}}],"collection":[{"href":"https:\/\/www.woseal.com\/tr\/wp-json\/wp\/v2\/product"}],"about":[{"href":"https:\/\/www.woseal.com\/tr\/wp-json\/wp\/v2\/types\/product"}],"version-history":[{"count":3,"href":"https:\/\/www.woseal.com\/tr\/wp-json\/wp\/v2\/product\/3607\/revisions"}],"predecessor-version":[{"id":3858,"href":"https:\/\/www.woseal.com\/tr\/wp-json\/wp\/v2\/product\/3607\/revisions\/3858"}],"wp:featuredmedia":[{"embeddable":true,"href":"https:\/\/www.woseal.com\/tr\/wp-json\/wp\/v2\/media\/3608"}],"wp:attachment":[{"href":"https:\/\/www.woseal.com\/tr\/wp-json\/wp\/v2\/media?parent=3607"}],"wp:term":[{"taxonomy":"product_brand","embeddable":true,"href":"https:\/\/www.woseal.com\/tr\/wp-json\/wp\/v2\/product_brand?post=3607"},{"taxonomy":"product_cat","embeddable":true,"href":"https:\/\/www.woseal.com\/tr\/wp-json\/wp\/v2\/product_cat?post=3607"},{"taxonomy":"product_tag","embeddable":true,"href":"https:\/\/www.woseal.com\/tr\/wp-json\/wp\/v2\/product_tag?post=3607"}],"curies":[{"name":"wp","href":"https:\/\/api.w.org\/{rel}","templated":true}]}}