{"id":3616,"date":"2025-03-28T11:30:07","date_gmt":"2025-03-28T03:30:07","guid":{"rendered":"https:\/\/www.woseal.com\/?post_type=product&#038;p=3616"},"modified":"2025-04-11T11:57:00","modified_gmt":"2025-04-11T03:57:00","slug":"bts-005-iso17712-customs-high-security-container-seal-container-door-abs-plastic-locks-shipping-bolt-seal","status":"publish","type":"product","link":"https:\/\/www.woseal.com\/tr\/urun\/bts-005-iso17712-customs-high-security-container-seal-container-door-abs-plastic-locks-shipping-bolt-seal","title":{"rendered":"BTS-005 ISO17712 G\u00fcmr\u00fck Y\u00fcksek G\u00fcvenlik Konteyner M\u00fch\u00fcr Konteyner Kap\u0131 Abs Plastik Kilitler Nakliye C\u0131vata M\u00fch\u00fcr"},"content":{"rendered":"<table class=\"has-title all magic-7\">\n<tbody>\n<tr>\n<td colspan=\"1\" rowspan=\"1\">\n<div class=\"magic-8\" data-spm-anchor-id=\"a2700.details.0.i72.34e145eeWRqK8I\">Men\u015fe Yeri<\/div>\n<\/td>\n<td colspan=\"1\" rowspan=\"1\">\n<div class=\"magic-9\">\u00c7in<\/div>\n<\/td>\n<\/tr>\n<tr>\n<td colspan=\"1\" rowspan=\"1\">\n<div class=\"magic-8\">\u00d6\u011fe<\/div>\n<\/td>\n<td colspan=\"1\" rowspan=\"1\">\n<div class=\"magic-9\">C\u0131vata Contas\u0131<\/div>\n<\/td>\n<\/tr>\n<tr>\n<td colspan=\"1\" rowspan=\"1\">\n<div class=\"magic-8\">Model<\/div>\n<\/td>\n<td colspan=\"1\" rowspan=\"1\">\n<div class=\"magic-9\">BTS-005<\/div>\n<\/td>\n<\/tr>\n<tr>\n<td colspan=\"1\" rowspan=\"1\">\n<div class=\"magic-8\">Malzeme<\/div>\n<\/td>\n<td colspan=\"1\" rowspan=\"1\">\n<div class=\"magic-9\">ABS+Galvanize karbon \u00e7eli\u011fi<\/div>\n<\/td>\n<\/tr>\n<tr>\n<td colspan=\"1\" rowspan=\"1\">\n<div class=\"magic-8\">Kilit g\u00f6vdesi boyutu<\/div>\n<\/td>\n<td colspan=\"1\" rowspan=\"1\">\n<div class=\"magic-9\">86*54.4*21.5mm<\/div>\n<\/td>\n<\/tr>\n<tr>\n<td colspan=\"1\" rowspan=\"1\">\n<div class=\"magic-8\">A\u011f\u0131rl\u0131k<\/div>\n<\/td>\n<td colspan=\"1\" rowspan=\"1\">\n<div class=\"magic-9\">72g<\/div>\n<\/td>\n<\/tr>\n<tr>\n<td colspan=\"1\" rowspan=\"1\">\n<div class=\"magic-8\">Renk<\/div>\n<\/td>\n<td colspan=\"1\" rowspan=\"1\">\n<div class=\"magic-9\">Sar\u0131, Beyaz, Mavi, Ye\u015fil, K\u0131rm\u0131z\u0131 ve benzeri<\/div>\n<\/td>\n<\/tr>\n<tr>\n<td colspan=\"1\" rowspan=\"1\">\n<div class=\"magic-8\">Bask\u0131 t\u00fcr\u00fc<\/div>\n<\/td>\n<td colspan=\"1\" rowspan=\"1\">\n<div class=\"magic-9\">Lazer markalama veya s\u0131cak damgalama, serigrafi<\/div>\n<\/td>\n<\/tr>\n<tr>\n<td colspan=\"1\" rowspan=\"1\">\n<div class=\"magic-8\">\u0130\u00e7erik \u0130\u015faretleme<\/div>\n<\/td>\n<td colspan=\"1\" rowspan=\"1\">\n<div class=\"magic-9\">Say\u0131lar, harfler, i\u015faretler, barkodlar vb.<\/div>\n<\/td>\n<\/tr>\n<tr>\n<td colspan=\"1\" rowspan=\"1\">\n<div class=\"magic-8\">Paket<\/div>\n<\/td>\n<td colspan=\"1\" rowspan=\"1\">\n<div class=\"magic-9\">10 adet \/ plastik kutu 25 kutu \/ karton<\/div>\n<\/td>\n<\/tr>\n<tr>\n<td colspan=\"1\" rowspan=\"1\">\n<div class=\"magic-8\">Uygulama<\/div>\n<\/td>\n<td colspan=\"1\" rowspan=\"1\">\n<div class=\"magic-9\">Her t\u00fcrl\u00fc Treyler, tanker, nakliye, Demiryolu ta\u015f\u0131mac\u0131l\u0131\u011f\u0131, Lojistik navlun, Kasa, dolap vb.<\/div>\n<\/td>\n<\/tr>\n<tr>\n<td colspan=\"1\" rowspan=\"1\">\n<div class=\"magic-8\">\u015eirket sertifikas\u0131<\/div>\n<\/td>\n<td colspan=\"1\" rowspan=\"1\">\n<div class=\"magic-9\">ISO17712,ISO9001,ISO14001,ISO45001<\/div>\n<\/td>\n<\/tr>\n<\/tbody>\n<\/table>\n<p>Nakliye konteynerlerinin ve kargo kap\u0131lar\u0131n\u0131n kurcalamaya kar\u015f\u0131 korunmas\u0131 i\u00e7in tasarlanan BTS-005 ISO17712 G\u00fcmr\u00fck Y\u00fcksek G\u00fcvenlikli C\u0131vata M\u00fchr\u00fc ile uluslararas\u0131 g\u00fcvenlik standartlar\u0131n\u0131 kar\u015f\u0131lay\u0131n. Dayan\u0131kl\u0131 ABS plastik ve g\u00fc\u00e7lendirilmi\u015f \u00e7elik c\u0131vata ile \u00fcretilen bu m\u00fch\u00fcr, hafif dayan\u0131kl\u0131l\u0131\u011f\u0131 kesilmeye, korozyona ve a\u015f\u0131r\u0131 hava ko\u015fullar\u0131na kar\u015f\u0131 a\u011f\u0131r hizmet direnciyle birle\u015ftirir. Kurcalanmaya kar\u015f\u0131 korumal\u0131 tasar\u0131m, zorla giri\u015fe dair g\u00f6r\u00fcn\u00fcr i\u015faretler sa\u011flarken ISO17712 sertifikas\u0131, k\u00fcresel g\u00fcmr\u00fck ve lojistik g\u00fcvenlik gerekliliklerine uygunlu\u011fu garanti eder. Deniz ta\u015f\u0131mac\u0131l\u0131\u011f\u0131, s\u0131n\u0131r \u00f6tesi y\u00fck ve y\u00fcksek riskli kargolar i\u00e7in ideal olan BTS-005, yeniden kullan\u0131m\u0131 \u00f6nleyen ve geri d\u00f6nd\u00fcr\u00fclemez g\u00fcvenlik sa\u011flayan tek seferlik bir kilitleme mekanizmas\u0131na sahiptir. \u0130zlenebilirlik i\u00e7in benzersiz tan\u0131mlay\u0131c\u0131larla \u00f6zelle\u015ftirilebilen bu m\u00fch\u00fcr, denetimleri kolayla\u015ft\u0131r\u0131r, h\u0131rs\u0131zl\u0131\u011f\u0131 \u00f6nler ve tedarik zincirinizi benzersiz bir g\u00fcvenilirlikle korur.<\/p>","protected":false},"excerpt":{"rendered":"<p>BTS-005 ISO17712 S\u00fcrg\u00fcl\u00fc M\u00fch\u00fcr, konteyner kap\u0131lar\u0131, nakliye ve y\u00fcksek riskli lojistik i\u00e7in m\u00fckemmel olan ABS plastik dayan\u0131kl\u0131l\u0131\u011f\u0131 ile g\u00fcmr\u00fck uyumlu, kurcalanmaya kar\u015f\u0131 g\u00fcvenlik sunar.<\/p>","protected":false},"featured_media":3617,"template":"","meta":[],"product_brand":[],"product_cat":[171],"product_tag":[202,207,208,209,213,214,215,216,361,362,363,364],"class_list":{"0":"post-3616","1":"product","2":"type-product","3":"status-publish","4":"has-post-thumbnail","6":"product_cat-bolt-seal","7":"product_tag-bolt-seal","8":"product_tag-shipping-container-bolt-seals","9":"product_tag-truck-security-seals","10":"product_tag-logistics-bolt-seals","11":"product_tag-high-security-bolt-seal","12":"product_tag-container-bolt-seal","13":"product_tag-iso-17712-certified-bolt-seals","14":"product_tag-tapa-compliant-bolt-seals","15":"product_tag-abs-plastic-bolt-seals","16":"product_tag-container-door-security-locks","17":"product_tag-high-security-shipping-seals","18":"product_tag-tamper-proof-cargo-bolts","20":"first","21":"instock","22":"shipping-taxable","23":"product-type-simple"},"_links":{"self":[{"href":"https:\/\/www.woseal.com\/tr\/wp-json\/wp\/v2\/product\/3616","targetHints":{"allow":["GET"]}}],"collection":[{"href":"https:\/\/www.woseal.com\/tr\/wp-json\/wp\/v2\/product"}],"about":[{"href":"https:\/\/www.woseal.com\/tr\/wp-json\/wp\/v2\/types\/product"}],"version-history":[{"count":2,"href":"https:\/\/www.woseal.com\/tr\/wp-json\/wp\/v2\/product\/3616\/revisions"}],"predecessor-version":[{"id":3859,"href":"https:\/\/www.woseal.com\/tr\/wp-json\/wp\/v2\/product\/3616\/revisions\/3859"}],"wp:featuredmedia":[{"embeddable":true,"href":"https:\/\/www.woseal.com\/tr\/wp-json\/wp\/v2\/media\/3617"}],"wp:attachment":[{"href":"https:\/\/www.woseal.com\/tr\/wp-json\/wp\/v2\/media?parent=3616"}],"wp:term":[{"taxonomy":"product_brand","embeddable":true,"href":"https:\/\/www.woseal.com\/tr\/wp-json\/wp\/v2\/product_brand?post=3616"},{"taxonomy":"product_cat","embeddable":true,"href":"https:\/\/www.woseal.com\/tr\/wp-json\/wp\/v2\/product_cat?post=3616"},{"taxonomy":"product_tag","embeddable":true,"href":"https:\/\/www.woseal.com\/tr\/wp-json\/wp\/v2\/product_tag?post=3616"}],"curies":[{"name":"wp","href":"https:\/\/api.w.org\/{rel}","templated":true}]}}