{"id":3691,"date":"2025-03-31T14:01:57","date_gmt":"2025-03-31T06:01:57","guid":{"rendered":"https:\/\/www.woseal.com\/?post_type=product&#038;p=3691"},"modified":"2025-04-11T11:48:39","modified_gmt":"2025-04-11T03:48:39","slug":"cbs-005-iso-certified-cable-seal-reasonable-price-wire-cable-seal-locks-for-logistic-security-container-cable-tag-seals","status":"publish","type":"product","link":"https:\/\/www.woseal.com\/tr\/urun\/cbs-005-iso-certified-cable-seal-reasonable-price-wire-cable-seal-locks-for-logistic-security-container-cable-tag-seals","title":{"rendered":"CBS-005 Iso Sertifikal\u0131 Kablo Contas\u0131 Lojistik G\u00fcvenlik Konteyneri Kablo Etiketi Contalar\u0131 i\u00e7in Uygun Fiyat Tel Kablo Conta Kilitleri"},"content":{"rendered":"<table class=\"has-title all magic-7\">\n<tbody>\n<tr>\n<td colspan=\"1\" rowspan=\"1\">\n<div class=\"magic-8\" data-spm-anchor-id=\"a2700.details.0.i78.3634754fEKpJHy\">\u0130sim<\/div>\n<\/td>\n<td colspan=\"1\" rowspan=\"1\">\n<div class=\"magic-9\">CBS-005<\/div>\n<\/td>\n<\/tr>\n<tr>\n<td colspan=\"1\" rowspan=\"1\">\n<div class=\"magic-8\">Malzeme<\/div>\n<\/td>\n<td colspan=\"1\" rowspan=\"1\">\n<div class=\"magic-9\">Toz Metalurjisi, Al\u00fcminyum Ala\u015f\u0131m, A3 tel halat, 7*7<\/div>\n<\/td>\n<\/tr>\n<tr>\n<td colspan=\"1\" rowspan=\"1\">\n<div class=\"magic-8\">Kilit g\u00f6vdesi boyutu<\/div>\n<\/td>\n<td colspan=\"1\" rowspan=\"1\">\n<div class=\"magic-9\">26*27*8mm<\/div>\n<\/td>\n<\/tr>\n<tr>\n<td colspan=\"1\" rowspan=\"1\">\n<div class=\"magic-8\">\u00c7ap<\/div>\n<\/td>\n<td colspan=\"1\" rowspan=\"1\">\n<div class=\"magic-9\">1.8 mm<\/div>\n<\/td>\n<\/tr>\n<tr>\n<td colspan=\"1\" rowspan=\"1\">\n<div class=\"magic-8\">\u0130malat s\u00fcreci<\/div>\n<\/td>\n<td colspan=\"1\" rowspan=\"1\">\n<div class=\"magic-9\">enjeksiyon \uff0c Damgalama<\/div>\n<\/td>\n<\/tr>\n<tr>\n<td colspan=\"1\" rowspan=\"1\">\n<div class=\"magic-8\">Renk<\/div>\n<\/td>\n<td colspan=\"1\" rowspan=\"1\">\n<div class=\"magic-9\">K\u0131rm\u0131z\u0131, Sar\u0131, Siyah, Mavi, Ye\u015fil ve benzeri<\/div>\n<\/td>\n<\/tr>\n<tr>\n<td colspan=\"1\" rowspan=\"1\">\n<div class=\"magic-8\">Kablo malzemesi<\/div>\n<\/td>\n<td colspan=\"1\" rowspan=\"1\">\n<div class=\"magic-9\">A3 \u00e7elik<\/div>\n<\/td>\n<\/tr>\n<tr>\n<td colspan=\"1\" rowspan=\"1\">\n<div class=\"magic-8\">Kablo uzunlu\u011fu<\/div>\n<\/td>\n<td colspan=\"1\" rowspan=\"1\">\n<div class=\"magic-9\">25cm, 30cm uzunluk, herhangi bir uzunluk \u00f6zelle\u015ftirilebilir<\/div>\n<\/td>\n<\/tr>\n<tr>\n<td colspan=\"1\" rowspan=\"1\">\n<div class=\"magic-8\">Bask\u0131 t\u00fcr\u00fc<\/div>\n<\/td>\n<td colspan=\"1\" rowspan=\"1\">\n<div class=\"magic-9\">Lazer markalama, tto<\/div>\n<\/td>\n<\/tr>\n<tr>\n<td colspan=\"1\" rowspan=\"1\">\n<div class=\"magic-8\">\u0130\u00e7eriklerin i\u015faretlenmesi<\/div>\n<\/td>\n<td colspan=\"1\" rowspan=\"1\">\n<div class=\"magic-9\">Say\u0131lar, Harfler, i\u015faretler, barkodlar<\/div>\n<\/td>\n<\/tr>\n<tr>\n<td colspan=\"1\" rowspan=\"1\">\n<div class=\"magic-8\">Uygulama<\/div>\n<\/td>\n<td colspan=\"1\" rowspan=\"1\">\n<div class=\"magic-9\">S\u00fcpermarketler, petrol, konteynerler, Demiryolu konteynerleri, saya\u00e7 kutular\u0131, banka c\u00fczdanlar\u0131 vb.<\/div>\n<\/td>\n<\/tr>\n<tr>\n<td colspan=\"1\" rowspan=\"1\">\n<div class=\"magic-8\">Paketleme<\/div>\n<\/td>\n<td colspan=\"1\" rowspan=\"1\">\n<div class=\"magic-9\">100 adet\/plastik torba, 1000 adet\/karton, 2000 adet\/karton<\/div>\n<\/td>\n<\/tr>\n<tr>\n<td colspan=\"1\" rowspan=\"1\">\n<div class=\"magic-8\">\u015eirket sertifikas\u0131<\/div>\n<\/td>\n<td colspan=\"1\" rowspan=\"1\">\n<div class=\"magic-9\">ISO17712,ISO9001,ISO14001,ISO45001<\/div>\n<\/td>\n<\/tr>\n<\/tbody>\n<\/table>\n<p>CBS-005 Kablo Contas\u0131 ile lojisti\u011finiz i\u00e7in uygun maliyetli ve ISO sertifikal\u0131 g\u00fcvenlik sa\u011flay\u0131n. G\u00fcvenilirlik ve uygun maliyet i\u00e7in tasarlanan bu tel kablo m\u00fchr\u00fc, y\u00fcksek gerilimli \u00e7elik teli kurcalamaya dayan\u0131kl\u0131 bir kilitleme mekanizmas\u0131yla birle\u015ftirerek yetkisiz eri\u015fime kar\u015f\u0131 sa\u011flam koruma sa\u011flar. K\u00fcresel g\u00fcvenlik standartlar\u0131n\u0131 kar\u015f\u0131lamak i\u00e7in ISO sertifikal\u0131 olan bu \u00fcr\u00fcn, nakliye konteynerleri, kargo ve y\u00fcksek de\u011ferli mallar\u0131n g\u00fcvenli\u011fini sa\u011flamak i\u00e7in idealdir. G\u00fc\u00e7lendirilmi\u015f tasar\u0131m\u0131 kesilmeye, korozyona ve zorlu \u00e7evre ko\u015fullar\u0131na kar\u015f\u0131 diren\u00e7 g\u00f6sterirken, kullan\u0131m\u0131 kolay uygulamas\u0131 lojistik i\u015f ak\u0131\u015flar\u0131n\u0131 kolayla\u015ft\u0131r\u0131r. Makul fiyatland\u0131rmaya odaklanan CBS-005, b\u00fct\u00e7eden \u00f6d\u00fcn vermeden end\u00fcstriyel d\u00fczeyde g\u00fcvenlik sunarak uyumlulu\u011fa ve h\u0131rs\u0131zl\u0131\u011f\u0131 cayd\u0131rmaya \u00f6ncelik veren i\u015fletmeler i\u00e7in m\u00fckemmeldir. Sevkiyatlar\u0131 korumak ve denetimleri basitle\u015ftirmek i\u00e7in kurcalanmaya kar\u015f\u0131 koruma \u00f6zelliklerine ve dayan\u0131kl\u0131 yap\u0131s\u0131na g\u00fcvenin.<\/p>","protected":false},"excerpt":{"rendered":"<div data-slate-node=\"element\">Model:CBS-005.<\/div>\n<div data-slate-node=\"element\"><span data-slate-node=\"text\"><span class=\"null\" data-slate-leaf=\"true\" data-sent-id=\"BajZANZgGe\">Bu, al\u00fcminyum g\u00f6vdeli bir kablo contas\u0131d\u0131r. <\/span><\/span><span data-slate-node=\"text\"><span class=\"null\" data-slate-leaf=\"true\" data-sent-id=\"zgaPAKPg6e\">Daha fazla g\u00fcvenlik i\u00e7in 1,8 mm bi\u00e7imlendirilmemi\u015f kablo kesildi\u011finde \u00e7\u00f6z\u00fcl\u00fcr. <\/span><\/span><span data-slate-node=\"text\"><span class=\"null\" data-slate-leaf=\"true\" data-sent-id=\"zroNrDN4mB\">\u0130nternetten sat\u0131n al\u0131nan kablo m\u00fch\u00fcrleri lazer bask\u0131l\u0131 \"M\u00dcH\u00dcRL\u00dc\" ve ard\u0131\u015f\u0131k olarak numaraland\u0131r\u0131lm\u0131\u015ft\u0131r.<\/span><\/span><\/div>\n<div data-slate-node=\"element\"><\/div>\n<div data-slate-node=\"element\" data-slate-fragment=\"JTVCJTdCJTIydHlwZSUyMiUzQSUyMnBhcmFncmFwaCUyMiUyQyUyMmNoaWxkcmVuJTIyJTNBJTVCJTdCJTIyaWQlMjIlM0ElMjJCYWpaQU5aZ0dlJTIyJTJDJTIycGFyYUlkeCUyMiUzQTAlMkMlMjJzcmMlMjIlM0ElMjJUaGlzJTIwaXMlMjBhbiUyMGFsdW1pbnVtJTIwYm9kaWVkJTIwY2FibGUlMjBzZWFsLiUyMCUyMiUyQyUyMmRzdCUyMiUzQSUyMiVFOCVCRiU5OSVFNiU5OCVBRiVFNCVCOCU4MCVFNCVCOCVBQSVFOSU5MyU5RCVFNSU4OCVCNiVFNyU5NCVCNSVFNyVCQyU4NiVFNSVBRiU4NiVFNSVCMCU4MSVFNCVCQiVCNiVFMyU4MCU4MiUyMiUyQyUyMm1ldGFkYXRhJTIyJTNBJTIyJTIyJTJDJTIybWF0Y2hlcyUyMiUzQW51bGwlMkMlMjJtZXRhRGF0YSUyMiUzQSU1QiU1RCUyQyUyMnRleHQlMjIlM0ElMjJUaGlzJTIwaXMlMjBhbiUyMGFsdW1pbnVtJTIwYm9kaWVkJTIwY2FibGUlMjBzZWFsLiUyMCUyMiU3RCUyQyU3QiUyMmlkJTIyJTNBJTIyemdhUEFLUGc2ZSUyMiUyQyUyMnBhcmFJZHglMjIlM0EwJTJDJTIyc3JjJTIyJTNBJTIyRm9yJTIwYWRkZWQlMjBzZWN1cml0eSUyMHRoZSUyMDEuOCUyMG1tJTIwbm9uLXByZWZvcm1lZCUyMGNhYmxlJTIwdW5yYXZlbHMlMjB3aGVuJTIwY3V0LiUyMCUyMiUyQyUyMmRzdCUyMiUzQSUyMiVFNCVCOCVCQSVFNCVCQSU4NiVFNSVBMiU5RSVFNSU4QSVBMCVFNSVBRSU4OSVFNSU4NSVBOCVFNiU4MCVBNyVFRiVCQyU4QzEuOCVFNiVBRiVBQiVFNyVCMSVCMyVFNyU5QSU4NCVFOSU5RCU5RSVFOSVBMiU4NCVFNiU4OCU5MCVFNSU5RSU4QiVFNyU5NCVCNSVFNyVCQyU4NiVFNSU5QyVBOCVFNSU4OCU4NyVFNSU4OSVCMiVFNiU5NyVCNiVFNCVCQyU5QSVFNiU5NSVBMyVFNSVCQyU4MCVFMyU4MCU4MiUyMiUyQyUyMm1ldGFkYXRhJTIyJTNBJTIyJTIyJTJDJTIybWF0Y2hlcyUyMiUzQW51bGwlMkMlMjJtZXRhRGF0YSUyMiUzQSU1QiU1RCUyQyUyMnRleHQlMjIlM0ElMjJGb3IlMjBhZGRlZCUyMHNlY3VyaXR5JTIwdGhlJTIwMS44JTIwbW0lMjBub24tcHJlZm9ybWVkJTIwY2FibGUlMjB1bnJhdmVscyUyMHdoZW4lMjBjdXQuJTIwJTIyJTdEJTJDJTdCJTIyaWQlMjIlM0ElMjJ6cm9OckRONG1CJTIyJTJDJTIycGFyYUlkeCUyMiUzQTAlMkMlMjJzcmMlMjIlM0ElMjJDYWJsZSUyMHNlYWxzJTIwcHVyY2hhc2VkJTIwb25saW5lJTIwYXJlJTIwbGFzZXIlMjBwcmludGVkJTIwJUUyJTgwJTlDU0VBTEVEJUUyJTgwJTlEJTIwYW5kJTIwY29uc2VjdXRpdmVseSUyMG51bWJlcmVkLiUyMiUyQyUyMmRzdCUyMiUzQSUyMiVFNSU5QyVBOCVFNyVCQSVCRiVFOCVCNCVBRCVFNCVCOSVCMCVFNyU5QSU4NCVFNyU5NCVCNSVFNyVCQyU4NiVFNSVBRiU4NiVFNSVCMCU4MSVFNCVCQiVCNiVFNiU5OCVBRiVFNiVCRiU4MCVFNSU4NSU4OSVFNiU4OSU5MyVFNSU4RCVCMCVFNyU5QSU4NCVFMiU4MCU5QyVFNSVBRiU4NiVFNSVCMCU4MSVFMiU4MCU5RCVFRiVCQyU4QyVFNSVCOSVCNiVFOCVCRiU5RSVFNyVCQiVBRCVFNyVCQyU5NiVFNSU4RiVCNyVFMyU4MCU4MiUyMiUyQyUyMm1ldGFkYXRhJTIyJTNBJTIyJTIyJTJDJTIybWF0Y2hlcyUyMiUzQW51bGwlMkMlMjJtZXRhRGF0YSUyMiUzQSU1QiU1RCUyQyUyMnRleHQlMjIlM0ElMjJDYWJsZSUyMHNlYWxzJTIwcHVyY2hhc2VkJTIwb25saW5lJTIwYXJlJTIwbGFzZXIlMjBwcmludGVkJTIwJUUyJTgwJTlDU0VBTEVEJUUyJTgwJTlEJTIwYW5kJTIwY29uc2VjdXRpdmVseSUyMG51bWJlcmVkLiUyMiU3RCU1RCU3RCUyQyU3QiUyMnR5cGUlMjIlM0ElMjJwYXJhZ3JhcGglMjIlMkMlMjJjaGlsZHJlbiUyMiUzQSU1QiU3QiUyMmlkJTIyJTNBJTIyQlpvMVlRMWFRZSUyMiUyQyUyMnBhcmFJZHglMjIlM0ExJTJDJTIyc3JjJTIyJTNBJTIyJTIyJTJDJTIyZHN0JTIyJTNBJTIyJTIyJTJDJTIybWV0YWRhdGElMjIlM0ElMjIlMjIlMkMlMjJtYXRjaGVzJTIyJTNBbnVsbCUyQyUyMm1ldGFEYXRhJTIyJTNBJTVCJTVEJTJDJTIydGV4dCUyMiUzQSUyMiUyMiU3RCU1RCU3RCUyQyU3QiUyMnR5cGUlMjIlM0ElMjJwYXJhZ3JhcGglMjIlMkMlMjJjaGlsZHJlbiUyMiUzQSU1QiU3QiUyMmlkJTIyJTNBJTIyemxEMUFxMTBQeiUyMiUyQyUyMnBhcmFJZHglMjIlM0EyJTJDJTIyc3JjJTIyJTNBJTIyVGhpcyUyMHByb2R1Y3QlMjBpcyUyMGN1cnJlbnRseSUyMGF2YWlsYWJsZSUyMGluJTIwUmVkJTJDJTIwR3JlZW4lMkNZZWxsb3clMkNCbGFjayUyMGFuZCUyMEJsdWUuJTIwJTIyJTJDJTIyZHN0JTIyJTNBJTIyJUU4JUFGJUE1JUU0JUJBJUE3JUU1JTkzJTgxJUU3JTlCJUFFJUU1JTg5JThEJUU2JTlDJTg5JUU3JUJBJUEyJUU4JTg5JUIyJUUzJTgwJTgxJUU3JUJCJUJGJUU4JTg5JUIyJUUzJTgwJTgxJUU5JUJCJTg0JUU4JTg5JUIyJUUzJTgwJTgxJUU5JUJCJTkxJUU4JTg5JUIyJUU1JTkyJThDJUU4JTkzJTlEJUU4JTg5JUIyJUU1JThGJUFGJUU0JUJFJTlCJUU5JTgwJTg5JUU2JThCJUE5JUUzJTgwJTgyJTIyJTJDJTIybWV0YWRhdGElMjIlM0ElMjIlMjIlMkMlMjJtYXRjaGVzJTIyJTNBbnVsbCUyQyUyMm1ldGFEYXRhJTIyJTNBJTVCJTVEJTJDJTIydGV4dCUyMiUzQSUyMlRoaXMlMjBwcm9kdWN0JTIwaXMlMjBjdXJyZW50bHklMjBhdmFpbGFibGUlMjBpbiUyMFJlZCUyQyUyMEdyZWVuJTJDWWVsbG93JTJDQmxhY2slMjBhbmQlMjBCbHVlLiUyMCUyMiU3RCUyQyU3QiUyMmlkJTIyJTNBJTIyQkRkTTB4TVBsQiUyMiUyQyUyMnBhcmFJZHglMjIlM0EyJTJDJTIyc3JjJTIyJTNBJTIyQ29udGFjdCUyMHVzJTIwZm9yJTIwb3RoZXIlMjBjb2xvcnMuJTIyJTJDJTIyZHN0JTIyJTNBJTIyJUU4JTgxJTk0JUU3JUIzJUJCJUU2JTg4JTkxJUU0JUJCJUFDJUU0JUJBJTg2JUU4JUE3JUEzJUU1JTg1JUI2JUU0JUJCJTk2JUU5JUEyJTlDJUU4JTg5JUIyJUUzJTgwJTgyJTIyJTJDJTIybWV0YWRhdGElMjIlM0ElMjIlMjIlMkMlMjJtYXRjaGVzJTIyJTNBbnVsbCUyQyUyMm1ldGFEYXRhJTIyJTNBJTVCJTVEJTJDJTIydGV4dCUyMiUzQSUyMkNvbnRhY3QlMjB1cyUyMGZvciUyMG90aGVyJTIwY29sb3JzLiUyMiU3RCU1RCU3RCU1RA==\"><span data-slate-node=\"text\"><span class=\"null hover-sent\" data-slate-leaf=\"true\" data-sent-id=\"zlD1Aq10Pz\">Bu \u00fcr\u00fcn \u015fu anda K\u0131rm\u0131z\u0131, Ye\u015fil, Sar\u0131, Siyah ve Mavi renklerde mevcuttur. <\/span><\/span><span data-slate-node=\"text\"><span class=\"null\" data-slate-leaf=\"true\" data-sent-id=\"BDdM0xMPlB\">Di\u011fer renkler i\u00e7in bizimle ileti\u015fime ge\u00e7in.<\/span><\/span><\/div>","protected":false},"featured_media":3698,"template":"","meta":[],"product_brand":[],"product_cat":[168],"product_tag":[228,229,230,231,232,233,310,325,336,337,338,339,340,341,177,178],"class_list":{"0":"post-3691","1":"product","2":"type-product","3":"status-publish","4":"has-post-thumbnail","6":"product_cat-cable-seal","7":"product_tag-cable-seal-lock","8":"product_tag-logistic-wire-seal","9":"product_tag-reasonable-price-cable-seal","10":"product_tag-iso-certified-seal","11":"product_tag-container-cable-seals","12":"product_tag-cable-tag","13":"product_tag-steel-wire-cable-locks","14":"product_tag-shipping-container-locks","15":"product_tag-iso-certified-cable-seal","16":"product_tag-cbs-005-wire-seal","17":"product_tag-affordable-logistics-security","18":"product_tag-tamper-proof-container-seals","19":"product_tag-budget-friendly-cable-tags","20":"product_tag-cargo-security-seals","21":"product_tag-wire-seal","22":"product_tag-security-seal","24":"first","25":"instock","26":"shipping-taxable","27":"product-type-simple"},"_links":{"self":[{"href":"https:\/\/www.woseal.com\/tr\/wp-json\/wp\/v2\/product\/3691","targetHints":{"allow":["GET"]}}],"collection":[{"href":"https:\/\/www.woseal.com\/tr\/wp-json\/wp\/v2\/product"}],"about":[{"href":"https:\/\/www.woseal.com\/tr\/wp-json\/wp\/v2\/types\/product"}],"version-history":[{"count":2,"href":"https:\/\/www.woseal.com\/tr\/wp-json\/wp\/v2\/product\/3691\/revisions"}],"predecessor-version":[{"id":3847,"href":"https:\/\/www.woseal.com\/tr\/wp-json\/wp\/v2\/product\/3691\/revisions\/3847"}],"wp:featuredmedia":[{"embeddable":true,"href":"https:\/\/www.woseal.com\/tr\/wp-json\/wp\/v2\/media\/3698"}],"wp:attachment":[{"href":"https:\/\/www.woseal.com\/tr\/wp-json\/wp\/v2\/media?parent=3691"}],"wp:term":[{"taxonomy":"product_brand","embeddable":true,"href":"https:\/\/www.woseal.com\/tr\/wp-json\/wp\/v2\/product_brand?post=3691"},{"taxonomy":"product_cat","embeddable":true,"href":"https:\/\/www.woseal.com\/tr\/wp-json\/wp\/v2\/product_cat?post=3691"},{"taxonomy":"product_tag","embeddable":true,"href":"https:\/\/www.woseal.com\/tr\/wp-json\/wp\/v2\/product_tag?post=3691"}],"curies":[{"name":"wp","href":"https:\/\/api.w.org\/{rel}","templated":true}]}}