{"id":3701,"date":"2025-03-31T16:29:41","date_gmt":"2025-03-31T08:29:41","guid":{"rendered":"https:\/\/www.woseal.com\/?post_type=product&#038;p=3701"},"modified":"2025-04-11T11:47:10","modified_gmt":"2025-04-11T03:47:10","slug":"cbs-006-250mm-hexagonal-large-sized-steel-wire-seal-with-tamper-proof-serial-number-for-secure-shipping-cable-seal","status":"publish","type":"product","link":"https:\/\/www.woseal.com\/tr\/urun\/cbs-006-250mm-hexagonal-large-sized-steel-wire-seal-with-tamper-proof-serial-number-for-secure-shipping-cable-seal","title":{"rendered":"CBS-006 G\u00fcvenli Nakliye Kablo Contas\u0131 i\u00e7in Kurcalamaya Dayan\u0131kl\u0131 Seri Numaral\u0131 250mm Alt\u0131gen B\u00fcy\u00fck Boy \u00c7elik Tel Conta"},"content":{"rendered":"<table class=\"has-title all magic-11\">\n<tbody>\n<tr>\n<td colspan=\"1\" rowspan=\"1\">\n<div class=\"magic-12\" data-spm-anchor-id=\"a2700.details.0.i75.1dad1faa248juH\">\u0130sim<\/div>\n<\/td>\n<td colspan=\"1\" rowspan=\"1\">\n<div class=\"magic-13\">CBS-006<\/div>\n<\/td>\n<\/tr>\n<tr>\n<td colspan=\"1\" rowspan=\"1\">\n<div class=\"magic-12\">malzeme<\/div>\n<\/td>\n<td colspan=\"1\" rowspan=\"1\">\n<div class=\"magic-13\">Al\u00fcminyum Ala\u015f\u0131ml\u0131, A3 tel halat<\/div>\n<\/td>\n<\/tr>\n<tr>\n<td colspan=\"1\" rowspan=\"1\">\n<div class=\"magic-12\">Kilit g\u00f6vdesi boyutu<\/div>\n<\/td>\n<td colspan=\"1\" rowspan=\"1\">\n<div class=\"magic-13\">26,3*26*7,5mm<\/div>\n<\/td>\n<\/tr>\n<tr>\n<td colspan=\"1\" rowspan=\"1\">\n<div class=\"magic-12\">\u00c7ap<\/div>\n<\/td>\n<td colspan=\"1\" rowspan=\"1\">\n<div class=\"magic-13\">3,5 mm<\/div>\n<\/td>\n<\/tr>\n<tr>\n<td colspan=\"1\" rowspan=\"1\">\n<div class=\"magic-12\">\u0130malat s\u00fcreci<\/div>\n<\/td>\n<td colspan=\"1\" rowspan=\"1\">\n<div class=\"magic-13\">enjeksiyon \uff0c Damgalama<\/div>\n<\/td>\n<\/tr>\n<tr>\n<td colspan=\"1\" rowspan=\"1\">\n<div class=\"magic-12\">Renk<\/div>\n<\/td>\n<td colspan=\"1\" rowspan=\"1\">\n<div class=\"magic-13\">K\u0131rm\u0131z\u0131, Sar\u0131, Siyah, Mavi, Ye\u015fil ve benzeri<\/div>\n<\/td>\n<\/tr>\n<tr>\n<td colspan=\"1\" rowspan=\"1\">\n<div class=\"magic-12\">Kablo malzemesi<\/div>\n<\/td>\n<td colspan=\"1\" rowspan=\"1\">\n<div class=\"magic-13\">A3 \u00e7elik<\/div>\n<\/td>\n<\/tr>\n<tr>\n<td colspan=\"1\" rowspan=\"1\">\n<div class=\"magic-12\">Kablo uzunlu\u011fu<\/div>\n<\/td>\n<td colspan=\"1\" rowspan=\"1\">\n<div class=\"magic-13\">25cm, 30cm uzunluk, herhangi bir uzunluk \u00f6zelle\u015ftirilebilir<\/div>\n<\/td>\n<\/tr>\n<tr>\n<td colspan=\"1\" rowspan=\"1\">\n<div class=\"magic-12\">Bask\u0131 t\u00fcr\u00fc<\/div>\n<\/td>\n<td colspan=\"1\" rowspan=\"1\">\n<div class=\"magic-13\">Lazer markalama, tto<\/div>\n<\/td>\n<\/tr>\n<tr>\n<td colspan=\"1\" rowspan=\"1\">\n<div class=\"magic-12\">\u0130\u00e7eriklerin i\u015faretlenmesi<\/div>\n<\/td>\n<td colspan=\"1\" rowspan=\"1\">\n<div class=\"magic-13\">Say\u0131lar, Harfler, i\u015faretler, barkodlar<\/div>\n<\/td>\n<\/tr>\n<tr>\n<td colspan=\"1\" rowspan=\"1\">\n<div class=\"magic-12\">Uygulama<\/div>\n<\/td>\n<td colspan=\"1\" rowspan=\"1\">\n<div class=\"magic-13\">S\u00fcpermarketler, petrol, konteynerler, Demiryolu konteynerleri, saya\u00e7 kutular\u0131, banka c\u00fczdanlar\u0131 vb.<\/div>\n<\/td>\n<\/tr>\n<tr>\n<td colspan=\"1\" rowspan=\"1\">\n<div class=\"magic-12\">Paketleme<\/div>\n<\/td>\n<td colspan=\"1\" rowspan=\"1\">\n<div class=\"magic-13\">100 adet\/plastik torba, 1000 adet\/karton, 2000 adet\/karton<\/div>\n<\/td>\n<\/tr>\n<tr>\n<td colspan=\"1\" rowspan=\"1\">\n<div class=\"magic-12\">\u015eirket sertifikas\u0131<\/div>\n<\/td>\n<td colspan=\"1\" rowspan=\"1\">\n<div class=\"magic-13\">ISO17712,ISO9001,ISO14001,ISO45001<\/div>\n<\/td>\n<\/tr>\n<\/tbody>\n<\/table>\n<p>&nbsp;<\/p>\n<p>Maksimum kurcalanma direnci ve izlenebilirlik i\u00e7in tasarlanan CBS-006 250mm Alt\u0131gen B\u00fcy\u00fck Boy \u00c7elik Telli M\u00fch\u00fcr ile g\u00f6nderi g\u00fcvenli\u011fini art\u0131r\u0131n. Sa\u011flam alt\u0131gen \u00e7elik tel tasar\u0131m\u0131 ve kurcalamaya dayan\u0131kl\u0131 seri numaras\u0131na sahip bu a\u011f\u0131r hizmet tipi kablo m\u00fchr\u00fc, yetkisiz eri\u015fime kar\u015f\u0131 g\u00fcvenilir koruma sa\u011flar. 250 mm uzunlu\u011fu b\u00fcy\u00fck kargo \u00f6\u011felerini bar\u0131nd\u0131r\u0131rken, g\u00fc\u00e7lendirilmi\u015f \u00e7elik konstr\u00fcksiyon kesilmeye, korozyona ve zorlu \u00e7evre ko\u015fullar\u0131na kar\u015f\u0131 dayan\u0131kl\u0131d\u0131r. Her bir m\u00fch\u00fcr\u00fcn benzersiz seri numaras\u0131, kolay takip ve dok\u00fcmantasyon sa\u011flayarak uluslararas\u0131 nakliye standartlar\u0131na uyumu kolayla\u015ft\u0131r\u0131r. Nakliye konteynerleri, lojistik, navlun ve y\u00fcksek de\u011ferli mallar i\u00e7in ideal olan CBS-006, end\u00fcstriyel dayan\u0131kl\u0131l\u0131\u011f\u0131 kurcalanmaya kar\u015f\u0131 koruma ile birle\u015ftirir. Bu g\u00fcvenilir g\u00fcvenlik \u00e7\u00f6z\u00fcm\u00fc ile denetimleri basitle\u015ftirin, h\u0131rs\u0131zl\u0131\u011f\u0131 \u00f6nleyin ve g\u00f6nderilerinizi koruyun.<\/p>","protected":false},"excerpt":{"rendered":"<p>Model\uff1aCBS-006<\/p>\n<p>Bu \u00fcr\u00fcn, 250 mm sabit uzunlu\u011fa sahip bir ge\u00e7meli tasar\u0131ma sahiptir ve \u00e7e\u015fitli logolar\u0131 ve seri numaralar\u0131n\u0131 net bir \u015fekilde yazd\u0131rabilen b\u00fcy\u00fck bir i\u015faretleme plakas\u0131 ile birlikte gelir. Daha fazla g\u00fcvenlik i\u00e7in 1,8 mm \u00e7ap\u0131nda \u00e7elik tel kullan\u0131ld\u0131\u011f\u0131nda, malzeme kesildi\u011finde da\u011f\u0131lacakt\u0131r. K\u0131rm\u0131z\u0131, sar\u0131, mavi, ye\u015fil, beyaz ve di\u011fer renkler aras\u0131ndan se\u00e7im yapabilirsiniz. \u00d6zel ki\u015fiselle\u015ftirilmi\u015f \u00f6zelle\u015ftirme i\u00e7in l\u00fctfen bize dan\u0131\u015f\u0131n!<\/p>","protected":false},"featured_media":3702,"template":"","meta":[],"product_brand":[],"product_cat":[168],"product_tag":[235,236,237,238,239,319,327,328,329,330,331,332,333,176,334,185,335,234],"class_list":{"0":"post-3701","1":"product","2":"type-product","3":"status-publish","4":"has-post-thumbnail","6":"product_cat-cable-seal","7":"product_tag-large-sized-steel-wire-seal","8":"product_tag-disposable-cable-seal","9":"product_tag-insert-cable-sealing-strip","10":"product_tag-truck-cable-seal","11":"product_tag-container-lock-seal","12":"product_tag-secure-shipping-seals","13":"product_tag-cbs-006-cable-seal","14":"product_tag-tamper-proof-serial-number-seal","15":"product_tag-hexagonal-steel-wire-seal","16":"product_tag-250mm-large-cable-seal","17":"product_tag-heavy-duty-cargo-security","18":"product_tag-logistics-anti-theft-seals","19":"product_tag-tamper-evident-wire-locks","20":"product_tag-cable-seal","21":"product_tag-serialized-shipping-seals","22":"product_tag-anti-theft-cable-seal","23":"product_tag-industrial-grade-cable-tags","24":"product_tag-shipping-cable-seal","26":"first","27":"instock","28":"shipping-taxable","29":"product-type-simple"},"_links":{"self":[{"href":"https:\/\/www.woseal.com\/tr\/wp-json\/wp\/v2\/product\/3701","targetHints":{"allow":["GET"]}}],"collection":[{"href":"https:\/\/www.woseal.com\/tr\/wp-json\/wp\/v2\/product"}],"about":[{"href":"https:\/\/www.woseal.com\/tr\/wp-json\/wp\/v2\/types\/product"}],"version-history":[{"count":3,"href":"https:\/\/www.woseal.com\/tr\/wp-json\/wp\/v2\/product\/3701\/revisions"}],"predecessor-version":[{"id":3846,"href":"https:\/\/www.woseal.com\/tr\/wp-json\/wp\/v2\/product\/3701\/revisions\/3846"}],"wp:featuredmedia":[{"embeddable":true,"href":"https:\/\/www.woseal.com\/tr\/wp-json\/wp\/v2\/media\/3702"}],"wp:attachment":[{"href":"https:\/\/www.woseal.com\/tr\/wp-json\/wp\/v2\/media?parent=3701"}],"wp:term":[{"taxonomy":"product_brand","embeddable":true,"href":"https:\/\/www.woseal.com\/tr\/wp-json\/wp\/v2\/product_brand?post=3701"},{"taxonomy":"product_cat","embeddable":true,"href":"https:\/\/www.woseal.com\/tr\/wp-json\/wp\/v2\/product_cat?post=3701"},{"taxonomy":"product_tag","embeddable":true,"href":"https:\/\/www.woseal.com\/tr\/wp-json\/wp\/v2\/product_tag?post=3701"}],"curies":[{"name":"wp","href":"https:\/\/api.w.org\/{rel}","templated":true}]}}