{"id":3710,"date":"2025-03-31T16:56:21","date_gmt":"2025-03-31T08:56:21","guid":{"rendered":"https:\/\/www.woseal.com\/?post_type=product&#038;p=3710"},"modified":"2025-04-11T11:43:46","modified_gmt":"2025-04-11T03:43:46","slug":"cbs-007-high-cost-effective-anti-theft-wire-cable-seals-for-secure-shipping-cable-tag-seal","status":"publish","type":"product","link":"https:\/\/www.woseal.com\/tr\/urun\/cbs-007-high-cost-effective-anti-theft-wire-cable-seals-for-secure-shipping-cable-tag-seal","title":{"rendered":"CBS-007 G\u00fcvenli Nakliye Kablo Etiketi Contas\u0131 i\u00e7in Y\u00fcksek Maliyetli Etkili H\u0131rs\u0131zl\u0131k \u00d6nleyici Tel Kablo Contalar\u0131"},"content":{"rendered":"<table class=\"has-title all magic-7\">\n<tbody>\n<tr>\n<td colspan=\"1\" rowspan=\"1\">\n<div class=\"magic-8\" data-spm-anchor-id=\"a2700.details-description.0.i0.2eaaox72ox72vR\">\u0130sim<\/div>\n<\/td>\n<td colspan=\"1\" rowspan=\"1\">\n<div class=\"magic-9\">CBS-007<\/div>\n<\/td>\n<\/tr>\n<tr>\n<td colspan=\"1\" rowspan=\"1\">\n<div class=\"magic-8\">Malzeme<\/div>\n<\/td>\n<td colspan=\"1\" rowspan=\"1\">\n<div class=\"magic-9\">ABS, toz metalurjisi, A3 tel halat, 7*7<\/div>\n<\/td>\n<\/tr>\n<tr>\n<td colspan=\"1\" rowspan=\"1\">\n<div class=\"magic-8\">Kilit g\u00f6vdesi boyutu<\/div>\n<\/td>\n<td colspan=\"1\" rowspan=\"1\">\n<div class=\"magic-9\">18*23*8mm<\/div>\n<\/td>\n<\/tr>\n<tr>\n<td colspan=\"1\" rowspan=\"1\">\n<div class=\"magic-8\">\u00c7ap<\/div>\n<\/td>\n<td colspan=\"1\" rowspan=\"1\">\n<div class=\"magic-9\">1.8 mm<\/div>\n<\/td>\n<\/tr>\n<tr>\n<td colspan=\"1\" rowspan=\"1\">\n<div class=\"magic-8\">\u0130malat s\u00fcreci<\/div>\n<\/td>\n<td colspan=\"1\" rowspan=\"1\">\n<div class=\"magic-9\">enjeksiyon \uff0c Damgalama<\/div>\n<\/td>\n<\/tr>\n<tr>\n<td colspan=\"1\" rowspan=\"1\">\n<div class=\"magic-8\">Renk<\/div>\n<\/td>\n<td colspan=\"1\" rowspan=\"1\">\n<div class=\"magic-9\">K\u0131rm\u0131z\u0131, Sar\u0131, Siyah, Mavi, Ye\u015fil ve benzeri<\/div>\n<\/td>\n<\/tr>\n<tr>\n<td colspan=\"1\" rowspan=\"1\">\n<div class=\"magic-8\">Kablo malzemesi<\/div>\n<\/td>\n<td colspan=\"1\" rowspan=\"1\">\n<div class=\"magic-9\">A3 \u00e7elik<\/div>\n<\/td>\n<\/tr>\n<tr>\n<td colspan=\"1\" rowspan=\"1\">\n<div class=\"magic-8\">Kablo uzunlu\u011fu<\/div>\n<\/td>\n<td colspan=\"1\" rowspan=\"1\">\n<div class=\"magic-9\">25cm, 30cm uzunluk, herhangi bir uzunluk \u00f6zelle\u015ftirilebilir<\/div>\n<\/td>\n<\/tr>\n<tr>\n<td colspan=\"1\" rowspan=\"1\">\n<div class=\"magic-8\">Bask\u0131 t\u00fcr\u00fc<\/div>\n<\/td>\n<td colspan=\"1\" rowspan=\"1\">\n<div class=\"magic-9\">Lazer markalama, tto<\/div>\n<\/td>\n<\/tr>\n<tr>\n<td colspan=\"1\" rowspan=\"1\">\n<div class=\"magic-8\">\u0130\u00e7eriklerin i\u015faretlenmesi<\/div>\n<\/td>\n<td colspan=\"1\" rowspan=\"1\">\n<div class=\"magic-9\">Say\u0131lar, Harfler, i\u015faretler, barkodlar<\/div>\n<\/td>\n<\/tr>\n<tr>\n<td colspan=\"1\" rowspan=\"1\">\n<div class=\"magic-8\">Uygulama<\/div>\n<\/td>\n<td colspan=\"1\" rowspan=\"1\">\n<div class=\"magic-9\">S\u00fcpermarketler, petrol, konteynerler, Demiryolu konteynerleri, saya\u00e7 kutular\u0131, banka c\u00fczdanlar\u0131 vb.<\/div>\n<\/td>\n<\/tr>\n<tr>\n<td colspan=\"1\" rowspan=\"1\">\n<div class=\"magic-8\">Paketleme<\/div>\n<\/td>\n<td colspan=\"1\" rowspan=\"1\">\n<div class=\"magic-9\">100 adet\/plastik torba, 1000 adet\/karton, 2000 adet\/karton<\/div>\n<\/td>\n<\/tr>\n<tr>\n<td colspan=\"1\" rowspan=\"1\">\n<div class=\"magic-8\">\u015eirket sertifikas\u0131<\/div>\n<\/td>\n<td colspan=\"1\" rowspan=\"1\">\n<div class=\"magic-9\">ISO17712,ISO9001,ISO14001,ISO45001<\/div>\n<\/td>\n<\/tr>\n<\/tbody>\n<\/table>\n<p>CBS-007 Y\u00fcksek Maliyetli H\u0131rs\u0131zl\u0131k \u00d6nleyici Tel Kablo Contalar\u0131 ile g\u00fcvenli ve kurcalamaya kar\u015f\u0131 korumal\u0131 sevkiyatlar sa\u011flay\u0131n. G\u00fcvenilirlik i\u00e7in tasarlanan bu kablo m\u00fch\u00fcrleri, dayan\u0131kl\u0131 \u00e7elik tel ve g\u00fc\u00e7lendirilmi\u015f ABS muhafazaya sahiptir ve kesilmeye, kurcalanmaya ve \u00e7evresel a\u015f\u0131nmaya kar\u015f\u0131 benzersiz bir diren\u00e7 sa\u011flar. Benzersiz \u00e7ift kilit mekanizmas\u0131, tek kullan\u0131ml\u0131k g\u00fcvenli\u011fi garanti eder ve yetkisiz eri\u015fimin g\u00f6r\u00fcn\u00fcr kan\u0131t\u0131n\u0131 b\u0131rak\u0131r; nakliye konteynerleri, lojistik, navlun veya elektronik cihazlar i\u00e7in idealdir. Y\u00fcksek maliyetli tasar\u0131m\u0131yla CBS-007, ekonomiklikten \u00f6d\u00fcn vermeden end\u00fcstriyel d\u00fczeyde koruma sunar. Uygulanmas\u0131 ve denetlenmesi kolay olan bu m\u00fch\u00fcrler, k\u00fcresel g\u00fcvenlik standartlar\u0131na uygundur ve kargo g\u00fcvenli\u011fine \u00f6ncelik veren i\u015fletmeler i\u00e7in g\u00fcvenilir bir se\u00e7imdir. CBS-007 Kablo M\u00fchr\u00fc ile varl\u0131klar\u0131n\u0131z\u0131 koruyun, h\u0131rs\u0131zl\u0131\u011f\u0131 \u00f6nleyin ve uyumlulu\u011fu kolayla\u015ft\u0131r\u0131n.<\/p>","protected":false},"excerpt":{"rendered":"<p>CBS-007 Kablo Contas\u0131, y\u00fcksek maliyetli g\u00fcvenli\u011fi kurcalamaya kar\u015f\u0131 dayan\u0131kl\u0131l\u0131kla birle\u015ftirir. \u00c7elik tel, ABS muhafaza ve \u00e7ift kilit mekanizmas\u0131na sahip olan bu \u00fcr\u00fcn, nakliye, lojistik ve navlun i\u00e7in g\u00f6r\u00fcn\u00fcr bir h\u0131rs\u0131zl\u0131k cayd\u0131r\u0131c\u0131l\u0131\u011f\u0131 sa\u011flar.<\/p>","protected":false},"featured_media":3711,"template":"","meta":[],"product_brand":[],"product_cat":[168],"product_tag":[320,321,322,323,324,176,325,232,326,240,241,242,243,244,245,246,318,319],"class_list":{"0":"post-3710","1":"product","2":"type-product","3":"status-publish","4":"has-post-thumbnail","6":"product_cat-cable-seal","7":"product_tag-high-cost-effective-cable-locks","8":"product_tag-tamper-proof-cable-tags","9":"product_tag-heavy-duty-cable-security","10":"product_tag-logistics-security-seals","11":"product_tag-reusable-cable-seals","12":"product_tag-cable-seal","13":"product_tag-shipping-container-locks","14":"product_tag-container-cable-seals","15":"product_tag-abs-wire-seals","16":"product_tag-abs-cable-seal","17":"product_tag-anti-theft-wire-seal","18":"product_tag-disposable-cable-seals","19":"product_tag-oil-tanker-cable-seals","20":"product_tag-transport-cable-seals","21":"product_tag-safe-transportation-solutions-cable-seals","22":"product_tag-security-cable-seal","23":"product_tag-cable-seal-cbs-007","24":"product_tag-secure-shipping-seals","26":"first","27":"instock","28":"featured","29":"shipping-taxable","30":"product-type-simple"},"_links":{"self":[{"href":"https:\/\/www.woseal.com\/tr\/wp-json\/wp\/v2\/product\/3710","targetHints":{"allow":["GET"]}}],"collection":[{"href":"https:\/\/www.woseal.com\/tr\/wp-json\/wp\/v2\/product"}],"about":[{"href":"https:\/\/www.woseal.com\/tr\/wp-json\/wp\/v2\/types\/product"}],"version-history":[{"count":3,"href":"https:\/\/www.woseal.com\/tr\/wp-json\/wp\/v2\/product\/3710\/revisions"}],"predecessor-version":[{"id":3844,"href":"https:\/\/www.woseal.com\/tr\/wp-json\/wp\/v2\/product\/3710\/revisions\/3844"}],"wp:featuredmedia":[{"embeddable":true,"href":"https:\/\/www.woseal.com\/tr\/wp-json\/wp\/v2\/media\/3711"}],"wp:attachment":[{"href":"https:\/\/www.woseal.com\/tr\/wp-json\/wp\/v2\/media?parent=3710"}],"wp:term":[{"taxonomy":"product_brand","embeddable":true,"href":"https:\/\/www.woseal.com\/tr\/wp-json\/wp\/v2\/product_brand?post=3710"},{"taxonomy":"product_cat","embeddable":true,"href":"https:\/\/www.woseal.com\/tr\/wp-json\/wp\/v2\/product_cat?post=3710"},{"taxonomy":"product_tag","embeddable":true,"href":"https:\/\/www.woseal.com\/tr\/wp-json\/wp\/v2\/product_tag?post=3710"}],"curies":[{"name":"wp","href":"https:\/\/api.w.org\/{rel}","templated":true}]}}