{"id":3719,"date":"2025-03-31T18:13:58","date_gmt":"2025-03-31T10:13:58","guid":{"rendered":"https:\/\/www.woseal.com\/?post_type=product&#038;p=3719"},"modified":"2025-04-11T11:37:04","modified_gmt":"2025-04-11T03:37:04","slug":"cbs-008-good-quality-low-price-container-truck-wire-cable-seal-lock-self-locking-steel-wire-tight-laser-print-hex-cable-tag-seal","status":"publish","type":"product","link":"https:\/\/www.woseal.com\/tr\/urun\/cbs-008-good-quality-low-price-container-truck-wire-cable-seal-lock-self-locking-steel-wire-tight-laser-print-hex-cable-tag-seal","title":{"rendered":"CBS-008 Kaliteli D\u00fc\u015f\u00fck Fiyat Konteyner Kamyon Tel Kablo Conta Kilidi Kendinden kilitlemeli \u00c7elik Tel S\u0131k\u0131 Lazer Bask\u0131 Hex Kablo Etiketi M\u00fch\u00fcr"},"content":{"rendered":"<table class=\"has-title all magic-7\">\n<tbody>\n<tr>\n<td colspan=\"1\" rowspan=\"1\">\n<div class=\"magic-8\" data-spm-anchor-id=\"a2700.details.0.i74.29a1246d0vvufh\">\u0130sim<\/div>\n<\/td>\n<td colspan=\"1\" rowspan=\"1\">\n<div class=\"magic-9\">CBS-008<\/div>\n<\/td>\n<\/tr>\n<tr>\n<td colspan=\"1\" rowspan=\"1\">\n<div class=\"magic-8\">malzeme<\/div>\n<\/td>\n<td colspan=\"1\" rowspan=\"1\">\n<div class=\"magic-9\">ABS, toz metalurjisi, A3 tel halat, 7*7<\/div>\n<\/td>\n<\/tr>\n<tr>\n<td colspan=\"1\" rowspan=\"1\">\n<div class=\"magic-8\">Kilit g\u00f6vdesi boyutu<\/div>\n<\/td>\n<td colspan=\"1\" rowspan=\"1\">\n<div class=\"magic-9\">30*34*7mm<\/div>\n<\/td>\n<\/tr>\n<tr>\n<td colspan=\"1\" rowspan=\"1\">\n<div class=\"magic-8\">\u00c7ap<\/div>\n<\/td>\n<td colspan=\"1\" rowspan=\"1\">\n<div class=\"magic-9\">1.8 mm<\/div>\n<\/td>\n<\/tr>\n<tr>\n<td colspan=\"1\" rowspan=\"1\">\n<div class=\"magic-8\">\u0130malat s\u00fcreci<\/div>\n<\/td>\n<td colspan=\"1\" rowspan=\"1\">\n<div class=\"magic-9\">enjeksiyon \uff0c Damgalama<\/div>\n<\/td>\n<\/tr>\n<tr>\n<td colspan=\"1\" rowspan=\"1\">\n<div class=\"magic-8\">Renk<\/div>\n<\/td>\n<td colspan=\"1\" rowspan=\"1\">\n<div class=\"magic-9\">K\u0131rm\u0131z\u0131, Sar\u0131, Beyaz, Mavi, Ye\u015fil ve benzeri<\/div>\n<\/td>\n<\/tr>\n<tr>\n<td colspan=\"1\" rowspan=\"1\">\n<div class=\"magic-8\">Kablo malzemesi<\/div>\n<\/td>\n<td colspan=\"1\" rowspan=\"1\">\n<div class=\"magic-9\">A3 \u00e7elik<\/div>\n<\/td>\n<\/tr>\n<tr>\n<td colspan=\"1\" rowspan=\"1\">\n<div class=\"magic-8\">Kablo uzunlu\u011fu<\/div>\n<\/td>\n<td colspan=\"1\" rowspan=\"1\">\n<div class=\"magic-9\">25cm, 30cm uzunluk, herhangi bir uzunluk \u00f6zelle\u015ftirilebilir<\/div>\n<\/td>\n<\/tr>\n<tr>\n<td colspan=\"1\" rowspan=\"1\">\n<div class=\"magic-8\">Bask\u0131 t\u00fcr\u00fc<\/div>\n<\/td>\n<td colspan=\"1\" rowspan=\"1\">\n<div class=\"magic-9\">Lazer markalama, tto<\/div>\n<\/td>\n<\/tr>\n<tr>\n<td colspan=\"1\" rowspan=\"1\">\n<div class=\"magic-8\">\u0130\u00e7eriklerin i\u015faretlenmesi<\/div>\n<\/td>\n<td colspan=\"1\" rowspan=\"1\">\n<div class=\"magic-9\">Say\u0131lar, Harfler, i\u015faretler, barkodlar<\/div>\n<\/td>\n<\/tr>\n<tr>\n<td colspan=\"1\" rowspan=\"1\">\n<div class=\"magic-8\">Uygulama<\/div>\n<\/td>\n<td colspan=\"1\" rowspan=\"1\">\n<div class=\"magic-9\">S\u00fcpermarketler, petrol, konteynerler, Demiryolu konteynerleri, saya\u00e7 kutular\u0131, banka c\u00fczdanlar\u0131 vb.<\/div>\n<\/td>\n<\/tr>\n<tr>\n<td colspan=\"1\" rowspan=\"1\">\n<div class=\"magic-8\">Paketleme<\/div>\n<\/td>\n<td colspan=\"1\" rowspan=\"1\">\n<div class=\"magic-9\">100 adet\/plastik torba, 1000 adet\/karton, 2000 adet\/karton<\/div>\n<\/td>\n<\/tr>\n<tr>\n<td colspan=\"1\" rowspan=\"1\">\n<div class=\"magic-8\">\u015eirket sertifikas\u0131<\/div>\n<\/td>\n<td colspan=\"1\" rowspan=\"1\">\n<div class=\"magic-9\">ISO17712,ISO9001,ISO14001,ISO45001<\/div>\n<\/td>\n<\/tr>\n<\/tbody>\n<\/table>\n<p>Kaliteden \u00f6d\u00fcn vermeden b\u00fct\u00e7e bilincine sahip lojistik i\u00e7in tasarlanm\u0131\u015f kendinden kilitlemeli bir \u00e7elik tel kilit olan CBS-008 Konteyner Kamyon Kablo Contas\u0131 ile g\u00fcvenilir ve uygun maliyetli kargo g\u00fcvenli\u011fi elde edin. \u0130le in\u015fa edilmi\u015ftir\u00a0<strong>1.8mm\/2mm y\u00fcksek gerilimli \u00e7elik tel<\/strong>, bu m\u00fch\u00fcrde bir\u00a0<strong>\u00e7ekmeli kendinden kilitlemeli mekanizma<\/strong>\u00a0konteynerlere, r\u00f6morklara veya kamyon kap\u0131lar\u0131na g\u00fcvenli ve titre\u015fime dayan\u0131kl\u0131 bir \u015fekilde oturmas\u0131n\u0131 sa\u011flar. Bu\u00a0<strong>lazer bask\u0131l\u0131 alt\u0131gen kablo etiketi<\/strong>\u00a0Kolay takip ve ISO 17712 standartlar\u0131na uygunluk i\u00e7in benzersiz seri numaralar\u0131 ile kurcalanmaya kar\u015f\u0131 netlik ve kal\u0131c\u0131 tan\u0131mlama sa\u011flar. Toplu nakliye, y\u00fck ta\u015f\u0131mac\u0131l\u0131\u011f\u0131 veya ge\u00e7ici depolama i\u00e7in ideal olan korozyona dayan\u0131kl\u0131 yap\u0131s\u0131, zorlu hava ko\u015fullar\u0131na ve sert kullan\u0131ma dayan\u0131r. D\u00fc\u015f\u00fck fiyat\u0131na ra\u011fmen ola\u011fan\u00fcst\u00fc dayan\u0131kl\u0131l\u0131k sunan CBS-008, KOB\u0130'ler, lojistik sa\u011flay\u0131c\u0131lar ve uygun fiyat ve g\u00fcvenli\u011fe \u00f6ncelik veren sekt\u00f6rler i\u00e7in en iyi se\u00e7imdir. \u00d6zelle\u015ftirilebilir renkler ve marka se\u00e7enekleri mevcuttur.<\/p>","protected":false},"excerpt":{"rendered":"<p>CBS-008 Kablo Contas\u0131, kurcalamaya dayan\u0131kl\u0131 konteyner ve kamyon g\u00fcvenli\u011fi i\u00e7in kendinden kilitlemeli \u00e7elik tel, lazer bask\u0131l\u0131 alt\u0131gen etiketler ve b\u00fct\u00e7e dostu fiyatland\u0131rmay\u0131 bir araya getirir - ISO uyumludur ve uzun \u00f6m\u00fcrl\u00fcd\u00fcr.<\/p>","protected":false},"featured_media":3720,"template":"","meta":[],"product_brand":[],"product_cat":[168],"product_tag":[246,247,248,249,250,308,309,310,311,312,313,314,176,315,183,316,238,317,239],"class_list":{"0":"post-3719","1":"product","2":"type-product","3":"status-publish","4":"has-post-thumbnail","6":"product_cat-cable-seal","7":"product_tag-security-cable-seal","8":"product_tag-large-sized-label-seal","9":"product_tag-pp-cable-seal","10":"product_tag-steel-wire-seal","11":"product_tag-hex-cable-tag-seal","12":"product_tag-cbs-008-low-price-cable-seal","13":"product_tag-self-locking-container-truck-seals","14":"product_tag-steel-wire-cable-locks","15":"product_tag-laser-print-hex-tag-seals","16":"product_tag-iso-17712-compliant-security-seals","17":"product_tag-affordable-logistics-cable-locks","18":"product_tag-pull-tight-truck-seals","19":"product_tag-cable-seal","20":"product_tag-corrosion-resistant-wire-seals","21":"product_tag-safety-cable-seal","22":"product_tag-bulk-freight-security-solutions","23":"product_tag-truck-cable-seal","24":"product_tag-budget-container-sealing-tags","25":"product_tag-container-lock-seal","27":"first","28":"instock","29":"featured","30":"shipping-taxable","31":"product-type-simple"},"_links":{"self":[{"href":"https:\/\/www.woseal.com\/tr\/wp-json\/wp\/v2\/product\/3719","targetHints":{"allow":["GET"]}}],"collection":[{"href":"https:\/\/www.woseal.com\/tr\/wp-json\/wp\/v2\/product"}],"about":[{"href":"https:\/\/www.woseal.com\/tr\/wp-json\/wp\/v2\/types\/product"}],"version-history":[{"count":2,"href":"https:\/\/www.woseal.com\/tr\/wp-json\/wp\/v2\/product\/3719\/revisions"}],"predecessor-version":[{"id":3842,"href":"https:\/\/www.woseal.com\/tr\/wp-json\/wp\/v2\/product\/3719\/revisions\/3842"}],"wp:featuredmedia":[{"embeddable":true,"href":"https:\/\/www.woseal.com\/tr\/wp-json\/wp\/v2\/media\/3720"}],"wp:attachment":[{"href":"https:\/\/www.woseal.com\/tr\/wp-json\/wp\/v2\/media?parent=3719"}],"wp:term":[{"taxonomy":"product_brand","embeddable":true,"href":"https:\/\/www.woseal.com\/tr\/wp-json\/wp\/v2\/product_brand?post=3719"},{"taxonomy":"product_cat","embeddable":true,"href":"https:\/\/www.woseal.com\/tr\/wp-json\/wp\/v2\/product_cat?post=3719"},{"taxonomy":"product_tag","embeddable":true,"href":"https:\/\/www.woseal.com\/tr\/wp-json\/wp\/v2\/product_tag?post=3719"}],"curies":[{"name":"wp","href":"https:\/\/api.w.org\/{rel}","templated":true}]}}