{"id":3732,"date":"2025-04-01T14:54:27","date_gmt":"2025-04-01T06:54:27","guid":{"rendered":"https:\/\/www.woseal.com\/?post_type=product&#038;p=3732"},"modified":"2025-04-11T11:30:58","modified_gmt":"2025-04-11T03:30:58","slug":"cbs-009-high-security-steel-pp-pull-tight-container-trailer-truck-transport-cable-seal-1-8mm-2mm-sealing-strip-ore","status":"publish","type":"product","link":"https:\/\/www.woseal.com\/tr\/urun\/cbs-009-high-security-steel-pp-pull-tight-container-trailer-truck-transport-cable-seal-1-8mm-2mm-sealing-strip-ore","title":{"rendered":"CBS-009 Y\u00fcksek G\u00fcvenlikli \u00c7elik PP \u00c7ekme S\u0131k\u0131 Konteyner R\u00f6mork Kamyon Ta\u015f\u0131ma Kablosu Contas\u0131 1.8mm 2mm S\u0131zd\u0131rmazl\u0131k \u015eeridi Cevheri"},"content":{"rendered":"<table class=\"has-title all magic-7\">\n<tbody>\n<tr>\n<td colspan=\"1\" rowspan=\"1\">\n<div class=\"magic-8\" data-spm-anchor-id=\"a2700.details.0.i74.59fb5553b74BTl\">\u0130sim<\/div>\n<\/td>\n<td colspan=\"1\" rowspan=\"1\">\n<div class=\"magic-9\">CBS-009<\/div>\n<\/td>\n<\/tr>\n<tr>\n<td colspan=\"1\" rowspan=\"1\">\n<div class=\"magic-8\">Malzeme<\/div>\n<\/td>\n<td colspan=\"1\" rowspan=\"1\">\n<div class=\"magic-9\">Toz Metalurjisi, ABS, A3 tel halat, 7*7<\/div>\n<\/td>\n<\/tr>\n<tr>\n<td colspan=\"1\" rowspan=\"1\">\n<div class=\"magic-8\">Kilit g\u00f6vdesi boyutu<\/div>\n<\/td>\n<td colspan=\"1\" rowspan=\"1\">\n<div class=\"magic-9\">22*15*8mm<\/div>\n<\/td>\n<\/tr>\n<tr>\n<td colspan=\"1\" rowspan=\"1\">\n<div class=\"magic-8\">\u00c7ap<\/div>\n<\/td>\n<td colspan=\"1\" rowspan=\"1\">\n<div class=\"magic-9\">1.8 mm<\/div>\n<\/td>\n<\/tr>\n<tr>\n<td colspan=\"1\" rowspan=\"1\">\n<div class=\"magic-8\">\u0130malat s\u00fcreci<\/div>\n<\/td>\n<td colspan=\"1\" rowspan=\"1\">\n<div class=\"magic-9\">enjeksiyon \uff0c Damgalama<\/div>\n<\/td>\n<\/tr>\n<tr>\n<td colspan=\"1\" rowspan=\"1\">\n<div class=\"magic-8\">Renk<\/div>\n<\/td>\n<td colspan=\"1\" rowspan=\"1\">\n<div class=\"magic-9\">K\u0131rm\u0131z\u0131, Sar\u0131, Beyaz, Mavi, Ye\u015fil ve benzeri<\/div>\n<\/td>\n<\/tr>\n<tr>\n<td colspan=\"1\" rowspan=\"1\">\n<div class=\"magic-8\">Kablo malzemesi<\/div>\n<\/td>\n<td colspan=\"1\" rowspan=\"1\">\n<div class=\"magic-9\">A3 \u00e7elik<\/div>\n<\/td>\n<\/tr>\n<tr>\n<td colspan=\"1\" rowspan=\"1\">\n<div class=\"magic-8\">Kablo uzunlu\u011fu<\/div>\n<\/td>\n<td colspan=\"1\" rowspan=\"1\">\n<div class=\"magic-9\">25cm, 30cm uzunluk, herhangi bir uzunluk \u00f6zelle\u015ftirilebilir<\/div>\n<\/td>\n<\/tr>\n<tr>\n<td colspan=\"1\" rowspan=\"1\">\n<div class=\"magic-8\">Bask\u0131 t\u00fcr\u00fc<\/div>\n<\/td>\n<td colspan=\"1\" rowspan=\"1\">\n<div class=\"magic-9\">Lazer markalama, tto<\/div>\n<\/td>\n<\/tr>\n<tr>\n<td colspan=\"1\" rowspan=\"1\">\n<div class=\"magic-8\">\u0130\u00e7eriklerin i\u015faretlenmesi<\/div>\n<\/td>\n<td colspan=\"1\" rowspan=\"1\">\n<div class=\"magic-9\">Say\u0131lar, Harfler, i\u015faretler, barkodlar<\/div>\n<\/td>\n<\/tr>\n<tr>\n<td colspan=\"1\" rowspan=\"1\">\n<div class=\"magic-8\">Uygulama<\/div>\n<\/td>\n<td colspan=\"1\" rowspan=\"1\">\n<div class=\"magic-9\">S\u00fcpermarketler, petrol, konteynerler, Demiryolu konteynerleri, saya\u00e7 kutular\u0131, banka c\u00fczdanlar\u0131 vb.<\/div>\n<\/td>\n<\/tr>\n<tr>\n<td colspan=\"1\" rowspan=\"1\">\n<div class=\"magic-8\">Paketleme<\/div>\n<\/td>\n<td colspan=\"1\" rowspan=\"1\">\n<div class=\"magic-9\">100 adet\/plastik torba, 1000 adet\/karton, 2000 adet\/karton<\/div>\n<\/td>\n<\/tr>\n<tr>\n<td colspan=\"1\" rowspan=\"1\">\n<div class=\"magic-8\">\u015eirket sertifikas\u0131<\/div>\n<\/td>\n<td colspan=\"1\" rowspan=\"1\">\n<div class=\"magic-9\">ISO17712,ISO9001,ISO14001,ISO45001<\/div>\n<\/td>\n<\/tr>\n<\/tbody>\n<\/table>\n<p>Zorlu konteyner, treyler ve kamyon ta\u015f\u0131mac\u0131l\u0131\u011f\u0131 uygulamalar\u0131 i\u00e7in tasarlanm\u0131\u015f CBS-009 Y\u00fcksek G\u00fcvenlikli \u00c7elik PP \u00c7ekme S\u0131zd\u0131rmaz Kablo Contas\u0131 ile kargonuzu g\u00fcvence alt\u0131na al\u0131n. Ultra dayan\u0131kl\u0131\u00a0<strong>\u00e7elik tel<\/strong>\u00a0(1,8 mm veya 2 mm kal\u0131nl\u0131k se\u00e7enekleri) ve g\u00fc\u00e7lendirilmi\u015f PP s\u0131zd\u0131rmazl\u0131k \u015feridi ile bu kurcalanmaya kar\u015f\u0131 koruma sa\u011flayan m\u00fch\u00fcr, kesilmeye, korozyona ve zorlu \u00e7evre ko\u015fullar\u0131na kar\u015f\u0131 benzersiz bir diren\u00e7 sa\u011flar. Yenilik\u00e7i\u00a0<strong>\u00e7ekme-s\u0131kma mekanizmas\u0131<\/strong>\u00a0S\u0131k\u0131 ve titre\u015fimsiz bir uyum sa\u011flayarak ta\u015f\u0131ma s\u0131ras\u0131nda gev\u015femeyi \u00f6nlerken kurcalama giri\u015fimlerine kar\u015f\u0131 net g\u00f6rsel kan\u0131t sa\u011flar. Y\u00fcksek de\u011ferli mallar\u0131n, cevher sevkiyatlar\u0131n\u0131n veya tehlikeli maddelerin g\u00fcvenli\u011fini sa\u011flamak i\u00e7in ideal olan CBS-009, tam izlenebilirlik ve ISO 17712, C-TPAT ve TAPA standartlar\u0131yla uyumluluk i\u00e7in lazerle kaz\u0131nm\u0131\u015f benzersiz seri numaralar\u0131na ve barkodlara sahiptir. Renkleri, uzunluklar\u0131 ve markalar\u0131 \u00f6zelle\u015ftirilebilen bu \u00fcr\u00fcn, a\u015f\u0131r\u0131 gerilime ve tekrarlanan kullan\u0131ma dayanacak \u015fekilde \u00fcretilmi\u015ftir ve k\u00fcresel lojistik, madencilik ve a\u011f\u0131r y\u00fck ta\u015f\u0131mac\u0131l\u0131\u011f\u0131 end\u00fcstrileri i\u00e7in tercih edilen bir \u00fcr\u00fcnd\u00fcr.<\/p>","protected":false},"excerpt":{"rendered":"<p>CBS-009 Kablo Contas\u0131, y\u00fcksek g\u00fcvenlikli \u00e7elik\/PP konstr\u00fcksiyon, kurcalamaya dayan\u0131kl\u0131 \u00e7ekme-s\u0131k\u0131 tasar\u0131m ve g\u00fcvenilir konteyner, kamyon ve cevher ta\u015f\u0131ma korumas\u0131 i\u00e7in \u00e7ift kal\u0131nl\u0131k se\u00e7ene\u011fi (1,8 mm\/2 mm) sunar-ISO sertifikal\u0131 ve \u00f6zelle\u015ftirilebilir.<\/p>","protected":false},"featured_media":3737,"template":"","meta":[],"product_brand":[],"product_cat":[168],"product_tag":[239,240,249,252,298,299,300,301,302,303,304,305,306,176,307,178,183],"class_list":{"0":"post-3732","1":"product","2":"type-product","3":"status-publish","4":"has-post-thumbnail","6":"product_cat-cable-seal","7":"product_tag-container-lock-seal","8":"product_tag-abs-cable-seal","9":"product_tag-steel-wire-seal","10":"product_tag-transport-cable-seal","11":"product_tag-cbs-009-steel-pp-cable-seal","12":"product_tag-pull-tight-container-seals","13":"product_tag-tamper-evident-truck-transport-seals","14":"product_tag-1-8mm-2mm-sealing-strip","15":"product_tag-high-security-trailer-cable-locks","16":"product_tag-iso-17712-compliant-ore-seals","17":"product_tag-corrosion-resistant-logistics-seals","18":"product_tag-heavy-duty-pp-steel-hybrid-seals","19":"product_tag-customizable-cargo-security-tags","20":"product_tag-cable-seal","21":"product_tag-mining-transport-anti-theft-solutions","22":"product_tag-security-seal","23":"product_tag-safety-cable-seal","25":"first","26":"instock","27":"shipping-taxable","28":"product-type-simple"},"_links":{"self":[{"href":"https:\/\/www.woseal.com\/tr\/wp-json\/wp\/v2\/product\/3732","targetHints":{"allow":["GET"]}}],"collection":[{"href":"https:\/\/www.woseal.com\/tr\/wp-json\/wp\/v2\/product"}],"about":[{"href":"https:\/\/www.woseal.com\/tr\/wp-json\/wp\/v2\/types\/product"}],"version-history":[{"count":3,"href":"https:\/\/www.woseal.com\/tr\/wp-json\/wp\/v2\/product\/3732\/revisions"}],"predecessor-version":[{"id":3841,"href":"https:\/\/www.woseal.com\/tr\/wp-json\/wp\/v2\/product\/3732\/revisions\/3841"}],"wp:featuredmedia":[{"embeddable":true,"href":"https:\/\/www.woseal.com\/tr\/wp-json\/wp\/v2\/media\/3737"}],"wp:attachment":[{"href":"https:\/\/www.woseal.com\/tr\/wp-json\/wp\/v2\/media?parent=3732"}],"wp:term":[{"taxonomy":"product_brand","embeddable":true,"href":"https:\/\/www.woseal.com\/tr\/wp-json\/wp\/v2\/product_brand?post=3732"},{"taxonomy":"product_cat","embeddable":true,"href":"https:\/\/www.woseal.com\/tr\/wp-json\/wp\/v2\/product_cat?post=3732"},{"taxonomy":"product_tag","embeddable":true,"href":"https:\/\/www.woseal.com\/tr\/wp-json\/wp\/v2\/product_tag?post=3732"}],"curies":[{"name":"wp","href":"https:\/\/api.w.org\/{rel}","templated":true}]}}