{"id":3753,"date":"2025-04-02T16:33:43","date_gmt":"2025-04-02T08:33:43","guid":{"rendered":"https:\/\/www.woseal.com\/?post_type=product&#038;p=3753"},"modified":"2025-04-11T11:28:46","modified_gmt":"2025-04-11T03:28:46","slug":"cbs-010-customized-cable-seals-hot-selling-container-security-seals-safe-transportation-steel-oil-tracked-trucks","status":"publish","type":"product","link":"https:\/\/www.woseal.com\/tr\/urun\/cbs-010-customized-cable-seals-hot-selling-container-security-seals-safe-transportation-steel-oil-tracked-trucks","title":{"rendered":"CBS-010 \u00d6zelle\u015ftirilmi\u015f Kablo Contalar\u0131 S\u0131cak Sat\u0131\u015f Konteyner G\u00fcvenlik M\u00fch\u00fcrleri G\u00fcvenli Ta\u015f\u0131ma \u00c7elik Ya\u011f Paletli Kamyonlar"},"content":{"rendered":"<table class=\"has-title all magic-7\">\n<tbody>\n<tr>\n<td colspan=\"1\" rowspan=\"1\">\n<div class=\"magic-8\" data-spm-anchor-id=\"a2700.details.0.i74.2a2417b6m2fC0i\">\u0130sim<\/div>\n<\/td>\n<td colspan=\"1\" rowspan=\"1\">\n<div class=\"magic-9\">CBS-010<\/div>\n<\/td>\n<\/tr>\n<tr>\n<td colspan=\"1\" rowspan=\"1\">\n<div class=\"magic-8\">Malzeme<\/div>\n<\/td>\n<td colspan=\"1\" rowspan=\"1\">\n<div class=\"magic-9\">Toz Metalurjisi, ABS, A3 tel halat, 7*7<\/div>\n<\/td>\n<\/tr>\n<tr>\n<td colspan=\"1\" rowspan=\"1\">\n<div class=\"magic-8\">Kilit g\u00f6vdesi boyutu<\/div>\n<\/td>\n<td colspan=\"1\" rowspan=\"1\">\n<div class=\"magic-9\">22*15*8mm<\/div>\n<\/td>\n<\/tr>\n<tr>\n<td colspan=\"1\" rowspan=\"1\">\n<div class=\"magic-8\">\u00c7ap<\/div>\n<\/td>\n<td colspan=\"1\" rowspan=\"1\">\n<div class=\"magic-9\">1.8 mm<\/div>\n<\/td>\n<\/tr>\n<tr>\n<td colspan=\"1\" rowspan=\"1\">\n<div class=\"magic-8\">\u0130malat s\u00fcreci<\/div>\n<\/td>\n<td colspan=\"1\" rowspan=\"1\">\n<div class=\"magic-9\">enjeksiyon \uff0c Damgalama<\/div>\n<\/td>\n<\/tr>\n<tr>\n<td colspan=\"1\" rowspan=\"1\">\n<div class=\"magic-8\">Renk<\/div>\n<\/td>\n<td colspan=\"1\" rowspan=\"1\">\n<div class=\"magic-9\">K\u0131rm\u0131z\u0131, Sar\u0131, Di\u011ferleri, Beyaz, Mavi, Ye\u015fil vb.<\/div>\n<\/td>\n<\/tr>\n<tr>\n<td colspan=\"1\" rowspan=\"1\">\n<div class=\"magic-8\">Kablo malzemesi<\/div>\n<\/td>\n<td colspan=\"1\" rowspan=\"1\">\n<div class=\"magic-9\">A3 \u00e7elik<\/div>\n<\/td>\n<\/tr>\n<tr>\n<td colspan=\"1\" rowspan=\"1\">\n<div class=\"magic-8\">Kablo uzunlu\u011fu<\/div>\n<\/td>\n<td colspan=\"1\" rowspan=\"1\">\n<div class=\"magic-9\">25cm, 30cm uzunluk, herhangi bir uzunluk \u00f6zelle\u015ftirilebilir<\/div>\n<\/td>\n<\/tr>\n<tr>\n<td colspan=\"1\" rowspan=\"1\">\n<div class=\"magic-8\">Bask\u0131 t\u00fcr\u00fc<\/div>\n<\/td>\n<td colspan=\"1\" rowspan=\"1\">\n<div class=\"magic-9\">Lazer markalama, tto<\/div>\n<\/td>\n<\/tr>\n<tr>\n<td colspan=\"1\" rowspan=\"1\">\n<div class=\"magic-8\">\u0130\u00e7eriklerin i\u015faretlenmesi<\/div>\n<\/td>\n<td colspan=\"1\" rowspan=\"1\">\n<div class=\"magic-9\">Say\u0131lar, Harfler, i\u015faretler, barkodlar<\/div>\n<\/td>\n<\/tr>\n<tr>\n<td colspan=\"1\" rowspan=\"1\">\n<div class=\"magic-8\">Uygulama<\/div>\n<\/td>\n<td colspan=\"1\" rowspan=\"1\">\n<div class=\"magic-9\">S\u00fcpermarketler, petrol, konteynerler, Demiryolu konteynerleri, saya\u00e7 kutular\u0131, banka c\u00fczdanlar\u0131 vb.<\/div>\n<\/td>\n<\/tr>\n<tr>\n<td colspan=\"1\" rowspan=\"1\">\n<div class=\"magic-8\">Paketleme<\/div>\n<\/td>\n<td colspan=\"1\" rowspan=\"1\">\n<div class=\"magic-9\">100 adet\/plastik torba, 1000 adet\/karton, 2000 adet\/karton<\/div>\n<\/td>\n<\/tr>\n<tr>\n<td colspan=\"1\" rowspan=\"1\">\n<div class=\"magic-8\">\u015eirket sertifikas\u0131<\/div>\n<\/td>\n<td colspan=\"1\" rowspan=\"1\">\n<div class=\"magic-9\">ISO17712,ISO9001,ISO14001,ISO45001<\/div>\n<\/td>\n<\/tr>\n<\/tbody>\n<\/table>\n<p>Konteyner, kamyon ve petrol end\u00fcstrisi uygulamalar\u0131 i\u00e7in tasarlanm\u0131\u015f y\u00fcksek g\u00fcvenlikli bir \u00e7\u00f6z\u00fcm olan CBS-010 \u00d6zelle\u015ftirilmi\u015f Kablo Contas\u0131 ile g\u00fcvenli kargo ta\u015f\u0131mac\u0131l\u0131\u011f\u0131 sa\u011flay\u0131n. Dayan\u0131kl\u0131, korozyona diren\u00e7li \u00e7elikten \u00fcretilen bu kurcalanmaya kar\u015f\u0131 koruma sa\u011flayan m\u00fch\u00fcr, ta\u015f\u0131ma s\u0131ras\u0131nda yetkisiz eri\u015fime kar\u015f\u0131 e\u015fsiz koruma sa\u011flar. Esnek ancak sa\u011flam kablo tasar\u0131m\u0131 konteynerlere, r\u00f6morklara veya takip edilen kamyonlara kolay kurulum sa\u011flarken, benzersiz serile\u015ftirilmi\u015f numaraland\u0131rma izlenebilirlik ve uluslararas\u0131 lojistik standartlar\u0131na uygunluk sa\u011flar. Renk, uzunluk ve marka a\u00e7\u0131s\u0131ndan \u00f6zelle\u015ftirilebilen CBS-010, y\u00fcksek de\u011ferli g\u00f6nderilerin, tehlikeli maddelerin veya petrol ta\u015f\u0131mac\u0131l\u0131\u011f\u0131n\u0131n korunmas\u0131 i\u00e7in idealdir. A\u015f\u0131r\u0131 hava ko\u015fullar\u0131na ve kurcalama giri\u015fimlerine dayanacak \u015fekilde tasarlanan bu \u00fcr\u00fcn, k\u00fcresel tedarik zincirleri i\u00e7in g\u00f6n\u00fcl rahatl\u0131\u011f\u0131n\u0131 garanti eder.<\/p>","protected":false},"excerpt":{"rendered":"<p>CBS-010 Kablo Contas\u0131, dayan\u0131kl\u0131 \u00e7elik konstr\u00fcksiyonu, \u00f6zelle\u015ftirilebilir se\u00e7enekleri ve izlenebilir seri numaralar\u0131 ile konteynerler ve kamyonlar i\u00e7in kurcalamaya dayan\u0131kl\u0131 g\u00fcvenlik sunar; g\u00fcvenli petrol, y\u00fck ve lojistik ta\u015f\u0131mac\u0131l\u0131\u011f\u0131 i\u00e7in m\u00fckemmeldir.<\/p>","protected":false},"featured_media":3811,"template":"","meta":[],"product_brand":[],"product_cat":[168],"product_tag":[196,270,271,272,273,274,275,276,277],"class_list":{"0":"post-3753","1":"product","2":"type-product","3":"status-publish","4":"has-post-thumbnail","6":"product_cat-cable-seal","7":"product_tag-container-security-seals","8":"product_tag-high-security-cable-locks","9":"product_tag-tamper-proof-truck-seals","10":"product_tag-oil-industry-transportation-security","11":"product_tag-customized-steel-cable-seals","12":"product_tag-logistics-safety-seals","13":"product_tag-heavy-duty-container-locks","14":"product_tag-tracked-truck-security-seals","15":"product_tag-international-shipping-compliance-seals","17":"first","18":"instock","19":"shipping-taxable","20":"product-type-simple"},"_links":{"self":[{"href":"https:\/\/www.woseal.com\/tr\/wp-json\/wp\/v2\/product\/3753","targetHints":{"allow":["GET"]}}],"collection":[{"href":"https:\/\/www.woseal.com\/tr\/wp-json\/wp\/v2\/product"}],"about":[{"href":"https:\/\/www.woseal.com\/tr\/wp-json\/wp\/v2\/types\/product"}],"version-history":[{"count":2,"href":"https:\/\/www.woseal.com\/tr\/wp-json\/wp\/v2\/product\/3753\/revisions"}],"predecessor-version":[{"id":3820,"href":"https:\/\/www.woseal.com\/tr\/wp-json\/wp\/v2\/product\/3753\/revisions\/3820"}],"wp:featuredmedia":[{"embeddable":true,"href":"https:\/\/www.woseal.com\/tr\/wp-json\/wp\/v2\/media\/3811"}],"wp:attachment":[{"href":"https:\/\/www.woseal.com\/tr\/wp-json\/wp\/v2\/media?parent=3753"}],"wp:term":[{"taxonomy":"product_brand","embeddable":true,"href":"https:\/\/www.woseal.com\/tr\/wp-json\/wp\/v2\/product_brand?post=3753"},{"taxonomy":"product_cat","embeddable":true,"href":"https:\/\/www.woseal.com\/tr\/wp-json\/wp\/v2\/product_cat?post=3753"},{"taxonomy":"product_tag","embeddable":true,"href":"https:\/\/www.woseal.com\/tr\/wp-json\/wp\/v2\/product_tag?post=3753"}],"curies":[{"name":"wp","href":"https:\/\/api.w.org\/{rel}","templated":true}]}}