{"id":3821,"date":"2025-04-02T16:43:54","date_gmt":"2025-04-02T08:43:54","guid":{"rendered":"https:\/\/www.woseal.com\/?post_type=product&#038;p=3821"},"modified":"2025-04-11T11:26:57","modified_gmt":"2025-04-11T03:26:57","slug":"cbs-011-high-security-logistics-wire-seal-quality-anti-theft-wire-cable-for-truck-container-sealing-strip-cable-tag","status":"publish","type":"product","link":"https:\/\/www.woseal.com\/tr\/urun\/cbs-011-high-security-logistics-wire-seal-quality-anti-theft-wire-cable-for-truck-container-sealing-strip-cable-tag","title":{"rendered":"CBS-011 Y\u00fcksek G\u00fcvenlikli Lojistik Tel M\u00fch\u00fcr Kamyon Konteyner S\u0131zd\u0131rmazl\u0131k \u015eeridi Kablo Etiketi i\u00e7in Kaliteli H\u0131rs\u0131zl\u0131k \u00d6nleyici Tel Kablo"},"content":{"rendered":"<table class=\"has-title all magic-7\">\n<tbody>\n<tr>\n<td colspan=\"1\" rowspan=\"1\">\n<div class=\"magic-8\" data-spm-anchor-id=\"a2700.details.0.i75.6c4610dfKxytoo\">\u0130sim<\/div>\n<\/td>\n<td colspan=\"1\" rowspan=\"1\">\n<div class=\"magic-9\">CBS-011<\/div>\n<\/td>\n<\/tr>\n<tr>\n<td colspan=\"1\" rowspan=\"1\">\n<div class=\"magic-8\">malzeme<\/div>\n<\/td>\n<td colspan=\"1\" rowspan=\"1\">\n<div class=\"magic-9\">ABS, toz metalurjisi, A3 tel halat, 7*7<\/div>\n<\/td>\n<\/tr>\n<tr>\n<td colspan=\"1\" rowspan=\"1\">\n<div class=\"magic-8\">Kilit g\u00f6vdesi boyutu<\/div>\n<\/td>\n<td colspan=\"1\" rowspan=\"1\">\n<div class=\"magic-9\">23*18*11mm<\/div>\n<\/td>\n<\/tr>\n<tr>\n<td colspan=\"1\" rowspan=\"1\">\n<div class=\"magic-8\">\u00c7ap<\/div>\n<\/td>\n<td colspan=\"1\" rowspan=\"1\">\n<div class=\"magic-9\">1.8 mm<\/div>\n<\/td>\n<\/tr>\n<tr>\n<td colspan=\"1\" rowspan=\"1\">\n<div class=\"magic-8\">\u0130malat s\u00fcreci<\/div>\n<\/td>\n<td colspan=\"1\" rowspan=\"1\">\n<div class=\"magic-9\">enjeksiyon \uff0c Damgalama<\/div>\n<\/td>\n<\/tr>\n<tr>\n<td colspan=\"1\" rowspan=\"1\">\n<div class=\"magic-8\">Renk<\/div>\n<\/td>\n<td colspan=\"1\" rowspan=\"1\">\n<div class=\"magic-9\">K\u0131rm\u0131z\u0131, Sar\u0131, Di\u011ferleri, Mavi, Ye\u015fil vb.<\/div>\n<\/td>\n<\/tr>\n<tr>\n<td colspan=\"1\" rowspan=\"1\">\n<div class=\"magic-8\">Kablo malzemesi<\/div>\n<\/td>\n<td colspan=\"1\" rowspan=\"1\">\n<div class=\"magic-9\">A3 \u00e7elik<\/div>\n<\/td>\n<\/tr>\n<tr>\n<td colspan=\"1\" rowspan=\"1\">\n<div class=\"magic-8\">Kablo uzunlu\u011fu<\/div>\n<\/td>\n<td colspan=\"1\" rowspan=\"1\">\n<div class=\"magic-9\">25cm, 30cm uzunluk, herhangi bir uzunluk \u00f6zelle\u015ftirilebilir<\/div>\n<\/td>\n<\/tr>\n<tr>\n<td colspan=\"1\" rowspan=\"1\">\n<div class=\"magic-8\">Bask\u0131 t\u00fcr\u00fc<\/div>\n<\/td>\n<td colspan=\"1\" rowspan=\"1\">\n<div class=\"magic-9\">Lazer markalama, tto<\/div>\n<\/td>\n<\/tr>\n<tr>\n<td colspan=\"1\" rowspan=\"1\">\n<div class=\"magic-8\">\u0130\u00e7eriklerin i\u015faretlenmesi<\/div>\n<\/td>\n<td colspan=\"1\" rowspan=\"1\">\n<div class=\"magic-9\">Say\u0131lar, Harfler, i\u015faretler, barkodlar<\/div>\n<\/td>\n<\/tr>\n<tr>\n<td colspan=\"1\" rowspan=\"1\">\n<div class=\"magic-8\">Uygulama<\/div>\n<\/td>\n<td colspan=\"1\" rowspan=\"1\">\n<div class=\"magic-9\">S\u00fcpermarketler, petrol, konteynerler, Demiryolu konteynerleri, saya\u00e7 kutular\u0131, banka c\u00fczdanlar\u0131 vb.<\/div>\n<\/td>\n<\/tr>\n<tr>\n<td colspan=\"1\" rowspan=\"1\">\n<div class=\"magic-8\">Paketleme<\/div>\n<\/td>\n<td colspan=\"1\" rowspan=\"1\">\n<div class=\"magic-9\">100 adet\/plastik torba, 1000 adet\/karton, 2000 adet\/karton<\/div>\n<\/td>\n<\/tr>\n<tr>\n<td colspan=\"1\" rowspan=\"1\">\n<div class=\"magic-8\">\u015eirket sertifikas\u0131<\/div>\n<\/td>\n<td colspan=\"1\" rowspan=\"1\">\n<div class=\"magic-9\">ISO17712,ISO9001,ISO14001,ISO45001<\/div>\n<\/td>\n<\/tr>\n<\/tbody>\n<\/table>\n<p>Kamyon konteynerleri, y\u00fck r\u00f6morklar\u0131 ve kargo lojisti\u011fi i\u00e7in e\u015fsiz h\u0131rs\u0131zl\u0131k \u00f6nleme korumas\u0131 sa\u011flamak \u00fczere tasarlanm\u0131\u015f CBS-011 Y\u00fcksek G\u00fcvenlikli Lojistik Tel M\u00fch\u00fcr ile tedarik zinciri g\u00fcvenli\u011fini art\u0131r\u0131n. G\u00fc\u00e7lendirilmi\u015f \u00e7elik tel kablo ve hassas kal\u0131planm\u0131\u015f kilitleme mekanizmas\u0131na sahip olan bu kurcalanmaya kar\u015f\u0131 korumal\u0131 m\u00fch\u00fcr kesilmeye, korozyona ve zorlu \u00e7evre ko\u015fullar\u0131na kar\u015f\u0131 dayan\u0131kl\u0131d\u0131r ve ta\u015f\u0131ma s\u0131ras\u0131nda b\u00fct\u00fcnl\u00fck sa\u011flar. CBS-011'in \u00e7ift katmanl\u0131 tasar\u0131m\u0131, dayan\u0131kl\u0131 bir s\u0131zd\u0131rmazl\u0131k \u015feridini \u00f6zelle\u015ftirilebilir bir kablo etiketi ile birle\u015ftirerek net g\u00f6rsel kurcalama uyar\u0131lar\u0131 ve lazerle kaz\u0131nm\u0131\u015f seri numaralar\u0131 arac\u0131l\u0131\u011f\u0131yla benzersiz tan\u0131mlama sa\u011flar. \u0130la\u00e7, elektronik ve s\u0131n\u0131r \u00f6tesi nakliye gibi y\u00fcksek riskli sekt\u00f6rler i\u00e7in ideal olan bu \u00fcr\u00fcn ISO 17712 standartlar\u0131na uygundur ve marka \u00f6zelle\u015ftirmesini destekler. Varl\u0131klar\u0131n\u0131z\u0131 g\u00fcvence alt\u0131na almak, h\u0131rs\u0131zl\u0131\u011f\u0131 cayd\u0131rmak ve uyumluluk denetimlerini kolayla\u015ft\u0131rmak i\u00e7in CBS-011'e g\u00fcvenin.<\/p>","protected":false},"excerpt":{"rendered":"<p>CBS-011 Y\u00fcksek G\u00fcvenlikli Telli M\u00fch\u00fcr, kamyon konteynerlerini h\u0131rs\u0131zl\u0131k \u00f6nleyici \u00e7elik kablolar, kurcalamaya dayan\u0131kl\u0131 etiketler ve ISO uyumlu dayan\u0131kl\u0131l\u0131k ile korur; lojistik, y\u00fck ve kargo korumas\u0131 i\u00e7in m\u00fckemmeldir.<\/p>","protected":false},"featured_media":3822,"template":"","meta":[],"product_brand":[],"product_cat":[168],"product_tag":[282,283,284,285,286,287,278,279,280,281],"class_list":{"0":"post-3821","1":"product","2":"type-product","3":"status-publish","4":"has-post-thumbnail","6":"product_cat-cable-seal","7":"product_tag-iso-17712-compliant-seals","8":"product_tag-reinforced-steel-wire-cable","9":"product_tag-logistics-sealing-strip-tags","10":"product_tag-freight-trailer-security-seals","11":"product_tag-customizable-cable-tags","12":"product_tag-supply-chain-anti-tampering-solutions","13":"product_tag-cbs-011-high-security-wire-seal","14":"product_tag-anti-theft-logistics-cable-seal","15":"product_tag-truck-container-security-locks","16":"product_tag-tamper-evident-cargo-seals","18":"first","19":"instock","20":"shipping-taxable","21":"product-type-simple"},"_links":{"self":[{"href":"https:\/\/www.woseal.com\/tr\/wp-json\/wp\/v2\/product\/3821","targetHints":{"allow":["GET"]}}],"collection":[{"href":"https:\/\/www.woseal.com\/tr\/wp-json\/wp\/v2\/product"}],"about":[{"href":"https:\/\/www.woseal.com\/tr\/wp-json\/wp\/v2\/types\/product"}],"version-history":[{"count":1,"href":"https:\/\/www.woseal.com\/tr\/wp-json\/wp\/v2\/product\/3821\/revisions"}],"predecessor-version":[{"id":3830,"href":"https:\/\/www.woseal.com\/tr\/wp-json\/wp\/v2\/product\/3821\/revisions\/3830"}],"wp:featuredmedia":[{"embeddable":true,"href":"https:\/\/www.woseal.com\/tr\/wp-json\/wp\/v2\/media\/3822"}],"wp:attachment":[{"href":"https:\/\/www.woseal.com\/tr\/wp-json\/wp\/v2\/media?parent=3821"}],"wp:term":[{"taxonomy":"product_brand","embeddable":true,"href":"https:\/\/www.woseal.com\/tr\/wp-json\/wp\/v2\/product_brand?post=3821"},{"taxonomy":"product_cat","embeddable":true,"href":"https:\/\/www.woseal.com\/tr\/wp-json\/wp\/v2\/product_cat?post=3821"},{"taxonomy":"product_tag","embeddable":true,"href":"https:\/\/www.woseal.com\/tr\/wp-json\/wp\/v2\/product_tag?post=3821"}],"curies":[{"name":"wp","href":"https:\/\/api.w.org\/{rel}","templated":true}]}}