{"id":3831,"date":"2025-04-02T17:11:26","date_gmt":"2025-04-02T09:11:26","guid":{"rendered":"https:\/\/www.woseal.com\/?post_type=product&#038;p=3831"},"modified":"2025-04-02T17:11:30","modified_gmt":"2025-04-02T09:11:30","slug":"cbs-012-newly-designed-double-lock-tension-steel-wire-seal-with-dual-anti-theft-truck-cable-seal","status":"publish","type":"product","link":"https:\/\/www.woseal.com\/tr\/urun\/cbs-012-newly-designed-double-lock-tension-steel-wire-seal-with-dual-anti-theft-truck-cable-seal","title":{"rendered":"CBS-012 Yeni Tasarlanm\u0131\u015f \u00c7ift Kilitli Gergi \u00c7elik Telli Conta ile \u00c7ift H\u0131rs\u0131zl\u0131k \u00d6nleyici Kamyon Kablo Contas\u0131"},"content":{"rendered":"<table class=\"has-title all magic-7\">\n<tbody>\n<tr>\n<td colspan=\"1\" rowspan=\"1\">\n<div class=\"magic-8\" data-spm-anchor-id=\"a2700.details.0.i73.1eb26e23uJQgG6\">\u0130sim<\/div>\n<\/td>\n<td colspan=\"1\" rowspan=\"1\">\n<div class=\"magic-9\">CBS-012<\/div>\n<\/td>\n<\/tr>\n<tr>\n<td colspan=\"1\" rowspan=\"1\">\n<div class=\"magic-8\">malzeme<\/div>\n<\/td>\n<td colspan=\"1\" rowspan=\"1\">\n<div class=\"magic-9\">ABS, A3 tel halat<\/div>\n<\/td>\n<\/tr>\n<tr>\n<td colspan=\"1\" rowspan=\"1\">\n<div class=\"magic-8\">Kilit g\u00f6vdesi boyutu<\/div>\n<\/td>\n<td colspan=\"1\" rowspan=\"1\">\n<div class=\"magic-9\">300*28*10mm<\/div>\n<\/td>\n<\/tr>\n<tr>\n<td colspan=\"1\" rowspan=\"1\">\n<div class=\"magic-8\">\u00c7ap<\/div>\n<\/td>\n<td colspan=\"1\" rowspan=\"1\">\n<div class=\"magic-9\">2.2mm<\/div>\n<\/td>\n<\/tr>\n<tr>\n<td colspan=\"1\" rowspan=\"1\">\n<div class=\"magic-8\">\u0130malat s\u00fcreci<\/div>\n<\/td>\n<td colspan=\"1\" rowspan=\"1\">\n<div class=\"magic-9\">enjeksiyon \uff0c Damgalama<\/div>\n<\/td>\n<\/tr>\n<tr>\n<td colspan=\"1\" rowspan=\"1\">\n<div class=\"magic-8\">Renk<\/div>\n<\/td>\n<td colspan=\"1\" rowspan=\"1\">\n<div class=\"magic-9\">K\u0131rm\u0131z\u0131, Sar\u0131, Beyaz, Mavi, Ye\u015fil ve benzeri<\/div>\n<\/td>\n<\/tr>\n<tr>\n<td colspan=\"1\" rowspan=\"1\">\n<div class=\"magic-8\">Kablo malzemesi<\/div>\n<\/td>\n<td colspan=\"1\" rowspan=\"1\">\n<div class=\"magic-9\">A3 \u00e7elik<\/div>\n<\/td>\n<\/tr>\n<tr>\n<td colspan=\"1\" rowspan=\"1\">\n<div class=\"magic-8\">Kablo uzunlu\u011fu<\/div>\n<\/td>\n<td colspan=\"1\" rowspan=\"1\">\n<div class=\"magic-9\">25cm, 30cm uzunluk, herhangi bir uzunluk \u00f6zelle\u015ftirilebilir<\/div>\n<\/td>\n<\/tr>\n<tr>\n<td colspan=\"1\" rowspan=\"1\">\n<div class=\"magic-8\">Bask\u0131 t\u00fcr\u00fc<\/div>\n<\/td>\n<td colspan=\"1\" rowspan=\"1\">\n<div class=\"magic-9\">Lazer markalama, tto<\/div>\n<\/td>\n<\/tr>\n<tr>\n<td colspan=\"1\" rowspan=\"1\">\n<div class=\"magic-8\">\u0130\u00e7eriklerin i\u015faretlenmesi<\/div>\n<\/td>\n<td colspan=\"1\" rowspan=\"1\">\n<div class=\"magic-9\">Say\u0131lar, Harfler, i\u015faretler, barkodlar<\/div>\n<\/td>\n<\/tr>\n<tr>\n<td colspan=\"1\" rowspan=\"1\">\n<div class=\"magic-8\">Uygulama<\/div>\n<\/td>\n<td colspan=\"1\" rowspan=\"1\">\n<div class=\"magic-9\">S\u00fcpermarketler, petrol, konteynerler, Demiryolu konteynerleri, saya\u00e7 kutular\u0131, banka c\u00fczdanlar\u0131 vb.<\/div>\n<\/td>\n<\/tr>\n<tr>\n<td colspan=\"1\" rowspan=\"1\">\n<div class=\"magic-8\">Paketleme<\/div>\n<\/td>\n<td colspan=\"1\" rowspan=\"1\">\n<div class=\"magic-9\">100 adet\/plastik torba, 1000 adet\/karton, 2000 adet\/karton<\/div>\n<\/td>\n<\/tr>\n<tr>\n<td colspan=\"1\" rowspan=\"1\">\n<div class=\"magic-8\">\u015eirket sertifikas\u0131<\/div>\n<\/td>\n<td colspan=\"1\" rowspan=\"1\">\n<div class=\"magic-9\">ISO17712,ISO9001,ISO14001,ISO45001<\/div>\n<\/td>\n<\/tr>\n<\/tbody>\n<\/table>\n<p>Kamyon, konteyner ve y\u00fcksek de\u011ferli lojistik uygulamalar\u0131nda maksimum g\u00fcvenilirlik i\u00e7in tasarlanm\u0131\u015f son teknoloji bir h\u0131rs\u0131zl\u0131k \u00f6nleme \u00e7\u00f6z\u00fcm\u00fc olan CBS-012 \u00c7ift Kilitli Gergi \u00c7elik Telli Conta ile kargo g\u00fcvenli\u011fini art\u0131r\u0131n. Sahip oldu\u011fu\u00a0<strong>\u00e7ift kilit mekanizmas\u0131<\/strong>\u00a0ve g\u00fc\u00e7lendirilmi\u015f \u00e7elik tel yap\u0131s\u0131yla bu m\u00fch\u00fcr, \u00e7ift katmanl\u0131 kurcalamaya kar\u015f\u0131 diren\u00e7 sa\u011flayarak a\u015f\u0131r\u0131 gerilim veya kesme giri\u015fimleri alt\u0131nda bile yetkisiz eri\u015fimi \u00f6nler. Korozyona dayan\u0131kl\u0131 \u00e7elik kablo ve hassas kal\u0131planm\u0131\u015f kilitleme kafas\u0131 zorlu hava ko\u015fullar\u0131nda dayan\u0131kl\u0131l\u0131k sa\u011flarken\u00a0<strong>gerilim kontroll\u00fc tasar\u0131m<\/strong>\u00a0uzun mesafeli nakliye s\u0131ras\u0131nda s\u0131k\u0131 s\u0131zd\u0131rmazl\u0131k b\u00fct\u00fcnl\u00fc\u011f\u00fcn\u00fc korur. Her CBS-012, an\u0131nda do\u011frulama ve ISO 17712, C-TPAT ve TAPA standartlar\u0131na uygunluk i\u00e7in benzersiz bir serile\u015ftirilmi\u015f barkod ve lazerle kaz\u0131nm\u0131\u015f numaraland\u0131rma i\u00e7erir. Renkleri, kablo uzunluklar\u0131 ve markalar\u0131 \u00f6zelle\u015ftirilebilen bu \u00fcr\u00fcn s\u0131n\u0131r \u00f6tesi g\u00f6nderilerin, tehlikeli maddelerin ve hassas kargolar\u0131n g\u00fcvenli\u011fini sa\u011flamak i\u00e7in idealdir.<\/p>","protected":false},"excerpt":{"rendered":"<p>CBS-012 \u00c7ift Kilitli Kablo Contas\u0131, kurcalamaya kar\u015f\u0131 korumal\u0131 kamyon, konteyner ve lojistik g\u00fcvenli\u011fi i\u00e7in \u00e7ift h\u0131rs\u0131zl\u0131k \u00f6nleyici kilidi ve gerilime dayan\u0131kl\u0131 \u00e7elik teli bir araya getirir - ISO sertifikal\u0131 ve \u00f6zelle\u015ftirilebilir.<\/p>","protected":false},"featured_media":3832,"template":"","meta":[],"product_brand":[],"product_cat":[168],"product_tag":[295,296,297,288,289,290,291,292,293,294],"class_list":{"0":"post-3831","1":"product","2":"type-product","3":"status-publish","4":"has-post-thumbnail","6":"product_cat-cable-seal","7":"product_tag-high-tension-truck-cable-locks","8":"product_tag-customizable-steel-wire-seals","9":"product_tag-cross-border-freight-security-solutions","10":"product_tag-cbs-012-double-lock-cable-seal","11":"product_tag-dual-anti-theft-truck-seals","12":"product_tag-tension-resistant-steel-wire-seals","13":"product_tag-iso-17712-compliant-cable-locks","14":"product_tag-tamper-proof-container-security-seals","15":"product_tag-heavy-duty-logistics-wire-seals","16":"product_tag-cargo-barcode-security-tags","18":"first","19":"instock","20":"shipping-taxable","21":"product-type-simple"},"_links":{"self":[{"href":"https:\/\/www.woseal.com\/tr\/wp-json\/wp\/v2\/product\/3831","targetHints":{"allow":["GET"]}}],"collection":[{"href":"https:\/\/www.woseal.com\/tr\/wp-json\/wp\/v2\/product"}],"about":[{"href":"https:\/\/www.woseal.com\/tr\/wp-json\/wp\/v2\/types\/product"}],"version-history":[{"count":1,"href":"https:\/\/www.woseal.com\/tr\/wp-json\/wp\/v2\/product\/3831\/revisions"}],"predecessor-version":[{"id":3839,"href":"https:\/\/www.woseal.com\/tr\/wp-json\/wp\/v2\/product\/3831\/revisions\/3839"}],"wp:featuredmedia":[{"embeddable":true,"href":"https:\/\/www.woseal.com\/tr\/wp-json\/wp\/v2\/media\/3832"}],"wp:attachment":[{"href":"https:\/\/www.woseal.com\/tr\/wp-json\/wp\/v2\/media?parent=3831"}],"wp:term":[{"taxonomy":"product_brand","embeddable":true,"href":"https:\/\/www.woseal.com\/tr\/wp-json\/wp\/v2\/product_brand?post=3831"},{"taxonomy":"product_cat","embeddable":true,"href":"https:\/\/www.woseal.com\/tr\/wp-json\/wp\/v2\/product_cat?post=3831"},{"taxonomy":"product_tag","embeddable":true,"href":"https:\/\/www.woseal.com\/tr\/wp-json\/wp\/v2\/product_tag?post=3831"}],"curies":[{"name":"wp","href":"https:\/\/api.w.org\/{rel}","templated":true}]}}