{"id":3871,"date":"2025-04-07T11:35:12","date_gmt":"2025-04-07T03:35:12","guid":{"rendered":"https:\/\/www.woseal.com\/?post_type=product&#038;p=3871"},"modified":"2025-04-11T11:12:10","modified_gmt":"2025-04-11T03:12:10","slug":"pts-002-disposable-self-locking-security-seal-truck-logistics-anti-theft-plastic-seal-zip-tie-tag","status":"publish","type":"product","link":"https:\/\/www.woseal.com\/tr\/urun\/pts-002-disposable-self-locking-security-seal-truck-logistics-anti-theft-plastic-seal-zip-tie-tag","title":{"rendered":"PTS-002 Tek Kullan\u0131ml\u0131k Kendinden Kilitlemeli G\u00fcvenlik M\u00fchr\u00fc Kamyon Lojistik H\u0131rs\u0131zl\u0131\u011fa Kar\u015f\u0131 Plastik M\u00fch\u00fcr Zip Kravat Etiketi"},"content":{"rendered":"<table class=\"has-title all magic-7\">\n<tbody>\n<tr>\n<td colspan=\"1\" rowspan=\"1\">\n<div class=\"magic-8\" data-spm-anchor-id=\"a2700.details-description.0.i0.2db3GWLZGWLZfP\">Men\u015fe Yeri<\/div>\n<\/td>\n<td colspan=\"1\" rowspan=\"1\">\n<div class=\"magic-9\">\u00c7in<\/div>\n<\/td>\n<\/tr>\n<tr>\n<td colspan=\"1\" rowspan=\"1\">\n<div class=\"magic-8\">\u00d6\u011fe<\/div>\n<\/td>\n<td colspan=\"1\" rowspan=\"1\">\n<div class=\"magic-9\">Plastik Conta<\/div>\n<\/td>\n<\/tr>\n<tr>\n<td colspan=\"1\" rowspan=\"1\">\n<div class=\"magic-8\">Model<\/div>\n<\/td>\n<td colspan=\"1\" rowspan=\"1\">\n<div class=\"magic-9\">TPS-002<\/div>\n<\/td>\n<\/tr>\n<tr>\n<td colspan=\"1\" rowspan=\"1\">\n<div class=\"magic-8\">Malzeme<\/div>\n<\/td>\n<td colspan=\"1\" rowspan=\"1\">\n<div class=\"magic-9\">PP+PE<\/div>\n<\/td>\n<\/tr>\n<tr>\n<td colspan=\"1\" rowspan=\"1\">\n<div class=\"magic-8\">Kilit g\u00f6vdesi boyutu<\/div>\n<\/td>\n<td colspan=\"1\" rowspan=\"1\">\n<div class=\"magic-9\">70*14*5.5mm<\/div>\n<\/td>\n<\/tr>\n<tr>\n<td colspan=\"1\" rowspan=\"1\">\n<div class=\"magic-8\">Uzunluk<\/div>\n<\/td>\n<td colspan=\"1\" rowspan=\"1\">\n<div class=\"magic-9\">200\/300\/370mm<\/div>\n<\/td>\n<\/tr>\n<tr>\n<td colspan=\"1\" rowspan=\"1\">\n<div class=\"magic-8\">Renk<\/div>\n<\/td>\n<td colspan=\"1\" rowspan=\"1\">\n<div class=\"magic-9\">Sar\u0131, Beyaz, Mavi, Ye\u015fil, K\u0131rm\u0131z\u0131 ve benzeri<\/div>\n<\/td>\n<\/tr>\n<tr>\n<td colspan=\"1\" rowspan=\"1\">\n<div class=\"magic-8\">Bask\u0131 t\u00fcr\u00fc<\/div>\n<\/td>\n<td colspan=\"1\" rowspan=\"1\">\n<div class=\"magic-9\">Lazer markalama veya s\u0131cak damgalama, serigrafi, tto<\/div>\n<\/td>\n<\/tr>\n<tr>\n<td colspan=\"1\" rowspan=\"1\">\n<div class=\"magic-8\">\u0130\u00e7erik \u0130\u015faretleme<\/div>\n<\/td>\n<td colspan=\"1\" rowspan=\"1\">\n<div class=\"magic-9\">Say\u0131lar, harfler, i\u015faretler, barkodlar vb.<\/div>\n<\/td>\n<\/tr>\n<tr>\n<td colspan=\"1\" rowspan=\"1\">\n<div class=\"magic-8\">Paket<\/div>\n<\/td>\n<td colspan=\"1\" rowspan=\"1\">\n<div class=\"magic-9\">100 adet\/plastik torba, 1000 adet\/karton, 2000 adet\/karton<\/div>\n<\/td>\n<\/tr>\n<tr>\n<td colspan=\"1\" rowspan=\"1\">\n<div class=\"magic-8\">Uygulama<\/div>\n<\/td>\n<td colspan=\"1\" rowspan=\"1\">\n<div class=\"magic-9\">S\u00fcpermarketler, petrol, konteynerler, Demiryolu konteynerleri, saya\u00e7 kutular\u0131, banka c\u00fczdanlar\u0131 vb.<\/div>\n<\/td>\n<\/tr>\n<tr>\n<td colspan=\"1\" rowspan=\"1\">\n<div class=\"magic-8\">\u015eirket sertifikas\u0131<\/div>\n<\/td>\n<td colspan=\"1\" rowspan=\"1\">\n<div class=\"magic-9\">REACH,ISO9001,ISO14001,ISO45001<\/div>\n<\/td>\n<\/tr>\n<\/tbody>\n<\/table>\n<p>Kamyonlar, konteynerler ve kargolar i\u00e7in tasarlanm\u0131\u015f uygun maliyetli bir h\u0131rs\u0131zl\u0131k \u00f6nleme \u00e7\u00f6z\u00fcm\u00fc olan PTS-002 Tek Kullan\u0131ml\u0131k Kendinden Kilitlemeli G\u00fcvenlik M\u00fchr\u00fc ile lojistik operasyonlar\u0131n\u0131z\u0131 g\u00fcvence alt\u0131na al\u0131n. Dayan\u0131kl\u0131, hava ko\u015fullar\u0131na dayan\u0131kl\u0131 plastikten \u00fcretilen bu fermuarl\u0131 kravat tarz\u0131 m\u00fch\u00fcr, kurcalanmaya kar\u015f\u0131 koruma sa\u011flayan kendinden kilitlemeli bir mekanizmaya sahiptir - bir kez s\u0131k\u0131ld\u0131ktan sonra tekrar kullan\u0131lamaz ve yetkisiz eri\u015fimin a\u00e7\u0131k i\u015faretlerini b\u0131rak\u0131r. Kamyon kap\u0131lar\u0131, y\u00fck paketleme ve depo y\u00f6netimi i\u00e7in ideal olan PTS-002, hafif ve uygulamas\u0131 kolay g\u00fcvenlik sa\u011flarken zorlu kullan\u0131m ve \u00e7evre ko\u015fullar\u0131na dayan\u0131kl\u0131d\u0131r. S\u0131ral\u0131 numaraland\u0131rma veya temel tan\u0131mlay\u0131c\u0131larla \u00f6zelle\u015ftirilebilen bu m\u00fch\u00fcr, takip ve uygunluk denetimlerini kolayla\u015ft\u0131r\u0131r. Uygun fiyatl\u0131 ve g\u00fcvenilir olan bu m\u00fch\u00fcr, h\u0131rs\u0131zl\u0131\u011f\u0131 cayd\u0131rmaya ve lojistik i\u015f ak\u0131\u015flar\u0131n\u0131 kolayla\u015ft\u0131rmaya \u00f6ncelik veren i\u015fletmeler i\u00e7in m\u00fckemmeldir.<\/p>","protected":false},"excerpt":{"rendered":"<p>PTS-002 Plastik Zip Kravat Contas\u0131, kamyonlar, lojistik ve h\u0131rs\u0131zl\u0131\u011fa kar\u015f\u0131 kargo korumas\u0131 i\u00e7in kendinden kilitlemeli tasar\u0131m\u0131yla kurcalamaya dayan\u0131kl\u0131, tek kullan\u0131ml\u0131k g\u00fcvenlik sunar.<\/p>","protected":false},"featured_media":3872,"template":"","meta":[],"product_brand":[],"product_cat":[169],"product_tag":[367,368,369,190,191,365,366],"class_list":{"0":"post-3871","1":"product","2":"type-product","3":"status-publish","4":"has-post-thumbnail","6":"product_cat-plastic-seal","7":"product_tag-self-locking-plastic-seals","8":"product_tag-anti-theft-truck-seals","9":"product_tag-logistics-cargo-security","10":"product_tag-plastic-seal","11":"product_tag-security-plastic-seal","12":"product_tag-disposable-security-seals","13":"product_tag-pts-002-zip-tie-tags","15":"first","16":"instock","17":"shipping-taxable","18":"product-type-simple"},"_links":{"self":[{"href":"https:\/\/www.woseal.com\/tr\/wp-json\/wp\/v2\/product\/3871","targetHints":{"allow":["GET"]}}],"collection":[{"href":"https:\/\/www.woseal.com\/tr\/wp-json\/wp\/v2\/product"}],"about":[{"href":"https:\/\/www.woseal.com\/tr\/wp-json\/wp\/v2\/types\/product"}],"version-history":[{"count":1,"href":"https:\/\/www.woseal.com\/tr\/wp-json\/wp\/v2\/product\/3871\/revisions"}],"predecessor-version":[{"id":3879,"href":"https:\/\/www.woseal.com\/tr\/wp-json\/wp\/v2\/product\/3871\/revisions\/3879"}],"wp:featuredmedia":[{"embeddable":true,"href":"https:\/\/www.woseal.com\/tr\/wp-json\/wp\/v2\/media\/3872"}],"wp:attachment":[{"href":"https:\/\/www.woseal.com\/tr\/wp-json\/wp\/v2\/media?parent=3871"}],"wp:term":[{"taxonomy":"product_brand","embeddable":true,"href":"https:\/\/www.woseal.com\/tr\/wp-json\/wp\/v2\/product_brand?post=3871"},{"taxonomy":"product_cat","embeddable":true,"href":"https:\/\/www.woseal.com\/tr\/wp-json\/wp\/v2\/product_cat?post=3871"},{"taxonomy":"product_tag","embeddable":true,"href":"https:\/\/www.woseal.com\/tr\/wp-json\/wp\/v2\/product_tag?post=3871"}],"curies":[{"name":"wp","href":"https:\/\/api.w.org\/{rel}","templated":true}]}}