{"id":3880,"date":"2025-04-07T11:50:06","date_gmt":"2025-04-07T03:50:06","guid":{"rendered":"https:\/\/www.woseal.com\/?post_type=product&#038;p=3880"},"modified":"2025-04-11T11:10:49","modified_gmt":"2025-04-11T03:10:49","slug":"pts-003-new-design-adjustable-plastic-seal-security-seals-for-fire-extinguisher-sealing-strip-zip-tie-tag","status":"publish","type":"product","link":"https:\/\/www.woseal.com\/tr\/urun\/pts-003-new-design-adjustable-plastic-seal-security-seals-for-fire-extinguisher-sealing-strip-zip-tie-tag","title":{"rendered":"PTS-003 Yeni Tasar\u0131m Ayarlanabilir Plastik M\u00fch\u00fcr Yang\u0131n S\u00f6nd\u00fcr\u00fcc\u00fc i\u00e7in G\u00fcvenlik M\u00fch\u00fcrleri S\u0131zd\u0131rmazl\u0131k \u015eeridi Zip Kravat Etiketi"},"content":{"rendered":"<table class=\"has-title all magic-7\">\n<tbody>\n<tr>\n<td colspan=\"1\" rowspan=\"1\">\n<div class=\"magic-8\" data-spm-anchor-id=\"a2700.details.0.i74.1a1c5bb49NBSjN\">Men\u015fe Yeri<\/div>\n<\/td>\n<td colspan=\"1\" rowspan=\"1\">\n<div class=\"magic-9\">\u00c7in<\/div>\n<\/td>\n<\/tr>\n<tr>\n<td colspan=\"1\" rowspan=\"1\">\n<div class=\"magic-8\">\u00d6\u011fe<\/div>\n<\/td>\n<td colspan=\"1\" rowspan=\"1\">\n<div class=\"magic-9\">Plastik Conta<\/div>\n<\/td>\n<\/tr>\n<tr>\n<td colspan=\"1\" rowspan=\"1\">\n<div class=\"magic-8\">Model<\/div>\n<\/td>\n<td colspan=\"1\" rowspan=\"1\">\n<div class=\"magic-9\">TPS-003<\/div>\n<\/td>\n<\/tr>\n<tr>\n<td colspan=\"1\" rowspan=\"1\">\n<div class=\"magic-8\">Malzeme<\/div>\n<\/td>\n<td colspan=\"1\" rowspan=\"1\">\n<div class=\"magic-9\">PP+PE<\/div>\n<\/td>\n<\/tr>\n<tr>\n<td colspan=\"1\" rowspan=\"1\">\n<div class=\"magic-8\">Kilit g\u00f6vdesi boyutu<\/div>\n<\/td>\n<td colspan=\"1\" rowspan=\"1\">\n<div class=\"magic-9\">32*22*5.5mm<\/div>\n<\/td>\n<\/tr>\n<tr>\n<td colspan=\"1\" rowspan=\"1\">\n<div class=\"magic-8\">Uzunluk<\/div>\n<\/td>\n<td colspan=\"1\" rowspan=\"1\">\n<div class=\"magic-9\">400\/500\/600\/700mm<\/div>\n<\/td>\n<\/tr>\n<tr>\n<td colspan=\"1\" rowspan=\"1\">\n<div class=\"magic-8\">Renk<\/div>\n<\/td>\n<td colspan=\"1\" rowspan=\"1\">\n<div class=\"magic-9\">Sar\u0131, Beyaz, Mavi, Ye\u015fil, K\u0131rm\u0131z\u0131 ve benzeri<\/div>\n<\/td>\n<\/tr>\n<tr>\n<td colspan=\"1\" rowspan=\"1\">\n<div class=\"magic-8\">Bask\u0131 t\u00fcr\u00fc<\/div>\n<\/td>\n<td colspan=\"1\" rowspan=\"1\">\n<div class=\"magic-9\">Lazer markalama veya s\u0131cak damgalama, serigrafi, tto<\/div>\n<\/td>\n<\/tr>\n<tr>\n<td colspan=\"1\" rowspan=\"1\">\n<div class=\"magic-8\">\u0130\u00e7erik \u0130\u015faretleme<\/div>\n<\/td>\n<td colspan=\"1\" rowspan=\"1\">\n<div class=\"magic-9\">Say\u0131lar, harfler, i\u015faretler, barkodlar vb.<\/div>\n<\/td>\n<\/tr>\n<tr>\n<td colspan=\"1\" rowspan=\"1\">\n<div class=\"magic-8\">Paket<\/div>\n<\/td>\n<td colspan=\"1\" rowspan=\"1\">\n<div class=\"magic-9\">100 adet\/plastik torba, 1000 adet\/karton, 2000 adet\/karton<\/div>\n<\/td>\n<\/tr>\n<tr>\n<td colspan=\"1\" rowspan=\"1\">\n<div class=\"magic-8\">Uygulama<\/div>\n<\/td>\n<td colspan=\"1\" rowspan=\"1\">\n<div class=\"magic-9\">S\u00fcpermarketler, petrol, konteynerler, Demiryolu konteynerleri, saya\u00e7 kutular\u0131, banka c\u00fczdanlar\u0131 vb.<\/div>\n<\/td>\n<\/tr>\n<tr>\n<td colspan=\"1\" rowspan=\"1\">\n<div class=\"magic-8\">\u015eirket sertifikas\u0131<\/div>\n<\/td>\n<td colspan=\"1\" rowspan=\"1\">\n<div class=\"magic-9\">REACH,ISO9001,ISO14001,ISO45001<\/div>\n<\/td>\n<\/tr>\n<\/tbody>\n<\/table>\n<p>Yang\u0131n s\u00f6nd\u00fcr\u00fcc\u00fcleri ve kritik g\u00fcvenlik ekipmanlar\u0131n\u0131 emniyete almak i\u00e7in \u00f6zel olarak tasarlanm\u0131\u015f PTS-003 Ayarlanabilir Plastik Conta ile yang\u0131n g\u00fcvenli\u011fi uyumlulu\u011funu ve kurcalamaya kar\u015f\u0131 korumay\u0131 sa\u011flay\u0131n. \u00d6zelli\u011fi\u00a0<strong>yeni ergonomik tasar\u0131m<\/strong>Bu fermuar tarz\u0131 conta, \u00e7ok \u00e7e\u015fitli s\u00f6nd\u00fcr\u00fcc\u00fc valflerine, borulara veya ekipman kollar\u0131na uyacak \u015fekilde ayarlanabilir boyutland\u0131rma sunar. Malzemesi\u00a0<strong>y\u00fcksek mukavemetli, UV diren\u00e7li plastik<\/strong>Parlak, \u00f6zelle\u015ftirilebilir s\u0131zd\u0131rmazl\u0131k \u015feridi ile g\u00f6r\u00fcn\u00fcrl\u00fc\u011f\u00fcn\u00fc korurken a\u015f\u0131r\u0131 s\u0131cakl\u0131klara, neme ve fiziksel a\u015f\u0131nmaya kar\u015f\u0131 dayan\u0131kl\u0131d\u0131r. Bu\u00a0<strong>kendinden kilitlemeli mekanizma<\/strong>\u00a0kurcalanmaya kar\u015f\u0131 g\u00fcvenlik sa\u011flar - bir kez s\u0131k\u0131ld\u0131\u011f\u0131nda, g\u00f6r\u00fcn\u00fcr bir hasar olmadan yeniden a\u00e7\u0131lamaz ve yetkisiz eri\u015fimi cayd\u0131r\u0131r. Ticari binalar, end\u00fcstriyel tesisler ve kamusal alanlar i\u00e7in ideal olan PTS-003, kolay denetim takibi ve uygunluk denetimleri i\u00e7in iste\u011fe ba\u011fl\u0131 seri numaraland\u0131rma veya logo bask\u0131s\u0131 i\u00e7erir. Hafif, kurulumu kolay ve uygun maliyetli olan bu \u00fcr\u00fcn, g\u00fcvenlik standartlar\u0131n\u0131 ve ekipman b\u00fct\u00fcnl\u00fc\u011f\u00fcn\u00fc korumak i\u00e7in m\u00fckemmel bir \u00e7\u00f6z\u00fcmd\u00fcr.<\/p>","protected":false},"excerpt":{"rendered":"<p>PTS-003 Ayarlanabilir Plastik Conta, esnek, UV \u0131\u015f\u0131nlar\u0131na dayan\u0131kl\u0131 fermuarl\u0131 tasar\u0131m\u0131yla yang\u0131n s\u00f6nd\u00fcr\u00fcc\u00fcler i\u00e7in kurcalanmaya kar\u015f\u0131 g\u00fcvenlik sa\u011flayarak uyumluluk ve kolay denetim sa\u011flar.<\/p>","protected":false},"featured_media":3881,"template":"","meta":[],"product_brand":[],"product_cat":[169],"product_tag":[191,370,371,372,373,374,375,376],"class_list":{"0":"post-3880","1":"product","2":"type-product","3":"status-publish","4":"has-post-thumbnail","6":"product_cat-plastic-seal","7":"product_tag-security-plastic-seal","8":"product_tag-adjustable-fire-extinguisher-seals","9":"product_tag-pts-003-plastic-zip-ties","10":"product_tag-tamper-proof-safety-tags","11":"product_tag-uv-resistant-security-seals","12":"product_tag-customizable-sealing-strips","13":"product_tag-safety-plastic-seal","14":"product_tag-shipping-plastic-seal","16":"first","17":"instock","18":"featured","19":"shipping-taxable","20":"product-type-simple"},"_links":{"self":[{"href":"https:\/\/www.woseal.com\/tr\/wp-json\/wp\/v2\/product\/3880","targetHints":{"allow":["GET"]}}],"collection":[{"href":"https:\/\/www.woseal.com\/tr\/wp-json\/wp\/v2\/product"}],"about":[{"href":"https:\/\/www.woseal.com\/tr\/wp-json\/wp\/v2\/types\/product"}],"version-history":[{"count":1,"href":"https:\/\/www.woseal.com\/tr\/wp-json\/wp\/v2\/product\/3880\/revisions"}],"predecessor-version":[{"id":3888,"href":"https:\/\/www.woseal.com\/tr\/wp-json\/wp\/v2\/product\/3880\/revisions\/3888"}],"wp:featuredmedia":[{"embeddable":true,"href":"https:\/\/www.woseal.com\/tr\/wp-json\/wp\/v2\/media\/3881"}],"wp:attachment":[{"href":"https:\/\/www.woseal.com\/tr\/wp-json\/wp\/v2\/media?parent=3880"}],"wp:term":[{"taxonomy":"product_brand","embeddable":true,"href":"https:\/\/www.woseal.com\/tr\/wp-json\/wp\/v2\/product_brand?post=3880"},{"taxonomy":"product_cat","embeddable":true,"href":"https:\/\/www.woseal.com\/tr\/wp-json\/wp\/v2\/product_cat?post=3880"},{"taxonomy":"product_tag","embeddable":true,"href":"https:\/\/www.woseal.com\/tr\/wp-json\/wp\/v2\/product_tag?post=3880"}],"curies":[{"name":"wp","href":"https:\/\/api.w.org\/{rel}","templated":true}]}}