{"id":3897,"date":"2025-04-07T17:00:35","date_gmt":"2025-04-07T09:00:35","guid":{"rendered":"https:\/\/www.woseal.com\/?post_type=product&#038;p=3897"},"modified":"2025-04-11T11:01:34","modified_gmt":"2025-04-11T03:01:34","slug":"pts-008-410mm-custom-label-tag-disposable-plastic-garment-security-seals-off-hang-tags-white-zip-ties-for-clothes-shoes-bag","status":"publish","type":"product","link":"https:\/\/www.woseal.com\/tr\/urun\/pts-008-410mm-custom-label-tag-disposable-plastic-garment-security-seals-off-hang-tags-white-zip-ties-for-clothes-shoes-bag","title":{"rendered":"PTS-008 410mm \u00d6zel Etiket Etiketi Tek Kullan\u0131ml\u0131k Plastik Giysi G\u00fcvenlik M\u00fch\u00fcrleri kapal\u0131 Ask\u0131 Etiketleri Giysi Ayakkab\u0131 \u00c7antas\u0131 i\u00e7in Beyaz Zip Ba\u011flar\u0131"},"content":{"rendered":"<table class=\"has-title all magic-7\">\n<tbody>\n<tr>\n<td colspan=\"1\" rowspan=\"1\">\n<div class=\"magic-8\" data-spm-anchor-id=\"a2700.details-description.0.i0.1e22Y3vZY3vZR6\">Men\u015fe Yeri<\/div>\n<\/td>\n<td colspan=\"1\" rowspan=\"1\">\n<div class=\"magic-9\">\u00c7in<\/div>\n<\/td>\n<\/tr>\n<tr>\n<td colspan=\"1\" rowspan=\"1\">\n<div class=\"magic-8\">\u00d6\u011fe<\/div>\n<\/td>\n<td colspan=\"1\" rowspan=\"1\">\n<div class=\"magic-9\">Plastik Conta<\/div>\n<\/td>\n<\/tr>\n<tr>\n<td colspan=\"1\" rowspan=\"1\">\n<div class=\"magic-8\">Model<\/div>\n<\/td>\n<td colspan=\"1\" rowspan=\"1\">\n<div class=\"magic-9\">TPS-008<\/div>\n<\/td>\n<\/tr>\n<tr>\n<td colspan=\"1\" rowspan=\"1\">\n<div class=\"magic-8\">Malzeme<\/div>\n<\/td>\n<td colspan=\"1\" rowspan=\"1\">\n<div class=\"magic-9\">PP+PE<\/div>\n<\/td>\n<\/tr>\n<tr>\n<td colspan=\"1\" rowspan=\"1\">\n<div class=\"magic-8\">Kilit g\u00f6vdesi boyutu<\/div>\n<\/td>\n<td colspan=\"1\" rowspan=\"1\">\n<div class=\"magic-9\">66*31*15mm<\/div>\n<\/td>\n<\/tr>\n<tr>\n<td colspan=\"1\" rowspan=\"1\">\n<div class=\"magic-8\">Uzunluk<\/div>\n<\/td>\n<td colspan=\"1\" rowspan=\"1\">\n<div class=\"magic-9\">410mm<\/div>\n<\/td>\n<\/tr>\n<tr>\n<td colspan=\"1\" rowspan=\"1\">\n<div class=\"magic-8\">Renk<\/div>\n<\/td>\n<td colspan=\"1\" rowspan=\"1\">\n<div class=\"magic-9\">Sar\u0131, Beyaz, Mavi, Ye\u015fil, K\u0131rm\u0131z\u0131 ve benzeri<\/div>\n<\/td>\n<\/tr>\n<tr>\n<td colspan=\"1\" rowspan=\"1\">\n<div class=\"magic-8\">Bask\u0131 t\u00fcr\u00fc<\/div>\n<\/td>\n<td colspan=\"1\" rowspan=\"1\">\n<div class=\"magic-9\">Lazer markalama veya s\u0131cak damgalama, serigrafi, tto<\/div>\n<\/td>\n<\/tr>\n<tr>\n<td colspan=\"1\" rowspan=\"1\">\n<div class=\"magic-8\">\u0130\u00e7erik \u0130\u015faretleme<\/div>\n<\/td>\n<td colspan=\"1\" rowspan=\"1\">\n<div class=\"magic-9\">Say\u0131lar, harfler, i\u015faretler, barkodlar vb.<\/div>\n<\/td>\n<\/tr>\n<tr>\n<td colspan=\"1\" rowspan=\"1\">\n<div class=\"magic-8\">Paket<\/div>\n<\/td>\n<td colspan=\"1\" rowspan=\"1\">\n<div class=\"magic-9\">100 adet\/plastik torba, 1000 adet\/karton, 2000 adet\/karton<\/div>\n<\/td>\n<\/tr>\n<tr>\n<td colspan=\"1\" rowspan=\"1\">\n<div class=\"magic-8\">Uygulama<\/div>\n<\/td>\n<td colspan=\"1\" rowspan=\"1\">\n<div class=\"magic-9\">S\u00fcpermarketler, petrol, konteynerler, Demiryolu konteynerleri, saya\u00e7 kutular\u0131, banka c\u00fczdanlar\u0131 vb.<\/div>\n<\/td>\n<\/tr>\n<tr>\n<td colspan=\"1\" rowspan=\"1\">\n<div class=\"magic-8\">\u015eirket sertifikas\u0131<\/div>\n<\/td>\n<td colspan=\"1\" rowspan=\"1\">\n<div class=\"magic-9\">REACH,ISO9001,ISO14001,ISO45001<\/div>\n<\/td>\n<\/tr>\n<\/tbody>\n<\/table>\n<p>Giysi, ayakkab\u0131 ve \u00e7anta sekt\u00f6rlerinde kurcalamaya dayan\u0131kl\u0131 g\u00fcvenlik ve marka g\u00f6r\u00fcn\u00fcrl\u00fc\u011f\u00fc i\u00e7in tasarlanm\u0131\u015f PTS-008 410mm \u00d6zel Etiketli Plastik G\u00fcvenlik M\u00fch\u00fcrleri ile perakende \u00fcr\u00fcnlerinizi koruyun. Bu beyaz fermuarl\u0131 kravat tarz\u0131 m\u00fch\u00fcrler\u00a0<strong>tek kullan\u0131ml\u0131k, tek seferlik tasar\u0131m<\/strong>\u00a0ile\u00a0<strong>\u00f6zelle\u015ftirilebilir etiket<\/strong>\u00a0markalama, barkodlama veya izleme bilgileri i\u00e7in. 410 mm uzunluk, giysi raflar\u0131, ayakkab\u0131lar veya bagajlar gibi daha hacimli e\u015fyalar\u0131n g\u00fcvenli\u011fini sa\u011flamak i\u00e7in esneklik sa\u011flarken, dayan\u0131kl\u0131 plastik yap\u0131 y\u0131rt\u0131lmaya ve kurcalanmaya kar\u015f\u0131 diren\u00e7lidir. Perakende ma\u011fazalar\u0131, depolar ve lojistik i\u00e7in ideal olan PTS-008, yetkisiz eri\u015fime dair net kan\u0131tlar sa\u011flar ve envanter y\u00f6netimini kolayla\u015ft\u0131r\u0131r. Hafif, uygulamas\u0131 kolay ve uygun maliyetli olan bu m\u00fch\u00fcrler, markan\u0131z\u0131n profesyonel g\u00f6r\u00fcn\u00fcm\u00fcn\u00fc geli\u015ftirirken \u00fcr\u00fcnlerinizi korur.<\/p>","protected":false},"excerpt":{"rendered":"<p>PTS-008 410mm Tek Kullan\u0131ml\u0131k Plastik M\u00fch\u00fcrler, beyaz fermuarl\u0131 ba\u011flar ve ask\u0131 etiketi i\u015flevselli\u011fi ile giysiler, ayakkab\u0131lar ve \u00e7antalar i\u00e7in \u00f6zelle\u015ftirilebilir etiketleme ve kurcalamaya dayan\u0131kl\u0131 g\u00fcvenlik sunar.<\/p>","protected":false},"featured_media":3898,"template":"","meta":[],"product_brand":[],"product_cat":[169],"product_tag":[378,379,380,381,190,191,375,376,377],"class_list":{"0":"post-3897","1":"product","2":"type-product","3":"status-publish","4":"has-post-thumbnail","6":"product_cat-plastic-seal","7":"product_tag-disposable-plastic-zip-ties","8":"product_tag-pts-008-hang-tags","9":"product_tag-410mm-white-zip-ties","10":"product_tag-clothing-bag-security-tags","11":"product_tag-plastic-seal","12":"product_tag-security-plastic-seal","13":"product_tag-safety-plastic-seal","14":"product_tag-shipping-plastic-seal","15":"product_tag-custom-garment-security-seals","17":"first","18":"instock","19":"featured","20":"shipping-taxable","21":"product-type-simple"},"_links":{"self":[{"href":"https:\/\/www.woseal.com\/tr\/wp-json\/wp\/v2\/product\/3897","targetHints":{"allow":["GET"]}}],"collection":[{"href":"https:\/\/www.woseal.com\/tr\/wp-json\/wp\/v2\/product"}],"about":[{"href":"https:\/\/www.woseal.com\/tr\/wp-json\/wp\/v2\/types\/product"}],"version-history":[{"count":1,"href":"https:\/\/www.woseal.com\/tr\/wp-json\/wp\/v2\/product\/3897\/revisions"}],"predecessor-version":[{"id":3905,"href":"https:\/\/www.woseal.com\/tr\/wp-json\/wp\/v2\/product\/3897\/revisions\/3905"}],"wp:featuredmedia":[{"embeddable":true,"href":"https:\/\/www.woseal.com\/tr\/wp-json\/wp\/v2\/media\/3898"}],"wp:attachment":[{"href":"https:\/\/www.woseal.com\/tr\/wp-json\/wp\/v2\/media?parent=3897"}],"wp:term":[{"taxonomy":"product_brand","embeddable":true,"href":"https:\/\/www.woseal.com\/tr\/wp-json\/wp\/v2\/product_brand?post=3897"},{"taxonomy":"product_cat","embeddable":true,"href":"https:\/\/www.woseal.com\/tr\/wp-json\/wp\/v2\/product_cat?post=3897"},{"taxonomy":"product_tag","embeddable":true,"href":"https:\/\/www.woseal.com\/tr\/wp-json\/wp\/v2\/product_tag?post=3897"}],"curies":[{"name":"wp","href":"https:\/\/api.w.org\/{rel}","templated":true}]}}