{"id":3906,"date":"2025-04-07T17:17:07","date_gmt":"2025-04-07T09:17:07","guid":{"rendered":"https:\/\/www.woseal.com\/?post_type=product&#038;p=3906"},"modified":"2025-04-11T10:55:19","modified_gmt":"2025-04-11T02:55:19","slug":"pts-017-300mm-customized-disposable-plastic-seals-for-shoes-and-clothing-tightening-seal-anti-tamper-plastic-seal","status":"publish","type":"product","link":"https:\/\/www.woseal.com\/tr\/urun\/pts-017-300mm-customized-disposable-plastic-seals-for-shoes-and-clothing-tightening-seal-anti-tamper-plastic-seal","title":{"rendered":"PTS-017 300mm Ayakkab\u0131 ve Giysiler i\u00e7in \u00d6zelle\u015ftirilmi\u015f Tek Kullan\u0131ml\u0131k Plastik Contalar S\u0131kma Contas\u0131 Anti-sabotaj Plastik Conta"},"content":{"rendered":"<table class=\"has-title all magic-7\">\n<tbody>\n<tr>\n<td colspan=\"1\" rowspan=\"1\">\n<div class=\"magic-8\" data-spm-anchor-id=\"a2700.details-description.0.i0.4333pO24pO24Sh\">Men\u015fe Yeri<\/div>\n<\/td>\n<td colspan=\"1\" rowspan=\"1\">\n<div class=\"magic-9\">\u00c7in<\/div>\n<\/td>\n<\/tr>\n<tr>\n<td colspan=\"1\" rowspan=\"1\">\n<div class=\"magic-8\">\u00d6\u011fe<\/div>\n<\/td>\n<td colspan=\"1\" rowspan=\"1\">\n<div class=\"magic-9\">Plastik Conta<\/div>\n<\/td>\n<\/tr>\n<tr>\n<td colspan=\"1\" rowspan=\"1\">\n<div class=\"magic-8\">Model<\/div>\n<\/td>\n<td colspan=\"1\" rowspan=\"1\">\n<div class=\"magic-9\">TPS-017<\/div>\n<\/td>\n<\/tr>\n<tr>\n<td colspan=\"1\" rowspan=\"1\">\n<div class=\"magic-8\">Malzeme<\/div>\n<\/td>\n<td colspan=\"1\" rowspan=\"1\">\n<div class=\"magic-9\">PP+PE<\/div>\n<\/td>\n<\/tr>\n<tr>\n<td colspan=\"1\" rowspan=\"1\">\n<div class=\"magic-8\">Kilit g\u00f6vdesi boyutu<\/div>\n<\/td>\n<td colspan=\"1\" rowspan=\"1\">\n<div class=\"magic-9\">58*20*6mm<\/div>\n<\/td>\n<\/tr>\n<tr>\n<td colspan=\"1\" rowspan=\"1\">\n<div class=\"magic-8\">Uzunluk<\/div>\n<\/td>\n<td colspan=\"1\" rowspan=\"1\">\n<div class=\"magic-9\">200mm\/300mm\/400mm\/500mm<\/div>\n<\/td>\n<\/tr>\n<tr>\n<td colspan=\"1\" rowspan=\"1\">\n<div class=\"magic-8\">Renk<\/div>\n<\/td>\n<td colspan=\"1\" rowspan=\"1\">\n<div class=\"magic-9\">Sar\u0131, Beyaz, Mavi, Ye\u015fil, K\u0131rm\u0131z\u0131 ve benzeri<\/div>\n<\/td>\n<\/tr>\n<tr>\n<td colspan=\"1\" rowspan=\"1\">\n<div class=\"magic-8\">Bask\u0131 t\u00fcr\u00fc<\/div>\n<\/td>\n<td colspan=\"1\" rowspan=\"1\">\n<div class=\"magic-9\">Lazer markalama veya s\u0131cak damgalama, serigrafi, tto<\/div>\n<\/td>\n<\/tr>\n<tr>\n<td colspan=\"1\" rowspan=\"1\">\n<div class=\"magic-8\">\u0130\u00e7erik \u0130\u015faretleme<\/div>\n<\/td>\n<td colspan=\"1\" rowspan=\"1\">\n<div class=\"magic-9\">Say\u0131lar, harfler, i\u015faretler, barkodlar vb.<\/div>\n<\/td>\n<\/tr>\n<tr>\n<td colspan=\"1\" rowspan=\"1\">\n<div class=\"magic-8\">Paket<\/div>\n<\/td>\n<td colspan=\"1\" rowspan=\"1\">\n<div class=\"magic-9\">100 adet\/plastik torba, 1000 adet\/karton, 2000 adet\/karton<\/div>\n<\/td>\n<\/tr>\n<tr>\n<td colspan=\"1\" rowspan=\"1\">\n<div class=\"magic-8\">Uygulama<\/div>\n<\/td>\n<td colspan=\"1\" rowspan=\"1\">\n<div class=\"magic-9\">S\u00fcpermarketler, petrol, konteynerler, Demiryolu konteynerleri, saya\u00e7 kutular\u0131, banka c\u00fczdanlar\u0131 vb.<\/div>\n<\/td>\n<\/tr>\n<tr>\n<td colspan=\"1\" rowspan=\"1\">\n<div class=\"magic-8\">\u015eirket sertifikas\u0131<\/div>\n<\/td>\n<td colspan=\"1\" rowspan=\"1\">\n<div class=\"magic-9\">REACH,ISO9001,ISO14001,ISO45001<\/div>\n<\/td>\n<\/tr>\n<\/tbody>\n<\/table>\n<p>Kurcalamaya kar\u015f\u0131 korumal\u0131 g\u00fcvenlik ve kolayla\u015ft\u0131r\u0131lm\u0131\u015f lojistik i\u00e7in tasarlanan PTS-017 300mm \u00d6zelle\u015ftirilmi\u015f Tek Kullan\u0131ml\u0131k Plastik M\u00fch\u00fcrler ile ayakkab\u0131 ve giyim envanterinizi koruyun. Ayakkab\u0131lar, giysiler ve aksesuarlar i\u00e7in \u00f6zel olarak tasarlanan bu uzun 300 mm'lik m\u00fch\u00fcrler, bir\u00a0<strong>s\u0131kma mekanizmas\u0131<\/strong>\u00a0yetkisiz eri\u015fimi \u00f6nlerken \u00f6\u011feleri g\u00fcvenli bir \u015fekilde sabitlemek i\u00e7in. Dayan\u0131kl\u0131, esnek plastikten \u00fcretilmi\u015ftir, kurcalanmaya ve \u00e7evresel a\u015f\u0131nmaya kar\u015f\u0131 dayan\u0131kl\u0131d\u0131r.\u00a0<strong>tek kullan\u0131ml\u0131k tasar\u0131m<\/strong>\u00a0geri d\u00f6nd\u00fcr\u00fclemez koruma sa\u011flar. Marka g\u00f6r\u00fcn\u00fcrl\u00fc\u011f\u00fcn\u00fc art\u0131rmak, envanteri takip etmek ve denetimleri basitle\u015ftirmek i\u00e7in m\u00fch\u00fcrleri logolar, barkodlar veya QR kodlar\u0131yla \u00f6zelle\u015ftirin. Perakende ambalajlama, depo depolama ve e-ticaret sevkiyat\u0131 i\u00e7in ideal olan PTS-017, \u00fcr\u00fcn b\u00fct\u00fcnl\u00fc\u011f\u00fcn\u00fc korurken hafif, uygun maliyetli g\u00fcvenlik sa\u011flar.<\/p>","protected":false},"excerpt":{"rendered":"<p>PTS-017 300mm Tek Kullan\u0131ml\u0131k Plastik Contalar, perakende ve lojistik i\u00e7in \u00f6zelle\u015ftirilebilir markalama ile ayakkab\u0131, giysi ve aksesuarlar i\u00e7in kurcalamaya kar\u015f\u0131 s\u0131k\u0131la\u015ft\u0131rma g\u00fcvenli\u011fi sunar.<\/p>","protected":false},"featured_media":3907,"template":"","meta":[],"product_brand":[],"product_cat":[169],"product_tag":[190,191,375,382,383,384,385,386],"class_list":{"0":"post-3906","1":"product","2":"type-product","3":"status-publish","4":"has-post-thumbnail","6":"product_cat-plastic-seal","7":"product_tag-plastic-seal","8":"product_tag-security-plastic-seal","9":"product_tag-safety-plastic-seal","10":"product_tag-customized-shoe-seals","11":"product_tag-disposable-clothing-security-tags","12":"product_tag-anti-tamper-plastic-seals","13":"product_tag-pts-017-tightening-seals","14":"product_tag-300mm-disposable-security-ties","16":"first","17":"instock","18":"shipping-taxable","19":"product-type-simple"},"_links":{"self":[{"href":"https:\/\/www.woseal.com\/tr\/wp-json\/wp\/v2\/product\/3906","targetHints":{"allow":["GET"]}}],"collection":[{"href":"https:\/\/www.woseal.com\/tr\/wp-json\/wp\/v2\/product"}],"about":[{"href":"https:\/\/www.woseal.com\/tr\/wp-json\/wp\/v2\/types\/product"}],"version-history":[{"count":1,"href":"https:\/\/www.woseal.com\/tr\/wp-json\/wp\/v2\/product\/3906\/revisions"}],"predecessor-version":[{"id":3915,"href":"https:\/\/www.woseal.com\/tr\/wp-json\/wp\/v2\/product\/3906\/revisions\/3915"}],"wp:featuredmedia":[{"embeddable":true,"href":"https:\/\/www.woseal.com\/tr\/wp-json\/wp\/v2\/media\/3907"}],"wp:attachment":[{"href":"https:\/\/www.woseal.com\/tr\/wp-json\/wp\/v2\/media?parent=3906"}],"wp:term":[{"taxonomy":"product_brand","embeddable":true,"href":"https:\/\/www.woseal.com\/tr\/wp-json\/wp\/v2\/product_brand?post=3906"},{"taxonomy":"product_cat","embeddable":true,"href":"https:\/\/www.woseal.com\/tr\/wp-json\/wp\/v2\/product_cat?post=3906"},{"taxonomy":"product_tag","embeddable":true,"href":"https:\/\/www.woseal.com\/tr\/wp-json\/wp\/v2\/product_tag?post=3906"}],"curies":[{"name":"wp","href":"https:\/\/api.w.org\/{rel}","templated":true}]}}