{"id":3916,"date":"2025-04-07T17:36:03","date_gmt":"2025-04-07T09:36:03","guid":{"rendered":"https:\/\/www.woseal.com\/?post_type=product&#038;p=3916"},"modified":"2025-04-11T10:53:08","modified_gmt":"2025-04-11T02:53:08","slug":"pts-018-high-quality-safety-number-tensioning-plastic-seal-with-metal-insertion-oil-style-freight-plastic-zip-tie-tag-seal","status":"publish","type":"product","link":"https:\/\/www.woseal.com\/tr\/urun\/pts-018-high-quality-safety-number-tensioning-plastic-seal-with-metal-insertion-oil-style-freight-plastic-zip-tie-tag-seal","title":{"rendered":"PTS-018 Metal Eklemeli Y\u00fcksek Kaliteli G\u00fcvenlik Numaras\u0131 Germe Plastik Conta Ya\u011f Stili Y\u00fck Plastik Zip Kravat Etiketi Contas\u0131"},"content":{"rendered":"<table class=\"has-title all magic-7\">\n<tbody>\n<tr>\n<td colspan=\"1\" rowspan=\"1\">\n<div class=\"magic-8\" data-spm-anchor-id=\"a2700.details-description.0.i0.4407mrb8mrb8Q5\">Men\u015fe Yeri<\/div>\n<\/td>\n<td colspan=\"1\" rowspan=\"1\">\n<div class=\"magic-9\">\u00c7in<\/div>\n<\/td>\n<\/tr>\n<tr>\n<td colspan=\"1\" rowspan=\"1\">\n<div class=\"magic-8\">\u00d6\u011fe<\/div>\n<\/td>\n<td colspan=\"1\" rowspan=\"1\">\n<div class=\"magic-9\">Plastik Conta<\/div>\n<\/td>\n<\/tr>\n<tr>\n<td colspan=\"1\" rowspan=\"1\">\n<div class=\"magic-8\">Model<\/div>\n<\/td>\n<td colspan=\"1\" rowspan=\"1\">\n<div class=\"magic-9\">TPS-018<\/div>\n<\/td>\n<\/tr>\n<tr>\n<td colspan=\"1\" rowspan=\"1\">\n<div class=\"magic-8\">Malzeme<\/div>\n<\/td>\n<td colspan=\"1\" rowspan=\"1\">\n<div class=\"magic-9\">PP+PE<\/div>\n<\/td>\n<\/tr>\n<tr>\n<td colspan=\"1\" rowspan=\"1\">\n<div class=\"magic-8\">Kilit g\u00f6vdesi boyutu<\/div>\n<\/td>\n<td colspan=\"1\" rowspan=\"1\">\n<div class=\"magic-9\">75*25*6mm<\/div>\n<\/td>\n<\/tr>\n<tr>\n<td colspan=\"1\" rowspan=\"1\">\n<div class=\"magic-8\">Uzunluk<\/div>\n<\/td>\n<td colspan=\"1\" rowspan=\"1\">\n<div class=\"magic-9\">300\/400mm<\/div>\n<\/td>\n<\/tr>\n<tr>\n<td colspan=\"1\" rowspan=\"1\">\n<div class=\"magic-8\">Renk<\/div>\n<\/td>\n<td colspan=\"1\" rowspan=\"1\">\n<div class=\"magic-9\">Sar\u0131, Beyaz, Mavi, Ye\u015fil, K\u0131rm\u0131z\u0131 ve benzeri<\/div>\n<\/td>\n<\/tr>\n<tr>\n<td colspan=\"1\" rowspan=\"1\">\n<div class=\"magic-8\">Bask\u0131 t\u00fcr\u00fc<\/div>\n<\/td>\n<td colspan=\"1\" rowspan=\"1\">\n<div class=\"magic-9\">Lazer markalama veya s\u0131cak damgalama, serigrafi, tto<\/div>\n<\/td>\n<\/tr>\n<tr>\n<td colspan=\"1\" rowspan=\"1\">\n<div class=\"magic-8\">\u0130\u00e7erik \u0130\u015faretleme<\/div>\n<\/td>\n<td colspan=\"1\" rowspan=\"1\">\n<div class=\"magic-9\">Say\u0131lar, harfler, i\u015faretler, barkodlar vb.<\/div>\n<\/td>\n<\/tr>\n<tr>\n<td colspan=\"1\" rowspan=\"1\">\n<div class=\"magic-8\">Paket<\/div>\n<\/td>\n<td colspan=\"1\" rowspan=\"1\">\n<div class=\"magic-9\">100 adet\/plastik torba, 1000 adet\/karton, 2000 adet\/karton<\/div>\n<\/td>\n<\/tr>\n<tr>\n<td colspan=\"1\" rowspan=\"1\">\n<div class=\"magic-8\">Uygulama<\/div>\n<\/td>\n<td colspan=\"1\" rowspan=\"1\">\n<div class=\"magic-9\">Ekspres teslimat, lojistik, catering, hastaneler, posta hizmetleri, giyim, ayakkab\u0131, \u00e7anta, kutu vb.<\/div>\n<\/td>\n<\/tr>\n<tr>\n<td colspan=\"1\" rowspan=\"1\">\n<div class=\"magic-8\">\u015eirket sertifikas\u0131<\/div>\n<\/td>\n<td colspan=\"1\" rowspan=\"1\">\n<div class=\"magic-9\">REACH,ISO9001,ISO14001,ISO45001<\/div>\n<\/td>\n<\/tr>\n<\/tbody>\n<\/table>\n<p>PTS-018 Y\u00fcksek Kaliteli G\u00fcvenlik Numaras\u0131 Gerdirmeli Plastik M\u00fch\u00fcr ile y\u00fcksek riskli y\u00fckler i\u00e7in kurcalamaya dayan\u0131kl\u0131 g\u00fcvenlik sa\u011flay\u0131n. End\u00fcstriyel ve lojistik uygulamalar i\u00e7in tasarlanan bu a\u011f\u0131r hizmet tipi fermuarl\u0131 kravat m\u00fch\u00fcr, bir\u00a0<strong>metal yerle\u015ftirme<\/strong>\u00a0plastik g\u00f6vdesi i\u00e7inde, gerilme mukavemetini ve kesme, yarma veya zorla \u00e7\u0131karmaya kar\u015f\u0131 direnci art\u0131r\u0131r. Yerle\u015fik\u00a0<strong>benzersiz g\u00fcvenlik numaraland\u0131rmas\u0131<\/strong>\u00a0Kolay takip, envanter y\u00f6netimi ve uygunluk denetimleri sa\u011flarken, ayarlanabilir gerdirme mekanizmas\u0131 vanalar\u0131n, ya\u011f varillerinin veya kargonun etraf\u0131na s\u0131k\u0131 ve g\u00fcvenli bir \u015fekilde oturmas\u0131n\u0131 sa\u011flar. \"Petrol tarz\u0131\" sa\u011flamla\u015ft\u0131r\u0131lm\u0131\u015f tasar\u0131m\u0131 nem, kimyasallar ve a\u015f\u0131r\u0131 s\u0131cakl\u0131klar gibi zorlu ortamlara dayan\u0131r, bu da onu petrol ve gaz, nakliye ve a\u011f\u0131r makine end\u00fcstrileri i\u00e7in ideal hale getirir. Logolar veya barkodlarla \u00f6zelle\u015ftirilebilen PTS-018, kritik varl\u0131klar\u0131 korumak i\u00e7in dayan\u0131kl\u0131l\u0131k, izlenebilirlik ve kurcalanmaya kar\u015f\u0131 g\u00fcvenilirli\u011fi bir araya getirir.<\/p>","protected":false},"excerpt":{"rendered":"<p>PTS-018 Plastik Fermuarl\u0131 Ba\u011f Ke\u00e7esi, kurcalamaya dayan\u0131kl\u0131 y\u00fck, vana ve end\u00fcstriyel kargo korumas\u0131 i\u00e7in metal takviyeli g\u00fcvenlik, g\u00fcvenlik numaraland\u0131rmas\u0131 ve ya\u011f tarz\u0131 dayan\u0131kl\u0131l\u0131k \u00f6zelliklerine sahiptir.<\/p>","protected":false},"featured_media":3920,"template":"","meta":[],"product_brand":[],"product_cat":[169],"product_tag":[387,388,389,390,391,190,191,375,376],"class_list":{"0":"post-3916","1":"product","2":"type-product","3":"status-publish","4":"has-post-thumbnail","6":"product_cat-plastic-seal","7":"product_tag-metal-insertion-plastic-seals","8":"product_tag-safety-number-zip-ties","9":"product_tag-pts-018-tensioning-seals","10":"product_tag-oil-style-freight-security-tags","11":"product_tag-industrial-tamper-proof-seals","12":"product_tag-plastic-seal","13":"product_tag-security-plastic-seal","14":"product_tag-safety-plastic-seal","15":"product_tag-shipping-plastic-seal","17":"first","18":"instock","19":"shipping-taxable","20":"product-type-simple"},"_links":{"self":[{"href":"https:\/\/www.woseal.com\/tr\/wp-json\/wp\/v2\/product\/3916","targetHints":{"allow":["GET"]}}],"collection":[{"href":"https:\/\/www.woseal.com\/tr\/wp-json\/wp\/v2\/product"}],"about":[{"href":"https:\/\/www.woseal.com\/tr\/wp-json\/wp\/v2\/types\/product"}],"version-history":[{"count":1,"href":"https:\/\/www.woseal.com\/tr\/wp-json\/wp\/v2\/product\/3916\/revisions"}],"predecessor-version":[{"id":3927,"href":"https:\/\/www.woseal.com\/tr\/wp-json\/wp\/v2\/product\/3916\/revisions\/3927"}],"wp:featuredmedia":[{"embeddable":true,"href":"https:\/\/www.woseal.com\/tr\/wp-json\/wp\/v2\/media\/3920"}],"wp:attachment":[{"href":"https:\/\/www.woseal.com\/tr\/wp-json\/wp\/v2\/media?parent=3916"}],"wp:term":[{"taxonomy":"product_brand","embeddable":true,"href":"https:\/\/www.woseal.com\/tr\/wp-json\/wp\/v2\/product_brand?post=3916"},{"taxonomy":"product_cat","embeddable":true,"href":"https:\/\/www.woseal.com\/tr\/wp-json\/wp\/v2\/product_cat?post=3916"},{"taxonomy":"product_tag","embeddable":true,"href":"https:\/\/www.woseal.com\/tr\/wp-json\/wp\/v2\/product_tag?post=3916"}],"curies":[{"name":"wp","href":"https:\/\/api.w.org\/{rel}","templated":true}]}}