{"id":3929,"date":"2025-04-08T10:46:12","date_gmt":"2025-04-08T02:46:12","guid":{"rendered":"https:\/\/www.woseal.com\/?post_type=product&#038;p=3929"},"modified":"2025-04-11T10:50:01","modified_gmt":"2025-04-11T02:50:01","slug":"pts-019-customizable-full-plastic-trips-security-seal-non-slip-tail-staples-for-security-seals-plastic","status":"publish","type":"product","link":"https:\/\/www.woseal.com\/tr\/urun\/pts-019-customizable-full-plastic-trips-security-seal-non-slip-tail-staples-for-security-seals-plastic","title":{"rendered":"PTS-019 \u00d6zelle\u015ftirilebilir Tam Plastik Geziler G\u00fcvenlik M\u00fchr\u00fc G\u00fcvenlik M\u00fch\u00fcrleri i\u00e7in Kaymaz Kuyruk Z\u0131mbalar\u0131 Plastik"},"content":{"rendered":"<table class=\"has-title all magic-7\">\n<tbody>\n<tr>\n<td colspan=\"1\" rowspan=\"1\">\n<div class=\"magic-8\" data-spm-anchor-id=\"a2700.details-description.0.i0.31ffbwsDbwsDbr\">Men\u015fe Yeri<\/div>\n<\/td>\n<td colspan=\"1\" rowspan=\"1\">\n<div class=\"magic-9\">\u00c7in<\/div>\n<\/td>\n<\/tr>\n<tr>\n<td colspan=\"1\" rowspan=\"1\">\n<div class=\"magic-8\">\u00d6\u011fe<\/div>\n<\/td>\n<td colspan=\"1\" rowspan=\"1\">\n<div class=\"magic-9\">Plastik Conta<\/div>\n<\/td>\n<\/tr>\n<tr>\n<td colspan=\"1\" rowspan=\"1\">\n<div class=\"magic-8\">Model<\/div>\n<\/td>\n<td colspan=\"1\" rowspan=\"1\">\n<div class=\"magic-9\">TPS-019<\/div>\n<\/td>\n<\/tr>\n<tr>\n<td colspan=\"1\" rowspan=\"1\">\n<div class=\"magic-8\">Malzeme<\/div>\n<\/td>\n<td colspan=\"1\" rowspan=\"1\">\n<div class=\"magic-9\">PP+PE<\/div>\n<\/td>\n<\/tr>\n<tr>\n<td colspan=\"1\" rowspan=\"1\">\n<div class=\"magic-8\">Kilit g\u00f6vdesi boyutu<\/div>\n<\/td>\n<td colspan=\"1\" rowspan=\"1\">\n<div class=\"magic-9\">66*30*15mm<\/div>\n<\/td>\n<\/tr>\n<tr>\n<td colspan=\"1\" rowspan=\"1\">\n<div class=\"magic-8\">Uzunluk<\/div>\n<\/td>\n<td colspan=\"1\" rowspan=\"1\">\n<div class=\"magic-9\">300mm<\/div>\n<\/td>\n<\/tr>\n<tr>\n<td colspan=\"1\" rowspan=\"1\">\n<div class=\"magic-8\">Renk<\/div>\n<\/td>\n<td colspan=\"1\" rowspan=\"1\">\n<div class=\"magic-9\">Sar\u0131, Beyaz, Mavi, Ye\u015fil, K\u0131rm\u0131z\u0131 ve benzeri<\/div>\n<\/td>\n<\/tr>\n<tr>\n<td colspan=\"1\" rowspan=\"1\">\n<div class=\"magic-8\">Bask\u0131 t\u00fcr\u00fc<\/div>\n<\/td>\n<td colspan=\"1\" rowspan=\"1\">\n<div class=\"magic-9\">Lazer markalama veya s\u0131cak damgalama, serigrafi, tto<\/div>\n<\/td>\n<\/tr>\n<tr>\n<td colspan=\"1\" rowspan=\"1\">\n<div class=\"magic-8\">\u0130\u00e7erik \u0130\u015faretleme<\/div>\n<\/td>\n<td colspan=\"1\" rowspan=\"1\">\n<div class=\"magic-9\">Say\u0131lar, harfler, i\u015faretler, barkodlar vb.<\/div>\n<\/td>\n<\/tr>\n<tr>\n<td colspan=\"1\" rowspan=\"1\">\n<div class=\"magic-8\">Paket<\/div>\n<\/td>\n<td colspan=\"1\" rowspan=\"1\">\n<div class=\"magic-9\">100 adet\/plastik torba, 1000 adet\/karton, 2000 adet\/karton<\/div>\n<\/td>\n<\/tr>\n<tr>\n<td colspan=\"1\" rowspan=\"1\">\n<div class=\"magic-8\">Uygulama<\/div>\n<\/td>\n<td colspan=\"1\" rowspan=\"1\">\n<div class=\"magic-9\">S\u00fcpermarketler, petrol, konteynerler, Demiryolu konteynerleri, saya\u00e7 kutular\u0131, banka c\u00fczdanlar\u0131 vb.<\/div>\n<\/td>\n<\/tr>\n<tr>\n<td colspan=\"1\" rowspan=\"1\">\n<div class=\"magic-8\">\u015eirket sertifikas\u0131<\/div>\n<\/td>\n<td colspan=\"1\" rowspan=\"1\">\n<div class=\"magic-9\">REACH,ISO9001,ISO14001,ISO45001<\/div>\n<\/td>\n<\/tr>\n<\/tbody>\n<\/table>\n<p>Lojistik, kargo ve end\u00fcstriyel uygulamalarda g\u00fcvenilirlik ve \u00e7ok y\u00f6nl\u00fcl\u00fck i\u00e7in tasarlanan PTS-019 \u00d6zelle\u015ftirilebilir Tam Plastik Trip G\u00fcvenlik M\u00fchr\u00fc ile kurcalamaya kar\u015f\u0131 korumal\u0131 g\u00fcvenli\u011fi art\u0131r\u0131n. \u00d6zelli\u011fi\u00a0<strong>kaymaz kuyruk z\u0131mbas\u0131<\/strong>\u00a0ve tamamen plastik bir yap\u0131ya sahip olan bu conta, ta\u015f\u0131ma s\u0131ras\u0131nda gev\u015femeye veya manip\u00fclasyona kar\u015f\u0131 diren\u00e7li, s\u0131k\u0131 ve geri d\u00f6nd\u00fcr\u00fclemez bir tutu\u015f sa\u011flar. Bu m\u00fch\u00fcr\u00a0<strong>\u00f6zelle\u015ftirilebilir y\u00fczey<\/strong>\u00a0markalama, s\u0131ral\u0131 numaraland\u0131rma veya barkodlamaya olanak tan\u0131yarak envanter takibini ve uygunluk denetimlerini kolayla\u015ft\u0131r\u0131r. Paketleri, konteynerleri veya ekipman\u0131 sabitlemek i\u00e7in ideal olan dayan\u0131kl\u0131 polipropilen malzemesi sert kullan\u0131m, nem ve s\u0131cakl\u0131k dalgalanmalar\u0131na kar\u015f\u0131 dayan\u0131kl\u0131d\u0131r. Benzersiz \"trip\" tasar\u0131m\u0131 daha fazla g\u00fcvenlik i\u00e7in birden fazla kilitleme noktas\u0131 sa\u011flarken, hafif, korozyona dayan\u0131kl\u0131 yap\u0131s\u0131 uygulama ve denetimi kolayla\u015ft\u0131r\u0131r. Sevkiyatlar\u0131 ve varl\u0131klar\u0131 kurcalanmaya kar\u015f\u0131 hassas bir \u015fekilde korumak i\u00e7in PTS-019'a g\u00fcvenin.<\/p>","protected":false},"excerpt":{"rendered":"<p>PTS-019 Plastik Trips Seal, kurcalamaya dayan\u0131kl\u0131 lojistik, kargo ve end\u00fcstriyel s\u0131zd\u0131rmazl\u0131k ihtiya\u00e7lar\u0131 i\u00e7in kaymaz kuyruk z\u0131mbalar\u0131 ve tam \u00f6zelle\u015ftirilebilir g\u00fcvenlik sunar.<\/p>","protected":false},"featured_media":3930,"template":"","meta":[],"product_brand":[],"product_cat":[169],"product_tag":[394,395,190,191,376,391,392,393],"class_list":{"0":"post-3929","1":"product","2":"type-product","3":"status-publish","4":"has-post-thumbnail","6":"product_cat-plastic-seal","7":"product_tag-pts-019-tail-staples","8":"product_tag-full-plastic-security-seals","9":"product_tag-plastic-seal","10":"product_tag-security-plastic-seal","11":"product_tag-shipping-plastic-seal","12":"product_tag-industrial-tamper-proof-seals","13":"product_tag-non-slip-plastic-seals","14":"product_tag-customizable-trips-security-tags","16":"first","17":"instock","18":"shipping-taxable","19":"product-type-simple"},"_links":{"self":[{"href":"https:\/\/www.woseal.com\/tr\/wp-json\/wp\/v2\/product\/3929","targetHints":{"allow":["GET"]}}],"collection":[{"href":"https:\/\/www.woseal.com\/tr\/wp-json\/wp\/v2\/product"}],"about":[{"href":"https:\/\/www.woseal.com\/tr\/wp-json\/wp\/v2\/types\/product"}],"version-history":[{"count":2,"href":"https:\/\/www.woseal.com\/tr\/wp-json\/wp\/v2\/product\/3929\/revisions"}],"predecessor-version":[{"id":3938,"href":"https:\/\/www.woseal.com\/tr\/wp-json\/wp\/v2\/product\/3929\/revisions\/3938"}],"wp:featuredmedia":[{"embeddable":true,"href":"https:\/\/www.woseal.com\/tr\/wp-json\/wp\/v2\/media\/3930"}],"wp:attachment":[{"href":"https:\/\/www.woseal.com\/tr\/wp-json\/wp\/v2\/media?parent=3929"}],"wp:term":[{"taxonomy":"product_brand","embeddable":true,"href":"https:\/\/www.woseal.com\/tr\/wp-json\/wp\/v2\/product_brand?post=3929"},{"taxonomy":"product_cat","embeddable":true,"href":"https:\/\/www.woseal.com\/tr\/wp-json\/wp\/v2\/product_cat?post=3929"},{"taxonomy":"product_tag","embeddable":true,"href":"https:\/\/www.woseal.com\/tr\/wp-json\/wp\/v2\/product_tag?post=3929"}],"curies":[{"name":"wp","href":"https:\/\/api.w.org\/{rel}","templated":true}]}}