{"id":3984,"date":"2025-04-08T16:34:11","date_gmt":"2025-04-08T08:34:11","guid":{"rendered":"https:\/\/www.woseal.com\/?post_type=product&#038;p=3984"},"modified":"2025-04-11T09:48:14","modified_gmt":"2025-04-11T01:48:14","slug":"pts-031-disposable-safety-padlock-seal-lock-tamper-evidence-secure-seal","status":"publish","type":"product","link":"https:\/\/www.woseal.com\/tr\/urun\/pts-031-disposable-safety-padlock-seal-lock-tamper-evidence-secure-seal","title":{"rendered":"PTS-031 Tek Kullan\u0131ml\u0131k G\u00fcvenlik Asma Kilit M\u00fch\u00fcr Kilidi Kurcalamaya Kar\u015f\u0131 G\u00fcvenli M\u00fch\u00fcr"},"content":{"rendered":"<table class=\"has-title all magic-7\">\n<tbody>\n<tr>\n<td colspan=\"1\" rowspan=\"1\">\n<div class=\"magic-8\" data-spm-anchor-id=\"a2700.details-description.0.i0.4b24K6G6K6G6aw\">Men\u015fe Yeri<\/div>\n<\/td>\n<td colspan=\"1\" rowspan=\"1\">\n<div class=\"magic-9\">\u00c7in<\/div>\n<\/td>\n<\/tr>\n<tr>\n<td colspan=\"1\" rowspan=\"1\">\n<div class=\"magic-8\">\u00d6\u011fe<\/div>\n<\/td>\n<td colspan=\"1\" rowspan=\"1\">\n<div class=\"magic-9\">Asma Kilit Contas\u0131<\/div>\n<\/td>\n<\/tr>\n<tr>\n<td colspan=\"1\" rowspan=\"1\">\n<div class=\"magic-8\">Model<\/div>\n<\/td>\n<td colspan=\"1\" rowspan=\"1\">\n<div class=\"magic-9\">TPS-031<\/div>\n<\/td>\n<\/tr>\n<tr>\n<td colspan=\"1\" rowspan=\"1\">\n<div class=\"magic-8\">Malzeme<\/div>\n<\/td>\n<td colspan=\"1\" rowspan=\"1\">\n<div class=\"magic-9\">PP+PE<\/div>\n<\/td>\n<\/tr>\n<tr>\n<td colspan=\"1\" rowspan=\"1\">\n<div class=\"magic-8\">Kilit g\u00f6vdesi boyutu<\/div>\n<\/td>\n<td colspan=\"1\" rowspan=\"1\">\n<div class=\"magic-9\">61*38*3.5mm<\/div>\n<\/td>\n<\/tr>\n<tr>\n<td colspan=\"1\" rowspan=\"1\">\n<div class=\"magic-8\">Renk<\/div>\n<\/td>\n<td colspan=\"1\" rowspan=\"1\">\n<div class=\"magic-9\">Sar\u0131, Beyaz, Mavi, Ye\u015fil, K\u0131rm\u0131z\u0131, Di\u011ferleri vb.<\/div>\n<\/td>\n<\/tr>\n<tr>\n<td colspan=\"1\" rowspan=\"1\">\n<div class=\"magic-8\">Bask\u0131 t\u00fcr\u00fc<\/div>\n<\/td>\n<td colspan=\"1\" rowspan=\"1\">\n<div class=\"magic-9\">Lazer markalama veya s\u0131cak damgalama, serigrafi, tto<\/div>\n<\/td>\n<\/tr>\n<tr>\n<td colspan=\"1\" rowspan=\"1\">\n<div class=\"magic-8\">\u0130\u00e7erik \u0130\u015faretleme<\/div>\n<\/td>\n<td colspan=\"1\" rowspan=\"1\">\n<div class=\"magic-9\">Say\u0131lar, harfler, i\u015faretler, barkodlar vb.<\/div>\n<\/td>\n<\/tr>\n<tr>\n<td colspan=\"1\" rowspan=\"1\">\n<div class=\"magic-8\">Paket<\/div>\n<\/td>\n<td colspan=\"1\" rowspan=\"1\">\n<div class=\"magic-9\">100 adet\/plastik torba, 1000 adet\/karton, 2000 adet\/karton<\/div>\n<\/td>\n<\/tr>\n<tr>\n<td colspan=\"1\" rowspan=\"1\">\n<div class=\"magic-8\">Uygulama<\/div>\n<\/td>\n<td colspan=\"1\" rowspan=\"1\">\n<div class=\"magic-9\">S\u00fcpermarketler, petrol, konteynerler, Demiryolu konteynerleri, saya\u00e7 kutular\u0131, banka c\u00fczdanlar\u0131 vb.<\/div>\n<\/td>\n<\/tr>\n<tr>\n<td colspan=\"1\" rowspan=\"1\">\n<div class=\"magic-8\">\u015eirket sertifikas\u0131<\/div>\n<\/td>\n<td colspan=\"1\" rowspan=\"1\">\n<div class=\"magic-9\">REACH,ISO9001,ISO14001,ISO45001<\/div>\n<\/td>\n<\/tr>\n<\/tbody>\n<\/table>\n<p>Ensure tamper-proof security for your cargo and equipment with the PTS-031 Disposable Safety Padlock Seal Lock. Designed for one-time use, this plastic padlock seal features a robust, snap-lock mechanism that provides irreversible protection, leaving clear visible evidence of tampering. Made from high-strength, lightweight polypropylene, it resists cutting, weather exposure, and physical manipulation, making it ideal for securing shipping containers, truck doors, meters, or industrial equipment. The tamper-evident design ensures compliance with logistics and safety standards, while its bright color options enhance visibility for quick inspections. Affordable and easy to apply, the PTS-031 streamlines supply chain security, reduces theft risks, and safeguards high-value shipments.<\/p>","protected":false},"excerpt":{"rendered":"<p>The PTS-031 Plastic Padlock Seal delivers tamper-evident, disposable security for logistics, containers, and equipment with a snap-lock design and irreversible protection.<\/p>","protected":false},"featured_media":3985,"template":"","meta":[],"product_brand":[],"product_cat":[173],"product_tag":[428,432,433,434,435,436,437,438],"class_list":{"0":"post-3984","1":"product","2":"type-product","3":"status-publish","4":"has-post-thumbnail","6":"product_cat-padlock-seal","7":"product_tag-padlock-seal","8":"product_tag-secure-plastic-seal","9":"product_tag-disposable-security-seal","10":"product_tag-disposable-padlock-seals","11":"product_tag-tamper-evident-security-locks","12":"product_tag-pts-031-plastic-seals","13":"product_tag-snap-lock-cargo-seals","14":"product_tag-industrial-safety-padlocks","16":"first","17":"instock","18":"shipping-taxable","19":"product-type-simple"},"_links":{"self":[{"href":"https:\/\/www.woseal.com\/tr\/wp-json\/wp\/v2\/product\/3984","targetHints":{"allow":["GET"]}}],"collection":[{"href":"https:\/\/www.woseal.com\/tr\/wp-json\/wp\/v2\/product"}],"about":[{"href":"https:\/\/www.woseal.com\/tr\/wp-json\/wp\/v2\/types\/product"}],"version-history":[{"count":1,"href":"https:\/\/www.woseal.com\/tr\/wp-json\/wp\/v2\/product\/3984\/revisions"}],"predecessor-version":[{"id":3992,"href":"https:\/\/www.woseal.com\/tr\/wp-json\/wp\/v2\/product\/3984\/revisions\/3992"}],"wp:featuredmedia":[{"embeddable":true,"href":"https:\/\/www.woseal.com\/tr\/wp-json\/wp\/v2\/media\/3985"}],"wp:attachment":[{"href":"https:\/\/www.woseal.com\/tr\/wp-json\/wp\/v2\/media?parent=3984"}],"wp:term":[{"taxonomy":"product_brand","embeddable":true,"href":"https:\/\/www.woseal.com\/tr\/wp-json\/wp\/v2\/product_brand?post=3984"},{"taxonomy":"product_cat","embeddable":true,"href":"https:\/\/www.woseal.com\/tr\/wp-json\/wp\/v2\/product_cat?post=3984"},{"taxonomy":"product_tag","embeddable":true,"href":"https:\/\/www.woseal.com\/tr\/wp-json\/wp\/v2\/product_tag?post=3984"}],"curies":[{"name":"wp","href":"https:\/\/api.w.org\/{rel}","templated":true}]}}