{"id":3993,"date":"2025-04-08T17:00:58","date_gmt":"2025-04-08T09:00:58","guid":{"rendered":"https:\/\/www.woseal.com\/?post_type=product&#038;p=3993"},"modified":"2025-04-11T09:45:20","modified_gmt":"2025-04-11T01:45:20","slug":"pls-001-simple-and-easy-to-seal-safety-padlock-with-serial-number-anti-theft-padlock-seal","status":"publish","type":"product","link":"https:\/\/www.woseal.com\/tr\/urun\/pls-001-simple-and-easy-to-seal-safety-padlock-with-serial-number-anti-theft-padlock-seal","title":{"rendered":"PLS-001 Basit ve M\u00fch\u00fcrlemesi Kolay Seri Numaral\u0131 Emniyet Asma Kilidi H\u0131rs\u0131zl\u0131\u011fa Kar\u015f\u0131 Asma Kilit M\u00fchr\u00fc"},"content":{"rendered":"<table class=\"has-title all magic-10\">\n<tbody>\n<tr>\n<td colspan=\"1\" rowspan=\"1\">\n<div class=\"magic-11\" data-spm-anchor-id=\"a2700.details.0.i82.20ee794cs0IU5k\">Men\u015fe Yeri<\/div>\n<\/td>\n<td colspan=\"1\" rowspan=\"1\">\n<div class=\"magic-12\">\u00c7in<\/div>\n<\/td>\n<\/tr>\n<tr>\n<td colspan=\"1\" rowspan=\"1\">\n<div class=\"magic-11\">\u00d6\u011fe<\/div>\n<\/td>\n<td colspan=\"1\" rowspan=\"1\">\n<div class=\"magic-12\">Asma Kilit Contas\u0131<\/div>\n<\/td>\n<\/tr>\n<tr>\n<td colspan=\"1\" rowspan=\"1\">\n<div class=\"magic-11\">Model<\/div>\n<\/td>\n<td colspan=\"1\" rowspan=\"1\">\n<div class=\"magic-12\">PLS-001<\/div>\n<\/td>\n<\/tr>\n<tr>\n<td colspan=\"1\" rowspan=\"1\">\n<div class=\"magic-11\">Malzeme<\/div>\n<\/td>\n<td colspan=\"1\" rowspan=\"1\">\n<div class=\"magic-12\">ABS+Steel<\/div>\n<\/td>\n<\/tr>\n<tr>\n<td colspan=\"1\" rowspan=\"1\">\n<div class=\"magic-11\">Kilit g\u00f6vdesi boyutu<\/div>\n<\/td>\n<td colspan=\"1\" rowspan=\"1\">\n<div class=\"magic-12\">81*31.5*9.8mm<\/div>\n<\/td>\n<\/tr>\n<tr>\n<td colspan=\"1\" rowspan=\"1\">\n<div class=\"magic-11\">Renk<\/div>\n<\/td>\n<td colspan=\"1\" rowspan=\"1\">\n<div class=\"magic-12\">Sar\u0131, Beyaz, Mavi, Ye\u015fil, K\u0131rm\u0131z\u0131, Di\u011ferleri vb.<\/div>\n<\/td>\n<\/tr>\n<tr>\n<td colspan=\"1\" rowspan=\"1\">\n<div class=\"magic-11\">Bask\u0131 t\u00fcr\u00fc<\/div>\n<\/td>\n<td colspan=\"1\" rowspan=\"1\">\n<div class=\"magic-12\">Lazer markalama veya s\u0131cak damgalama, serigrafi, tto<\/div>\n<\/td>\n<\/tr>\n<tr>\n<td colspan=\"1\" rowspan=\"1\">\n<div class=\"magic-11\">\u0130\u00e7erik \u0130\u015faretleme<\/div>\n<\/td>\n<td colspan=\"1\" rowspan=\"1\">\n<div class=\"magic-12\">Say\u0131lar, harfler, i\u015faretler, barkodlar vb.<\/div>\n<\/td>\n<\/tr>\n<tr>\n<td colspan=\"1\" rowspan=\"1\">\n<div class=\"magic-11\">Paket<\/div>\n<\/td>\n<td colspan=\"1\" rowspan=\"1\">\n<div class=\"magic-12\">10 0pcs \/ plastic bag,50 bags for one carton or can be customized<\/div>\n<\/td>\n<\/tr>\n<tr>\n<td colspan=\"1\" rowspan=\"1\">\n<div class=\"magic-11\">Uygulama<\/div>\n<\/td>\n<td colspan=\"1\" rowspan=\"1\">\n<div class=\"magic-12\">Express delivery, logistics, catering, hospitals, postal services, clothing, shoes, bags, boxes etc.<\/div>\n<\/td>\n<\/tr>\n<tr>\n<td colspan=\"1\" rowspan=\"1\">\n<div class=\"magic-11\">\u015eirket sertifikas\u0131<\/div>\n<\/td>\n<td colspan=\"1\" rowspan=\"1\">\n<div class=\"magic-12\">ISO9001,ISO14001,ISO45001<\/div>\n<\/td>\n<\/tr>\n<\/tbody>\n<\/table>\n<p>Secure your cargo effortlessly with the PLS-001 Simple and Easy-to-Seal Safety Padlock, designed for tamper-proof logistics and anti-theft protection. This plastic padlock seal features a\u00a0<strong>unique serial number<\/strong>\u00a0for traceability and compliance, ensuring easy tracking and audit readiness. Its user-friendly design allows quick, tool-free application\u2014simply snap the lock closed for instant security. Made from durable, weather-resistant plastic, it withstands harsh handling and environmental conditions while providing visible evidence of tampering. Ideal for shipping containers, truck doors, warehouses, and high-value freight, the PLS-001 combines lightweight convenience with industrial-grade reliability. Protect your assets, deter theft, and streamline supply chain integrity with this cost-effective, disposable security solution.<\/p>","protected":false},"excerpt":{"rendered":"<p>The PLS-001 Plastic Padlock Seal offers tamper-evident security with serialized tracking, designed for simple, tool-free anti-theft protection in logistics and transport.<\/p>","protected":false},"featured_media":3994,"template":"","meta":[],"product_brand":[],"product_cat":[173],"product_tag":[445,446,439,440,441,442,443,444],"class_list":{"0":"post-3993","1":"product","2":"type-product","3":"status-publish","4":"has-post-thumbnail","6":"product_cat-padlock-seal","7":"product_tag-logistics-safety-locks","8":"product_tag-disposable-security-padlocks","9":"product_tag-security-plastic-padlock-seals","10":"product_tag-padlock-seal-airline","11":"product_tag-numbered-padlock-seal","12":"product_tag-anti-theft-padlock-seal","13":"product_tag-serialized-security-locks","14":"product_tag-plastic-padlock-seals","16":"first","17":"instock","18":"shipping-taxable","19":"product-type-simple"},"_links":{"self":[{"href":"https:\/\/www.woseal.com\/tr\/wp-json\/wp\/v2\/product\/3993","targetHints":{"allow":["GET"]}}],"collection":[{"href":"https:\/\/www.woseal.com\/tr\/wp-json\/wp\/v2\/product"}],"about":[{"href":"https:\/\/www.woseal.com\/tr\/wp-json\/wp\/v2\/types\/product"}],"version-history":[{"count":1,"href":"https:\/\/www.woseal.com\/tr\/wp-json\/wp\/v2\/product\/3993\/revisions"}],"predecessor-version":[{"id":4001,"href":"https:\/\/www.woseal.com\/tr\/wp-json\/wp\/v2\/product\/3993\/revisions\/4001"}],"wp:featuredmedia":[{"embeddable":true,"href":"https:\/\/www.woseal.com\/tr\/wp-json\/wp\/v2\/media\/3994"}],"wp:attachment":[{"href":"https:\/\/www.woseal.com\/tr\/wp-json\/wp\/v2\/media?parent=3993"}],"wp:term":[{"taxonomy":"product_brand","embeddable":true,"href":"https:\/\/www.woseal.com\/tr\/wp-json\/wp\/v2\/product_brand?post=3993"},{"taxonomy":"product_cat","embeddable":true,"href":"https:\/\/www.woseal.com\/tr\/wp-json\/wp\/v2\/product_cat?post=3993"},{"taxonomy":"product_tag","embeddable":true,"href":"https:\/\/www.woseal.com\/tr\/wp-json\/wp\/v2\/product_tag?post=3993"}],"curies":[{"name":"wp","href":"https:\/\/api.w.org\/{rel}","templated":true}]}}