{"id":4026,"date":"2025-04-10T11:53:56","date_gmt":"2025-04-10T03:53:56","guid":{"rendered":"https:\/\/www.woseal.com\/?post_type=product&#038;p=4026"},"modified":"2025-04-11T09:39:21","modified_gmt":"2025-04-11T01:39:21","slug":"cbs-013-professional-aluminum-cable-security-seals-with-iso17712-for-wholesales-for-seals-category","status":"publish","type":"product","link":"https:\/\/www.woseal.com\/tr\/urun\/cbs-013-professional-aluminum-cable-security-seals-with-iso17712-for-wholesales-for-seals-category","title":{"rendered":"CBS-013 Professional Aluminum Cable Security Seals with ISO17712 for Wholesales for Seals Category"},"content":{"rendered":"<table class=\"has-title all magic-11\">\n<tbody>\n<tr>\n<td colspan=\"1\" rowspan=\"1\">\n<div class=\"magic-12\" data-spm-anchor-id=\"a2700.details.0.i77.121b6312zqss0Z\">\u0130sim<\/div>\n<\/td>\n<td colspan=\"1\" rowspan=\"1\">\n<div class=\"magic-13\">CBS-013<\/div>\n<\/td>\n<\/tr>\n<tr>\n<td colspan=\"1\" rowspan=\"1\">\n<div class=\"magic-12\">malzeme<\/div>\n<\/td>\n<td colspan=\"1\" rowspan=\"1\">\n<div class=\"magic-13\">Al\u00fcminyum Ala\u015f\u0131ml\u0131, A3 tel halat<\/div>\n<\/td>\n<\/tr>\n<tr>\n<td colspan=\"1\" rowspan=\"1\">\n<div class=\"magic-12\">Kilit g\u00f6vdesi boyutu<\/div>\n<\/td>\n<td colspan=\"1\" rowspan=\"1\">\n<div class=\"magic-13\">26,3*26*7,5mm<\/div>\n<\/td>\n<\/tr>\n<tr>\n<td colspan=\"1\" rowspan=\"1\">\n<div class=\"magic-12\">\u00c7ap<\/div>\n<\/td>\n<td colspan=\"1\" rowspan=\"1\">\n<div class=\"magic-13\">3,5 mm<\/div>\n<\/td>\n<\/tr>\n<tr>\n<td colspan=\"1\" rowspan=\"1\">\n<div class=\"magic-12\">\u0130malat s\u00fcreci<\/div>\n<\/td>\n<td colspan=\"1\" rowspan=\"1\">\n<div class=\"magic-13\">enjeksiyon \uff0c Damgalama<\/div>\n<\/td>\n<\/tr>\n<tr>\n<td colspan=\"1\" rowspan=\"1\">\n<div class=\"magic-12\">Renk<\/div>\n<\/td>\n<td colspan=\"1\" rowspan=\"1\">\n<div class=\"magic-13\">K\u0131rm\u0131z\u0131, Sar\u0131, Siyah, Mavi, Ye\u015fil ve benzeri<\/div>\n<\/td>\n<\/tr>\n<tr>\n<td colspan=\"1\" rowspan=\"1\">\n<div class=\"magic-12\">Kablo malzemesi<\/div>\n<\/td>\n<td colspan=\"1\" rowspan=\"1\">\n<div class=\"magic-13\">A3 \u00e7elik<\/div>\n<\/td>\n<\/tr>\n<tr>\n<td colspan=\"1\" rowspan=\"1\">\n<div class=\"magic-12\">Kablo uzunlu\u011fu<\/div>\n<\/td>\n<td colspan=\"1\" rowspan=\"1\">\n<div class=\"magic-13\">25cm, 30cm uzunluk, herhangi bir uzunluk \u00f6zelle\u015ftirilebilir<\/div>\n<\/td>\n<\/tr>\n<tr>\n<td colspan=\"1\" rowspan=\"1\">\n<div class=\"magic-12\">Bask\u0131 t\u00fcr\u00fc<\/div>\n<\/td>\n<td colspan=\"1\" rowspan=\"1\">\n<div class=\"magic-13\">Lazer markalama, tto<\/div>\n<\/td>\n<\/tr>\n<tr>\n<td colspan=\"1\" rowspan=\"1\">\n<div class=\"magic-12\">\u0130\u00e7eriklerin i\u015faretlenmesi<\/div>\n<\/td>\n<td colspan=\"1\" rowspan=\"1\">\n<div class=\"magic-13\">Say\u0131lar, Harfler, i\u015faretler, barkodlar<\/div>\n<\/td>\n<\/tr>\n<tr>\n<td colspan=\"1\" rowspan=\"1\">\n<div class=\"magic-12\">Uygulama<\/div>\n<\/td>\n<td colspan=\"1\" rowspan=\"1\">\n<div class=\"magic-13\">S\u00fcpermarketler, petrol, konteynerler, Demiryolu konteynerleri, saya\u00e7 kutular\u0131, banka c\u00fczdanlar\u0131 vb.<\/div>\n<\/td>\n<\/tr>\n<tr>\n<td colspan=\"1\" rowspan=\"1\">\n<div class=\"magic-12\">Paketleme<\/div>\n<\/td>\n<td colspan=\"1\" rowspan=\"1\">\n<div class=\"magic-13\">100 adet\/plastik torba, 1000 adet\/karton, 2000 adet\/karton<\/div>\n<\/td>\n<\/tr>\n<tr>\n<td colspan=\"1\" rowspan=\"1\">\n<div class=\"magic-12\">\u015eirket sertifikas\u0131<\/div>\n<\/td>\n<td colspan=\"1\" rowspan=\"1\">\n<div class=\"magic-13\">ISO17712,ISO9001,ISO14001,ISO45001<\/div>\n<\/td>\n<\/tr>\n<\/tbody>\n<\/table>\n<p>Ensure global compliance and tamper-proof security with the CBS-013 Professional Aluminum Cable Security Seals, ISO17712-certified for high-risk logistics and wholesale applications. Crafted from lightweight yet durable aluminum alloy, these seals offer superior resistance to corrosion, cutting, and extreme weather conditions, making them ideal for shipping containers, trucks, and cross-border cargo. The reinforced cable and dual-lock mechanism provide irreversible security, leaving clear evidence of tampering to deter theft. Designed for bulk buyers, the CBS-013 combines cost-efficiency with industrial-grade reliability, meeting strict international customs and logistics standards. Customizable with sequential numbering or branding, it streamlines audits and enhances supply chain accountability. Trust CBS-013 to safeguard high-value shipments while optimizing wholesale procurement.<\/p>","protected":false},"excerpt":{"rendered":"<p>The CBS-013 ISO17712 Aluminum Cable Seal delivers tamper-proof security and wholesale efficiency for containers, logistics, and global compliance.<\/p>","protected":false},"featured_media":4027,"template":"","meta":[],"product_brand":[],"product_cat":[168],"product_tag":[467,468,469,470,461,462,463,464,465,466],"class_list":{"0":"post-4026","1":"product","2":"type-product","3":"status-publish","4":"has-post-thumbnail","6":"product_cat-cable-seal","7":"product_tag-aluminum-security-seals-wholesale","8":"product_tag-cbs-013-cable-locks","9":"product_tag-tamper-proof-logistics-seals","10":"product_tag-professional-aluminum-cargo-seals","11":"product_tag-aluminum-cable-seal","12":"product_tag-stainless-steel-wire-cable-seal","13":"product_tag-wholesale-cable-seals-for-seals-category","14":"product_tag-iso17712-certified-cable-seals","15":"product_tag-double-lock-cable-security-seals","16":"product_tag-iso17712-cable-seals","18":"first","19":"instock","20":"shipping-taxable","21":"product-type-simple"},"_links":{"self":[{"href":"https:\/\/www.woseal.com\/tr\/wp-json\/wp\/v2\/product\/4026","targetHints":{"allow":["GET"]}}],"collection":[{"href":"https:\/\/www.woseal.com\/tr\/wp-json\/wp\/v2\/product"}],"about":[{"href":"https:\/\/www.woseal.com\/tr\/wp-json\/wp\/v2\/types\/product"}],"version-history":[{"count":1,"href":"https:\/\/www.woseal.com\/tr\/wp-json\/wp\/v2\/product\/4026\/revisions"}],"predecessor-version":[{"id":4034,"href":"https:\/\/www.woseal.com\/tr\/wp-json\/wp\/v2\/product\/4026\/revisions\/4034"}],"wp:featuredmedia":[{"embeddable":true,"href":"https:\/\/www.woseal.com\/tr\/wp-json\/wp\/v2\/media\/4027"}],"wp:attachment":[{"href":"https:\/\/www.woseal.com\/tr\/wp-json\/wp\/v2\/media?parent=4026"}],"wp:term":[{"taxonomy":"product_brand","embeddable":true,"href":"https:\/\/www.woseal.com\/tr\/wp-json\/wp\/v2\/product_brand?post=4026"},{"taxonomy":"product_cat","embeddable":true,"href":"https:\/\/www.woseal.com\/tr\/wp-json\/wp\/v2\/product_cat?post=4026"},{"taxonomy":"product_tag","embeddable":true,"href":"https:\/\/www.woseal.com\/tr\/wp-json\/wp\/v2\/product_tag?post=4026"}],"curies":[{"name":"wp","href":"https:\/\/api.w.org\/{rel}","templated":true}]}}