{"id":4035,"date":"2025-04-10T12:05:40","date_gmt":"2025-04-10T04:05:40","guid":{"rendered":"https:\/\/www.woseal.com\/?post_type=product&#038;p=4035"},"modified":"2025-04-11T09:12:03","modified_gmt":"2025-04-11T01:12:03","slug":"mts-009-tamper-proof-gas-wire-plastic-meter-security-seal-lock-for-water-meter","status":"publish","type":"product","link":"https:\/\/www.woseal.com\/tr\/urun\/mts-009-tamper-proof-gas-wire-plastic-meter-security-seal-lock-for-water-meter","title":{"rendered":"MTS-009 Tamper Proof Gas Wire Plastic Meter Security Seal Lock for Water Meter"},"content":{"rendered":"<table class=\"has-title all magic-10\">\n<tbody>\n<tr>\n<td colspan=\"1\" rowspan=\"1\">\n<div class=\"magic-11\" data-spm-anchor-id=\"a2700.details.0.i80.2ecc474f3b10rU\">Men\u015fe Yeri<\/div>\n<\/td>\n<td colspan=\"1\" rowspan=\"1\">\n<div class=\"magic-12\">\u00c7in<\/div>\n<\/td>\n<\/tr>\n<tr>\n<td colspan=\"1\" rowspan=\"1\">\n<div class=\"magic-11\">\u00d6\u011fe<\/div>\n<\/td>\n<td colspan=\"1\" rowspan=\"1\">\n<div class=\"magic-12\">Saya\u00e7 Contas\u0131<\/div>\n<\/td>\n<\/tr>\n<tr>\n<td colspan=\"1\" rowspan=\"1\">\n<div class=\"magic-11\">Model<\/div>\n<\/td>\n<td colspan=\"1\" rowspan=\"1\">\n<div class=\"magic-12\">MTS-009<\/div>\n<\/td>\n<\/tr>\n<tr>\n<td colspan=\"1\" rowspan=\"1\">\n<div class=\"magic-11\">Malzeme<\/div>\n<\/td>\n<td colspan=\"1\" rowspan=\"1\">\n<div class=\"magic-12\">ABS Plastic<\/div>\n<\/td>\n<\/tr>\n<tr>\n<td colspan=\"1\" rowspan=\"1\">\n<div class=\"magic-11\">Kilit g\u00f6vdesi boyutu<\/div>\n<\/td>\n<td colspan=\"1\" rowspan=\"1\">\n<div class=\"magic-12\">46*19*25mm<\/div>\n<\/td>\n<\/tr>\n<tr>\n<td colspan=\"1\" rowspan=\"1\">\n<div class=\"magic-11\">Renk<\/div>\n<\/td>\n<td colspan=\"1\" rowspan=\"1\">\n<div class=\"magic-12\">Yellow,White,Light Blue,Dark Blue,Green,Red,Orange and so on<\/div>\n<\/td>\n<\/tr>\n<tr>\n<td colspan=\"1\" rowspan=\"1\">\n<div class=\"magic-11\">Bask\u0131 t\u00fcr\u00fc<\/div>\n<\/td>\n<td colspan=\"1\" rowspan=\"1\">\n<div class=\"magic-12\">Lazer markalama veya s\u0131cak damgalama, serigrafi, tto<\/div>\n<\/td>\n<\/tr>\n<tr>\n<td colspan=\"1\" rowspan=\"1\">\n<div class=\"magic-11\">\u0130\u00e7erik \u0130\u015faretleme<\/div>\n<\/td>\n<td colspan=\"1\" rowspan=\"1\">\n<div class=\"magic-12\">Say\u0131lar, harfler, i\u015faretler, barkodlar vb.<\/div>\n<\/td>\n<\/tr>\n<tr>\n<td colspan=\"1\" rowspan=\"1\">\n<div class=\"magic-11\">Paket<\/div>\n<\/td>\n<td colspan=\"1\" rowspan=\"1\">\n<div class=\"magic-12\">100 adet\/plastik torba, 1000 adet\/karton, 2000 adet\/karton<\/div>\n<\/td>\n<\/tr>\n<tr>\n<td colspan=\"1\" rowspan=\"1\">\n<div class=\"magic-11\">Uygulama<\/div>\n<\/td>\n<td colspan=\"1\" rowspan=\"1\">\n<div class=\"magic-12\">All kinds of electric meters,water meters,tankers,etc<\/div>\n<\/td>\n<\/tr>\n<tr>\n<td colspan=\"1\" rowspan=\"1\">\n<div class=\"magic-11\">\u015eirket sertifikas\u0131<\/div>\n<\/td>\n<td colspan=\"1\" rowspan=\"1\">\n<div class=\"magic-12\">REACH,ISO9001,ISO14001,ISO45001<\/div>\n<\/td>\n<\/tr>\n<\/tbody>\n<\/table>\n<p>Protect utility meters from unauthorized access with the MTS-009 Tamper-Proof Gas &amp; Water Meter Security Seal. Designed for durability and reliability, this seal combines a high-strength plastic body with an embedded steel wire cable, ensuring resistance to cutting, corrosion, and tampering. Its tamper-evident locking mechanism leaves visible damage if breached, providing clear evidence of interference for compliance audits. Ideal for water meters, gas meters, and other utility installations, the MTS-009 withstands harsh outdoor conditions, including UV exposure, moisture, and temperature extremes. The compact, lightweight design allows for easy installation and inspection, while the one-time-use feature guarantees irreversible security. Trust the MTS-009 to safeguard critical infrastructure and maintain billing accuracy.<\/p>","protected":false},"excerpt":{"rendered":"<p>The MTS-009 Meter Seal offers tamper-proof security with steel-reinforced plastic for water\/gas meters, ensuring durability and compliance in utility management.<\/p>","protected":false},"featured_media":4036,"template":"","meta":[],"product_brand":[],"product_cat":[170],"product_tag":[472,473,474,475,476,477,478,471],"class_list":{"0":"post-4035","1":"product","2":"type-product","3":"status-publish","4":"has-post-thumbnail","6":"product_cat-meter-seal","7":"product_tag-gas-meter-security-seal","8":"product_tag-plastic-meter-seal-for-water-meter","9":"product_tag-tamper-proof-meter-seals","10":"product_tag-mts-009-water-meter-locks","11":"product_tag-utility-security-seals","12":"product_tag-steel-wire-plastic-seals","13":"product_tag-anti-corrosion-utility-locks","14":"product_tag-wire-meter-seal","16":"first","17":"instock","18":"shipping-taxable","19":"product-type-simple"},"_links":{"self":[{"href":"https:\/\/www.woseal.com\/tr\/wp-json\/wp\/v2\/product\/4035","targetHints":{"allow":["GET"]}}],"collection":[{"href":"https:\/\/www.woseal.com\/tr\/wp-json\/wp\/v2\/product"}],"about":[{"href":"https:\/\/www.woseal.com\/tr\/wp-json\/wp\/v2\/types\/product"}],"version-history":[{"count":1,"href":"https:\/\/www.woseal.com\/tr\/wp-json\/wp\/v2\/product\/4035\/revisions"}],"predecessor-version":[{"id":4043,"href":"https:\/\/www.woseal.com\/tr\/wp-json\/wp\/v2\/product\/4035\/revisions\/4043"}],"wp:featuredmedia":[{"embeddable":true,"href":"https:\/\/www.woseal.com\/tr\/wp-json\/wp\/v2\/media\/4036"}],"wp:attachment":[{"href":"https:\/\/www.woseal.com\/tr\/wp-json\/wp\/v2\/media?parent=4035"}],"wp:term":[{"taxonomy":"product_brand","embeddable":true,"href":"https:\/\/www.woseal.com\/tr\/wp-json\/wp\/v2\/product_brand?post=4035"},{"taxonomy":"product_cat","embeddable":true,"href":"https:\/\/www.woseal.com\/tr\/wp-json\/wp\/v2\/product_cat?post=4035"},{"taxonomy":"product_tag","embeddable":true,"href":"https:\/\/www.woseal.com\/tr\/wp-json\/wp\/v2\/product_tag?post=4035"}],"curies":[{"name":"wp","href":"https:\/\/api.w.org\/{rel}","templated":true}]}}