{"id":4072,"date":"2025-04-10T18:06:43","date_gmt":"2025-04-10T10:06:43","guid":{"rendered":"https:\/\/www.woseal.com\/?post_type=product&#038;p=4072"},"modified":"2025-04-11T09:00:54","modified_gmt":"2025-04-11T01:00:54","slug":"rfs-004-factory-direct-sales-of-large-sized-customizable-logo-cable-seals-rfid-steel-wire-seals","status":"publish","type":"product","link":"https:\/\/www.woseal.com\/tr\/urun\/rfs-004-factory-direct-sales-of-large-sized-customizable-logo-cable-seals-rfid-steel-wire-seals","title":{"rendered":"RFS-004 Factory Direct Sales of Large-sized Customizable Logo Cable Seals RFID Steel Wire Seals"},"content":{"rendered":"<table class=\"has-title all magic-7\">\n<tbody>\n<tr>\n<td colspan=\"1\" rowspan=\"1\">\n<div class=\"magic-8\" data-spm-anchor-id=\"a2700.details.0.i79.177e12e9if1pOx\">\u0130sim<\/div>\n<\/td>\n<td colspan=\"1\" rowspan=\"1\">\n<div class=\"magic-9\">RFS-004<\/div>\n<\/td>\n<\/tr>\n<tr>\n<td colspan=\"1\" rowspan=\"1\">\n<div class=\"magic-8\">Type<\/div>\n<\/td>\n<td colspan=\"1\" rowspan=\"1\">\n<div class=\"magic-9\">RFID Kablo Contas\u0131<\/div>\n<\/td>\n<\/tr>\n<tr>\n<td colspan=\"1\" rowspan=\"1\">\n<div class=\"magic-8\">Malzeme<\/div>\n<\/td>\n<td colspan=\"1\" rowspan=\"1\">\n<div class=\"magic-9\">ABS+A3 wire rope,7*7<\/div>\n<\/td>\n<\/tr>\n<tr>\n<td colspan=\"1\" rowspan=\"1\">\n<div class=\"magic-8\">Kilit g\u00f6vdesi boyutu<\/div>\n<\/td>\n<td colspan=\"1\" rowspan=\"1\">\n<div class=\"magic-9\">335*47.5*9mm<\/div>\n<\/td>\n<\/tr>\n<tr>\n<td colspan=\"1\" rowspan=\"1\">\n<div class=\"magic-8\">\u00c7ap<\/div>\n<\/td>\n<td colspan=\"1\" rowspan=\"1\">\n<div class=\"magic-9\">1.8 mm<\/div>\n<\/td>\n<\/tr>\n<tr>\n<td colspan=\"1\" rowspan=\"1\">\n<div class=\"magic-8\">\u0130malat s\u00fcreci<\/div>\n<\/td>\n<td colspan=\"1\" rowspan=\"1\">\n<div class=\"magic-9\">enjeksiyon \uff0c Damgalama<\/div>\n<\/td>\n<\/tr>\n<tr>\n<td colspan=\"1\" rowspan=\"1\">\n<div class=\"magic-8\">Support<\/div>\n<\/td>\n<td colspan=\"1\" rowspan=\"1\">\n<div class=\"magic-9\">NFC , UHF\uff08860MHz~960MHz\uff09\uff0cRFID \uff0813.56MHz\uff09<\/div>\n<\/td>\n<\/tr>\n<tr>\n<td colspan=\"1\" rowspan=\"1\">\n<div class=\"magic-8\">Renk<\/div>\n<\/td>\n<td colspan=\"1\" rowspan=\"1\">\n<div class=\"magic-9\">K\u0131rm\u0131z\u0131, Sar\u0131, Beyaz, Mavi, Ye\u015fil ve benzeri<\/div>\n<\/td>\n<\/tr>\n<tr>\n<td colspan=\"1\" rowspan=\"1\">\n<div class=\"magic-8\">Kablo malzemesi<\/div>\n<\/td>\n<td colspan=\"1\" rowspan=\"1\">\n<div class=\"magic-9\">A3 \u00e7elik<\/div>\n<\/td>\n<\/tr>\n<tr>\n<td colspan=\"1\" rowspan=\"1\">\n<div class=\"magic-8\">Kablo uzunlu\u011fu<\/div>\n<\/td>\n<td colspan=\"1\" rowspan=\"1\">\n<div class=\"magic-9\">25cm, 30cm uzunluk, herhangi bir uzunluk \u00f6zelle\u015ftirilebilir<\/div>\n<\/td>\n<\/tr>\n<tr>\n<td colspan=\"1\" rowspan=\"1\">\n<div class=\"magic-8\">Bask\u0131 t\u00fcr\u00fc<\/div>\n<\/td>\n<td colspan=\"1\" rowspan=\"1\">\n<div class=\"magic-9\">Laser marking<\/div>\n<\/td>\n<\/tr>\n<tr>\n<td colspan=\"1\" rowspan=\"1\">\n<div class=\"magic-8\">\u0130\u00e7eriklerin i\u015faretlenmesi<\/div>\n<\/td>\n<td colspan=\"1\" rowspan=\"1\">\n<div class=\"magic-9\">Say\u0131lar, Harfler, i\u015faretler, barkodlar<\/div>\n<\/td>\n<\/tr>\n<tr>\n<td colspan=\"1\" rowspan=\"1\">\n<div class=\"magic-8\">Uygulama<\/div>\n<\/td>\n<td colspan=\"1\" rowspan=\"1\">\n<div class=\"magic-9\">S\u00fcpermarketler, petrol, konteynerler, Demiryolu konteynerleri, saya\u00e7 kutular\u0131, banka c\u00fczdanlar\u0131 vb.<\/div>\n<\/td>\n<\/tr>\n<tr>\n<td colspan=\"1\" rowspan=\"1\">\n<div class=\"magic-8\">Paketleme<\/div>\n<\/td>\n<td colspan=\"1\" rowspan=\"1\">\n<div class=\"magic-9\">100 adet\/plastik torba, 1000 adet\/karton, 2000 adet\/karton<\/div>\n<\/td>\n<\/tr>\n<tr>\n<td colspan=\"1\" rowspan=\"1\">\n<div class=\"magic-8\">\u015eirket sertifikas\u0131<\/div>\n<\/td>\n<td colspan=\"1\" rowspan=\"1\">\n<div class=\"magic-9\">ISO17712,ISO9001,ISO14001,ISO45001<\/div>\n<\/td>\n<\/tr>\n<\/tbody>\n<\/table>\n<p>Enhance your security and logistics operations with the RFS-004 RFID Seal, a robust steel wire seal designed for high-value cargo, containers, and industrial applications. This large-sized customizable cable seal integrates advanced RFID technology, enabling real-time tracking, tamper-proof verification, and seamless inventory management. Built from durable, weather-resistant steel, it offers unparalleled strength against cutting or forced entry. Customize the seal with your company logo for brand visibility and professional credibility. Sold factory-direct, the RFS-004 ensures cost-efficiency without compromising quality, making it ideal for global shipping, warehouses, and supply chain management. Its unique combination of RFID innovation, tamper resistance, and customization flexibility ensures your assets stay secure and traceable at every stage.<\/p>","protected":false},"excerpt":{"rendered":"<p>The RFS-004 RFID Seal combines RFID tracking, tamper-proof steel construction, and logo customization for secure, traceable cargo protection. Factory-direct pricing guarantees affordability and reliability.<\/p>","protected":false},"featured_media":4073,"template":"","meta":[],"product_brand":[],"product_cat":[172],"product_tag":[509,510,511,512,513,514,515,516,507,508],"class_list":{"0":"post-4072","1":"product","2":"type-product","3":"status-publish","4":"has-post-thumbnail","6":"product_cat-rfid-seal","7":"product_tag-oil-security-seals","8":"product_tag-standard-cable-seals","9":"product_tag-rfid-steel-wire-seal","10":"product_tag-rfid-steel-wire-seals","11":"product_tag-customizable-logo-cable-seals","12":"product_tag-rfs-004-rfid-seals","13":"product_tag-high-security-steel-cable-seals","14":"product_tag-factory-direct-sealing-solutions","15":"product_tag-rfid-seal","16":"product_tag-rfid-security-seal","18":"first","19":"instock","20":"shipping-taxable","21":"product-type-simple"},"_links":{"self":[{"href":"https:\/\/www.woseal.com\/tr\/wp-json\/wp\/v2\/product\/4072","targetHints":{"allow":["GET"]}}],"collection":[{"href":"https:\/\/www.woseal.com\/tr\/wp-json\/wp\/v2\/product"}],"about":[{"href":"https:\/\/www.woseal.com\/tr\/wp-json\/wp\/v2\/types\/product"}],"version-history":[{"count":1,"href":"https:\/\/www.woseal.com\/tr\/wp-json\/wp\/v2\/product\/4072\/revisions"}],"predecessor-version":[{"id":4080,"href":"https:\/\/www.woseal.com\/tr\/wp-json\/wp\/v2\/product\/4072\/revisions\/4080"}],"wp:featuredmedia":[{"embeddable":true,"href":"https:\/\/www.woseal.com\/tr\/wp-json\/wp\/v2\/media\/4073"}],"wp:attachment":[{"href":"https:\/\/www.woseal.com\/tr\/wp-json\/wp\/v2\/media?parent=4072"}],"wp:term":[{"taxonomy":"product_brand","embeddable":true,"href":"https:\/\/www.woseal.com\/tr\/wp-json\/wp\/v2\/product_brand?post=4072"},{"taxonomy":"product_cat","embeddable":true,"href":"https:\/\/www.woseal.com\/tr\/wp-json\/wp\/v2\/product_cat?post=4072"},{"taxonomy":"product_tag","embeddable":true,"href":"https:\/\/www.woseal.com\/tr\/wp-json\/wp\/v2\/product_tag?post=4072"}],"curies":[{"name":"wp","href":"https:\/\/api.w.org\/{rel}","templated":true}]}}